{"id":2287,"date":"2020-02-25T15:21:03","date_gmt":"2020-02-25T14:21:03","guid":{"rendered":"https:\/\/www.masseriasantangelo.it\/camere-grandi\/"},"modified":"2020-03-26T18:34:31","modified_gmt":"2020-03-26T17:34:31","slug":"grandes-pieces","status":"publish","type":"page","link":"https:\/\/www.masseriasantangelo.it\/fr\/grandes-pieces\/","title":{"rendered":"Grandes pi\u00e8ces"},"content":{"rendered":"<p>[vc_row full_width=\u00a0\u00bbstretch_row\u00a0\u00bb inverse=\u00a0\u00bb\u00a0\u00bb css=\u00a0\u00bb.vc_custom_1582216479715{background-image: url(https:\/\/www.masseriasantangelo.it\/wp-content\/uploads\/2020\/02\/sfondo.jpg?id=872) !important;background-position: center !important;background-repeat: no-repeat !important;background-size: cover !important;}\u00a0\u00bb el_class=\u00a0\u00bbcamere\u00a0\u00bb][vc_column][vc_empty_space height=\u00a0\u00bb50px\u00a0\u00bb][vc_column_text]<\/p>\n<p style=\"text-align: center;\">Ce sont des chambres pour 2 \u00e0 4 personnes, de ca. 18 \u00e0 22 m\u00b2, am\u00e9nagement rustique, situ\u00e9 autour d&rsquo;une petite cour avec salon de jardin et transats, entr\u00e9es ind\u00e9pendantes.<\/p>\n<p>[\/vc_column_text]<div class=\"sc_section sc_section_block margin_top_large margin_bottom_small aligncenter\" data-animation=\"animated fadeInUp normal\"><div class=\"sc_section_inner\"><div class=\"sc_section_content_wrap\"><div class=\"columns_wrap sc_columns columns_nofluid sc_columns_count_3\" style=\"margin-top: -0.8rem;margin-bottom: 6rem;\" data-equal-height=\".sc_column_item\"><div class=\"column-1_3 sc_column_item sc_column_item_1 odd first\"><figure class=\"sc_image  sc_image_shape_round\" style=\"max-width: 196px; margin: auto;\"><a href=\"\/fr\/camera-corte-grande\/\"><img decoding=\"async\" src=\"https:\/\/www.masseriasantangelo.it\/wp-content\/uploads\/2020\/02\/001-camera-grande-corte-agriturismo-masseria-sant-angelo-corigliano-d-otranto-salento-1.jpg\" alt=\"\" \/><\/a><\/figure><h4 class=\"sc_title sc_title_regular\" style=\"margin-top: 2.3rem;\"><a href=\"\/fr\/camera-corte-grande\/\">Camera Corte Grande<\/a><\/h4><\/div><div class=\"column-1_3 sc_column_item sc_column_item_2 even\"><figure class=\"sc_image  sc_image_shape_round\" style=\"max-width: 196px; margin: auto;\"><a href=\"\/fr\/camera-speziale\/\"><img decoding=\"async\" src=\"https:\/\/www.masseriasantangelo.it\/wp-content\/uploads\/2020\/02\/001-camera-grande-speziale-agriturismo-masseria-sant-angelo-corigliano-d-otranto-salento-1.jpg\" alt=\"\" \/><\/a><\/figure><h4 class=\"sc_title sc_title_regular\" style=\"margin-top: 2.3rem;\"><a href=\"\/fr\/camera-speziale\/\">Camera Speziale<\/a><\/h4><\/div><div class=\"column-1_3 sc_column_item sc_column_item_3 odd\"><figure class=\"sc_image  sc_image_shape_round\" style=\"max-width: 196px; margin: auto;\"><a href=\"\/fr\/camera-zucchina\"><img decoding=\"async\" src=\"https:\/\/www.masseriasantangelo.it\/wp-content\/uploads\/2020\/02\/003-camera-grande-zucchina-agriturismo-masseria-sant-angelo-corigliano-d-otranto-salento-1.jpg\" alt=\"\" \/><\/a><\/figure><h4 class=\"sc_title sc_title_regular\" style=\"margin-top: 2.3rem;\"><a href=\"\/fr\/camera-zucchina\">Camera Zucchina<\/a><\/h4><\/div><\/div><\/div><\/div><\/div>[\/vc_column][\/vc_row]<\/p>\n","protected":false},"excerpt":{"rendered":"<p>[vc_row full_width=\u00a0\u00bbstretch_row\u00a0\u00bb inverse=\u00a0\u00bb\u00a0\u00bb css=\u00a0\u00bb.vc_custom_1582216479715{background-image: url(https:\/\/www.masseriasantangelo.it\/wp-content\/uploads\/2020\/02\/sfondo.jpg?id=872) !important;background-position: center !important;background-repeat: no-repeat !important;background-size: cover !important;}\u00a0\u00bb el_class=\u00a0\u00bbcamere\u00a0\u00bb][vc_column][vc_empty_space height=\u00a0\u00bb50px\u00a0\u00bb][vc_column_text] Ce sont des chambres pour 2 \u00e0 4 personnes, de ca. 18 \u00e0 22 m\u00b2, am\u00e9nagement rustique, situ\u00e9 autour d&rsquo;une petite cour avec salon de jardin et transats, entr\u00e9es ind\u00e9pendantes. [\/vc_column_text][\/vc_column][\/vc_row]<\/p>\n","protected":false},"author":1,"featured_media":0,"parent":0,"menu_order":0,"comment_status":"closed","ping_status":"closed","template":"","meta":{"footnotes":""},"class_list":["post-2287","page","type-page","status-publish","hentry"],"yoast_head":"<!-- This site is optimized with the Yoast SEO plugin v24.2 - https:\/\/yoast.com\/wordpress\/plugins\/seo\/ -->\n<title>Grandes pi\u00e8ces - Masseria Sant&#039;Angelo - Salento<\/title>\n<meta name=\"description\" content=\"Pour vos vacances dans le Salento, d\u00e9couvrez les Grandes pi\u00e8ces de la Masseria Sant&#039;Angelo, \u00e0 Corigliano d&#039;Otranto. Apprenez-en plus.\" \/>\n<meta name=\"robots\" content=\"index, follow, max-snippet:-1, max-image-preview:large, max-video-preview:-1\" \/>\n<link rel=\"canonical\" href=\"https:\/\/www.masseriasantangelo.it\/camere-grandi\/\" \/>\n<meta property=\"og:locale\" content=\"fr_FR\" \/>\n<meta property=\"og:type\" content=\"article\" \/>\n<meta property=\"og:title\" content=\"Grandes pi\u00e8ces - Masseria Sant&#039;Angelo - Salento\" \/>\n<meta property=\"og:description\" content=\"Pour vos vacances dans le Salento, d\u00e9couvrez les Grandes pi\u00e8ces de la Masseria Sant&#039;Angelo, \u00e0 Corigliano d&#039;Otranto. Apprenez-en plus.\" \/>\n<meta property=\"og:url\" content=\"https:\/\/www.masseriasantangelo.it\/camere-grandi\/\" \/>\n<meta property=\"og:site_name\" content=\"Masseria Sant&#039;Angelo\" \/>\n<meta property=\"article:modified_time\" content=\"2020-03-26T17:34:31+00:00\" \/>\n<meta name=\"twitter:card\" content=\"summary_large_image\" \/>\n<meta name=\"twitter:label1\" content=\"Dur\u00e9e de lecture estim\u00e9e\" \/>\n\t<meta name=\"twitter:data1\" content=\"1 minute\" \/>\n<script type=\"application\/ld+json\" class=\"yoast-schema-graph\">{\"@context\":\"https:\/\/schema.org\",\"@graph\":[{\"@type\":\"WebPage\",\"@id\":\"https:\/\/www.masseriasantangelo.it\/camere-grandi\/\",\"url\":\"https:\/\/www.masseriasantangelo.it\/camere-grandi\/\",\"name\":\"Grandes pi\u00e8ces - Masseria Sant'Angelo - Salento\",\"isPartOf\":{\"@id\":\"https:\/\/www.masseriasantangelo.it\/#website\"},\"datePublished\":\"2020-02-25T14:21:03+00:00\",\"dateModified\":\"2020-03-26T17:34:31+00:00\",\"description\":\"Pour vos vacances dans le Salento, d\u00e9couvrez les Grandes pi\u00e8ces de la Masseria Sant'Angelo, \u00e0 Corigliano d'Otranto. Apprenez-en plus.\",\"breadcrumb\":{\"@id\":\"https:\/\/www.masseriasantangelo.it\/camere-grandi\/#breadcrumb\"},\"inLanguage\":\"fr-FR\",\"potentialAction\":[{\"@type\":\"ReadAction\",\"target\":[\"https:\/\/www.masseriasantangelo.it\/camere-grandi\/\"]}]},{\"@type\":\"BreadcrumbList\",\"@id\":\"https:\/\/www.masseriasantangelo.it\/camere-grandi\/#breadcrumb\",\"itemListElement\":[{\"@type\":\"ListItem\",\"position\":1,\"name\":\"Home\",\"item\":\"https:\/\/www.masseriasantangelo.it\/\"},{\"@type\":\"ListItem\",\"position\":2,\"name\":\"Grandes pi\u00e8ces\"}]},{\"@type\":\"WebSite\",\"@id\":\"https:\/\/www.masseriasantangelo.it\/#website\",\"url\":\"https:\/\/www.masseriasantangelo.it\/\",\"name\":\"Masseria Sant&#039;Angelo\",\"description\":\"\",\"potentialAction\":[{\"@type\":\"SearchAction\",\"target\":{\"@type\":\"EntryPoint\",\"urlTemplate\":\"https:\/\/www.masseriasantangelo.it\/?s={search_term_string}\"},\"query-input\":{\"@type\":\"PropertyValueSpecification\",\"valueRequired\":true,\"valueName\":\"search_term_string\"}}],\"inLanguage\":\"fr-FR\"}]}<\/script>\n<!-- \/ Yoast SEO plugin. -->","yoast_head_json":{"title":"Grandes pi\u00e8ces - Masseria Sant'Angelo - Salento","description":"Pour vos vacances dans le Salento, d\u00e9couvrez les Grandes pi\u00e8ces de la Masseria Sant'Angelo, \u00e0 Corigliano d'Otranto. Apprenez-en plus.","robots":{"index":"index","follow":"follow","max-snippet":"max-snippet:-1","max-image-preview":"max-image-preview:large","max-video-preview":"max-video-preview:-1"},"canonical":"https:\/\/www.masseriasantangelo.it\/camere-grandi\/","og_locale":"fr_FR","og_type":"article","og_title":"Grandes pi\u00e8ces - Masseria Sant'Angelo - Salento","og_description":"Pour vos vacances dans le Salento, d\u00e9couvrez les Grandes pi\u00e8ces de la Masseria Sant'Angelo, \u00e0 Corigliano d'Otranto. Apprenez-en plus.","og_url":"https:\/\/www.masseriasantangelo.it\/camere-grandi\/","og_site_name":"Masseria Sant&#039;Angelo","article_modified_time":"2020-03-26T17:34:31+00:00","twitter_card":"summary_large_image","twitter_misc":{"Dur\u00e9e de lecture estim\u00e9e":"1 minute"},"schema":{"@context":"https:\/\/schema.org","@graph":[{"@type":"WebPage","@id":"https:\/\/www.masseriasantangelo.it\/camere-grandi\/","url":"https:\/\/www.masseriasantangelo.it\/camere-grandi\/","name":"Grandes pi\u00e8ces - Masseria Sant'Angelo - Salento","isPartOf":{"@id":"https:\/\/www.masseriasantangelo.it\/#website"},"datePublished":"2020-02-25T14:21:03+00:00","dateModified":"2020-03-26T17:34:31+00:00","description":"Pour vos vacances dans le Salento, d\u00e9couvrez les Grandes pi\u00e8ces de la Masseria Sant'Angelo, \u00e0 Corigliano d'Otranto. Apprenez-en plus.","breadcrumb":{"@id":"https:\/\/www.masseriasantangelo.it\/camere-grandi\/#breadcrumb"},"inLanguage":"fr-FR","potentialAction":[{"@type":"ReadAction","target":["https:\/\/www.masseriasantangelo.it\/camere-grandi\/"]}]},{"@type":"BreadcrumbList","@id":"https:\/\/www.masseriasantangelo.it\/camere-grandi\/#breadcrumb","itemListElement":[{"@type":"ListItem","position":1,"name":"Home","item":"https:\/\/www.masseriasantangelo.it\/"},{"@type":"ListItem","position":2,"name":"Grandes pi\u00e8ces"}]},{"@type":"WebSite","@id":"https:\/\/www.masseriasantangelo.it\/#website","url":"https:\/\/www.masseriasantangelo.it\/","name":"Masseria Sant&#039;Angelo","description":"","potentialAction":[{"@type":"SearchAction","target":{"@type":"EntryPoint","urlTemplate":"https:\/\/www.masseriasantangelo.it\/?s={search_term_string}"},"query-input":{"@type":"PropertyValueSpecification","valueRequired":true,"valueName":"search_term_string"}}],"inLanguage":"fr-FR"}]}},"_links":{"self":[{"href":"https:\/\/www.masseriasantangelo.it\/fr\/wp-json\/wp\/v2\/pages\/2287","targetHints":{"allow":["GET"]}}],"collection":[{"href":"https:\/\/www.masseriasantangelo.it\/fr\/wp-json\/wp\/v2\/pages"}],"about":[{"href":"https:\/\/www.masseriasantangelo.it\/fr\/wp-json\/wp\/v2\/types\/page"}],"author":[{"embeddable":true,"href":"https:\/\/www.masseriasantangelo.it\/fr\/wp-json\/wp\/v2\/users\/1"}],"replies":[{"embeddable":true,"href":"https:\/\/www.masseriasantangelo.it\/fr\/wp-json\/wp\/v2\/comments?post=2287"}],"version-history":[{"count":2,"href":"https:\/\/www.masseriasantangelo.it\/fr\/wp-json\/wp\/v2\/pages\/2287\/revisions"}],"predecessor-version":[{"id":2304,"href":"https:\/\/www.masseriasantangelo.it\/fr\/wp-json\/wp\/v2\/pages\/2287\/revisions\/2304"}],"wp:attachment":[{"href":"https:\/\/www.masseriasantangelo.it\/fr\/wp-json\/wp\/v2\/media?parent=2287"}],"curies":[{"name":"wp","href":"https:\/\/api.w.org\/{rel}","templated":true}]}}