{"id":2112,"date":"2020-03-20T16:45:58","date_gmt":"2020-03-20T15:45:58","guid":{"rendered":"https:\/\/www.masseriasantangelo.it\/?page_id=2112"},"modified":"2020-03-26T17:57:49","modified_gmt":"2020-03-26T16:57:49","slug":"ferme-pedagogique","status":"publish","type":"page","link":"https:\/\/www.masseriasantangelo.it\/fr\/ferme-pedagogique\/","title":{"rendered":"Ferme p\u00e9dagogique"},"content":{"rendered":"<p>[vc_row][vc_column][vc_empty_space height=\u00a0\u00bb60px\u00a0\u00bb][vc_column_text]<\/p>\n<div class=\"category-desc clearfix\" style=\"text-align: center;\">\n<h2><strong>Activit\u00e9s pour \u00e9coles et groupes<\/strong><\/h2>\n<\/div>\n<p>[\/vc_column_text][vc_empty_space height=\u00a0\u00bb20px\u00a0\u00bb][vc_row_inner][vc_column_inner width=\u00a0\u00bb1\/2&Prime;][vc_gallery type=\u00a0\u00bbflexslider_slide\u00a0\u00bb interval=\u00a0\u00bb3&Prime; images=\u00a0\u00bb1506,1188,1189,1190&Prime; img_size=\u00a0\u00bb500&#215;350&Prime;][\/vc_column_inner][vc_column_inner width=\u00a0\u00bb1\/2&Prime;][vc_column_text]<\/p>\n<div class=\"category-desc clearfix\" style=\"text-align: center;\">\n<p style=\"text-align: left;\" align=\"justify\">Ici nous vous pr\u00e9sentons \u201c l\u2019Ecole \u00e0 la ferme\u201d, con\u00e7ue pour rapprocher les jeunes g\u00e9n\u00e9rations au monde agricole, \u00e0 son histoire, \u00e0 ses traditions, \u00e0 ses multiples fonctions visant \u00e0 am\u00e9liorer la qualit\u00e9 de la vie. La Masseria Sant\u2019Angelo est une ferme didactique inscrite \u00e0 l\u2019ordre de la R\u00c9GION PUGLIA.<br \/>\nCi-dessous vous trouvez notre programme. Pour plus d\u2019informations contactez-nous par e-mail ou par t\u00e9l\u00e9phone : 0836 320 575 \/ 338 97 93 329<\/p>\n<\/div>\n<p>[\/vc_column_text][\/vc_column_inner][\/vc_row_inner][vc_row_inner disable_element=\u00a0\u00bbyes\u00a0\u00bb][vc_column_inner][vc_empty_space height=\u00a0\u00bb20px\u00a0\u00bb][vc_single_image image=\u00a0\u00bb1162&Prime; img_size=\u00a0\u00bbfull\u00a0\u00bb alignment=\u00a0\u00bbcenter\u00a0\u00bb onclick=\u00a0\u00bbcustom_link\u00a0\u00bb img_link_target=\u00a0\u00bb_blank\u00a0\u00bb link=\u00a0\u00bb\/wp-content\/uploads\/2020\/02\/programma-per-una-giornata-didattica-allegra_new_new.pdf\u00a0\u00bb][vc_empty_space height=\u00a0\u00bb20px\u00a0\u00bb][vc_column_text]<\/p>\n<p style=\"text-align: center;\"><a href=\"\/wp-content\/uploads\/2020\/02\/programma-per-una-giornata-didattica-allegra_new_new.pdf\" download=\"\">T\u00e9l\u00e9chargez le pdf <\/a><\/p>\n<p>[\/vc_column_text][vc_empty_space height=\u00a0\u00bb60px\u00a0\u00bb][\/vc_column_inner][\/vc_row_inner][\/vc_column][\/vc_row][vc_row full_width=\u00a0\u00bbstretch_row\u00a0\u00bb inverse=\u00a0\u00bb\u00a0\u00bb css=\u00a0\u00bb.vc_custom_1582627569882{padding-top: 60px !important;padding-bottom: 60px !important;background-color: #f4f4f4 !important;}\u00a0\u00bb][vc_column][vc_column_text]<\/p>\n<div class=\"category-desc clearfix\" style=\"text-align: center;\">\n<h2><strong>Activit\u00e9s individuelles<\/strong><\/h2>\n<\/div>\n<p>[\/vc_column_text][vc_empty_space height=\u00a0\u00bb20px\u00a0\u00bb][vc_row_inner][vc_column_inner width=\u00a0\u00bb1\/2&Prime;][vc_gallery type=\u00a0\u00bbflexslider_slide\u00a0\u00bb interval=\u00a0\u00bb3&Prime; images=\u00a0\u00bb1191,1193,1194,1492,1493,1494,1495,1496,1586&Prime; img_size=\u00a0\u00bb500&#215;350&Prime;][\/vc_column_inner][vc_column_inner width=\u00a0\u00bb1\/2&Prime;][vc_column_text]Les activit\u00e9s \u00e9ducatives individuelles suivantes sont propos\u00e9es:<\/p>\n<ul>\n<li>visite de la ferme<\/li>\n<li>visite du parc de la pierre, notre mus\u00e9e en plein air<\/li>\n<li>cours de cuisine salentine (pendant la saison estivale ou pour les groupes)<\/li>\n<li>participation \u00e0 la traite et au gouvernement des animaux<\/li>\n<li>Activit\u00e9s avec des chevaux pour enfants et programme pour personnes sans exp\u00e9rience pour connaitre les chevaux \u201c<em>EMOTION CHEVAL\u201d<\/em><\/li>\n<li>participation \u00e0 des soir\u00e9es culturelles (pour les dates suivies sur Facebook)<\/li>\n<\/ul>\n<p>[\/vc_column_text][\/vc_column_inner][\/vc_row_inner][vc_column_text]C\u2019est dans la nature des choses que pendant des vacances plus longues chez nous se pr\u00e9sentent encore plus de situations qui attirent \u00e0 participer. Il s\u2019agit de t\u00e2ches quotidiennes ou p\u00e9riodiques qui n\u2019entra\u00eenent pas de co\u00fbts suppl\u00e9mentaires.<\/p>\n<p>Si vous \u00eates int\u00e9ress\u00e9 par les autres activit\u00e9s \u00e9num\u00e9r\u00e9es, nous vous recommandons de vous renseigner afin de v\u00e9rifier la disponibilit\u00e9 et, le cas \u00e9ch\u00e9ant, les co\u00fbts.<\/p>\n<p>Les activit\u00e9s avec les chevaux sont pr\u00e9vues d\u2019abord pour nos h\u00f4tes log\u00e9s et ne sont pas possibles toute l\u2019ann\u00e9e. Pour des raisons de s\u00e9curit\u00e9, l\u2019\u00e2ge minimal pour monter \u00e0 cheval est de 6 \u00e0 7 ans et le poids maximal est de 75 kg.<\/p>\n<p>Contactez-nous pour en savoir plus.\u00a0 T\u00e9l. 0039\u00a0388\u00a0366\u00a09999 (Ulla). \u00a0Contactez-nous pour en savoir plus. T\u00e9l. 0039\u00a0388\u00a0366\u00a09999 (Ulla).[\/vc_column_text][\/vc_column][\/vc_row][vc_row][vc_column][vc_column_text]<\/p>\n<div class=\"category-desc clearfix\" style=\"text-align: center;\">\n<h2><strong>Stone park &#8211; un mus\u00e9e en plein air<\/strong><\/h2>\n<\/div>\n<p>[\/vc_column_text][vc_empty_space height=\u00a0\u00bb20px\u00a0\u00bb][vc_row_inner][vc_column_inner width=\u00a0\u00bb1\/2&Prime;][vc_column_text]Un parcours pour red\u00e9couvrir l\u2019ancien lien entre l\u2019homme et la pierre, cette compagne fid\u00e8le qui, au cours des si\u00e8cles, nous a toujours \u00e9t\u00e9 proche, nous a donn\u00e9 des monuments pour prier, un abri, des utensiles et des objets. Dans le parc on peut admirer des dolmens, des menhirs, un miroir, des objets de toutes sortes et des paires, presque tous originaux, pour red\u00e9couvrir leur fonction primordiale.<\/p>\n<p>Les ouvrages individuels sont expliqu\u00e9s dans les l\u00e9gendes en quatre langues\u00a0: italien, grico, allemand et anglais. Des visites guid\u00e9es sont organis\u00e9es pour les \u00e9coles et autres groupes int\u00e9ress\u00e9s, pour des groupes d\u2019\u00e9trangers \u00e9galement dans les diff\u00e9rentes langues.[\/vc_column_text][\/vc_column_inner][vc_column_inner width=\u00a0\u00bb1\/2&Prime;][vc_gallery type=\u00a0\u00bbflexslider_slide\u00a0\u00bb interval=\u00a0\u00bb3&Prime; images=\u00a0\u00bb1176,1177,1178,1179,1180,1181,1182,1184,1584&Prime; img_size=\u00a0\u00bb500&#215;350&Prime;][\/vc_column_inner][\/vc_row_inner][vc_row_inner][vc_column_inner width=\u00a0\u00bb1\/2&Prime;][vc_gallery type=\u00a0\u00bbflexslider_slide\u00a0\u00bb interval=\u00a0\u00bb3&Prime; images=\u00a0\u00bb1196,1197&Prime; img_size=\u00a0\u00bb500&#215;350&Prime;][\/vc_column_inner][vc_column_inner width=\u00a0\u00bb1\/2&Prime;][vc_column_text]La colombe est une construction typique du paysage rural du Salento. Elle servait \u00e0 l\u2019\u00e9levage de colombes. Nous l\u2019avons construite r\u00e9cemment pour enrichir notre mus\u00e9e. En se promenant dans le Salento, dans les campagnes de Maglie ou de carpignano Salentino on peut voir aussi les constructions antiques.[\/vc_column_text][\/vc_column_inner][\/vc_row_inner][vc_empty_space height=\u00a0\u00bb20px\u00a0\u00bb][\/vc_column][\/vc_row]<\/p>\n","protected":false},"excerpt":{"rendered":"<p>[vc_row][vc_column][vc_empty_space height=\u00a0\u00bb60px\u00a0\u00bb][vc_column_text] Activit\u00e9s pour \u00e9coles et groupes [\/vc_column_text][vc_empty_space height=\u00a0\u00bb20px\u00a0\u00bb][vc_row_inner][vc_column_inner width=\u00a0\u00bb1\/2&Prime;][vc_gallery type=\u00a0\u00bbflexslider_slide\u00a0\u00bb interval=\u00a0\u00bb3&Prime; images=\u00a0\u00bb1506,1188,1189,1190&Prime; img_size=\u00a0\u00bb500&#215;350&Prime;][\/vc_column_inner][vc_column_inner width=\u00a0\u00bb1\/2&Prime;][vc_column_text] Ici nous vous pr\u00e9sentons \u201c l\u2019Ecole \u00e0 la ferme\u201d, con\u00e7ue pour rapprocher les jeunes g\u00e9n\u00e9rations au monde agricole, \u00e0 son histoire, \u00e0 ses traditions, \u00e0 ses multiples fonctions visant \u00e0 am\u00e9liorer la qualit\u00e9 de la vie. La Masseria Sant\u2019Angelo est [&hellip;]<\/p>\n","protected":false},"author":1,"featured_media":0,"parent":0,"menu_order":0,"comment_status":"closed","ping_status":"closed","template":"","meta":{"footnotes":""},"class_list":["post-2112","page","type-page","status-publish","hentry"],"yoast_head":"<!-- This site is optimized with the Yoast SEO plugin v24.2 - https:\/\/yoast.com\/wordpress\/plugins\/seo\/ -->\n<title>Ferme p\u00e9dagogique - Ferme Masseria Sant&#039;Angelo - Salento<\/title>\n<meta name=\"description\" content=\"Masseria Sant&#039;Angelo essaie de rapprocher les jeunes g\u00e9n\u00e9rations de mondes agricoles, de son histoire, de ses traditions. En savoir plus.\" \/>\n<meta name=\"robots\" content=\"index, follow, max-snippet:-1, max-image-preview:large, max-video-preview:-1\" \/>\n<link rel=\"canonical\" href=\"https:\/\/www.masseriasantangelo.it\/masseria-didattica\/\" \/>\n<meta property=\"og:locale\" content=\"fr_FR\" \/>\n<meta property=\"og:type\" content=\"article\" \/>\n<meta property=\"og:title\" content=\"Ferme p\u00e9dagogique - Ferme Masseria Sant&#039;Angelo - Salento\" \/>\n<meta property=\"og:description\" content=\"Masseria Sant&#039;Angelo essaie de rapprocher les jeunes g\u00e9n\u00e9rations de mondes agricoles, de son histoire, de ses traditions. En savoir plus.\" \/>\n<meta property=\"og:url\" content=\"https:\/\/www.masseriasantangelo.it\/masseria-didattica\/\" \/>\n<meta property=\"og:site_name\" content=\"Masseria Sant&#039;Angelo\" \/>\n<meta property=\"article:modified_time\" content=\"2020-03-26T16:57:49+00:00\" \/>\n<meta name=\"twitter:card\" content=\"summary_large_image\" \/>\n<meta name=\"twitter:label1\" content=\"Dur\u00e9e de lecture estim\u00e9e\" \/>\n\t<meta name=\"twitter:data1\" content=\"4 minutes\" \/>\n<script type=\"application\/ld+json\" class=\"yoast-schema-graph\">{\"@context\":\"https:\/\/schema.org\",\"@graph\":[{\"@type\":\"WebPage\",\"@id\":\"https:\/\/www.masseriasantangelo.it\/masseria-didattica\/\",\"url\":\"https:\/\/www.masseriasantangelo.it\/masseria-didattica\/\",\"name\":\"Ferme p\u00e9dagogique - Ferme Masseria Sant'Angelo - Salento\",\"isPartOf\":{\"@id\":\"https:\/\/www.masseriasantangelo.it\/#website\"},\"datePublished\":\"2020-03-20T15:45:58+00:00\",\"dateModified\":\"2020-03-26T16:57:49+00:00\",\"description\":\"Masseria Sant'Angelo essaie de rapprocher les jeunes g\u00e9n\u00e9rations de mondes agricoles, de son histoire, de ses traditions. En savoir plus.\",\"breadcrumb\":{\"@id\":\"https:\/\/www.masseriasantangelo.it\/masseria-didattica\/#breadcrumb\"},\"inLanguage\":\"fr-FR\",\"potentialAction\":[{\"@type\":\"ReadAction\",\"target\":[\"https:\/\/www.masseriasantangelo.it\/masseria-didattica\/\"]}]},{\"@type\":\"BreadcrumbList\",\"@id\":\"https:\/\/www.masseriasantangelo.it\/masseria-didattica\/#breadcrumb\",\"itemListElement\":[{\"@type\":\"ListItem\",\"position\":1,\"name\":\"Home\",\"item\":\"https:\/\/www.masseriasantangelo.it\/\"},{\"@type\":\"ListItem\",\"position\":2,\"name\":\"Ferme p\u00e9dagogique\"}]},{\"@type\":\"WebSite\",\"@id\":\"https:\/\/www.masseriasantangelo.it\/#website\",\"url\":\"https:\/\/www.masseriasantangelo.it\/\",\"name\":\"Masseria Sant&#039;Angelo\",\"description\":\"\",\"potentialAction\":[{\"@type\":\"SearchAction\",\"target\":{\"@type\":\"EntryPoint\",\"urlTemplate\":\"https:\/\/www.masseriasantangelo.it\/?s={search_term_string}\"},\"query-input\":{\"@type\":\"PropertyValueSpecification\",\"valueRequired\":true,\"valueName\":\"search_term_string\"}}],\"inLanguage\":\"fr-FR\"}]}<\/script>\n<!-- \/ Yoast SEO plugin. -->","yoast_head_json":{"title":"Ferme p\u00e9dagogique - Ferme Masseria Sant'Angelo - Salento","description":"Masseria Sant'Angelo essaie de rapprocher les jeunes g\u00e9n\u00e9rations de mondes agricoles, de son histoire, de ses traditions. En savoir plus.","robots":{"index":"index","follow":"follow","max-snippet":"max-snippet:-1","max-image-preview":"max-image-preview:large","max-video-preview":"max-video-preview:-1"},"canonical":"https:\/\/www.masseriasantangelo.it\/masseria-didattica\/","og_locale":"fr_FR","og_type":"article","og_title":"Ferme p\u00e9dagogique - Ferme Masseria Sant'Angelo - Salento","og_description":"Masseria Sant'Angelo essaie de rapprocher les jeunes g\u00e9n\u00e9rations de mondes agricoles, de son histoire, de ses traditions. En savoir plus.","og_url":"https:\/\/www.masseriasantangelo.it\/masseria-didattica\/","og_site_name":"Masseria Sant&#039;Angelo","article_modified_time":"2020-03-26T16:57:49+00:00","twitter_card":"summary_large_image","twitter_misc":{"Dur\u00e9e de lecture estim\u00e9e":"4 minutes"},"schema":{"@context":"https:\/\/schema.org","@graph":[{"@type":"WebPage","@id":"https:\/\/www.masseriasantangelo.it\/masseria-didattica\/","url":"https:\/\/www.masseriasantangelo.it\/masseria-didattica\/","name":"Ferme p\u00e9dagogique - Ferme Masseria Sant'Angelo - Salento","isPartOf":{"@id":"https:\/\/www.masseriasantangelo.it\/#website"},"datePublished":"2020-03-20T15:45:58+00:00","dateModified":"2020-03-26T16:57:49+00:00","description":"Masseria Sant'Angelo essaie de rapprocher les jeunes g\u00e9n\u00e9rations de mondes agricoles, de son histoire, de ses traditions. En savoir plus.","breadcrumb":{"@id":"https:\/\/www.masseriasantangelo.it\/masseria-didattica\/#breadcrumb"},"inLanguage":"fr-FR","potentialAction":[{"@type":"ReadAction","target":["https:\/\/www.masseriasantangelo.it\/masseria-didattica\/"]}]},{"@type":"BreadcrumbList","@id":"https:\/\/www.masseriasantangelo.it\/masseria-didattica\/#breadcrumb","itemListElement":[{"@type":"ListItem","position":1,"name":"Home","item":"https:\/\/www.masseriasantangelo.it\/"},{"@type":"ListItem","position":2,"name":"Ferme p\u00e9dagogique"}]},{"@type":"WebSite","@id":"https:\/\/www.masseriasantangelo.it\/#website","url":"https:\/\/www.masseriasantangelo.it\/","name":"Masseria Sant&#039;Angelo","description":"","potentialAction":[{"@type":"SearchAction","target":{"@type":"EntryPoint","urlTemplate":"https:\/\/www.masseriasantangelo.it\/?s={search_term_string}"},"query-input":{"@type":"PropertyValueSpecification","valueRequired":true,"valueName":"search_term_string"}}],"inLanguage":"fr-FR"}]}},"_links":{"self":[{"href":"https:\/\/www.masseriasantangelo.it\/fr\/wp-json\/wp\/v2\/pages\/2112","targetHints":{"allow":["GET"]}}],"collection":[{"href":"https:\/\/www.masseriasantangelo.it\/fr\/wp-json\/wp\/v2\/pages"}],"about":[{"href":"https:\/\/www.masseriasantangelo.it\/fr\/wp-json\/wp\/v2\/types\/page"}],"author":[{"embeddable":true,"href":"https:\/\/www.masseriasantangelo.it\/fr\/wp-json\/wp\/v2\/users\/1"}],"replies":[{"embeddable":true,"href":"https:\/\/www.masseriasantangelo.it\/fr\/wp-json\/wp\/v2\/comments?post=2112"}],"version-history":[{"count":6,"href":"https:\/\/www.masseriasantangelo.it\/fr\/wp-json\/wp\/v2\/pages\/2112\/revisions"}],"predecessor-version":[{"id":2155,"href":"https:\/\/www.masseriasantangelo.it\/fr\/wp-json\/wp\/v2\/pages\/2112\/revisions\/2155"}],"wp:attachment":[{"href":"https:\/\/www.masseriasantangelo.it\/fr\/wp-json\/wp\/v2\/media?parent=2112"}],"curies":[{"name":"wp","href":"https:\/\/api.w.org\/{rel}","templated":true}]}}