{"id":2073,"date":"2020-03-20T15:57:31","date_gmt":"2020-03-20T14:57:31","guid":{"rendered":"https:\/\/www.masseriasantangelo.it\/?page_id=2073"},"modified":"2020-03-23T18:54:51","modified_gmt":"2020-03-23T17:54:51","slug":"lagriculture-naturelle","status":"publish","type":"page","link":"https:\/\/www.masseriasantangelo.it\/fr\/lagriculture-naturelle\/","title":{"rendered":"L&rsquo;agriculture naturelle"},"content":{"rendered":"<p>[vc_row full_width=\u00a0\u00bbstretch_row\u00a0\u00bb inverse=\u00a0\u00bb\u00a0\u00bb css=\u00a0\u00bb.vc_custom_1582624373485{background-color: #ededed !important;}\u00a0\u00bb el_class=\u00a0\u00bbagricoltura-naturale\u00a0\u00bb][vc_column css=\u00a0\u00bb.vc_custom_1475060512699{margin-bottom: 4.25em !important;}\u00a0\u00bb][vc_empty_space height=\u00a0\u00bb60px\u00a0\u00bb][vc_column_text]<\/p>\n<p style=\"text-align: center;\">Nous aimons la vie \u00e0 la campagne et nous sommes heureux d\u2019avoir la possibilit\u00e9 de nous nourrir de ce que nous cultivons. Notre production est destin\u00e9e \u00e0 l\u2019usage dans la CUCINA DEL MASSARO, notre point de restauration agritouristique, \u00e0 l\u2019usage propre et au point de vente en entreprise. Ceux qui passent les vacances chez nous et choisissent de louer une maison avec cuisine peuvent se servir dans le jardin.<\/p>\n<p>[\/vc_column_text][vc_empty_space height=\u00a0\u00bb60px\u00a0\u00bb][vc_row_inner][vc_column_inner width=\u00a0\u00bb1\/2&Prime;][vc_single_image image=\u00a0\u00bb1503&Prime; img_size=\u00a0\u00bbfull\u00a0\u00bb alignment=\u00a0\u00bbcenter\u00a0\u00bb][vc_column_text]<\/p>\n<p style=\"text-align: center;\"><strong>L\u00e9gumes de la saison<br \/>\n<\/strong>Fenouil, poivrons, tomates, oignons, petits brocolis, citrouilles, petits pois, artichauts, aubergines, courgettes, roquette, \u00e9pinards, choux, piment, f\u00e8ves, c\u00e9r\u00e9ales<\/p>\n<p>[\/vc_column_text][\/vc_column_inner][vc_column_inner width=\u00a0\u00bb1\/2&Prime;][vc_single_image image=\u00a0\u00bb1508&Prime; img_size=\u00a0\u00bbfull\u00a0\u00bb alignment=\u00a0\u00bbcenter\u00a0\u00bb][vc_column_text]<\/p>\n<p style=\"text-align: center;\" align=\"justify\"><strong>Herbes aromatiques<\/strong><br \/>\nOrigan, sauge, thym sauvage, romarin et beaucoup d\u2019autres herbes sauvages se trouvent dans nos campagnes. Il suffit de faire une belle promenade et faire attention \u00e0 tout ce que nous trouvons \u00e0 nos pieds.<\/p>\n<p>[\/vc_column_text][\/vc_column_inner][\/vc_row_inner][vc_empty_space height=\u00a0\u00bb50px\u00a0\u00bb][vc_row_inner][vc_column_inner width=\u00a0\u00bb1\/2&Prime;][vc_single_image image=\u00a0\u00bb1515&Prime; img_size=\u00a0\u00bbfull\u00a0\u00bb alignment=\u00a0\u00bbcenter\u00a0\u00bb][vc_column_text]<\/p>\n<p style=\"text-align: center;\"><strong>Fruits<br \/>\n<\/strong>Mandarines, citrons, fraises, nespole, kaki, raisins de table, (de tout un peu) et beaucoup de figues. Nous sommes en train de r\u00e9\u00e9valuer les fruits d\u2019autrefois: arbousiers, juments, m\u00fbres et autres.<\/p>\n<p>[\/vc_column_text][\/vc_column_inner][vc_column_inner width=\u00a0\u00bb1\/2&Prime;][vc_single_image image=\u00a0\u00bb1517&Prime; img_size=\u00a0\u00bbfull\u00a0\u00bb alignment=\u00a0\u00bbcenter\u00a0\u00bb][vc_column_text]<\/p>\n<p style=\"text-align: center;\"><strong>l\u00e9gume<br \/>\n<\/strong>L\u00e9gumes sauvages comme la chicor\u00e9e, paperine, la roquette sauvage, les svern\u00ec. Vous devez venir et les go\u00fbter, nous ne les pouvons pas expliquer ou traduir ?.<\/p>\n<p>[\/vc_column_text][\/vc_column_inner][\/vc_row_inner][vc_empty_space height=\u00a0\u00bb50px\u00a0\u00bb][vc_row_inner][vc_column_inner width=\u00a0\u00bb1\/2&Prime;][vc_single_image image=\u00a0\u00bb2068&Prime; img_size=\u00a0\u00bbfull\u00a0\u00bb alignment=\u00a0\u00bbcenter\u00a0\u00bb][vc_column_text]<\/p>\n<p style=\"text-align: center;\" align=\"justify\"><strong><img loading=\"lazy\" decoding=\"async\" class=\"size-full wp-image-2066 aligncenter\" src=\"https:\/\/www.masseriasantangelo.it\/wp-content\/uploads\/2020\/03\/RICOTTA.jpg\" alt=\"\" width=\"800\" height=\"550\" srcset=\"https:\/\/www.masseriasantangelo.it\/wp-content\/uploads\/2020\/03\/RICOTTA.jpg 800w, https:\/\/www.masseriasantangelo.it\/wp-content\/uploads\/2020\/03\/RICOTTA-300x206.jpg 300w, https:\/\/www.masseriasantangelo.it\/wp-content\/uploads\/2020\/03\/RICOTTA-768x528.jpg 768w\" sizes=\"auto, (max-width: 800px) 100vw, 800px\" \/>Ricotta de lait de ch\u00e8vre<\/strong><br \/>\nOffriamo sempre una piccola quantit\u00e0 di conserve da degustare: marmellate di fichi, di limoni e di arance, salsine varie di pomodori, olive in salamoia, etc.<\/p>\n<p>[\/vc_column_text][vc_column_text]<\/p>\n<p style=\"text-align: center;\"><strong>Ricotta de lait de ch\u00e8vre<br \/>\n<\/strong>Nous produisons de petites quantit\u00e9s de confitures de figues, de citron et de fraises, ainsi que des fruits m\u00e9diterran\u00e9ens moins connus que vous pourrez d\u00e9guster.<\/p>\n<p>[\/vc_column_text][\/vc_column_inner][vc_column_inner width=\u00a0\u00bb1\/2&Prime;][\/vc_column_inner][\/vc_row_inner][\/vc_column][\/vc_row]<\/p>\n","protected":false},"excerpt":{"rendered":"<p>[vc_row full_width=\u00a0\u00bbstretch_row\u00a0\u00bb inverse=\u00a0\u00bb\u00a0\u00bb css=\u00a0\u00bb.vc_custom_1582624373485{background-color: #ededed !important;}\u00a0\u00bb el_class=\u00a0\u00bbagricoltura-naturale\u00a0\u00bb][vc_column css=\u00a0\u00bb.vc_custom_1475060512699{margin-bottom: 4.25em !important;}\u00a0\u00bb][vc_empty_space height=\u00a0\u00bb60px\u00a0\u00bb][vc_column_text] Nous aimons la vie \u00e0 la campagne et nous sommes heureux d\u2019avoir la possibilit\u00e9 de nous nourrir de ce que nous cultivons. Notre production est destin\u00e9e \u00e0 l\u2019usage dans la CUCINA DEL MASSARO, notre point de restauration agritouristique, \u00e0 l\u2019usage propre et au point [&hellip;]<\/p>\n","protected":false},"author":1,"featured_media":0,"parent":0,"menu_order":0,"comment_status":"closed","ping_status":"closed","template":"","meta":{"footnotes":""},"class_list":["post-2073","page","type-page","status-publish","hentry"],"yoast_head":"<!-- This site is optimized with the Yoast SEO plugin v24.2 - https:\/\/yoast.com\/wordpress\/plugins\/seo\/ -->\n<title>Agriculture naturelle - Masseria Sant&#039;Angelo - Salento<\/title>\n<meta name=\"description\" content=\"D\u00e9couvrez tous les produits agricoles cultiv\u00e9s de mani\u00e8re naturelle sur la terre de Masseria Sant&#039;Angelo, \u00e0 Corigliano d&#039;Otranto, dans le Salento.\" \/>\n<meta name=\"robots\" content=\"index, follow, max-snippet:-1, max-image-preview:large, max-video-preview:-1\" \/>\n<link rel=\"canonical\" href=\"https:\/\/www.masseriasantangelo.it\/agricoltura-naturale\/\" \/>\n<meta property=\"og:locale\" content=\"fr_FR\" \/>\n<meta property=\"og:type\" content=\"article\" \/>\n<meta property=\"og:title\" content=\"Agriculture naturelle - Masseria Sant&#039;Angelo - Salento\" \/>\n<meta property=\"og:description\" content=\"D\u00e9couvrez tous les produits agricoles cultiv\u00e9s de mani\u00e8re naturelle sur la terre de Masseria Sant&#039;Angelo, \u00e0 Corigliano d&#039;Otranto, dans le Salento.\" \/>\n<meta property=\"og:url\" content=\"https:\/\/www.masseriasantangelo.it\/agricoltura-naturale\/\" \/>\n<meta property=\"og:site_name\" content=\"Masseria Sant&#039;Angelo\" \/>\n<meta property=\"article:modified_time\" content=\"2020-03-23T17:54:51+00:00\" \/>\n<meta property=\"og:image\" content=\"https:\/\/www.masseriasantangelo.it\/wp-content\/uploads\/2020\/03\/RICOTTA.jpg\" \/>\n<meta name=\"twitter:card\" content=\"summary_large_image\" \/>\n<meta name=\"twitter:label1\" content=\"Dur\u00e9e de lecture estim\u00e9e\" \/>\n\t<meta name=\"twitter:data1\" content=\"2 minutes\" \/>\n<script type=\"application\/ld+json\" class=\"yoast-schema-graph\">{\"@context\":\"https:\/\/schema.org\",\"@graph\":[{\"@type\":\"WebPage\",\"@id\":\"https:\/\/www.masseriasantangelo.it\/agricoltura-naturale\/\",\"url\":\"https:\/\/www.masseriasantangelo.it\/agricoltura-naturale\/\",\"name\":\"Agriculture naturelle - Masseria Sant'Angelo - Salento\",\"isPartOf\":{\"@id\":\"https:\/\/www.masseriasantangelo.it\/#website\"},\"primaryImageOfPage\":{\"@id\":\"https:\/\/www.masseriasantangelo.it\/agricoltura-naturale\/#primaryimage\"},\"image\":{\"@id\":\"https:\/\/www.masseriasantangelo.it\/agricoltura-naturale\/#primaryimage\"},\"thumbnailUrl\":\"https:\/\/www.masseriasantangelo.it\/wp-content\/uploads\/2020\/03\/RICOTTA.jpg\",\"datePublished\":\"2020-03-20T14:57:31+00:00\",\"dateModified\":\"2020-03-23T17:54:51+00:00\",\"description\":\"D\u00e9couvrez tous les produits agricoles cultiv\u00e9s de mani\u00e8re naturelle sur la terre de Masseria Sant'Angelo, \u00e0 Corigliano d'Otranto, dans le Salento.\",\"breadcrumb\":{\"@id\":\"https:\/\/www.masseriasantangelo.it\/agricoltura-naturale\/#breadcrumb\"},\"inLanguage\":\"fr-FR\",\"potentialAction\":[{\"@type\":\"ReadAction\",\"target\":[\"https:\/\/www.masseriasantangelo.it\/agricoltura-naturale\/\"]}]},{\"@type\":\"ImageObject\",\"inLanguage\":\"fr-FR\",\"@id\":\"https:\/\/www.masseriasantangelo.it\/agricoltura-naturale\/#primaryimage\",\"url\":\"https:\/\/www.masseriasantangelo.it\/wp-content\/uploads\/2020\/03\/RICOTTA.jpg\",\"contentUrl\":\"https:\/\/www.masseriasantangelo.it\/wp-content\/uploads\/2020\/03\/RICOTTA.jpg\"},{\"@type\":\"BreadcrumbList\",\"@id\":\"https:\/\/www.masseriasantangelo.it\/agricoltura-naturale\/#breadcrumb\",\"itemListElement\":[{\"@type\":\"ListItem\",\"position\":1,\"name\":\"Home\",\"item\":\"https:\/\/www.masseriasantangelo.it\/\"},{\"@type\":\"ListItem\",\"position\":2,\"name\":\"L&#8217;agriculture naturelle\"}]},{\"@type\":\"WebSite\",\"@id\":\"https:\/\/www.masseriasantangelo.it\/#website\",\"url\":\"https:\/\/www.masseriasantangelo.it\/\",\"name\":\"Masseria Sant&#039;Angelo\",\"description\":\"\",\"potentialAction\":[{\"@type\":\"SearchAction\",\"target\":{\"@type\":\"EntryPoint\",\"urlTemplate\":\"https:\/\/www.masseriasantangelo.it\/?s={search_term_string}\"},\"query-input\":{\"@type\":\"PropertyValueSpecification\",\"valueRequired\":true,\"valueName\":\"search_term_string\"}}],\"inLanguage\":\"fr-FR\"}]}<\/script>\n<!-- \/ Yoast SEO plugin. -->","yoast_head_json":{"title":"Agriculture naturelle - Masseria Sant'Angelo - Salento","description":"D\u00e9couvrez tous les produits agricoles cultiv\u00e9s de mani\u00e8re naturelle sur la terre de Masseria Sant'Angelo, \u00e0 Corigliano d'Otranto, dans le Salento.","robots":{"index":"index","follow":"follow","max-snippet":"max-snippet:-1","max-image-preview":"max-image-preview:large","max-video-preview":"max-video-preview:-1"},"canonical":"https:\/\/www.masseriasantangelo.it\/agricoltura-naturale\/","og_locale":"fr_FR","og_type":"article","og_title":"Agriculture naturelle - Masseria Sant'Angelo - Salento","og_description":"D\u00e9couvrez tous les produits agricoles cultiv\u00e9s de mani\u00e8re naturelle sur la terre de Masseria Sant'Angelo, \u00e0 Corigliano d'Otranto, dans le Salento.","og_url":"https:\/\/www.masseriasantangelo.it\/agricoltura-naturale\/","og_site_name":"Masseria Sant&#039;Angelo","article_modified_time":"2020-03-23T17:54:51+00:00","og_image":[{"url":"https:\/\/www.masseriasantangelo.it\/wp-content\/uploads\/2020\/03\/RICOTTA.jpg","type":"","width":"","height":""}],"twitter_card":"summary_large_image","twitter_misc":{"Dur\u00e9e de lecture estim\u00e9e":"2 minutes"},"schema":{"@context":"https:\/\/schema.org","@graph":[{"@type":"WebPage","@id":"https:\/\/www.masseriasantangelo.it\/agricoltura-naturale\/","url":"https:\/\/www.masseriasantangelo.it\/agricoltura-naturale\/","name":"Agriculture naturelle - Masseria Sant'Angelo - Salento","isPartOf":{"@id":"https:\/\/www.masseriasantangelo.it\/#website"},"primaryImageOfPage":{"@id":"https:\/\/www.masseriasantangelo.it\/agricoltura-naturale\/#primaryimage"},"image":{"@id":"https:\/\/www.masseriasantangelo.it\/agricoltura-naturale\/#primaryimage"},"thumbnailUrl":"https:\/\/www.masseriasantangelo.it\/wp-content\/uploads\/2020\/03\/RICOTTA.jpg","datePublished":"2020-03-20T14:57:31+00:00","dateModified":"2020-03-23T17:54:51+00:00","description":"D\u00e9couvrez tous les produits agricoles cultiv\u00e9s de mani\u00e8re naturelle sur la terre de Masseria Sant'Angelo, \u00e0 Corigliano d'Otranto, dans le Salento.","breadcrumb":{"@id":"https:\/\/www.masseriasantangelo.it\/agricoltura-naturale\/#breadcrumb"},"inLanguage":"fr-FR","potentialAction":[{"@type":"ReadAction","target":["https:\/\/www.masseriasantangelo.it\/agricoltura-naturale\/"]}]},{"@type":"ImageObject","inLanguage":"fr-FR","@id":"https:\/\/www.masseriasantangelo.it\/agricoltura-naturale\/#primaryimage","url":"https:\/\/www.masseriasantangelo.it\/wp-content\/uploads\/2020\/03\/RICOTTA.jpg","contentUrl":"https:\/\/www.masseriasantangelo.it\/wp-content\/uploads\/2020\/03\/RICOTTA.jpg"},{"@type":"BreadcrumbList","@id":"https:\/\/www.masseriasantangelo.it\/agricoltura-naturale\/#breadcrumb","itemListElement":[{"@type":"ListItem","position":1,"name":"Home","item":"https:\/\/www.masseriasantangelo.it\/"},{"@type":"ListItem","position":2,"name":"L&#8217;agriculture naturelle"}]},{"@type":"WebSite","@id":"https:\/\/www.masseriasantangelo.it\/#website","url":"https:\/\/www.masseriasantangelo.it\/","name":"Masseria Sant&#039;Angelo","description":"","potentialAction":[{"@type":"SearchAction","target":{"@type":"EntryPoint","urlTemplate":"https:\/\/www.masseriasantangelo.it\/?s={search_term_string}"},"query-input":{"@type":"PropertyValueSpecification","valueRequired":true,"valueName":"search_term_string"}}],"inLanguage":"fr-FR"}]}},"_links":{"self":[{"href":"https:\/\/www.masseriasantangelo.it\/fr\/wp-json\/wp\/v2\/pages\/2073","targetHints":{"allow":["GET"]}}],"collection":[{"href":"https:\/\/www.masseriasantangelo.it\/fr\/wp-json\/wp\/v2\/pages"}],"about":[{"href":"https:\/\/www.masseriasantangelo.it\/fr\/wp-json\/wp\/v2\/types\/page"}],"author":[{"embeddable":true,"href":"https:\/\/www.masseriasantangelo.it\/fr\/wp-json\/wp\/v2\/users\/1"}],"replies":[{"embeddable":true,"href":"https:\/\/www.masseriasantangelo.it\/fr\/wp-json\/wp\/v2\/comments?post=2073"}],"version-history":[{"count":5,"href":"https:\/\/www.masseriasantangelo.it\/fr\/wp-json\/wp\/v2\/pages\/2073\/revisions"}],"predecessor-version":[{"id":2181,"href":"https:\/\/www.masseriasantangelo.it\/fr\/wp-json\/wp\/v2\/pages\/2073\/revisions\/2181"}],"wp:attachment":[{"href":"https:\/\/www.masseriasantangelo.it\/fr\/wp-json\/wp\/v2\/media?parent=2073"}],"curies":[{"name":"wp","href":"https:\/\/api.w.org\/{rel}","templated":true}]}}