{"id":1980,"date":"2020-03-20T14:32:37","date_gmt":"2020-03-20T13:32:37","guid":{"rendered":"https:\/\/www.masseriasantangelo.it\/?page_id=1980"},"modified":"2020-03-27T16:49:17","modified_gmt":"2020-03-27T15:49:17","slug":"camera-sposi","status":"publish","type":"page","link":"https:\/\/www.masseriasantangelo.it\/fr\/camera-sposi\/","title":{"rendered":"Camera Sposi"},"content":{"rendered":"<p>[vc_row full_width=\u00a0\u00bbstretch_row\u00a0\u00bb inverse=\u00a0\u00bb\u00a0\u00bb el_id=\u00a0\u00bbsfondocamera\u00a0\u00bb][vc_column css=\u00a0\u00bb.vc_custom_1475060512699{margin-bottom: 4.25em !important;}\u00a0\u00bb][vc_empty_space height=\u00a0\u00bb70px\u00a0\u00bb][vc_row_inner][vc_column_inner width=\u00a0\u00bb2\/3&Prime;][vc_column_text]\n\t\t<!-- MasterSlider -->\n\t\t<div id=\"P_MS69e21a72a7014\" class=\"master-slider-parent msl ms-parent-id-7\" style=\"max-width:800px;\">\n\n\t\t\t\n\t\t\t<!-- MasterSlider Main -->\n\t\t\t<div id=\"MS69e21a72a7014\" class=\"master-slider ms-skin-default\" >\n\t\t\t\t \t\t\t\t \n\t\t\t\t<div  class=\"ms-slide\" data-delay=\"3\" data-fill-mode=\"fill\"  >\n\t\t\t\t\t<img decoding=\"async\" src=\"https:\/\/www.masseriasantangelo.it\/wp-content\/plugins\/master-slider\/public\/assets\/css\/blank.gif\" alt=\"\" title=\"\" data-src=\"https:\/\/www.masseriasantangelo.it\/wp-content\/uploads\/2020\/03\/002-camera-matrimoniale-sposi-agriturismo-masseria-sant-angelo-corigliano-d-otranto-salento.jpg\" \/>\n\n\n\t<img decoding=\"async\" class=\"ms-thumb\" src=\"https:\/\/www.masseriasantangelo.it\/wp-content\/uploads\/2020\/03\/002-camera-matrimoniale-sposi-agriturismo-masseria-sant-angelo-corigliano-d-otranto-salento-140x80.jpg\" alt=\"\" \/>\n\t<div class=\"ms-thumb\" ><div class=\"ms-tab-context\"><div class=&quot;ms-tab-context&quot;><\/div><\/div>\n<\/div>\n\t\t\t\t<\/div>\n\t\t\t\t<div  class=\"ms-slide\" data-delay=\"3\" data-fill-mode=\"fill\"  >\n\t\t\t\t\t<img decoding=\"async\" src=\"https:\/\/www.masseriasantangelo.it\/wp-content\/plugins\/master-slider\/public\/assets\/css\/blank.gif\" alt=\"\" title=\"\" data-src=\"https:\/\/www.masseriasantangelo.it\/wp-content\/uploads\/2020\/03\/001-camera-matrimoniale-sposi-agriturismo-masseria-sant-angelo-corigliano-d-otranto-salento.jpg\" \/>\n\n\n\t<img decoding=\"async\" class=\"ms-thumb\" src=\"https:\/\/www.masseriasantangelo.it\/wp-content\/uploads\/2020\/03\/001-camera-matrimoniale-sposi-agriturismo-masseria-sant-angelo-corigliano-d-otranto-salento-140x80.jpg\" alt=\"\" \/>\n\t<div class=\"ms-thumb\" ><div class=\"ms-tab-context\"><div class=&quot;ms-tab-context&quot;><\/div><\/div>\n<\/div>\n\t\t\t\t<\/div>\n\t\t\t\t<div  class=\"ms-slide\" data-delay=\"3\" data-fill-mode=\"fill\"  >\n\t\t\t\t\t<img decoding=\"async\" src=\"https:\/\/www.masseriasantangelo.it\/wp-content\/plugins\/master-slider\/public\/assets\/css\/blank.gif\" alt=\"\" title=\"\" data-src=\"https:\/\/www.masseriasantangelo.it\/wp-content\/uploads\/2020\/03\/004-camera-matrimoniale-sposi-agriturismo-masseria-sant-angelo-corigliano-d-otranto-salento.jpg\" \/>\n\n\n\t<img decoding=\"async\" class=\"ms-thumb\" src=\"https:\/\/www.masseriasantangelo.it\/wp-content\/uploads\/2020\/03\/004-camera-matrimoniale-sposi-agriturismo-masseria-sant-angelo-corigliano-d-otranto-salento-140x80.jpg\" alt=\"\" \/>\n\t<div class=\"ms-thumb\" ><div class=\"ms-tab-context\"><div class=&quot;ms-tab-context&quot;><\/div><\/div>\n<\/div>\n\t\t\t\t<\/div>\n\n\t\t\t<\/div>\n\t\t\t<!-- END MasterSlider Main -->\n\n\t\t\t \n\t\t<\/div>\n\t\t<!-- END MasterSlider -->\n\n\t\t<script>\n\t\t(function ( $ ) {\n\t\t\t\"use strict\";\n\n\t\t\t$(function () {\n\t\t\t\tvar masterslider_7014 = new MasterSlider();\n\n\t\t\t\t\/\/ slider controls\n\t\t\t\tmasterslider_7014.control('arrows'     ,{ autohide:false, overVideo:true  });\t\t\t\tmasterslider_7014.control('bullets'    ,{ autohide:false, overVideo:true, dir:'h', align:'bottom' , margin:10  });\n\n\t\t\t\tmasterslider_7014.control('thumblist'  ,{ autohide:false, overVideo:true, dir:'h', speed:17, inset:false, arrows:false, hover:false, customClass:'', align:'bottom',type:'thumbs', margin:5, width:140, height:80, space:5, fillMode:'fill'  });\n\t\t\t\t\/\/ slider setup\n\t\t\t\tmasterslider_7014.setup(\"MS69e21a72a7014\", {\n\t\t\t\t\t\twidth           : 800,\n\t\t\t\t\t\theight          : 480,\n\t\t\t\t\t\tminHeight       : 0,\n\t\t\t\t\t\tspace           : 0,\n\t\t\t\t\t\tstart           : 1,\n\t\t\t\t\t\tgrabCursor      : true,\n\t\t\t\t\t\tswipe           : true,\n\t\t\t\t\t\tmouse           : true,\n\t\t\t\t\t\tlayout          : \"boxed\",\n\t\t\t\t\t\twheel           : false,\n\t\t\t\t\t\tautoplay        : false,\n\t\t\t\t\t\tinstantStartLayers:false,\n\t\t\t\t\t\tloop            : true,\n\t\t\t\t\t\tshuffle         : false,\n\t\t\t\t\t\tpreload         : 0,\n\t\t\t\t\t\theightLimit     : true,\n\t\t\t\t\t\tautoHeight      : false,\n\t\t\t\t\t\tsmoothHeight    : true,\n\t\t\t\t\t\tendPause        : false,\n\t\t\t\t\t\toverPause       : true,\n\t\t\t\t\t\tfillMode        : \"fill\",\n\t\t\t\t\t\tcenterControls  : true,\n\t\t\t\t\t\tstartOnAppear   : false,\n\t\t\t\t\t\tlayersMode      : \"center\",\n\t\t\t\t\t\thideLayers      : false,\n\t\t\t\t\t\tfullscreenMargin: 0,\n\t\t\t\t\t\tspeed           : 20,\n\t\t\t\t\t\tdir             : \"h\",\n\t\t\t\t\t\tparallaxMode    : 'swipe',\n\t\t\t\t\t\tview            : \"basic\"\n\t\t\t\t});\n\n\t\t\t\t\n\t\t\t\twindow.masterslider_instances = window.masterslider_instances || [];\n\t\t\t\twindow.masterslider_instances.push( masterslider_7014 );\n\t\t\t });\n\n\t\t})(jQuery);\n\t\t<\/script>\n\n[\/vc_column_text][\/vc_column_inner][vc_column_inner width=\u00a0\u00bb1\/3&Prime;][vc_widget_sidebar sidebar_id=\u00a0\u00bbsidestruttura\u00a0\u00bb][\/vc_column_inner][\/vc_row_inner][vc_empty_space height=\u00a0\u00bb60px\u00a0\u00bb][vc_tta_tabs active_section=\u00a0\u00bb1&Prime; el_id=\u00a0\u00bbtab-struttura\u00a0\u00bb][vc_tta_section title=\u00a0\u00bbDescription\u00a0\u00bb tab_id=\u00a0\u00bbdescrizione\u00a0\u00bb][vc_column_text]<\/p>\n<p align=\"justify\">SPOSI (18 mq) situ\u00e9 dans la cour int\u00e9rieure, \u00e0 proximit\u00e9 de 2 autres chambres, meubles en rotin. Climatisation. Salle de bain avec douche, lavabo, wc, bidet. Des chaises longues dans la cour.<\/p>\n<p>[\/vc_column_text][\/vc_tta_section][vc_tta_section title=\u00a0\u00bbServices\u00a0\u00bb tab_id=\u00a0\u00bbservizi\u00a0\u00bb][vc_column_text]Toutes les chambres sont \u00e9galement \u00e9quip\u00e9es de s\u00e8che-cheveux, savon, mousse de douche et shampooing.<\/p>\n<p>LES PRIX POUR LES CHAMBRES comprennent les services suivants:<\/p>\n<ul>\n<li>petit d\u00e9jeuner, pendant les mois froids \u00e9ventuellement servi dans la chambre.<\/li>\n<li>fourniture de serviettes 2 fois par semaine et de linge de lit tous les 7 jours, chauffage pendant les mois d\u2019hiver, la consommation d\u2019\u00e9nergie et d\u2019eau, climatisation pendant la pr\u00e9sence des personnes dans la chambre.<\/li>\n<li>nettoyage de la chambre apr\u00e8s la deuxi\u00e8me nuit<\/li>\n<li>Les enfants de moins de 3 ans sont nos h\u00f4tes et s\u00e9journent gratuitement mais n\u2019ont pas droit \u00e0 un lit suppl\u00e9mentaire<\/li>\n<li>Wifi gratuit \u00e0 la r\u00e9ception<\/li>\n<\/ul>\n<p>[\/vc_column_text][\/vc_tta_section][vc_tta_section title=\u00a0\u00bbInformations suppl\u00e9mentaires\u00a0\u00bb tab_id=\u00a0\u00bbextra\u00a0\u00bb][vc_column_text]<strong>EXTRA:<\/strong><\/p>\n<p>Lit suppl\u00e9mentaire \u00a0\u00a0\u00a0\u00a0\u00a0\u00a0\u00a0\u00a0\u00a0\u00a0\u00a0\u00a0\u00a0\u00a0\u00a0\u00a0\u00a0\u00a0\u00a0\u00a0\u00a0\u00a0\u00a0\u00a0\u00a0\u00a0\u00a0\u00a0\u00a0\u00a0 20,- Euro \/ jour<br \/>\nBerceau en chambre double \u00a0\u00a0\u00a0\u00a0\u00a0\u00a0\u00a0\u00a0\u00a0\u00a0\u00a0\u00a0\u00a0\u00a0\u00a0 15,- \u20ac pour 1 &#8211; 3 nuits, pour des s\u00e9jours plus longs 5,- \u20ac par nuit<br \/>\nChiens (sur demande)\u00a0\u00a0\u00a0\u00a0\u00a0\u00a0\u00a0\u00a0\u00a0\u00a0\u00a0\u00a0\u00a0\u00a0\u00a0\u00a0\u00a0\u00a0\u00a0\u00a0\u00a0\u00a0\u00a0\u00a0\u00a0 10,- \u20ac pour le week-end, 20,- \u20ac par semaine<\/p>\n<p><strong>Ces prix peuvent varier. Demande-nous.<\/strong><\/p>\n<p>Vous devez \u00e9galement savoir:<br \/>\nDeux enfants de moins de trois ans sont consid\u00e9r\u00e9s comme un enfant payant, on consid\u00e8re donc la chambre triple.<\/p>\n<p><strong>Check-in\u00a0: \u00e0 partir de 15:30\u00a0\u00a0\u00a0 20:00 (en basse saison aussi dans la matin\u00e9e, appelez-nous)<\/strong><br \/>\n<strong>Check-out\u00a0: \u00e0 10:00 (en basse saison aussi plus tard)<\/strong>[\/vc_column_text][\/vc_tta_section][\/vc_tta_tabs]<div class=\"sc_section camere sc_section_block margin_top_small margin_bottom_small alignleft\" data-animation=\"animated fadeInUp normal\"><div class=\"sc_section_inner\"><h2 class=\"sc_section_title sc_item_title sc_item_title_without_descr\">Autres chambres et maisons<span><\/span><\/h2><div class=\"sc_section_content_wrap\"><div class=\"columns_wrap sc_columns columns_nofluid sc_columns_count_2\" style=\"margin-top: -0.8rem;margin-bottom: 6rem;\"><div class=\"column-1_2 sc_column_item sc_column_item_1 odd first\"><figure class=\"sc_image  sc_image_shape_round\" style=\"max-width: 196px; margin: auto;\"><a href=\"\/fr\/casetta-ficalindia\/\"><img decoding=\"async\" src=\"https:\/\/www.masseriasantangelo.it\/wp-content\/uploads\/2020\/02\/004-casetta-monolocale-fica-d-india-agriturismo-masseria-sant-angelo-corigliano-d-otranto-salento-1.jpg\" alt=\"\" \/><\/a><\/figure><h4 class=\"sc_title sc_title_regular\" style=\"margin-top: 2.3rem;\"><\/p>\n<p style=\"text-align: center;\"><a href=\"\/fr\/casetta-ficalindia\/\">Casettina Ficalindia<\/a><\/p>\n<p><\/h4><\/div><div class=\"column-1_2 sc_column_item sc_column_item_2 even\"><figure class=\"sc_image  sc_image_shape_round\" style=\"max-width: 196px; margin: auto;\"><a href=\"\/fr\/camera-sole\/\"><img decoding=\"async\" src=\"https:\/\/www.masseriasantangelo.it\/wp-content\/uploads\/2020\/02\/003-camera-matrimoniale-sole-agriturismo-masseria-sant-angelo-corigliano-d-otranto-salento.jpg\" alt=\"\" \/><\/a><\/figure><h4 class=\"sc_title sc_title_regular\" style=\"margin-top: 2.3rem;\"><\/p>\n<p style=\"text-align: center;\"><a href=\"\/fr\/camera-sole\/\">Camera Sole<\/a><\/p>\n<p><\/h4><\/div><\/div><\/div><\/div><\/div>[\/vc_column][\/vc_row]<\/p>\n","protected":false},"excerpt":{"rendered":"<p>[vc_row full_width=\u00a0\u00bbstretch_row\u00a0\u00bb inverse=\u00a0\u00bb\u00a0\u00bb el_id=\u00a0\u00bbsfondocamera\u00a0\u00bb][vc_column css=\u00a0\u00bb.vc_custom_1475060512699{margin-bottom: 4.25em !important;}\u00a0\u00bb][vc_empty_space height=\u00a0\u00bb70px\u00a0\u00bb][vc_row_inner][vc_column_inner width=\u00a0\u00bb2\/3&Prime;][vc_column_text][\/vc_column_text][\/vc_column_inner][vc_column_inner width=\u00a0\u00bb1\/3&Prime;][vc_widget_sidebar sidebar_id=\u00a0\u00bbsidestruttura\u00a0\u00bb][\/vc_column_inner][\/vc_row_inner][vc_empty_space height=\u00a0\u00bb60px\u00a0\u00bb][vc_tta_tabs active_section=\u00a0\u00bb1&Prime; el_id=\u00a0\u00bbtab-struttura\u00a0\u00bb][vc_tta_section title=\u00a0\u00bbDescription\u00a0\u00bb tab_id=\u00a0\u00bbdescrizione\u00a0\u00bb][vc_column_text] SPOSI (18 mq) situ\u00e9 dans la cour int\u00e9rieure, \u00e0 proximit\u00e9 de 2 autres chambres, meubles en rotin. Climatisation. Salle de bain avec douche, lavabo, wc, bidet. Des chaises longues dans la cour. [\/vc_column_text][\/vc_tta_section][vc_tta_section title=\u00a0\u00bbServices\u00a0\u00bb tab_id=\u00a0\u00bbservizi\u00a0\u00bb][vc_column_text]Toutes les chambres sont \u00e9galement [&hellip;]<\/p>\n","protected":false},"author":1,"featured_media":0,"parent":0,"menu_order":0,"comment_status":"closed","ping_status":"closed","template":"","meta":{"footnotes":""},"class_list":["post-1980","page","type-page","status-publish","hentry"],"yoast_head":"<!-- This site is optimized with the Yoast SEO plugin v24.2 - https:\/\/yoast.com\/wordpress\/plugins\/seo\/ -->\n<title>Chambre Sposi - Masseria Sant&#039;Angelo Salento<\/title>\n<meta name=\"description\" content=\"Pour vos vacances dans le Salento, d\u00e9couvrez les Cahmbre Sposi de Masseria Sant&#039;Angelo, \u00e0 Corigliano d&#039;Otranto. Apprenez-en plus.\" \/>\n<meta name=\"robots\" content=\"index, follow, max-snippet:-1, max-image-preview:large, max-video-preview:-1\" \/>\n<link rel=\"canonical\" href=\"https:\/\/www.masseriasantangelo.it\/camera-sposi\/\" \/>\n<meta property=\"og:locale\" content=\"fr_FR\" \/>\n<meta property=\"og:type\" content=\"article\" \/>\n<meta property=\"og:title\" content=\"Chambre Sposi - Masseria Sant&#039;Angelo Salento\" \/>\n<meta property=\"og:description\" content=\"Pour vos vacances dans le Salento, d\u00e9couvrez les Cahmbre Sposi de Masseria Sant&#039;Angelo, \u00e0 Corigliano d&#039;Otranto. Apprenez-en plus.\" \/>\n<meta property=\"og:url\" content=\"https:\/\/www.masseriasantangelo.it\/camera-sposi\/\" \/>\n<meta property=\"og:site_name\" content=\"Masseria Sant&#039;Angelo\" \/>\n<meta property=\"article:modified_time\" content=\"2020-03-27T15:49:17+00:00\" \/>\n<meta name=\"twitter:card\" content=\"summary_large_image\" \/>\n<meta name=\"twitter:label1\" content=\"Dur\u00e9e de lecture estim\u00e9e\" \/>\n\t<meta name=\"twitter:data1\" content=\"2 minutes\" \/>\n<script type=\"application\/ld+json\" class=\"yoast-schema-graph\">{\"@context\":\"https:\/\/schema.org\",\"@graph\":[{\"@type\":\"WebPage\",\"@id\":\"https:\/\/www.masseriasantangelo.it\/camera-sposi\/\",\"url\":\"https:\/\/www.masseriasantangelo.it\/camera-sposi\/\",\"name\":\"Chambre Sposi - Masseria Sant'Angelo Salento\",\"isPartOf\":{\"@id\":\"https:\/\/www.masseriasantangelo.it\/#website\"},\"datePublished\":\"2020-03-20T13:32:37+00:00\",\"dateModified\":\"2020-03-27T15:49:17+00:00\",\"description\":\"Pour vos vacances dans le Salento, d\u00e9couvrez les Cahmbre Sposi de Masseria Sant'Angelo, \u00e0 Corigliano d'Otranto. Apprenez-en plus.\",\"breadcrumb\":{\"@id\":\"https:\/\/www.masseriasantangelo.it\/camera-sposi\/#breadcrumb\"},\"inLanguage\":\"fr-FR\",\"potentialAction\":[{\"@type\":\"ReadAction\",\"target\":[\"https:\/\/www.masseriasantangelo.it\/camera-sposi\/\"]}]},{\"@type\":\"BreadcrumbList\",\"@id\":\"https:\/\/www.masseriasantangelo.it\/camera-sposi\/#breadcrumb\",\"itemListElement\":[{\"@type\":\"ListItem\",\"position\":1,\"name\":\"Home\",\"item\":\"https:\/\/www.masseriasantangelo.it\/\"},{\"@type\":\"ListItem\",\"position\":2,\"name\":\"Camera Sposi\"}]},{\"@type\":\"WebSite\",\"@id\":\"https:\/\/www.masseriasantangelo.it\/#website\",\"url\":\"https:\/\/www.masseriasantangelo.it\/\",\"name\":\"Masseria Sant&#039;Angelo\",\"description\":\"\",\"potentialAction\":[{\"@type\":\"SearchAction\",\"target\":{\"@type\":\"EntryPoint\",\"urlTemplate\":\"https:\/\/www.masseriasantangelo.it\/?s={search_term_string}\"},\"query-input\":{\"@type\":\"PropertyValueSpecification\",\"valueRequired\":true,\"valueName\":\"search_term_string\"}}],\"inLanguage\":\"fr-FR\"}]}<\/script>\n<!-- \/ Yoast SEO plugin. -->","yoast_head_json":{"title":"Chambre Sposi - Masseria Sant'Angelo Salento","description":"Pour vos vacances dans le Salento, d\u00e9couvrez les Cahmbre Sposi de Masseria Sant'Angelo, \u00e0 Corigliano d'Otranto. Apprenez-en plus.","robots":{"index":"index","follow":"follow","max-snippet":"max-snippet:-1","max-image-preview":"max-image-preview:large","max-video-preview":"max-video-preview:-1"},"canonical":"https:\/\/www.masseriasantangelo.it\/camera-sposi\/","og_locale":"fr_FR","og_type":"article","og_title":"Chambre Sposi - Masseria Sant'Angelo Salento","og_description":"Pour vos vacances dans le Salento, d\u00e9couvrez les Cahmbre Sposi de Masseria Sant'Angelo, \u00e0 Corigliano d'Otranto. Apprenez-en plus.","og_url":"https:\/\/www.masseriasantangelo.it\/camera-sposi\/","og_site_name":"Masseria Sant&#039;Angelo","article_modified_time":"2020-03-27T15:49:17+00:00","twitter_card":"summary_large_image","twitter_misc":{"Dur\u00e9e de lecture estim\u00e9e":"2 minutes"},"schema":{"@context":"https:\/\/schema.org","@graph":[{"@type":"WebPage","@id":"https:\/\/www.masseriasantangelo.it\/camera-sposi\/","url":"https:\/\/www.masseriasantangelo.it\/camera-sposi\/","name":"Chambre Sposi - Masseria Sant'Angelo Salento","isPartOf":{"@id":"https:\/\/www.masseriasantangelo.it\/#website"},"datePublished":"2020-03-20T13:32:37+00:00","dateModified":"2020-03-27T15:49:17+00:00","description":"Pour vos vacances dans le Salento, d\u00e9couvrez les Cahmbre Sposi de Masseria Sant'Angelo, \u00e0 Corigliano d'Otranto. Apprenez-en plus.","breadcrumb":{"@id":"https:\/\/www.masseriasantangelo.it\/camera-sposi\/#breadcrumb"},"inLanguage":"fr-FR","potentialAction":[{"@type":"ReadAction","target":["https:\/\/www.masseriasantangelo.it\/camera-sposi\/"]}]},{"@type":"BreadcrumbList","@id":"https:\/\/www.masseriasantangelo.it\/camera-sposi\/#breadcrumb","itemListElement":[{"@type":"ListItem","position":1,"name":"Home","item":"https:\/\/www.masseriasantangelo.it\/"},{"@type":"ListItem","position":2,"name":"Camera Sposi"}]},{"@type":"WebSite","@id":"https:\/\/www.masseriasantangelo.it\/#website","url":"https:\/\/www.masseriasantangelo.it\/","name":"Masseria Sant&#039;Angelo","description":"","potentialAction":[{"@type":"SearchAction","target":{"@type":"EntryPoint","urlTemplate":"https:\/\/www.masseriasantangelo.it\/?s={search_term_string}"},"query-input":{"@type":"PropertyValueSpecification","valueRequired":true,"valueName":"search_term_string"}}],"inLanguage":"fr-FR"}]}},"_links":{"self":[{"href":"https:\/\/www.masseriasantangelo.it\/fr\/wp-json\/wp\/v2\/pages\/1980","targetHints":{"allow":["GET"]}}],"collection":[{"href":"https:\/\/www.masseriasantangelo.it\/fr\/wp-json\/wp\/v2\/pages"}],"about":[{"href":"https:\/\/www.masseriasantangelo.it\/fr\/wp-json\/wp\/v2\/types\/page"}],"author":[{"embeddable":true,"href":"https:\/\/www.masseriasantangelo.it\/fr\/wp-json\/wp\/v2\/users\/1"}],"replies":[{"embeddable":true,"href":"https:\/\/www.masseriasantangelo.it\/fr\/wp-json\/wp\/v2\/comments?post=1980"}],"version-history":[{"count":5,"href":"https:\/\/www.masseriasantangelo.it\/fr\/wp-json\/wp\/v2\/pages\/1980\/revisions"}],"predecessor-version":[{"id":2997,"href":"https:\/\/www.masseriasantangelo.it\/fr\/wp-json\/wp\/v2\/pages\/1980\/revisions\/2997"}],"wp:attachment":[{"href":"https:\/\/www.masseriasantangelo.it\/fr\/wp-json\/wp\/v2\/media?parent=1980"}],"curies":[{"name":"wp","href":"https:\/\/api.w.org\/{rel}","templated":true}]}}