{"id":1934,"date":"2020-03-19T17:36:22","date_gmt":"2020-03-19T16:36:22","guid":{"rendered":"https:\/\/www.masseriasantangelo.it\/?page_id=1934"},"modified":"2020-03-26T18:14:28","modified_gmt":"2020-03-26T17:14:28","slug":"casa-pineta","status":"publish","type":"page","link":"https:\/\/www.masseriasantangelo.it\/fr\/casa-pineta\/","title":{"rendered":"Casa Pineta"},"content":{"rendered":"<p>[vc_row full_width=\u00a0\u00bbstretch_row\u00a0\u00bb inverse=\u00a0\u00bb\u00a0\u00bb el_id=\u00a0\u00bbsfondocamera\u00a0\u00bb][vc_column css=\u00a0\u00bb.vc_custom_1475060512699{margin-bottom: 4.25em !important;}\u00a0\u00bb][vc_empty_space height=\u00a0\u00bb70px\u00a0\u00bb][vc_row_inner][vc_column_inner width=\u00a0\u00bb2\/3&Prime;][vc_column_text]\n\t\t<!-- MasterSlider -->\n\t\t<div id=\"P_MS69e20409c627a\" class=\"master-slider-parent msl ms-parent-id-9\" style=\"max-width:800px;\">\n\n\t\t\t\n\t\t\t<!-- MasterSlider Main -->\n\t\t\t<div id=\"MS69e20409c627a\" class=\"master-slider ms-skin-default\" >\n\t\t\t\t \t\t\t\t \n\t\t\t\t<div  class=\"ms-slide\" data-delay=\"3\" data-fill-mode=\"fill\"  >\n\t\t\t\t\t<img decoding=\"async\" src=\"https:\/\/www.masseriasantangelo.it\/wp-content\/plugins\/master-slider\/public\/assets\/css\/blank.gif\" alt=\"\" title=\"\" data-src=\"https:\/\/www.masseriasantangelo.it\/wp-content\/uploads\/2020\/03\/001-casa-trilocale-pineta-agriturismo-masseria-sant-angelo-corigliano-d-otranto-salento.jpg\" \/>\n\n\n\t<img decoding=\"async\" class=\"ms-thumb\" src=\"https:\/\/www.masseriasantangelo.it\/wp-content\/uploads\/2020\/03\/001-casa-trilocale-pineta-agriturismo-masseria-sant-angelo-corigliano-d-otranto-salento-140x80.jpg\" alt=\"\" \/>\n\t<div class=\"ms-thumb\" ><div class=\"ms-tab-context\"><div class=&quot;ms-tab-context&quot;><\/div><\/div>\n<\/div>\n\t\t\t\t<\/div>\n\t\t\t\t<div  class=\"ms-slide\" data-delay=\"3\" data-fill-mode=\"fill\"  >\n\t\t\t\t\t<img decoding=\"async\" src=\"https:\/\/www.masseriasantangelo.it\/wp-content\/plugins\/master-slider\/public\/assets\/css\/blank.gif\" alt=\"\" title=\"\" data-src=\"https:\/\/www.masseriasantangelo.it\/wp-content\/uploads\/2020\/03\/002-casa-trilocale-pineta-agriturismo-masseria-sant-angelo-corigliano-d-otranto-salento.jpg\" \/>\n\n\n\t<img decoding=\"async\" class=\"ms-thumb\" src=\"https:\/\/www.masseriasantangelo.it\/wp-content\/uploads\/2020\/03\/002-casa-trilocale-pineta-agriturismo-masseria-sant-angelo-corigliano-d-otranto-salento-140x80.jpg\" alt=\"\" \/>\n\t<div class=\"ms-thumb\" ><div class=\"ms-tab-context\"><div class=&quot;ms-tab-context&quot;><\/div><\/div>\n<\/div>\n\t\t\t\t<\/div>\n\t\t\t\t<div  class=\"ms-slide\" data-delay=\"3\" data-fill-mode=\"fill\"  >\n\t\t\t\t\t<img decoding=\"async\" src=\"https:\/\/www.masseriasantangelo.it\/wp-content\/plugins\/master-slider\/public\/assets\/css\/blank.gif\" alt=\"\" title=\"\" data-src=\"https:\/\/www.masseriasantangelo.it\/wp-content\/uploads\/2020\/03\/003-casa-trilocale-pineta-agriturismo-masseria-sant-angelo-corigliano-d-otranto-salento.jpg\" \/>\n\n\n\t<img decoding=\"async\" class=\"ms-thumb\" src=\"https:\/\/www.masseriasantangelo.it\/wp-content\/uploads\/2020\/03\/003-casa-trilocale-pineta-agriturismo-masseria-sant-angelo-corigliano-d-otranto-salento-140x80.jpg\" alt=\"\" \/>\n\t<div class=\"ms-thumb\" ><div class=\"ms-tab-context\"><div class=&quot;ms-tab-context&quot;><\/div><\/div>\n<\/div>\n\t\t\t\t<\/div>\n\t\t\t\t<div  class=\"ms-slide\" data-delay=\"3\" data-fill-mode=\"fill\"  >\n\t\t\t\t\t<img decoding=\"async\" src=\"https:\/\/www.masseriasantangelo.it\/wp-content\/plugins\/master-slider\/public\/assets\/css\/blank.gif\" alt=\"\" title=\"\" data-src=\"https:\/\/www.masseriasantangelo.it\/wp-content\/uploads\/2020\/03\/004-casa-trilocale-pineta-agriturismo-masseria-sant-angelo-corigliano-d-otranto-salento.jpg\" \/>\n\n\n\t<img decoding=\"async\" class=\"ms-thumb\" src=\"https:\/\/www.masseriasantangelo.it\/wp-content\/uploads\/2020\/03\/004-casa-trilocale-pineta-agriturismo-masseria-sant-angelo-corigliano-d-otranto-salento-140x80.jpg\" alt=\"\" \/>\n\t<div class=\"ms-thumb\" ><div class=\"ms-tab-context\"><div class=&quot;ms-tab-context&quot;><\/div><\/div>\n<\/div>\n\t\t\t\t<\/div>\n\t\t\t\t<div  class=\"ms-slide\" data-delay=\"3\" data-fill-mode=\"fill\"  >\n\t\t\t\t\t<img decoding=\"async\" src=\"https:\/\/www.masseriasantangelo.it\/wp-content\/plugins\/master-slider\/public\/assets\/css\/blank.gif\" alt=\"\" title=\"\" data-src=\"https:\/\/www.masseriasantangelo.it\/wp-content\/uploads\/2020\/03\/005-casa-trilocale-pineta-agriturismo-masseria-sant-angelo-corigliano-d-otranto-salento.jpg\" \/>\n\n\n\t<img decoding=\"async\" class=\"ms-thumb\" src=\"https:\/\/www.masseriasantangelo.it\/wp-content\/uploads\/2020\/03\/005-casa-trilocale-pineta-agriturismo-masseria-sant-angelo-corigliano-d-otranto-salento-140x80.jpg\" alt=\"\" \/>\n\t<div class=\"ms-thumb\" ><div class=\"ms-tab-context\"><div class=&quot;ms-tab-context&quot;><\/div><\/div>\n<\/div>\n\t\t\t\t<\/div>\n\t\t\t\t<div  class=\"ms-slide\" data-delay=\"3\" data-fill-mode=\"fill\"  >\n\t\t\t\t\t<img decoding=\"async\" src=\"https:\/\/www.masseriasantangelo.it\/wp-content\/plugins\/master-slider\/public\/assets\/css\/blank.gif\" alt=\"\" title=\"\" data-src=\"https:\/\/www.masseriasantangelo.it\/wp-content\/uploads\/2020\/03\/006-casa-trilocale-pineta-agriturismo-masseria-sant-angelo-corigliano-d-otranto-salento.jpg\" \/>\n\n\n\t<img decoding=\"async\" class=\"ms-thumb\" src=\"https:\/\/www.masseriasantangelo.it\/wp-content\/uploads\/2020\/03\/006-casa-trilocale-pineta-agriturismo-masseria-sant-angelo-corigliano-d-otranto-salento-140x80.jpg\" alt=\"\" \/>\n\t<div class=\"ms-thumb\" ><div class=\"ms-tab-context\"><div class=&quot;ms-tab-context&quot;><\/div><\/div>\n<\/div>\n\t\t\t\t<\/div>\n\t\t\t\t<div  class=\"ms-slide\" data-delay=\"3\" data-fill-mode=\"fill\"  >\n\t\t\t\t\t<img decoding=\"async\" src=\"https:\/\/www.masseriasantangelo.it\/wp-content\/plugins\/master-slider\/public\/assets\/css\/blank.gif\" alt=\"\" title=\"\" data-src=\"https:\/\/www.masseriasantangelo.it\/wp-content\/uploads\/2020\/03\/009-casa-trilocale-pineta-agriturismo-masseria-sant-angelo-corigliano-d-otranto-salento.jpg\" \/>\n\n\n\t<img decoding=\"async\" class=\"ms-thumb\" src=\"https:\/\/www.masseriasantangelo.it\/wp-content\/uploads\/2020\/03\/009-casa-trilocale-pineta-agriturismo-masseria-sant-angelo-corigliano-d-otranto-salento-140x80.jpg\" alt=\"\" \/>\n\t<div class=\"ms-thumb\" ><div class=\"ms-tab-context\"><div class=&quot;ms-tab-context&quot;><\/div><\/div>\n<\/div>\n\t\t\t\t<\/div>\n\t\t\t\t<div  class=\"ms-slide\" data-delay=\"3\" data-fill-mode=\"fill\"  >\n\t\t\t\t\t<img decoding=\"async\" src=\"https:\/\/www.masseriasantangelo.it\/wp-content\/plugins\/master-slider\/public\/assets\/css\/blank.gif\" alt=\"\" title=\"\" data-src=\"https:\/\/www.masseriasantangelo.it\/wp-content\/uploads\/2020\/03\/012-casa-trilocale-pineta-agriturismo-masseria-sant-angelo-corigliano-d-otranto-salento.jpg\" \/>\n\n\n\t<img decoding=\"async\" class=\"ms-thumb\" src=\"https:\/\/www.masseriasantangelo.it\/wp-content\/uploads\/2020\/03\/012-casa-trilocale-pineta-agriturismo-masseria-sant-angelo-corigliano-d-otranto-salento-140x80.jpg\" alt=\"\" \/>\n\t<div class=\"ms-thumb\" ><div class=\"ms-tab-context\"><div class=&quot;ms-tab-context&quot;><\/div><\/div>\n<\/div>\n\t\t\t\t<\/div>\n\t\t\t\t<div  class=\"ms-slide\" data-delay=\"3\" data-fill-mode=\"fill\"  >\n\t\t\t\t\t<img decoding=\"async\" src=\"https:\/\/www.masseriasantangelo.it\/wp-content\/plugins\/master-slider\/public\/assets\/css\/blank.gif\" alt=\"\" title=\"\" data-src=\"https:\/\/www.masseriasantangelo.it\/wp-content\/uploads\/2020\/03\/013-casa-trilocale-pineta-agriturismo-masseria-sant-angelo-corigliano-d-otranto-salento.jpg\" \/>\n\n\n\t<img decoding=\"async\" class=\"ms-thumb\" src=\"https:\/\/www.masseriasantangelo.it\/wp-content\/uploads\/2020\/03\/013-casa-trilocale-pineta-agriturismo-masseria-sant-angelo-corigliano-d-otranto-salento-140x80.jpg\" alt=\"\" \/>\n\t<div class=\"ms-thumb\" ><div class=\"ms-tab-context\"><div class=&quot;ms-tab-context&quot;><\/div><\/div>\n<\/div>\n\t\t\t\t<\/div>\n\n\t\t\t<\/div>\n\t\t\t<!-- END MasterSlider Main -->\n\n\t\t\t \n\t\t<\/div>\n\t\t<!-- END MasterSlider -->\n\n\t\t<script>\n\t\t(function ( $ ) {\n\t\t\t\"use strict\";\n\n\t\t\t$(function () {\n\t\t\t\tvar masterslider_627a = new MasterSlider();\n\n\t\t\t\t\/\/ slider controls\n\t\t\t\tmasterslider_627a.control('arrows'     ,{ autohide:false, overVideo:true  });\t\t\t\tmasterslider_627a.control('bullets'    ,{ autohide:false, overVideo:true, dir:'h', align:'bottom' , margin:10  });\n\n\t\t\t\tmasterslider_627a.control('thumblist'  ,{ autohide:false, overVideo:true, dir:'h', speed:17, inset:false, arrows:false, hover:false, customClass:'', align:'bottom',type:'thumbs', margin:5, width:140, height:80, space:5, fillMode:'fill'  });\n\t\t\t\t\/\/ slider setup\n\t\t\t\tmasterslider_627a.setup(\"MS69e20409c627a\", {\n\t\t\t\t\t\twidth           : 800,\n\t\t\t\t\t\theight          : 480,\n\t\t\t\t\t\tminHeight       : 0,\n\t\t\t\t\t\tspace           : 0,\n\t\t\t\t\t\tstart           : 1,\n\t\t\t\t\t\tgrabCursor      : true,\n\t\t\t\t\t\tswipe           : true,\n\t\t\t\t\t\tmouse           : true,\n\t\t\t\t\t\tlayout          : \"boxed\",\n\t\t\t\t\t\twheel           : false,\n\t\t\t\t\t\tautoplay        : false,\n\t\t\t\t\t\tinstantStartLayers:false,\n\t\t\t\t\t\tloop            : true,\n\t\t\t\t\t\tshuffle         : false,\n\t\t\t\t\t\tpreload         : 0,\n\t\t\t\t\t\theightLimit     : true,\n\t\t\t\t\t\tautoHeight      : false,\n\t\t\t\t\t\tsmoothHeight    : true,\n\t\t\t\t\t\tendPause        : false,\n\t\t\t\t\t\toverPause       : true,\n\t\t\t\t\t\tfillMode        : \"fill\",\n\t\t\t\t\t\tcenterControls  : true,\n\t\t\t\t\t\tstartOnAppear   : false,\n\t\t\t\t\t\tlayersMode      : \"center\",\n\t\t\t\t\t\thideLayers      : false,\n\t\t\t\t\t\tfullscreenMargin: 0,\n\t\t\t\t\t\tspeed           : 20,\n\t\t\t\t\t\tdir             : \"h\",\n\t\t\t\t\t\tparallaxMode    : 'swipe',\n\t\t\t\t\t\tview            : \"basic\"\n\t\t\t\t});\n\n\t\t\t\t\n\t\t\t\twindow.masterslider_instances = window.masterslider_instances || [];\n\t\t\t\twindow.masterslider_instances.push( masterslider_627a );\n\t\t\t });\n\n\t\t})(jQuery);\n\t\t<\/script>\n\n[\/vc_column_text][\/vc_column_inner][vc_column_inner width=\u00a0\u00bb1\/3&Prime;][vc_widget_sidebar sidebar_id=\u00a0\u00bbsidestruttura\u00a0\u00bb][\/vc_column_inner][\/vc_row_inner][vc_empty_space height=\u00a0\u00bb60px\u00a0\u00bb][vc_tta_tabs active_section=\u00a0\u00bb1&Prime; el_id=\u00a0\u00bbtab-struttura\u00a0\u00bb][vc_tta_section title=\u00a0\u00bbDescription\u00a0\u00bb tab_id=\u00a0\u00bbdescrizione\u00a0\u00bb][vc_column_text]<\/p>\n<p style=\"text-align: justify;\">Maison de trois pi\u00e8ces avec 2 chambres \u00e0 coucher : une petite avec un lit matrimonial et une armoire, l\u2019autre avec un lit matrimonial et un lit simple ou 3 lits simples et une armoire. Salon spacieux avec cuisine enti\u00e8rement \u00e9quip\u00e9e (4 feux, r\u00e9frig\u00e9rateur), table et chaises. Climatisation, ventilateurs de plafond, chauffage. Acc\u00e8s \u00e0 la salle de bain forme salon. Salle de bain partag\u00e9e avec douche, lavabo, wc. V\u00e9randa couverte avec bancs, table et chaises longues. Barbecue.<\/p>\n<p>[\/vc_column_text][\/vc_tta_section][vc_tta_section title=\u00a0\u00bbServices\u00a0\u00bb tab_id=\u00a0\u00bbservizi\u00a0\u00bb][vc_column_text]LES PRIX POUR LES MAISONS comprennent les services suivants:<\/p>\n<ul>\n<li>fourniture de serviettes et torchon de cuisine deux fois par semaine, fourniture de linge de lit chaque semaine<\/li>\n<li>chauffage pendant les mois d\u2019hiver, la consommation d\u2019\u00e9nergie et d\u2019eau, la climatisation pendant la pr\u00e9sence de l\u2019h\u00f4te dans la chambre, le nettoyage final,<\/li>\n<li>premi\u00e8re livraison de caf\u00e9, de sucre et de sel, du papier hygi\u00e9nique et de d\u00e9tergent pour vaisselle, de mousse douche et de shampooing<\/li>\n<li>Les enfants jusqu\u2019\u00e0 3 ans s\u00e9journent gratuitement dans le grand lit de leurs parents.<\/li>\n<li>Wifi gratuit \u00e0 la r\u00e9ception<\/li>\n<\/ul>\n<p>[\/vc_column_text][\/vc_tta_section][vc_tta_section title=\u00a0\u00bbInformations suppl\u00e9mentaires\u00a0\u00bb tab_id=\u00a0\u00bbextra\u00a0\u00bb][vc_column_text]<strong>EXTRA<\/strong>:<\/p>\n<p>Petit d\u00e9jeuner\u00a0\u00a0\u00a0\u00a0\u00a0\u00a0\u00a0\u00a0\u00a0\u00a0\u00a0\u00a0\u00a0\u00a0\u00a0\u00a0\u00a0\u00a0\u00a0\u00a0\u00a0\u00a0\u00a0\u00a0\u00a0\u00a0\u00a0 Adultes : 8,- \u20ac \/jour, enfants (\u00e0 partir de 4 ans) ou gar\u00e7ons : 5,- \u20ac \/jour<br \/>\nLit suppl\u00e9mentaire \u00a0\u00a0\u00a0\u00a0\u00a0\u00a0\u00a0\u00a0\u00a0\u00a0\u00a0\u00a0\u00a0\u00a0\u00a0\u00a0\u00a0\u00a0\u00a0 20,- Euro \/ jour.<br \/>\nLit b\u00e9b\u00e9 en chambre double \u00a0\u00a0\u00a0\u00a0 15,- \u20ac par semaine<br \/>\nChiens (sur demande)\u00a0 \u00a0\u00a0\u00a0\u00a0\u00a0\u00a0\u00a0\u00a0\u00a0\u00a0\u00a0\u00a0 10,- \u20ac pour le week-end, 20,- \u20ac par semaine<\/p>\n<p><strong>Les prix peuvent varier l\u00e9g\u00e8rement.<\/strong><\/p>\n<p><strong>Vous devez \u00e9galement savoir:<\/strong><\/p>\n<p>Deux enfants jusqu\u2019\u00e0 l\u2019\u00e2ge de trois ans sont consid\u00e9r\u00e9s comme un enfant payant.<br \/>\nArriv\u00e9es et d\u00e9parts sont possibles tous les jours, en haute saison d\u00e9pendent des disponibilit\u00e9s restantes.<\/p>\n<p><strong>Check-in\u00a0: \u00a0\u00a0\u00a0\u00a0\u00a0\u00a0\u00a0 \u00e0 partir de 15:30\u00a0\u00a0\u00a0 20:00 (en basse saison aussi dans la matin\u00e9e, appelez-nous!)<\/strong><br \/>\n<strong>Check-out\u00a0: \u00a0\u00a0\u00a0\u00a0\u00a0 \u00e0 10:00 (en basse saison aussi plus tard)<\/strong>[\/vc_column_text][\/vc_tta_section][\/vc_tta_tabs][\/vc_column][\/vc_row]<\/p>\n","protected":false},"excerpt":{"rendered":"<p>[vc_row full_width=\u00a0\u00bbstretch_row\u00a0\u00bb inverse=\u00a0\u00bb\u00a0\u00bb el_id=\u00a0\u00bbsfondocamera\u00a0\u00bb][vc_column css=\u00a0\u00bb.vc_custom_1475060512699{margin-bottom: 4.25em !important;}\u00a0\u00bb][vc_empty_space height=\u00a0\u00bb70px\u00a0\u00bb][vc_row_inner][vc_column_inner width=\u00a0\u00bb2\/3&Prime;][vc_column_text][\/vc_column_text][\/vc_column_inner][vc_column_inner width=\u00a0\u00bb1\/3&Prime;][vc_widget_sidebar sidebar_id=\u00a0\u00bbsidestruttura\u00a0\u00bb][\/vc_column_inner][\/vc_row_inner][vc_empty_space height=\u00a0\u00bb60px\u00a0\u00bb][vc_tta_tabs active_section=\u00a0\u00bb1&Prime; el_id=\u00a0\u00bbtab-struttura\u00a0\u00bb][vc_tta_section title=\u00a0\u00bbDescription\u00a0\u00bb tab_id=\u00a0\u00bbdescrizione\u00a0\u00bb][vc_column_text] Maison de trois pi\u00e8ces avec 2 chambres \u00e0 coucher : une petite avec un lit matrimonial et une armoire, l\u2019autre avec un lit matrimonial et un lit simple ou 3 lits simples et une armoire. Salon spacieux avec cuisine [&hellip;]<\/p>\n","protected":false},"author":1,"featured_media":0,"parent":0,"menu_order":0,"comment_status":"closed","ping_status":"closed","template":"","meta":{"footnotes":""},"class_list":["post-1934","page","type-page","status-publish","hentry"],"yoast_head":"<!-- This site is optimized with the Yoast SEO plugin v24.2 - https:\/\/yoast.com\/wordpress\/plugins\/seo\/ -->\n<title>Casa Pineta - Masseria Sant&#039;Angelo Salento<\/title>\n<meta name=\"description\" content=\"Pour vos vacances dans le Salento, d\u00e9couvrez la Casa Pineta de Masseria Sant&#039;Angelo, \u00e0 Corigliano d&#039;Otranto. Apprenez-en plus.\" \/>\n<meta name=\"robots\" content=\"index, follow, max-snippet:-1, max-image-preview:large, max-video-preview:-1\" \/>\n<link rel=\"canonical\" href=\"https:\/\/www.masseriasantangelo.it\/casa-pineta\/\" \/>\n<meta property=\"og:locale\" content=\"fr_FR\" \/>\n<meta property=\"og:type\" content=\"article\" \/>\n<meta property=\"og:title\" content=\"Casa Pineta - Masseria Sant&#039;Angelo Salento\" \/>\n<meta property=\"og:description\" content=\"Pour vos vacances dans le Salento, d\u00e9couvrez la Casa Pineta de Masseria Sant&#039;Angelo, \u00e0 Corigliano d&#039;Otranto. Apprenez-en plus.\" \/>\n<meta property=\"og:url\" content=\"https:\/\/www.masseriasantangelo.it\/casa-pineta\/\" \/>\n<meta property=\"og:site_name\" content=\"Masseria Sant&#039;Angelo\" \/>\n<meta property=\"article:modified_time\" content=\"2020-03-26T17:14:28+00:00\" \/>\n<meta name=\"twitter:card\" content=\"summary_large_image\" \/>\n<meta name=\"twitter:label1\" content=\"Dur\u00e9e de lecture estim\u00e9e\" \/>\n\t<meta name=\"twitter:data1\" content=\"2 minutes\" \/>\n<script type=\"application\/ld+json\" class=\"yoast-schema-graph\">{\"@context\":\"https:\/\/schema.org\",\"@graph\":[{\"@type\":\"WebPage\",\"@id\":\"https:\/\/www.masseriasantangelo.it\/casa-pineta\/\",\"url\":\"https:\/\/www.masseriasantangelo.it\/casa-pineta\/\",\"name\":\"Casa Pineta - Masseria Sant'Angelo Salento\",\"isPartOf\":{\"@id\":\"https:\/\/www.masseriasantangelo.it\/#website\"},\"datePublished\":\"2020-03-19T16:36:22+00:00\",\"dateModified\":\"2020-03-26T17:14:28+00:00\",\"description\":\"Pour vos vacances dans le Salento, d\u00e9couvrez la Casa Pineta de Masseria Sant'Angelo, \u00e0 Corigliano d'Otranto. Apprenez-en plus.\",\"breadcrumb\":{\"@id\":\"https:\/\/www.masseriasantangelo.it\/casa-pineta\/#breadcrumb\"},\"inLanguage\":\"fr-FR\",\"potentialAction\":[{\"@type\":\"ReadAction\",\"target\":[\"https:\/\/www.masseriasantangelo.it\/casa-pineta\/\"]}]},{\"@type\":\"BreadcrumbList\",\"@id\":\"https:\/\/www.masseriasantangelo.it\/casa-pineta\/#breadcrumb\",\"itemListElement\":[{\"@type\":\"ListItem\",\"position\":1,\"name\":\"Home\",\"item\":\"https:\/\/www.masseriasantangelo.it\/\"},{\"@type\":\"ListItem\",\"position\":2,\"name\":\"Casa Pineta\"}]},{\"@type\":\"WebSite\",\"@id\":\"https:\/\/www.masseriasantangelo.it\/#website\",\"url\":\"https:\/\/www.masseriasantangelo.it\/\",\"name\":\"Masseria Sant&#039;Angelo\",\"description\":\"\",\"potentialAction\":[{\"@type\":\"SearchAction\",\"target\":{\"@type\":\"EntryPoint\",\"urlTemplate\":\"https:\/\/www.masseriasantangelo.it\/?s={search_term_string}\"},\"query-input\":{\"@type\":\"PropertyValueSpecification\",\"valueRequired\":true,\"valueName\":\"search_term_string\"}}],\"inLanguage\":\"fr-FR\"}]}<\/script>\n<!-- \/ Yoast SEO plugin. -->","yoast_head_json":{"title":"Casa Pineta - Masseria Sant'Angelo Salento","description":"Pour vos vacances dans le Salento, d\u00e9couvrez la Casa Pineta de Masseria Sant'Angelo, \u00e0 Corigliano d'Otranto. Apprenez-en plus.","robots":{"index":"index","follow":"follow","max-snippet":"max-snippet:-1","max-image-preview":"max-image-preview:large","max-video-preview":"max-video-preview:-1"},"canonical":"https:\/\/www.masseriasantangelo.it\/casa-pineta\/","og_locale":"fr_FR","og_type":"article","og_title":"Casa Pineta - Masseria Sant'Angelo Salento","og_description":"Pour vos vacances dans le Salento, d\u00e9couvrez la Casa Pineta de Masseria Sant'Angelo, \u00e0 Corigliano d'Otranto. Apprenez-en plus.","og_url":"https:\/\/www.masseriasantangelo.it\/casa-pineta\/","og_site_name":"Masseria Sant&#039;Angelo","article_modified_time":"2020-03-26T17:14:28+00:00","twitter_card":"summary_large_image","twitter_misc":{"Dur\u00e9e de lecture estim\u00e9e":"2 minutes"},"schema":{"@context":"https:\/\/schema.org","@graph":[{"@type":"WebPage","@id":"https:\/\/www.masseriasantangelo.it\/casa-pineta\/","url":"https:\/\/www.masseriasantangelo.it\/casa-pineta\/","name":"Casa Pineta - Masseria Sant'Angelo Salento","isPartOf":{"@id":"https:\/\/www.masseriasantangelo.it\/#website"},"datePublished":"2020-03-19T16:36:22+00:00","dateModified":"2020-03-26T17:14:28+00:00","description":"Pour vos vacances dans le Salento, d\u00e9couvrez la Casa Pineta de Masseria Sant'Angelo, \u00e0 Corigliano d'Otranto. Apprenez-en plus.","breadcrumb":{"@id":"https:\/\/www.masseriasantangelo.it\/casa-pineta\/#breadcrumb"},"inLanguage":"fr-FR","potentialAction":[{"@type":"ReadAction","target":["https:\/\/www.masseriasantangelo.it\/casa-pineta\/"]}]},{"@type":"BreadcrumbList","@id":"https:\/\/www.masseriasantangelo.it\/casa-pineta\/#breadcrumb","itemListElement":[{"@type":"ListItem","position":1,"name":"Home","item":"https:\/\/www.masseriasantangelo.it\/"},{"@type":"ListItem","position":2,"name":"Casa Pineta"}]},{"@type":"WebSite","@id":"https:\/\/www.masseriasantangelo.it\/#website","url":"https:\/\/www.masseriasantangelo.it\/","name":"Masseria Sant&#039;Angelo","description":"","potentialAction":[{"@type":"SearchAction","target":{"@type":"EntryPoint","urlTemplate":"https:\/\/www.masseriasantangelo.it\/?s={search_term_string}"},"query-input":{"@type":"PropertyValueSpecification","valueRequired":true,"valueName":"search_term_string"}}],"inLanguage":"fr-FR"}]}},"_links":{"self":[{"href":"https:\/\/www.masseriasantangelo.it\/fr\/wp-json\/wp\/v2\/pages\/1934","targetHints":{"allow":["GET"]}}],"collection":[{"href":"https:\/\/www.masseriasantangelo.it\/fr\/wp-json\/wp\/v2\/pages"}],"about":[{"href":"https:\/\/www.masseriasantangelo.it\/fr\/wp-json\/wp\/v2\/types\/page"}],"author":[{"embeddable":true,"href":"https:\/\/www.masseriasantangelo.it\/fr\/wp-json\/wp\/v2\/users\/1"}],"replies":[{"embeddable":true,"href":"https:\/\/www.masseriasantangelo.it\/fr\/wp-json\/wp\/v2\/comments?post=1934"}],"version-history":[{"count":3,"href":"https:\/\/www.masseriasantangelo.it\/fr\/wp-json\/wp\/v2\/pages\/1934\/revisions"}],"predecessor-version":[{"id":2052,"href":"https:\/\/www.masseriasantangelo.it\/fr\/wp-json\/wp\/v2\/pages\/1934\/revisions\/2052"}],"wp:attachment":[{"href":"https:\/\/www.masseriasantangelo.it\/fr\/wp-json\/wp\/v2\/media?parent=1934"}],"curies":[{"name":"wp","href":"https:\/\/api.w.org\/{rel}","templated":true}]}}