{"id":1932,"date":"2020-03-19T17:36:27","date_gmt":"2020-03-19T16:36:27","guid":{"rendered":"https:\/\/www.masseriasantangelo.it\/?page_id=1932"},"modified":"2020-03-26T18:15:03","modified_gmt":"2020-03-26T17:15:03","slug":"casa-pozzo","status":"publish","type":"page","link":"https:\/\/www.masseriasantangelo.it\/fr\/casa-pozzo\/","title":{"rendered":"Casa Pozzo"},"content":{"rendered":"<p>[vc_row full_width=\u00a0\u00bbstretch_row\u00a0\u00bb inverse=\u00a0\u00bb\u00a0\u00bb el_id=\u00a0\u00bbsfondocamera\u00a0\u00bb][vc_column css=\u00a0\u00bb.vc_custom_1475060512699{margin-bottom: 4.25em !important;}\u00a0\u00bb][vc_empty_space height=\u00a0\u00bb70px\u00a0\u00bb][vc_row_inner][vc_column_inner width=\u00a0\u00bb2\/3&Prime;][vc_column_text]\n\t\t<!-- MasterSlider -->\n\t\t<div id=\"P_MS69d99dec9039a\" class=\"master-slider-parent msl ms-parent-id-17\" style=\"max-width:800px;\">\n\n\t\t\t\n\t\t\t<!-- MasterSlider Main -->\n\t\t\t<div id=\"MS69d99dec9039a\" class=\"master-slider ms-skin-default\" >\n\t\t\t\t \t\t\t\t \n\t\t\t\t<div  class=\"ms-slide\" data-delay=\"3\" data-fill-mode=\"fill\"  >\n\t\t\t\t\t<img decoding=\"async\" src=\"https:\/\/www.masseriasantangelo.it\/wp-content\/plugins\/master-slider\/public\/assets\/css\/blank.gif\" alt=\"\" title=\"\" data-src=\"https:\/\/www.masseriasantangelo.it\/wp-content\/uploads\/2020\/03\/casetta-pozzo0.jpg\" \/>\n\n\n\t<img decoding=\"async\" class=\"ms-thumb\" src=\"https:\/\/www.masseriasantangelo.it\/wp-content\/uploads\/2020\/03\/casetta-pozzo0-140x80.jpg\" alt=\"\" \/>\n\t<div class=\"ms-thumb\" ><div class=\"ms-tab-context\"><div class=&quot;ms-tab-context&quot;><\/div><\/div>\n<\/div>\n\t\t\t\t<\/div>\n\t\t\t\t<div  class=\"ms-slide\" data-delay=\"3\" data-fill-mode=\"fill\"  >\n\t\t\t\t\t<img decoding=\"async\" src=\"https:\/\/www.masseriasantangelo.it\/wp-content\/plugins\/master-slider\/public\/assets\/css\/blank.gif\" alt=\"\" title=\"\" data-src=\"https:\/\/www.masseriasantangelo.it\/wp-content\/uploads\/2020\/03\/casetta-pozzo1.jpg\" \/>\n\n\n\t<img decoding=\"async\" class=\"ms-thumb\" src=\"https:\/\/www.masseriasantangelo.it\/wp-content\/uploads\/2020\/03\/casetta-pozzo1-140x80.jpg\" alt=\"\" \/>\n\t<div class=\"ms-thumb\" ><div class=\"ms-tab-context\"><div class=&quot;ms-tab-context&quot;><\/div><\/div>\n<\/div>\n\t\t\t\t<\/div>\n\t\t\t\t<div  class=\"ms-slide\" data-delay=\"3\" data-fill-mode=\"fill\"  >\n\t\t\t\t\t<img decoding=\"async\" src=\"https:\/\/www.masseriasantangelo.it\/wp-content\/plugins\/master-slider\/public\/assets\/css\/blank.gif\" alt=\"\" title=\"\" data-src=\"https:\/\/www.masseriasantangelo.it\/wp-content\/uploads\/2020\/03\/casetta-pozzo2.jpg\" \/>\n\n\n\t<img decoding=\"async\" class=\"ms-thumb\" src=\"https:\/\/www.masseriasantangelo.it\/wp-content\/uploads\/2020\/03\/casetta-pozzo2-140x80.jpg\" alt=\"\" \/>\n\t<div class=\"ms-thumb\" ><div class=\"ms-tab-context\"><div class=&quot;ms-tab-context&quot;><\/div><\/div>\n<\/div>\n\t\t\t\t<\/div>\n\t\t\t\t<div  class=\"ms-slide\" data-delay=\"3\" data-fill-mode=\"fill\"  >\n\t\t\t\t\t<img decoding=\"async\" src=\"https:\/\/www.masseriasantangelo.it\/wp-content\/plugins\/master-slider\/public\/assets\/css\/blank.gif\" alt=\"\" title=\"\" data-src=\"https:\/\/www.masseriasantangelo.it\/wp-content\/uploads\/2020\/03\/casetta-pozzo3.jpg\" \/>\n\n\n\t<img decoding=\"async\" class=\"ms-thumb\" src=\"https:\/\/www.masseriasantangelo.it\/wp-content\/uploads\/2020\/03\/casetta-pozzo3-140x80.jpg\" alt=\"\" \/>\n\t<div class=\"ms-thumb\" ><div class=\"ms-tab-context\"><div class=&quot;ms-tab-context&quot;><\/div><\/div>\n<\/div>\n\t\t\t\t<\/div>\n\t\t\t\t<div  class=\"ms-slide\" data-delay=\"3\" data-fill-mode=\"fill\"  >\n\t\t\t\t\t<img decoding=\"async\" src=\"https:\/\/www.masseriasantangelo.it\/wp-content\/plugins\/master-slider\/public\/assets\/css\/blank.gif\" alt=\"\" title=\"\" data-src=\"https:\/\/www.masseriasantangelo.it\/wp-content\/uploads\/2020\/03\/casetta-pozzo4.jpg\" \/>\n\n\n\t<img decoding=\"async\" class=\"ms-thumb\" src=\"https:\/\/www.masseriasantangelo.it\/wp-content\/uploads\/2020\/03\/casetta-pozzo4-140x80.jpg\" alt=\"\" \/>\n\t<div class=\"ms-thumb\" ><div class=\"ms-tab-context\"><div class=&quot;ms-tab-context&quot;><\/div><\/div>\n<\/div>\n\t\t\t\t<\/div>\n\n\t\t\t<\/div>\n\t\t\t<!-- END MasterSlider Main -->\n\n\t\t\t \n\t\t<\/div>\n\t\t<!-- END MasterSlider -->\n\n\t\t<script>\n\t\t(function ( $ ) {\n\t\t\t\"use strict\";\n\n\t\t\t$(function () {\n\t\t\t\tvar masterslider_039a = new MasterSlider();\n\n\t\t\t\t\/\/ slider controls\n\t\t\t\tmasterslider_039a.control('arrows'     ,{ autohide:false, overVideo:true  });\t\t\t\tmasterslider_039a.control('bullets'    ,{ autohide:false, overVideo:true, dir:'h', align:'bottom' , margin:10  });\n\n\t\t\t\tmasterslider_039a.control('thumblist'  ,{ autohide:false, overVideo:true, dir:'h', speed:17, inset:false, arrows:false, hover:false, customClass:'', align:'bottom',type:'thumbs', margin:5, width:140, height:80, space:5, fillMode:'fill'  });\n\t\t\t\t\/\/ slider setup\n\t\t\t\tmasterslider_039a.setup(\"MS69d99dec9039a\", {\n\t\t\t\t\t\twidth           : 800,\n\t\t\t\t\t\theight          : 480,\n\t\t\t\t\t\tminHeight       : 0,\n\t\t\t\t\t\tspace           : 0,\n\t\t\t\t\t\tstart           : 1,\n\t\t\t\t\t\tgrabCursor      : true,\n\t\t\t\t\t\tswipe           : true,\n\t\t\t\t\t\tmouse           : true,\n\t\t\t\t\t\tlayout          : \"boxed\",\n\t\t\t\t\t\twheel           : false,\n\t\t\t\t\t\tautoplay        : false,\n\t\t\t\t\t\tinstantStartLayers:false,\n\t\t\t\t\t\tloop            : true,\n\t\t\t\t\t\tshuffle         : false,\n\t\t\t\t\t\tpreload         : 0,\n\t\t\t\t\t\theightLimit     : true,\n\t\t\t\t\t\tautoHeight      : false,\n\t\t\t\t\t\tsmoothHeight    : true,\n\t\t\t\t\t\tendPause        : false,\n\t\t\t\t\t\toverPause       : true,\n\t\t\t\t\t\tfillMode        : \"fill\",\n\t\t\t\t\t\tcenterControls  : true,\n\t\t\t\t\t\tstartOnAppear   : false,\n\t\t\t\t\t\tlayersMode      : \"center\",\n\t\t\t\t\t\thideLayers      : false,\n\t\t\t\t\t\tfullscreenMargin: 0,\n\t\t\t\t\t\tspeed           : 20,\n\t\t\t\t\t\tdir             : \"h\",\n\t\t\t\t\t\tparallaxMode    : 'swipe',\n\t\t\t\t\t\tview            : \"basic\"\n\t\t\t\t});\n\n\t\t\t\t\n\t\t\t\twindow.masterslider_instances = window.masterslider_instances || [];\n\t\t\t\twindow.masterslider_instances.push( masterslider_039a );\n\t\t\t });\n\n\t\t})(jQuery);\n\t\t<\/script>\n\n[\/vc_column_text][\/vc_column_inner][vc_column_inner width=\u00a0\u00bb1\/3&Prime;][vc_widget_sidebar sidebar_id=\u00a0\u00bbsidestruttura\u00a0\u00bb][\/vc_column_inner][\/vc_row_inner][vc_empty_space height=\u00a0\u00bb60px\u00a0\u00bb][vc_tta_tabs active_section=\u00a0\u00bb1&Prime; el_id=\u00a0\u00bbtab-struttura\u00a0\u00bb][vc_tta_section title=\u00a0\u00bbDescription\u00a0\u00bb tab_id=\u00a0\u00bbdescrizione\u00a0\u00bb][vc_column_text]<\/p>\n<p align=\"justify\">Maison de deux pi\u00e8ces, 50 qm, chambre \u00e0 coucher pour 2 &#8211; 3 personnes avec lit superpos\u00e9 et lit simple, table, grande armoire. Salon spacieux avec lit double et coin cuisine (enti\u00e8rement \u00e9quip\u00e9e, 4 feux, r\u00e9frig\u00e9rateur, etc.), table, chaises, salle de bain avec douche, lavabo, wc. Climatisation, chauffage. V\u00e9randa couverte sous l\u2019arcade avec table, bancs, chaises longues, barbecue.<\/p>\n<p>[\/vc_column_text][\/vc_tta_section][vc_tta_section title=\u00a0\u00bbServices\u00a0\u00bb tab_id=\u00a0\u00bbservizi\u00a0\u00bb][vc_column_text]LES PRIX POUR LES MAISONS comprennent les services suivants:<\/p>\n<ul>\n<li>fourniture de serviettes et torchon de cuisine deux fois par semaine, fourniture de linge de lit chaque semaine<\/li>\n<li>chauffage pendant les mois d\u2019hiver, la consommation d\u2019\u00e9nergie et d\u2019eau, la climatisation pendant la pr\u00e9sence de l\u2019h\u00f4te dans la chambre, le nettoyage final,<\/li>\n<li>premi\u00e8re livraison de caf\u00e9, de sucre et de sel, du papier hygi\u00e9nique et de d\u00e9tergent pour vaisselle, de mousse douche et de shampooing<\/li>\n<li>Les enfants jusqu\u2019\u00e0 3 ans s\u00e9journent gratuitement dans le grand lit de leurs parents.<\/li>\n<li>Wifi gratuit \u00e0 la r\u00e9ception<\/li>\n<\/ul>\n<p>[\/vc_column_text][\/vc_tta_section][vc_tta_section title=\u00a0\u00bbInformations suppl\u00e9mentaires\u00a0\u00bb tab_id=\u00a0\u00bbextra\u00a0\u00bb][vc_column_text]<strong>EXTRA<\/strong>:<\/p>\n<p>Petit d\u00e9jeuner\u00a0\u00a0\u00a0\u00a0\u00a0\u00a0\u00a0\u00a0\u00a0\u00a0\u00a0\u00a0\u00a0\u00a0\u00a0\u00a0\u00a0\u00a0\u00a0\u00a0\u00a0\u00a0\u00a0\u00a0\u00a0\u00a0\u00a0 Adultes : 8,- \u20ac \/jour, enfants (\u00e0 partir de 4 ans) ou gar\u00e7ons : 5,- \u20ac \/jour<br \/>\nLit suppl\u00e9mentaire \u00a0\u00a0\u00a0\u00a0\u00a0\u00a0\u00a0\u00a0\u00a0\u00a0\u00a0\u00a0\u00a0\u00a0\u00a0\u00a0\u00a0\u00a0\u00a0 20,- Euro \/ jour.<br \/>\nLit b\u00e9b\u00e9 en chambre double \u00a0\u00a0\u00a0\u00a0 15,- \u20ac par semaine<br \/>\nChiens (sur demande)\u00a0 \u00a0\u00a0\u00a0\u00a0\u00a0\u00a0\u00a0\u00a0\u00a0\u00a0\u00a0\u00a0 10,- \u20ac pour le week-end, 20,- \u20ac par semaine<\/p>\n<p><strong>Les prix peuvent varier l\u00e9g\u00e8rement.<\/strong><\/p>\n<p><strong>Vous devez \u00e9galement savoir:<\/strong><\/p>\n<p>Deux enfants jusqu\u2019\u00e0 l\u2019\u00e2ge de trois ans sont consid\u00e9r\u00e9s comme un enfant payant.<br \/>\nArriv\u00e9es et d\u00e9parts sont possibles tous les jours, en haute saison d\u00e9pendent des disponibilit\u00e9s restantes.<\/p>\n<p><strong>Check-in\u00a0: \u00a0\u00a0\u00a0\u00a0\u00a0\u00a0\u00a0 \u00e0 partir de 15:30\u00a0\u00a0\u00a0 20:00 (en basse saison aussi dans la matin\u00e9e, appelez-nous!)<\/strong><br \/>\n<strong>Check-out\u00a0: \u00a0\u00a0\u00a0\u00a0\u00a0 \u00e0 10:00 (en basse saison aussi plus tard)<\/strong>[\/vc_column_text][\/vc_tta_section][\/vc_tta_tabs]<div class=\"sc_section camere sc_section_block margin_top_small margin_bottom_small alignleft\" data-animation=\"animated fadeInUp normal\"><div class=\"sc_section_inner\"><h2 class=\"sc_section_title sc_item_title sc_item_title_without_descr\">Autres chambres et maisons<span><\/span><\/h2><div class=\"sc_section_content_wrap\"><div class=\"columns_wrap sc_columns columns_nofluid sc_columns_count_1\" style=\"margin-top: -0.8rem;margin-bottom: 6rem;\"><div class=\"column-1_1 sc_column_item sc_column_item_1 odd first\"><figure class=\"sc_image  sc_image_shape_round\" style=\"max-width: 196px; margin: auto;\"><a href=\"\/fr\/casa-piccola-torre\"><img decoding=\"async\" src=\"https:\/\/www.masseriasantangelo.it\/wp-content\/uploads\/2020\/03\/Piccola-Torre-int-1-e1585144767826-1.jpg\" alt=\"\" \/><\/a><\/figure><h4 class=\"sc_title sc_title_regular\" style=\"margin-top: 2.3rem;\"><\/p>\n<p style=\"text-align: center;\"><a href=\"\/fr\/casa-piccola-torre\">Piccola Torre<\/a><\/p>\n<p><\/h4><\/div><\/div><\/div><\/div><\/div>[\/vc_column][\/vc_row]<\/p>\n","protected":false},"excerpt":{"rendered":"<p>[vc_row full_width=\u00a0\u00bbstretch_row\u00a0\u00bb inverse=\u00a0\u00bb\u00a0\u00bb el_id=\u00a0\u00bbsfondocamera\u00a0\u00bb][vc_column css=\u00a0\u00bb.vc_custom_1475060512699{margin-bottom: 4.25em !important;}\u00a0\u00bb][vc_empty_space height=\u00a0\u00bb70px\u00a0\u00bb][vc_row_inner][vc_column_inner width=\u00a0\u00bb2\/3&Prime;][vc_column_text][\/vc_column_text][\/vc_column_inner][vc_column_inner width=\u00a0\u00bb1\/3&Prime;][vc_widget_sidebar sidebar_id=\u00a0\u00bbsidestruttura\u00a0\u00bb][\/vc_column_inner][\/vc_row_inner][vc_empty_space height=\u00a0\u00bb60px\u00a0\u00bb][vc_tta_tabs active_section=\u00a0\u00bb1&Prime; el_id=\u00a0\u00bbtab-struttura\u00a0\u00bb][vc_tta_section title=\u00a0\u00bbDescription\u00a0\u00bb tab_id=\u00a0\u00bbdescrizione\u00a0\u00bb][vc_column_text] Maison de deux pi\u00e8ces, 50 qm, chambre \u00e0 coucher pour 2 &#8211; 3 personnes avec lit superpos\u00e9 et lit simple, table, grande armoire. Salon spacieux avec lit double et coin cuisine (enti\u00e8rement \u00e9quip\u00e9e, 4 feux, r\u00e9frig\u00e9rateur, etc.), table, chaises, [&hellip;]<\/p>\n","protected":false},"author":1,"featured_media":0,"parent":0,"menu_order":0,"comment_status":"closed","ping_status":"closed","template":"","meta":{"footnotes":""},"class_list":["post-1932","page","type-page","status-publish","hentry"],"yoast_head":"<!-- This site is optimized with the Yoast SEO plugin v24.2 - https:\/\/yoast.com\/wordpress\/plugins\/seo\/ -->\n<title>Casa Pozzo - Masseria Sant&#039;Angelo Salento<\/title>\n<meta name=\"description\" content=\"Pour vos vacances dans le Salento, d\u00e9couvrez la Casa Pozzo de Masseria Sant&#039;Angelo, \u00e0 Corigliano d&#039;Otranto. Apprenez-en plus.\" \/>\n<meta name=\"robots\" content=\"index, follow, max-snippet:-1, max-image-preview:large, max-video-preview:-1\" \/>\n<link rel=\"canonical\" href=\"https:\/\/www.masseriasantangelo.it\/casa-al-pozzo\/\" \/>\n<meta property=\"og:locale\" content=\"fr_FR\" \/>\n<meta property=\"og:type\" content=\"article\" \/>\n<meta property=\"og:title\" content=\"Casa Pozzo - Masseria Sant&#039;Angelo Salento\" \/>\n<meta property=\"og:description\" content=\"Pour vos vacances dans le Salento, d\u00e9couvrez la Casa Pozzo de Masseria Sant&#039;Angelo, \u00e0 Corigliano d&#039;Otranto. Apprenez-en plus.\" \/>\n<meta property=\"og:url\" content=\"https:\/\/www.masseriasantangelo.it\/casa-al-pozzo\/\" \/>\n<meta property=\"og:site_name\" content=\"Masseria Sant&#039;Angelo\" \/>\n<meta property=\"article:modified_time\" content=\"2020-03-26T17:15:03+00:00\" \/>\n<meta name=\"twitter:card\" content=\"summary_large_image\" \/>\n<meta name=\"twitter:label1\" content=\"Dur\u00e9e de lecture estim\u00e9e\" \/>\n\t<meta name=\"twitter:data1\" content=\"2 minutes\" \/>\n<script type=\"application\/ld+json\" class=\"yoast-schema-graph\">{\"@context\":\"https:\/\/schema.org\",\"@graph\":[{\"@type\":\"WebPage\",\"@id\":\"https:\/\/www.masseriasantangelo.it\/casa-al-pozzo\/\",\"url\":\"https:\/\/www.masseriasantangelo.it\/casa-al-pozzo\/\",\"name\":\"Casa Pozzo - Masseria Sant'Angelo Salento\",\"isPartOf\":{\"@id\":\"https:\/\/www.masseriasantangelo.it\/#website\"},\"datePublished\":\"2020-03-19T16:36:27+00:00\",\"dateModified\":\"2020-03-26T17:15:03+00:00\",\"description\":\"Pour vos vacances dans le Salento, d\u00e9couvrez la Casa Pozzo de Masseria Sant'Angelo, \u00e0 Corigliano d'Otranto. Apprenez-en plus.\",\"breadcrumb\":{\"@id\":\"https:\/\/www.masseriasantangelo.it\/casa-al-pozzo\/#breadcrumb\"},\"inLanguage\":\"fr-FR\",\"potentialAction\":[{\"@type\":\"ReadAction\",\"target\":[\"https:\/\/www.masseriasantangelo.it\/casa-al-pozzo\/\"]}]},{\"@type\":\"BreadcrumbList\",\"@id\":\"https:\/\/www.masseriasantangelo.it\/casa-al-pozzo\/#breadcrumb\",\"itemListElement\":[{\"@type\":\"ListItem\",\"position\":1,\"name\":\"Home\",\"item\":\"https:\/\/www.masseriasantangelo.it\/\"},{\"@type\":\"ListItem\",\"position\":2,\"name\":\"Casa Pozzo\"}]},{\"@type\":\"WebSite\",\"@id\":\"https:\/\/www.masseriasantangelo.it\/#website\",\"url\":\"https:\/\/www.masseriasantangelo.it\/\",\"name\":\"Masseria Sant&#039;Angelo\",\"description\":\"\",\"potentialAction\":[{\"@type\":\"SearchAction\",\"target\":{\"@type\":\"EntryPoint\",\"urlTemplate\":\"https:\/\/www.masseriasantangelo.it\/?s={search_term_string}\"},\"query-input\":{\"@type\":\"PropertyValueSpecification\",\"valueRequired\":true,\"valueName\":\"search_term_string\"}}],\"inLanguage\":\"fr-FR\"}]}<\/script>\n<!-- \/ Yoast SEO plugin. -->","yoast_head_json":{"title":"Casa Pozzo - Masseria Sant'Angelo Salento","description":"Pour vos vacances dans le Salento, d\u00e9couvrez la Casa Pozzo de Masseria Sant'Angelo, \u00e0 Corigliano d'Otranto. Apprenez-en plus.","robots":{"index":"index","follow":"follow","max-snippet":"max-snippet:-1","max-image-preview":"max-image-preview:large","max-video-preview":"max-video-preview:-1"},"canonical":"https:\/\/www.masseriasantangelo.it\/casa-al-pozzo\/","og_locale":"fr_FR","og_type":"article","og_title":"Casa Pozzo - Masseria Sant'Angelo Salento","og_description":"Pour vos vacances dans le Salento, d\u00e9couvrez la Casa Pozzo de Masseria Sant'Angelo, \u00e0 Corigliano d'Otranto. Apprenez-en plus.","og_url":"https:\/\/www.masseriasantangelo.it\/casa-al-pozzo\/","og_site_name":"Masseria Sant&#039;Angelo","article_modified_time":"2020-03-26T17:15:03+00:00","twitter_card":"summary_large_image","twitter_misc":{"Dur\u00e9e de lecture estim\u00e9e":"2 minutes"},"schema":{"@context":"https:\/\/schema.org","@graph":[{"@type":"WebPage","@id":"https:\/\/www.masseriasantangelo.it\/casa-al-pozzo\/","url":"https:\/\/www.masseriasantangelo.it\/casa-al-pozzo\/","name":"Casa Pozzo - Masseria Sant'Angelo Salento","isPartOf":{"@id":"https:\/\/www.masseriasantangelo.it\/#website"},"datePublished":"2020-03-19T16:36:27+00:00","dateModified":"2020-03-26T17:15:03+00:00","description":"Pour vos vacances dans le Salento, d\u00e9couvrez la Casa Pozzo de Masseria Sant'Angelo, \u00e0 Corigliano d'Otranto. Apprenez-en plus.","breadcrumb":{"@id":"https:\/\/www.masseriasantangelo.it\/casa-al-pozzo\/#breadcrumb"},"inLanguage":"fr-FR","potentialAction":[{"@type":"ReadAction","target":["https:\/\/www.masseriasantangelo.it\/casa-al-pozzo\/"]}]},{"@type":"BreadcrumbList","@id":"https:\/\/www.masseriasantangelo.it\/casa-al-pozzo\/#breadcrumb","itemListElement":[{"@type":"ListItem","position":1,"name":"Home","item":"https:\/\/www.masseriasantangelo.it\/"},{"@type":"ListItem","position":2,"name":"Casa Pozzo"}]},{"@type":"WebSite","@id":"https:\/\/www.masseriasantangelo.it\/#website","url":"https:\/\/www.masseriasantangelo.it\/","name":"Masseria Sant&#039;Angelo","description":"","potentialAction":[{"@type":"SearchAction","target":{"@type":"EntryPoint","urlTemplate":"https:\/\/www.masseriasantangelo.it\/?s={search_term_string}"},"query-input":{"@type":"PropertyValueSpecification","valueRequired":true,"valueName":"search_term_string"}}],"inLanguage":"fr-FR"}]}},"_links":{"self":[{"href":"https:\/\/www.masseriasantangelo.it\/fr\/wp-json\/wp\/v2\/pages\/1932","targetHints":{"allow":["GET"]}}],"collection":[{"href":"https:\/\/www.masseriasantangelo.it\/fr\/wp-json\/wp\/v2\/pages"}],"about":[{"href":"https:\/\/www.masseriasantangelo.it\/fr\/wp-json\/wp\/v2\/types\/page"}],"author":[{"embeddable":true,"href":"https:\/\/www.masseriasantangelo.it\/fr\/wp-json\/wp\/v2\/users\/1"}],"replies":[{"embeddable":true,"href":"https:\/\/www.masseriasantangelo.it\/fr\/wp-json\/wp\/v2\/comments?post=1932"}],"version-history":[{"count":6,"href":"https:\/\/www.masseriasantangelo.it\/fr\/wp-json\/wp\/v2\/pages\/1932\/revisions"}],"predecessor-version":[{"id":2868,"href":"https:\/\/www.masseriasantangelo.it\/fr\/wp-json\/wp\/v2\/pages\/1932\/revisions\/2868"}],"wp:attachment":[{"href":"https:\/\/www.masseriasantangelo.it\/fr\/wp-json\/wp\/v2\/media?parent=1932"}],"curies":[{"name":"wp","href":"https:\/\/api.w.org\/{rel}","templated":true}]}}