{"id":1821,"date":"2020-03-19T10:08:20","date_gmt":"2020-03-19T09:08:20","guid":{"rendered":"https:\/\/www.masseriasantangelo.it\/?page_id=1821"},"modified":"2020-03-23T19:12:54","modified_gmt":"2020-03-23T18:12:54","slug":"ativites","status":"publish","type":"page","link":"https:\/\/www.masseriasantangelo.it\/fr\/ativites\/","title":{"rendered":"Ativit\u00e9s"},"content":{"rendered":"<p>[vc_row inverse=\u00a0\u00bb\u00a0\u00bb][vc_column][vc_column_text]<\/p>\n<h2 class=\"sc_section_title sc_item_title sc_item_title_without_descr\" style=\"text-align: center;\">Activit\u00e9 et douceur du farniente<br \/>\nBien \u00eatre naturel dans une masseria<\/h2>\n<p>[\/vc_column_text][\/vc_column][\/vc_row][vc_row inverse=\u00a0\u00bb\u00a0\u00bb css=\u00a0\u00bb.vc_custom_1582553204928{padding-bottom: 50px !important;}\u00a0\u00bb][vc_column width=\u00a0\u00bb1\/2&Prime;][vc_column_text]<\/p>\n<p style=\"text-align: justify;\">La beaut\u00e9 de la campagne vous invite \u00e0 faire des promenades r\u00e9cr\u00e9atives, peut-\u00eatre en suivant un troupeau de ch\u00e8vres et en cueillant des fleurs dans les champs, \u00e0 lire un livre ou bien \u00e0 \u00e9couter la musique \u00e0 l\u2019ombre d\u2019un olivier en compagnie d\u2019un chien , tout en regardant les enfants jouer ou encore \u00e0 vous assoupir en plein air.<\/p>\n<p>[\/vc_column_text][\/vc_column][vc_column width=\u00a0\u00bb1\/2&Prime;][vc_single_image image=\u00a0\u00bb1473&Prime; img_size=\u00a0\u00bbfull\u00a0\u00bb alignment=\u00a0\u00bbcenter\u00a0\u00bb][\/vc_column][\/vc_row][vc_row full_width=\u00a0\u00bbstretch_row\u00a0\u00bb inverse=\u00a0\u00bb\u00a0\u00bb css=\u00a0\u00bb.vc_custom_1582553018916{padding-top: 50px !important;padding-bottom: 50px !important;background-image: url(https:\/\/www.masseriasantangelo.it\/wp-content\/uploads\/2020\/02\/sfondo.jpg?id=872) !important;}\u00a0\u00bb][vc_column width=\u00a0\u00bb1\/2&Prime;][vc_single_image image=\u00a0\u00bb1474&Prime; img_size=\u00a0\u00bbfull\u00a0\u00bb alignment=\u00a0\u00bbcenter\u00a0\u00bb][\/vc_column][vc_column width=\u00a0\u00bb1\/2&Prime;][vc_column_text]<\/p>\n<p style=\"text-align: justify;\">Comme activit\u00e9s plus dynamiques, nous vous proposons de traire les ch\u00e8vres, des promenades dans la campagne avoisinante, des excursions \u00e0 bicyclettes( possibilit\u00e9 de les louer \u00e0 Corigliano), de jouer \u00e0 cache-cache avec les enfants, au Ping Pong, au babyfoot, de participer aux soins des animaux et aux activit\u00e9s avec les chevaux, de cuisiner avec notre cuisinier, de danser la Pizzica et peut-\u00eatre d\u2019apprendre \u00e0 jouer du Tamburello.<\/p>\n<p style=\"text-align: justify;\">Ici, c\u2019est tr\u00e8s facile de se faire des nouveaux amis aussi bien pour les enfants que pour les adultes. Pourquoi ne pas s\u2019organiser des soir\u00e9es barbecue ou des promenades dans le centre historique de Corigliano?<\/p>\n<p>[\/vc_column_text][\/vc_column][\/vc_row][vc_row inverse=\u00a0\u00bb\u00a0\u00bb css=\u00a0\u00bb.vc_custom_1582555132096{padding-top: 70px !important;padding-bottom: 70px !important;}\u00a0\u00bb][vc_column width=\u00a0\u00bb1\/2&Prime;][vc_column_text]<\/p>\n<p style=\"text-align: justify;\">Sortir le soir pour profiter de la vie d\u2019un village du Sud est \u00e0 la port\u00e9e de tous: bar, pub, p\u00e2tisseries et restaurants vous accueillent dans le centre historique.<\/p>\n<p style=\"text-align: justify;\">Au del\u00e0 des murs de la masseria, il y a tant de choses \u00e0 faire et \u00e0 voir. Aller visiter les centres historiques des villages de la Greccia Salentina, en commen\u00e7ant peut-\u00eatre par Corigliano d\u2019Otranto avec son centre historique et son ch\u00e2teau des Monti.<\/p>\n<p style=\"text-align: justify;\">Les plages ne sont pas loin: on arrive tranquillement dans la zone de \u00ab Laghi Alumini \u00bben 20 minutes de voiture \u00e0 peine, en traversant les champs d\u2019oliviers \u00e0 perte de vue.La mer ionienne en revanche est \u00e0 25 minutes de voiture, la c\u00f4te est tr\u00e8s vari\u00e9e et chacun appr\u00e9ciera s\u00fbrement cette diversit\u00e9 du paysage, et qui sait trouvera sa c\u00f4te pr\u00e9f\u00e9r\u00e9e: des rochers \u00e0 la dune. Louer un canoe et explorer les lacs Alimini, un oasis de protection pour la faune et la flore.<\/p>\n<p>[\/vc_column_text][\/vc_column][vc_column width=\u00a0\u00bb1\/2&Prime;][vc_single_image image=\u00a0\u00bb1475&Prime; img_size=\u00a0\u00bbfull\u00a0\u00bb alignment=\u00a0\u00bbcenter\u00a0\u00bb][\/vc_column][\/vc_row]<\/p>\n","protected":false},"excerpt":{"rendered":"<p>[vc_row inverse=\u00a0\u00bb\u00a0\u00bb][vc_column][vc_column_text] Activit\u00e9 et douceur du farniente Bien \u00eatre naturel dans une masseria [\/vc_column_text][\/vc_column][\/vc_row][vc_row inverse=\u00a0\u00bb\u00a0\u00bb css=\u00a0\u00bb.vc_custom_1582553204928{padding-bottom: 50px !important;}\u00a0\u00bb][vc_column width=\u00a0\u00bb1\/2&Prime;][vc_column_text] La beaut\u00e9 de la campagne vous invite \u00e0 faire des promenades r\u00e9cr\u00e9atives, peut-\u00eatre en suivant un troupeau de ch\u00e8vres et en cueillant des fleurs dans les champs, \u00e0 lire un livre ou bien \u00e0 \u00e9couter la [&hellip;]<\/p>\n","protected":false},"author":1,"featured_media":0,"parent":0,"menu_order":0,"comment_status":"closed","ping_status":"closed","template":"","meta":{"footnotes":""},"class_list":["post-1821","page","type-page","status-publish","hentry"],"yoast_head":"<!-- This site is optimized with the Yoast SEO plugin v24.2 - https:\/\/yoast.com\/wordpress\/plugins\/seo\/ -->\n<title>Activit\u00e9s \u00e0 Masseria Sant&#039;Angelo - Salento<\/title>\n<meta name=\"description\" content=\"D\u00e9couvrez toutes les activit\u00e9s que nous voulons \u00e0 l&#039;int\u00e9rieur de la Masseria Sant&#039;Angelo, dans le Salento. Une fa\u00e7on de vivre des vacances au contact de la nature.\" \/>\n<meta name=\"robots\" content=\"index, follow, max-snippet:-1, max-image-preview:large, max-video-preview:-1\" \/>\n<link rel=\"canonical\" href=\"https:\/\/www.masseriasantangelo.it\/attivita\/\" \/>\n<meta property=\"og:locale\" content=\"fr_FR\" \/>\n<meta property=\"og:type\" content=\"article\" \/>\n<meta property=\"og:title\" content=\"Activit\u00e9s \u00e0 Masseria Sant&#039;Angelo - Salento\" \/>\n<meta property=\"og:description\" content=\"D\u00e9couvrez toutes les activit\u00e9s que nous voulons \u00e0 l&#039;int\u00e9rieur de la Masseria Sant&#039;Angelo, dans le Salento. Une fa\u00e7on de vivre des vacances au contact de la nature.\" \/>\n<meta property=\"og:url\" content=\"https:\/\/www.masseriasantangelo.it\/attivita\/\" \/>\n<meta property=\"og:site_name\" content=\"Masseria Sant&#039;Angelo\" \/>\n<meta property=\"article:modified_time\" content=\"2020-03-23T18:12:54+00:00\" \/>\n<meta name=\"twitter:card\" content=\"summary_large_image\" \/>\n<meta name=\"twitter:label1\" content=\"Dur\u00e9e de lecture estim\u00e9e\" \/>\n\t<meta name=\"twitter:data1\" content=\"2 minutes\" \/>\n<script type=\"application\/ld+json\" class=\"yoast-schema-graph\">{\"@context\":\"https:\/\/schema.org\",\"@graph\":[{\"@type\":\"WebPage\",\"@id\":\"https:\/\/www.masseriasantangelo.it\/attivita\/\",\"url\":\"https:\/\/www.masseriasantangelo.it\/attivita\/\",\"name\":\"Activit\u00e9s \u00e0 Masseria Sant'Angelo - Salento\",\"isPartOf\":{\"@id\":\"https:\/\/www.masseriasantangelo.it\/#website\"},\"datePublished\":\"2020-03-19T09:08:20+00:00\",\"dateModified\":\"2020-03-23T18:12:54+00:00\",\"description\":\"D\u00e9couvrez toutes les activit\u00e9s que nous voulons \u00e0 l'int\u00e9rieur de la Masseria Sant'Angelo, dans le Salento. Une fa\u00e7on de vivre des vacances au contact de la nature.\",\"breadcrumb\":{\"@id\":\"https:\/\/www.masseriasantangelo.it\/attivita\/#breadcrumb\"},\"inLanguage\":\"fr-FR\",\"potentialAction\":[{\"@type\":\"ReadAction\",\"target\":[\"https:\/\/www.masseriasantangelo.it\/attivita\/\"]}]},{\"@type\":\"BreadcrumbList\",\"@id\":\"https:\/\/www.masseriasantangelo.it\/attivita\/#breadcrumb\",\"itemListElement\":[{\"@type\":\"ListItem\",\"position\":1,\"name\":\"Home\",\"item\":\"https:\/\/www.masseriasantangelo.it\/\"},{\"@type\":\"ListItem\",\"position\":2,\"name\":\"Ativit\u00e9s\"}]},{\"@type\":\"WebSite\",\"@id\":\"https:\/\/www.masseriasantangelo.it\/#website\",\"url\":\"https:\/\/www.masseriasantangelo.it\/\",\"name\":\"Masseria Sant&#039;Angelo\",\"description\":\"\",\"potentialAction\":[{\"@type\":\"SearchAction\",\"target\":{\"@type\":\"EntryPoint\",\"urlTemplate\":\"https:\/\/www.masseriasantangelo.it\/?s={search_term_string}\"},\"query-input\":{\"@type\":\"PropertyValueSpecification\",\"valueRequired\":true,\"valueName\":\"search_term_string\"}}],\"inLanguage\":\"fr-FR\"}]}<\/script>\n<!-- \/ Yoast SEO plugin. -->","yoast_head_json":{"title":"Activit\u00e9s \u00e0 Masseria Sant'Angelo - Salento","description":"D\u00e9couvrez toutes les activit\u00e9s que nous voulons \u00e0 l'int\u00e9rieur de la Masseria Sant'Angelo, dans le Salento. Une fa\u00e7on de vivre des vacances au contact de la nature.","robots":{"index":"index","follow":"follow","max-snippet":"max-snippet:-1","max-image-preview":"max-image-preview:large","max-video-preview":"max-video-preview:-1"},"canonical":"https:\/\/www.masseriasantangelo.it\/attivita\/","og_locale":"fr_FR","og_type":"article","og_title":"Activit\u00e9s \u00e0 Masseria Sant'Angelo - Salento","og_description":"D\u00e9couvrez toutes les activit\u00e9s que nous voulons \u00e0 l'int\u00e9rieur de la Masseria Sant'Angelo, dans le Salento. Une fa\u00e7on de vivre des vacances au contact de la nature.","og_url":"https:\/\/www.masseriasantangelo.it\/attivita\/","og_site_name":"Masseria Sant&#039;Angelo","article_modified_time":"2020-03-23T18:12:54+00:00","twitter_card":"summary_large_image","twitter_misc":{"Dur\u00e9e de lecture estim\u00e9e":"2 minutes"},"schema":{"@context":"https:\/\/schema.org","@graph":[{"@type":"WebPage","@id":"https:\/\/www.masseriasantangelo.it\/attivita\/","url":"https:\/\/www.masseriasantangelo.it\/attivita\/","name":"Activit\u00e9s \u00e0 Masseria Sant'Angelo - Salento","isPartOf":{"@id":"https:\/\/www.masseriasantangelo.it\/#website"},"datePublished":"2020-03-19T09:08:20+00:00","dateModified":"2020-03-23T18:12:54+00:00","description":"D\u00e9couvrez toutes les activit\u00e9s que nous voulons \u00e0 l'int\u00e9rieur de la Masseria Sant'Angelo, dans le Salento. Une fa\u00e7on de vivre des vacances au contact de la nature.","breadcrumb":{"@id":"https:\/\/www.masseriasantangelo.it\/attivita\/#breadcrumb"},"inLanguage":"fr-FR","potentialAction":[{"@type":"ReadAction","target":["https:\/\/www.masseriasantangelo.it\/attivita\/"]}]},{"@type":"BreadcrumbList","@id":"https:\/\/www.masseriasantangelo.it\/attivita\/#breadcrumb","itemListElement":[{"@type":"ListItem","position":1,"name":"Home","item":"https:\/\/www.masseriasantangelo.it\/"},{"@type":"ListItem","position":2,"name":"Ativit\u00e9s"}]},{"@type":"WebSite","@id":"https:\/\/www.masseriasantangelo.it\/#website","url":"https:\/\/www.masseriasantangelo.it\/","name":"Masseria Sant&#039;Angelo","description":"","potentialAction":[{"@type":"SearchAction","target":{"@type":"EntryPoint","urlTemplate":"https:\/\/www.masseriasantangelo.it\/?s={search_term_string}"},"query-input":{"@type":"PropertyValueSpecification","valueRequired":true,"valueName":"search_term_string"}}],"inLanguage":"fr-FR"}]}},"_links":{"self":[{"href":"https:\/\/www.masseriasantangelo.it\/fr\/wp-json\/wp\/v2\/pages\/1821","targetHints":{"allow":["GET"]}}],"collection":[{"href":"https:\/\/www.masseriasantangelo.it\/fr\/wp-json\/wp\/v2\/pages"}],"about":[{"href":"https:\/\/www.masseriasantangelo.it\/fr\/wp-json\/wp\/v2\/types\/page"}],"author":[{"embeddable":true,"href":"https:\/\/www.masseriasantangelo.it\/fr\/wp-json\/wp\/v2\/users\/1"}],"replies":[{"embeddable":true,"href":"https:\/\/www.masseriasantangelo.it\/fr\/wp-json\/wp\/v2\/comments?post=1821"}],"version-history":[{"count":3,"href":"https:\/\/www.masseriasantangelo.it\/fr\/wp-json\/wp\/v2\/pages\/1821\/revisions"}],"predecessor-version":[{"id":1834,"href":"https:\/\/www.masseriasantangelo.it\/fr\/wp-json\/wp\/v2\/pages\/1821\/revisions\/1834"}],"wp:attachment":[{"href":"https:\/\/www.masseriasantangelo.it\/fr\/wp-json\/wp\/v2\/media?parent=1821"}],"curies":[{"name":"wp","href":"https:\/\/api.w.org\/{rel}","templated":true}]}}