{"id":1805,"date":"2020-03-19T09:53:10","date_gmt":"2020-03-19T08:53:10","guid":{"rendered":"https:\/\/www.masseriasantangelo.it\/?page_id=1805"},"modified":"2020-03-26T17:54:50","modified_gmt":"2020-03-26T16:54:50","slug":"cuisine-de-massaro","status":"publish","type":"page","link":"https:\/\/www.masseriasantangelo.it\/fr\/cuisine-de-massaro\/","title":{"rendered":"Cuisine de Massaro"},"content":{"rendered":"<p>[vc_row css=\u00a0\u00bb.vc_custom_1582556459796{padding-top: 60px !important;padding-bottom: 60px !important;}\u00a0\u00bb][vc_column width=\u00a0\u00bb1\/2&Prime;][vc_single_image image=\u00a0\u00bb1095&Prime; img_size=\u00a0\u00bbfull\u00a0\u00bb alignment=\u00a0\u00bbcenter\u00a0\u00bb][\/vc_column][vc_column width=\u00a0\u00bb1\/2&Prime;][vc_column_text]Dans la <strong>CUISINE DE MASSARO<\/strong>, nous utilisons presque exclusivement les produits de notre culture naturelle. La viande nous est fournie par une ferme locale.<\/p>\n<p>Notre menu:<\/p>\n<ul>\n<li>Divers ap\u00e9ritifs \u00e0 base de l\u00e9gumes de saison et de l\u00e9gumes<\/li>\n<li>Un premier plat avec des p\u00e2tes maison, parfois maison, mais aussi avec de l&rsquo;orge<\/li>\n<li>Le deuxi\u00e8me plat avec de la viande ou du fromage et un plat d&rsquo;accompagnement comme une salade verte ou mixte<\/li>\n<li>Fruits sucr\u00e9s ou de saison<\/li>\n<li>Vin maison et eau min\u00e9rale<\/li>\n<\/ul>\n<p>Nous respectons les demandes des v\u00e9g\u00e9tariens et des coeliaques. Nous demandons seulement de pr\u00e9venir \u00e0 temps pour pouvoir pr\u00e9parer les ingr\u00e9dients.[\/vc_column_text][\/vc_column][\/vc_row][vc_row full_width=\u00a0\u00bbstretch_row\u00a0\u00bb css=\u00a0\u00bb.vc_custom_1582556427354{padding-top: 60px !important;padding-bottom: 60px !important;background-color: #f4f4f4 !important;}\u00a0\u00bb][vc_column width=\u00a0\u00bb1\/2&Prime;][vc_column_text]<strong>LES SOIR\u00c9ES SALENTINE<\/strong> (pendant la p\u00e9riode estivale 2 \u00e0 3 fois par semaine) pr\u00e9sentent un moment de convivialit\u00e9 gaie. Il est facile de se faire de nouveaux amis et vous avez souvent l&rsquo;occasion de parfaire vos comp\u00e9tences linguistiques. Il arrive que lors d&rsquo;une des soir\u00e9es du Salento vous trouviez un jeune couple japonais \u00e0 votre droite, une famille fran\u00e7aise \u00e0 gauche et devant vous un couple de retrait\u00e9s autrichiens qui sillonnent l&rsquo;Italie. Nous accompagnons p\u00e9riodiquement les d\u00eeners avec de la musique live traditionnelle, pizzica.[\/vc_column_text][\/vc_column][vc_column width=\u00a0\u00bb1\/2&Prime;][vc_single_image image=\u00a0\u00bb1566&Prime; img_size=\u00a0\u00bbfull\u00a0\u00bb alignment=\u00a0\u00bbcenter\u00a0\u00bb][\/vc_column][\/vc_row][vc_row css=\u00a0\u00bb.vc_custom_1582556449212{padding-top: 60px !important;padding-bottom: 60px !important;}\u00a0\u00bb][vc_column width=\u00a0\u00bb1\/2&Prime;][vc_single_image image=\u00a0\u00bb1097&Prime; img_size=\u00a0\u00bbfull\u00a0\u00bb alignment=\u00a0\u00bbcenter\u00a0\u00bb][\/vc_column][vc_column width=\u00a0\u00bb1\/2&Prime;][vc_column_text]<strong>Dimanche en famille<\/strong><br \/>\nLes dimanches sont propos\u00e9s aux groupes de familles qui souhaitent passer une journ\u00e9e \u00e0 l&rsquo;ext\u00e9rieur en plus de bien manger. Il est possible d&rsquo;organiser une visite de l&rsquo;entreprise et du parcours \u00ab\u00a0animaux de la ferme\u00a0\u00bb avant le d\u00e9jeuner. Pour informations et r\u00e9servations: 338 97 93 329 (Rocco)[\/vc_column_text][\/vc_column][\/vc_row][vc_row full_width=\u00a0\u00bbstretch_row\u00a0\u00bb inverse=\u00a0\u00bb\u00a0\u00bb css=\u00a0\u00bb.vc_custom_1582556330892{margin-top: 50px !important;padding-top: 60px !important;padding-bottom: 60px !important;background-color: #f4f4f4 !important;}\u00a0\u00bb][vc_column][vc_column_text]<strong>LA CUCINA DEL MASSARO<\/strong> ouvre g\u00e9n\u00e9ralement \u00e0 la fr\u00e9quence suivante: en hiver: sur demande pour des groupes d&rsquo;au moins 15 personnes en mai &#8211; juin: env. 2 fois par semaine pour le d\u00eener ou le d\u00e9jeuner en juillet &#8211; ao\u00fbt: env. 2 \u00e0 4 fois pour le d\u00eener et certains d\u00e9jeuners en septembre et octobre: \u200b\u200bsur demande \u00e9galement pour les petits groupes d&rsquo;invit\u00e9s<\/p>\n<p><strong>F\u00eatez \u00e0 la ferme:<\/strong><br \/>\nAnniversaires ou anniversaires ou autres; pour ceux qui veulent offrir un environnement sain et naturel \u00e0 leurs h\u00f4tes, o\u00f9 la qualit\u00e9 des ingr\u00e9dients compte plus que des nappes fines.<\/p>\n<p><strong>Soir\u00e9e avec le \u00a0\u201cPucce Salentine\u201d<\/strong><br \/>\nPetits pains juste sortis du four avec votre choix d&rsquo;ingr\u00e9dients et le bon vin local, parfois, accompagn\u00e9es de musique traditionelle live.[\/vc_column_text][\/vc_column][\/vc_row]<\/p>\n","protected":false},"excerpt":{"rendered":"<p>[vc_row css=\u00a0\u00bb.vc_custom_1582556459796{padding-top: 60px !important;padding-bottom: 60px !important;}\u00a0\u00bb][vc_column width=\u00a0\u00bb1\/2&Prime;][vc_single_image image=\u00a0\u00bb1095&Prime; img_size=\u00a0\u00bbfull\u00a0\u00bb alignment=\u00a0\u00bbcenter\u00a0\u00bb][\/vc_column][vc_column width=\u00a0\u00bb1\/2&Prime;][vc_column_text]Dans la CUISINE DE MASSARO, nous utilisons presque exclusivement les produits de notre culture naturelle. La viande nous est fournie par une ferme locale. Notre menu: Divers ap\u00e9ritifs \u00e0 base de l\u00e9gumes de saison et de l\u00e9gumes Un premier plat avec des p\u00e2tes maison, parfois [&hellip;]<\/p>\n","protected":false},"author":1,"featured_media":0,"parent":0,"menu_order":0,"comment_status":"closed","ping_status":"closed","template":"","meta":{"footnotes":""},"class_list":["post-1805","page","type-page","status-publish","hentry"],"yoast_head":"<!-- This site is optimized with the Yoast SEO plugin v24.2 - https:\/\/yoast.com\/wordpress\/plugins\/seo\/ -->\n<title>Cuisine de Massaro - Restaurant Agriturismo - Salento<\/title>\n<meta name=\"description\" content=\"D\u00e9couvrez les saveurs authentiques et authentiques pr\u00e9par\u00e9es par Massaro, avec les mati\u00e8res premi\u00e8res cultiv\u00e9es \u00e0 Masseria Sant&#039;Angelo.\" \/>\n<meta name=\"robots\" content=\"index, follow, max-snippet:-1, max-image-preview:large, max-video-preview:-1\" \/>\n<link rel=\"canonical\" href=\"https:\/\/www.masseriasantangelo.it\/la-cucina-del-massaro\/\" \/>\n<meta property=\"og:locale\" content=\"fr_FR\" \/>\n<meta property=\"og:type\" content=\"article\" \/>\n<meta property=\"og:title\" content=\"Cuisine de Massaro - Restaurant Agriturismo - Salento\" \/>\n<meta property=\"og:description\" content=\"D\u00e9couvrez les saveurs authentiques et authentiques pr\u00e9par\u00e9es par Massaro, avec les mati\u00e8res premi\u00e8res cultiv\u00e9es \u00e0 Masseria Sant&#039;Angelo.\" \/>\n<meta property=\"og:url\" content=\"https:\/\/www.masseriasantangelo.it\/la-cucina-del-massaro\/\" \/>\n<meta property=\"og:site_name\" content=\"Masseria Sant&#039;Angelo\" \/>\n<meta property=\"article:modified_time\" content=\"2020-03-26T16:54:50+00:00\" \/>\n<meta name=\"twitter:card\" content=\"summary_large_image\" \/>\n<meta name=\"twitter:label1\" content=\"Dur\u00e9e de lecture estim\u00e9e\" \/>\n\t<meta name=\"twitter:data1\" content=\"3 minutes\" \/>\n<script type=\"application\/ld+json\" class=\"yoast-schema-graph\">{\"@context\":\"https:\/\/schema.org\",\"@graph\":[{\"@type\":\"WebPage\",\"@id\":\"https:\/\/www.masseriasantangelo.it\/la-cucina-del-massaro\/\",\"url\":\"https:\/\/www.masseriasantangelo.it\/la-cucina-del-massaro\/\",\"name\":\"Cuisine de Massaro - Restaurant Agriturismo - Salento\",\"isPartOf\":{\"@id\":\"https:\/\/www.masseriasantangelo.it\/#website\"},\"datePublished\":\"2020-03-19T08:53:10+00:00\",\"dateModified\":\"2020-03-26T16:54:50+00:00\",\"description\":\"D\u00e9couvrez les saveurs authentiques et authentiques pr\u00e9par\u00e9es par Massaro, avec les mati\u00e8res premi\u00e8res cultiv\u00e9es \u00e0 Masseria Sant'Angelo.\",\"breadcrumb\":{\"@id\":\"https:\/\/www.masseriasantangelo.it\/la-cucina-del-massaro\/#breadcrumb\"},\"inLanguage\":\"fr-FR\",\"potentialAction\":[{\"@type\":\"ReadAction\",\"target\":[\"https:\/\/www.masseriasantangelo.it\/la-cucina-del-massaro\/\"]}]},{\"@type\":\"BreadcrumbList\",\"@id\":\"https:\/\/www.masseriasantangelo.it\/la-cucina-del-massaro\/#breadcrumb\",\"itemListElement\":[{\"@type\":\"ListItem\",\"position\":1,\"name\":\"Home\",\"item\":\"https:\/\/www.masseriasantangelo.it\/\"},{\"@type\":\"ListItem\",\"position\":2,\"name\":\"Cuisine de Massaro\"}]},{\"@type\":\"WebSite\",\"@id\":\"https:\/\/www.masseriasantangelo.it\/#website\",\"url\":\"https:\/\/www.masseriasantangelo.it\/\",\"name\":\"Masseria Sant&#039;Angelo\",\"description\":\"\",\"potentialAction\":[{\"@type\":\"SearchAction\",\"target\":{\"@type\":\"EntryPoint\",\"urlTemplate\":\"https:\/\/www.masseriasantangelo.it\/?s={search_term_string}\"},\"query-input\":{\"@type\":\"PropertyValueSpecification\",\"valueRequired\":true,\"valueName\":\"search_term_string\"}}],\"inLanguage\":\"fr-FR\"}]}<\/script>\n<!-- \/ Yoast SEO plugin. -->","yoast_head_json":{"title":"Cuisine de Massaro - Restaurant Agriturismo - Salento","description":"D\u00e9couvrez les saveurs authentiques et authentiques pr\u00e9par\u00e9es par Massaro, avec les mati\u00e8res premi\u00e8res cultiv\u00e9es \u00e0 Masseria Sant'Angelo.","robots":{"index":"index","follow":"follow","max-snippet":"max-snippet:-1","max-image-preview":"max-image-preview:large","max-video-preview":"max-video-preview:-1"},"canonical":"https:\/\/www.masseriasantangelo.it\/la-cucina-del-massaro\/","og_locale":"fr_FR","og_type":"article","og_title":"Cuisine de Massaro - Restaurant Agriturismo - Salento","og_description":"D\u00e9couvrez les saveurs authentiques et authentiques pr\u00e9par\u00e9es par Massaro, avec les mati\u00e8res premi\u00e8res cultiv\u00e9es \u00e0 Masseria Sant'Angelo.","og_url":"https:\/\/www.masseriasantangelo.it\/la-cucina-del-massaro\/","og_site_name":"Masseria Sant&#039;Angelo","article_modified_time":"2020-03-26T16:54:50+00:00","twitter_card":"summary_large_image","twitter_misc":{"Dur\u00e9e de lecture estim\u00e9e":"3 minutes"},"schema":{"@context":"https:\/\/schema.org","@graph":[{"@type":"WebPage","@id":"https:\/\/www.masseriasantangelo.it\/la-cucina-del-massaro\/","url":"https:\/\/www.masseriasantangelo.it\/la-cucina-del-massaro\/","name":"Cuisine de Massaro - Restaurant Agriturismo - Salento","isPartOf":{"@id":"https:\/\/www.masseriasantangelo.it\/#website"},"datePublished":"2020-03-19T08:53:10+00:00","dateModified":"2020-03-26T16:54:50+00:00","description":"D\u00e9couvrez les saveurs authentiques et authentiques pr\u00e9par\u00e9es par Massaro, avec les mati\u00e8res premi\u00e8res cultiv\u00e9es \u00e0 Masseria Sant'Angelo.","breadcrumb":{"@id":"https:\/\/www.masseriasantangelo.it\/la-cucina-del-massaro\/#breadcrumb"},"inLanguage":"fr-FR","potentialAction":[{"@type":"ReadAction","target":["https:\/\/www.masseriasantangelo.it\/la-cucina-del-massaro\/"]}]},{"@type":"BreadcrumbList","@id":"https:\/\/www.masseriasantangelo.it\/la-cucina-del-massaro\/#breadcrumb","itemListElement":[{"@type":"ListItem","position":1,"name":"Home","item":"https:\/\/www.masseriasantangelo.it\/"},{"@type":"ListItem","position":2,"name":"Cuisine de Massaro"}]},{"@type":"WebSite","@id":"https:\/\/www.masseriasantangelo.it\/#website","url":"https:\/\/www.masseriasantangelo.it\/","name":"Masseria Sant&#039;Angelo","description":"","potentialAction":[{"@type":"SearchAction","target":{"@type":"EntryPoint","urlTemplate":"https:\/\/www.masseriasantangelo.it\/?s={search_term_string}"},"query-input":{"@type":"PropertyValueSpecification","valueRequired":true,"valueName":"search_term_string"}}],"inLanguage":"fr-FR"}]}},"_links":{"self":[{"href":"https:\/\/www.masseriasantangelo.it\/fr\/wp-json\/wp\/v2\/pages\/1805","targetHints":{"allow":["GET"]}}],"collection":[{"href":"https:\/\/www.masseriasantangelo.it\/fr\/wp-json\/wp\/v2\/pages"}],"about":[{"href":"https:\/\/www.masseriasantangelo.it\/fr\/wp-json\/wp\/v2\/types\/page"}],"author":[{"embeddable":true,"href":"https:\/\/www.masseriasantangelo.it\/fr\/wp-json\/wp\/v2\/users\/1"}],"replies":[{"embeddable":true,"href":"https:\/\/www.masseriasantangelo.it\/fr\/wp-json\/wp\/v2\/comments?post=1805"}],"version-history":[{"count":2,"href":"https:\/\/www.masseriasantangelo.it\/fr\/wp-json\/wp\/v2\/pages\/1805\/revisions"}],"predecessor-version":[{"id":1809,"href":"https:\/\/www.masseriasantangelo.it\/fr\/wp-json\/wp\/v2\/pages\/1805\/revisions\/1809"}],"wp:attachment":[{"href":"https:\/\/www.masseriasantangelo.it\/fr\/wp-json\/wp\/v2\/media?parent=1805"}],"curies":[{"name":"wp","href":"https:\/\/api.w.org\/{rel}","templated":true}]}}