{"id":1738,"date":"2020-03-17T16:11:11","date_gmt":"2020-03-17T15:11:11","guid":{"rendered":"https:\/\/www.masseriasantangelo.it\/?page_id=1738"},"modified":"2023-03-22T09:09:29","modified_gmt":"2023-03-22T08:09:29","slug":"les-animaux","status":"publish","type":"page","link":"https:\/\/www.masseriasantangelo.it\/fr\/les-animaux\/","title":{"rendered":"Les animaux"},"content":{"rendered":"<p>[vc_row css=\u00a0\u00bb.vc_custom_1582544988454{padding-bottom: 60px !important;}\u00a0\u00bb][vc_column][vc_empty_space height=\u00a0\u00bb50px\u00a0\u00bb][vc_row_inner equal_height=\u00a0\u00bbyes\u00a0\u00bb][vc_column_inner el_class=\u00a0\u00bbquadrante\u00a0\u00bb width=\u00a0\u00bb1\/2&Prime;][vc_column_text]<\/p>\n<p class=\"sc_services_item_title pers\">Les chiens<\/p>\n<p>Les premiers amis animaux que vous rencontrez d\u00e8s votre arriv\u00e9e sont nos chiens. Ils approchent les gens pour comprendre qu\u2019 ils sont et pour les saluer. Ils sont bons et habitu\u00e9s aux enfants, en effet, ils sont heureux de les avoir comme compagnons. Nala et Nico[\/vc_column_text][vc_empty_space height=\u00a0\u00bb20px\u00a0\u00bb][vc_images_carousel images=\u00a0\u00bb1015,1016,1557&Prime; img_size=\u00a0\u00bbfull\u00a0\u00bb slides_per_view=\u00a0\u00bb3&Prime; hide_pagination_control=\u00a0\u00bbyes\u00a0\u00bb hide_prev_next_buttons=\u00a0\u00bbyes\u00a0\u00bb][\/vc_column_inner][vc_column_inner el_class=\u00a0\u00bbquadrante\u00a0\u00bb width=\u00a0\u00bb1\/2&Prime;][vc_column_text]<\/p>\n<p class=\"sc_services_item_title pers\">Les ch\u00e8vres<\/p>\n<p align=\"justify\">Notre petit troupeau de 10 ch\u00e8vres fait partie du paysage lorsque nous les emm\u00e8ne pa\u00eetre dans la campagne de la ferme. Ils mangent ainsi tr\u00e8s sainement et nous fournissent quotidiennement leur bon lait. Au printemps, elles sont vues avec les chevraux.<\/p>\n<p>[\/vc_column_text][vc_empty_space height=\u00a0\u00bb20px\u00a0\u00bb][vc_images_carousel images=\u00a0\u00bb1560,1026,10947,1027,1025,1561&Prime; img_size=\u00a0\u00bbfull\u00a0\u00bb slides_per_view=\u00a0\u00bb3&Prime; hide_pagination_control=\u00a0\u00bbyes\u00a0\u00bb hide_prev_next_buttons=\u00a0\u00bbyes\u00a0\u00bb][\/vc_column_inner][\/vc_row_inner][vc_row_inner equal_height=\u00a0\u00bbyes\u00a0\u00bb][vc_column_inner el_class=\u00a0\u00bbquadrante\u00a0\u00bb width=\u00a0\u00bb1\/2&Prime;][vc_column_text]<\/p>\n<p class=\"sc_services_item_title pers\">Chevaux et \u00e2nes<\/p>\n<p align=\"justify\">Les trois chevaux et les deux \u00e2nes vivent tous ensemble dans le paddock \u00e0 c\u00f4t\u00e9 des \u00e9curies et sont toujours intrigu\u00e9s quand quelqu&rsquo;un s&rsquo;approche. Ils collaborent sur la ferme p\u00e9dagogique en se mettant \u00e0 disposition pour mieux les conna\u00eetre. Pour les enfants, il y a des activit\u00e9s amusantes telles que la gymnastique \u00e0 cheval, des le\u00e7ons \u00e0 la longe et des promenades autour de la ferme.<\/p>\n<p>[\/vc_column_text][vc_empty_space height=\u00a0\u00bb20px\u00a0\u00bb][vc_images_carousel images=\u00a0\u00bb10943,1030,10939,1032,1458,1459,1460,1461&Prime; img_size=\u00a0\u00bbfull\u00a0\u00bb slides_per_view=\u00a0\u00bb3&Prime; hide_pagination_control=\u00a0\u00bbyes\u00a0\u00bb hide_prev_next_buttons=\u00a0\u00bbyes\u00a0\u00bb wrap=\u00a0\u00bbyes\u00a0\u00bb][\/vc_column_inner][vc_column_inner el_class=\u00a0\u00bbquadrante\u00a0\u00bb width=\u00a0\u00bb1\/2&Prime;][vc_column_text]<\/p>\n<p class=\"sc_services_item_title pers\">Galline e gatti<\/p>\n<p align=\"justify\"><strong>Le galline<\/strong> non possono mancare! Una fattoria senza galline e senza gallo non pu\u00f2 essere considerata tale. Le nostre di giorno si dividono il paddock con i cavalli, di notte preferiscono entrare nel loro box. Completano l&rsquo;immagine insieme ai <strong>gatti<\/strong> di tutti il colori.<\/p>\n<p>[\/vc_column_text][vc_empty_space height=\u00a0\u00bb20px\u00a0\u00bb][vc_images_carousel images=\u00a0\u00bb10951,1499,1500&Prime; img_size=\u00a0\u00bbfull\u00a0\u00bb slides_per_view=\u00a0\u00bb3&Prime; hide_pagination_control=\u00a0\u00bbyes\u00a0\u00bb hide_prev_next_buttons=\u00a0\u00bbyes\u00a0\u00bb][\/vc_column_inner][\/vc_row_inner][\/vc_column][\/vc_row][vc_row full_width=\u00a0\u00bbstretch_row\u00a0\u00bb inverse=\u00a0\u00bb\u00a0\u00bb css=\u00a0\u00bb.vc_custom_1582540378129{background-image: url(https:\/\/www.masseriasantangelo.it\/wp-content\/uploads\/2020\/02\/sfondo.jpg?id=872) !important;}\u00a0\u00bb][vc_column width=\u00a0\u00bb1\/3&Prime; offset=\u00a0\u00bbvc_hidden-lg vc_hidden-md vc_hidden-sm vc_hidden-xs\u00a0\u00bb][vc_empty_space height=\u00a0\u00bb70px\u00a0\u00bb][vc_single_image image=\u00a0\u00bb1049&Prime; img_size=\u00a0\u00bbfull\u00a0\u00bb alignment=\u00a0\u00bbcenter\u00a0\u00bb][vc_single_image image=\u00a0\u00bb1052&Prime; img_size=\u00a0\u00bbfull\u00a0\u00bb alignment=\u00a0\u00bbcenter\u00a0\u00bb][vc_single_image image=\u00a0\u00bb1463&Prime; img_size=\u00a0\u00bbfull\u00a0\u00bb alignment=\u00a0\u00bbcenter\u00a0\u00bb][\/vc_column][vc_column width=\u00a0\u00bb2\/3&Prime; offset=\u00a0\u00bbvc_hidden-lg vc_hidden-md vc_hidden-sm vc_hidden-xs\u00a0\u00bb][vc_empty_space height=\u00a0\u00bb70px\u00a0\u00bb][vc_column_text]<\/p>\n<p class=\"sc_services_item_title pers\">Emozione Cavallo<\/p>\n<ol>\n<li><strong>PRIMA EMOZIONE<br \/>\nPercorso di avvicinamento individuale e graduale al cavallo<\/strong> per imparare a familiarizzare e relazionarsi con lui in sicurezza e con serenit\u00e0, rispetto e senza paure. Facendo amicizia con il cavallo e accudendo il cavallo capirete la sua natura, il suo ragionamento e il suo comportamento. Affronteree con serenit\u00e0 la<\/li>\n<li><strong>SECONDA EMOZIONE<br \/>\n<\/strong><strong>Guidare il cavallo da terra<\/strong> imparando a essere la guida a cui lui si pu\u00f2 affidare. Vi seguir\u00e0. Sar\u00e0 una bella emozione avere questo essere grande e maestoso accanto a voi e vi sorprender\u00e0 il momento in cui avvertirete che lui aspetta a ricevere le vostre indicazioni per poter seguirvi. Questo significa che dimostrate di aver guadagnato sicurezza e quindi di poterlo guidare (anche se per adesso solo da terra). Con questa consapelvolezza e avendo perso le principali paure, potete affrontare con un atteggiamento rilassato la<\/li>\n<li><strong>TERZA EMOZIONE<br \/>\nS<\/strong><strong>alire e farsi muovere dal cavallo<\/strong>. Certo, non sarete in grado subito a guidarlo anche da sopra, ma il rapporto stabilito prima vi ha dato sicurezza e vi permette di salire senza tensioni negative. Sarete voi a stabilire se ve la sentite gi\u00e0. Una volta saliti con l&rsquo;aiuto dell&rsquo;operatore, vi affidate al cavallo e all&rsquo;operatore che non vi lascer\u00e0 mai soli. Partendo lentamente al passo vi sar\u00e0 dato il tempo necessario per elaborare questa nuova esperienza fino al raggiungimento del rilassamento. Di seguito farete dei semplici esercizi nel ritmo vostro per migliorare l&rsquo;equilibrio a cavallo, sempre in sicurezza con il cavallo guidato e al passo.<\/li>\n<\/ol>\n<p>[\/vc_column_text][vc_empty_space height=\u00a0\u00bb90px\u00a0\u00bb][\/vc_column][\/vc_row]<\/p>\n","protected":false},"excerpt":{"rendered":"<p>[vc_row css=\u00a0\u00bb.vc_custom_1582544988454{padding-bottom: 60px !important;}\u00a0\u00bb][vc_column][vc_empty_space height=\u00a0\u00bb50px\u00a0\u00bb][vc_row_inner equal_height=\u00a0\u00bbyes\u00a0\u00bb][vc_column_inner el_class=\u00a0\u00bbquadrante\u00a0\u00bb width=\u00a0\u00bb1\/2&Prime;][vc_column_text] Les chiens Les premiers amis animaux que vous rencontrez d\u00e8s votre arriv\u00e9e sont nos chiens. Ils approchent les gens pour comprendre qu\u2019 ils sont et pour les saluer. Ils sont bons et habitu\u00e9s aux enfants, en effet, ils sont heureux de les avoir comme compagnons. Nala et [&hellip;]<\/p>\n","protected":false},"author":1,"featured_media":0,"parent":0,"menu_order":0,"comment_status":"closed","ping_status":"closed","template":"","meta":{"footnotes":""},"class_list":["post-1738","page","type-page","status-publish","hentry"],"yoast_head":"<!-- This site is optimized with the Yoast SEO plugin v24.2 - https:\/\/yoast.com\/wordpress\/plugins\/seo\/ -->\n<title>Les animaux - Masseria Sant&#039;Angelo - Salento<\/title>\n<meta name=\"description\" content=\"Les animaux sont un \u00e9l\u00e9ment important pour Masseria Sant&#039;Angelo. \u00c2nes, poulets, chevaux, ch\u00e8vres et bien d&#039;autres. Apprenez-en plus.\" \/>\n<meta name=\"robots\" content=\"index, follow, max-snippet:-1, max-image-preview:large, max-video-preview:-1\" \/>\n<link rel=\"canonical\" href=\"https:\/\/www.masseriasantangelo.it\/gli-animali\/\" \/>\n<meta property=\"og:locale\" content=\"fr_FR\" \/>\n<meta property=\"og:type\" content=\"article\" \/>\n<meta property=\"og:title\" content=\"Les animaux - Masseria Sant&#039;Angelo - Salento\" \/>\n<meta property=\"og:description\" content=\"Les animaux sont un \u00e9l\u00e9ment important pour Masseria Sant&#039;Angelo. \u00c2nes, poulets, chevaux, ch\u00e8vres et bien d&#039;autres. Apprenez-en plus.\" \/>\n<meta property=\"og:url\" content=\"https:\/\/www.masseriasantangelo.it\/gli-animali\/\" \/>\n<meta property=\"og:site_name\" content=\"Masseria Sant&#039;Angelo\" \/>\n<meta property=\"article:modified_time\" content=\"2023-03-22T08:09:29+00:00\" \/>\n<meta name=\"twitter:card\" content=\"summary_large_image\" \/>\n<meta name=\"twitter:label1\" content=\"Dur\u00e9e de lecture estim\u00e9e\" \/>\n\t<meta name=\"twitter:data1\" content=\"4 minutes\" \/>\n<script type=\"application\/ld+json\" class=\"yoast-schema-graph\">{\"@context\":\"https:\/\/schema.org\",\"@graph\":[{\"@type\":\"WebPage\",\"@id\":\"https:\/\/www.masseriasantangelo.it\/gli-animali\/\",\"url\":\"https:\/\/www.masseriasantangelo.it\/gli-animali\/\",\"name\":\"Les animaux - Masseria Sant'Angelo - Salento\",\"isPartOf\":{\"@id\":\"https:\/\/www.masseriasantangelo.it\/#website\"},\"datePublished\":\"2020-03-17T15:11:11+00:00\",\"dateModified\":\"2023-03-22T08:09:29+00:00\",\"description\":\"Les animaux sont un \u00e9l\u00e9ment important pour Masseria Sant'Angelo. \u00c2nes, poulets, chevaux, ch\u00e8vres et bien d'autres. Apprenez-en plus.\",\"breadcrumb\":{\"@id\":\"https:\/\/www.masseriasantangelo.it\/gli-animali\/#breadcrumb\"},\"inLanguage\":\"fr-FR\",\"potentialAction\":[{\"@type\":\"ReadAction\",\"target\":[\"https:\/\/www.masseriasantangelo.it\/gli-animali\/\"]}]},{\"@type\":\"BreadcrumbList\",\"@id\":\"https:\/\/www.masseriasantangelo.it\/gli-animali\/#breadcrumb\",\"itemListElement\":[{\"@type\":\"ListItem\",\"position\":1,\"name\":\"Home\",\"item\":\"https:\/\/www.masseriasantangelo.it\/\"},{\"@type\":\"ListItem\",\"position\":2,\"name\":\"Les animaux\"}]},{\"@type\":\"WebSite\",\"@id\":\"https:\/\/www.masseriasantangelo.it\/#website\",\"url\":\"https:\/\/www.masseriasantangelo.it\/\",\"name\":\"Masseria Sant&#039;Angelo\",\"description\":\"\",\"potentialAction\":[{\"@type\":\"SearchAction\",\"target\":{\"@type\":\"EntryPoint\",\"urlTemplate\":\"https:\/\/www.masseriasantangelo.it\/?s={search_term_string}\"},\"query-input\":{\"@type\":\"PropertyValueSpecification\",\"valueRequired\":true,\"valueName\":\"search_term_string\"}}],\"inLanguage\":\"fr-FR\"}]}<\/script>\n<!-- \/ Yoast SEO plugin. -->","yoast_head_json":{"title":"Les animaux - Masseria Sant'Angelo - Salento","description":"Les animaux sont un \u00e9l\u00e9ment important pour Masseria Sant'Angelo. \u00c2nes, poulets, chevaux, ch\u00e8vres et bien d'autres. Apprenez-en plus.","robots":{"index":"index","follow":"follow","max-snippet":"max-snippet:-1","max-image-preview":"max-image-preview:large","max-video-preview":"max-video-preview:-1"},"canonical":"https:\/\/www.masseriasantangelo.it\/gli-animali\/","og_locale":"fr_FR","og_type":"article","og_title":"Les animaux - Masseria Sant'Angelo - Salento","og_description":"Les animaux sont un \u00e9l\u00e9ment important pour Masseria Sant'Angelo. \u00c2nes, poulets, chevaux, ch\u00e8vres et bien d'autres. Apprenez-en plus.","og_url":"https:\/\/www.masseriasantangelo.it\/gli-animali\/","og_site_name":"Masseria Sant&#039;Angelo","article_modified_time":"2023-03-22T08:09:29+00:00","twitter_card":"summary_large_image","twitter_misc":{"Dur\u00e9e de lecture estim\u00e9e":"4 minutes"},"schema":{"@context":"https:\/\/schema.org","@graph":[{"@type":"WebPage","@id":"https:\/\/www.masseriasantangelo.it\/gli-animali\/","url":"https:\/\/www.masseriasantangelo.it\/gli-animali\/","name":"Les animaux - Masseria Sant'Angelo - Salento","isPartOf":{"@id":"https:\/\/www.masseriasantangelo.it\/#website"},"datePublished":"2020-03-17T15:11:11+00:00","dateModified":"2023-03-22T08:09:29+00:00","description":"Les animaux sont un \u00e9l\u00e9ment important pour Masseria Sant'Angelo. \u00c2nes, poulets, chevaux, ch\u00e8vres et bien d'autres. Apprenez-en plus.","breadcrumb":{"@id":"https:\/\/www.masseriasantangelo.it\/gli-animali\/#breadcrumb"},"inLanguage":"fr-FR","potentialAction":[{"@type":"ReadAction","target":["https:\/\/www.masseriasantangelo.it\/gli-animali\/"]}]},{"@type":"BreadcrumbList","@id":"https:\/\/www.masseriasantangelo.it\/gli-animali\/#breadcrumb","itemListElement":[{"@type":"ListItem","position":1,"name":"Home","item":"https:\/\/www.masseriasantangelo.it\/"},{"@type":"ListItem","position":2,"name":"Les animaux"}]},{"@type":"WebSite","@id":"https:\/\/www.masseriasantangelo.it\/#website","url":"https:\/\/www.masseriasantangelo.it\/","name":"Masseria Sant&#039;Angelo","description":"","potentialAction":[{"@type":"SearchAction","target":{"@type":"EntryPoint","urlTemplate":"https:\/\/www.masseriasantangelo.it\/?s={search_term_string}"},"query-input":{"@type":"PropertyValueSpecification","valueRequired":true,"valueName":"search_term_string"}}],"inLanguage":"fr-FR"}]}},"_links":{"self":[{"href":"https:\/\/www.masseriasantangelo.it\/fr\/wp-json\/wp\/v2\/pages\/1738","targetHints":{"allow":["GET"]}}],"collection":[{"href":"https:\/\/www.masseriasantangelo.it\/fr\/wp-json\/wp\/v2\/pages"}],"about":[{"href":"https:\/\/www.masseriasantangelo.it\/fr\/wp-json\/wp\/v2\/types\/page"}],"author":[{"embeddable":true,"href":"https:\/\/www.masseriasantangelo.it\/fr\/wp-json\/wp\/v2\/users\/1"}],"replies":[{"embeddable":true,"href":"https:\/\/www.masseriasantangelo.it\/fr\/wp-json\/wp\/v2\/comments?post=1738"}],"version-history":[{"count":6,"href":"https:\/\/www.masseriasantangelo.it\/fr\/wp-json\/wp\/v2\/pages\/1738\/revisions"}],"predecessor-version":[{"id":10984,"href":"https:\/\/www.masseriasantangelo.it\/fr\/wp-json\/wp\/v2\/pages\/1738\/revisions\/10984"}],"wp:attachment":[{"href":"https:\/\/www.masseriasantangelo.it\/fr\/wp-json\/wp\/v2\/media?parent=1738"}],"curies":[{"name":"wp","href":"https:\/\/api.w.org\/{rel}","templated":true}]}}