{"id":1656,"date":"2020-03-13T16:30:38","date_gmt":"2020-03-13T15:30:38","guid":{"rendered":"https:\/\/www.masseriasantangelo.it\/?page_id=1656"},"modified":"2023-03-22T08:47:03","modified_gmt":"2023-03-22T07:47:03","slug":"home","status":"publish","type":"page","link":"https:\/\/www.masseriasantangelo.it\/fr\/","title":{"rendered":"Home"},"content":{"rendered":"<p>[vc_row el_id=\u00a0\u00bbmotore-ricerca\u00a0\u00bb][vc_column][vc_column_text]<div id=\"formEstimater\" class=\"grid\"><\/div><script type=\"text\/javascript\">\n               window.addEventListener(\"load\", function(event) {\n                  Estimater.init({\n                    selector: \"formEstimater\",\n                    urldomain: \"https:\/\/virgil.masseriasantangelo.it\",\n                    payment: 0,\n                    image: 0,\n                    setTreatment: 0,\n                    lang: 'it',\n                    siteName: \"Masseria Sant'Angelo\"\n                  });\n                });    \n    <\/script>[\/vc_column_text][\/vc_column][\/vc_row][vc_row el_class=\u00a0\u00bbcustom-border\u00a0\u00bb][vc_column][vc_column_text]<\/p>\n<h1 style=\"text-align: center;\">Bienvenue \u00e0 Masseria Sant&rsquo;Angelo<\/h1>\n<p>[\/vc_column_text][vc_empty_space height=\u00a0\u00bb40px\u00a0\u00bb]<div class=\"sc_section sc_section_block margin_bottom_large aligncenter\" style=\"max-width: 800px;margin-top: -1.5rem;\"><div class=\"sc_section_inner\"><div class=\"sc_section_content_wrap\"><span class=\"sc_highlight\" style=\"color:#231f20;font-size:1.2em; line-height: 1.45em;\"><\/p>\n<p style=\"text-align: center;\">\u2026dans la campagne entre les deux mers dans le Salento.<br \/>\nSi pour vous le vrai luxe est une tomate fra\u00eeche m\u00fbrie sous le soleil m\u00e9diterran\u00e9en, le nitrite d\u2019un cheval dans la brise matinale, voir les ch\u00e8vres p\u00e2turer dans les champs, c\u2019est l\u2019endroit id\u00e9al pour vos vacances.<\/p>\n<p><\/span><\/div><\/div><\/div>[vc_column_text]<\/p>\n<h2 class=\"sc_section_title sc_item_title sc_item_title_without_descr\" style=\"text-align: center;\">En savoir un peu plus sur nous!<\/h2>\n<p>[\/vc_column_text][vc_row_inner css=\u00a0\u00bb.vc_custom_1585069412686{padding-bottom: 20px !important;}\u00a0\u00bb][vc_column_inner width=\u00a0\u00bb1\/3&Prime;][vc_single_image image=\u00a0\u00bb10913&Prime; img_size=\u00a0\u00bbfull\u00a0\u00bb alignment=\u00a0\u00bbcenter\u00a0\u00bb][vc_column_text el_class=\u00a0\u00bbtesto-servizi-home\u00a0\u00bb]<\/p>\n<h3 style=\"text-align: center;\">La famille Avantaggiato<\/h3>\n<p style=\"text-align: center;\">La ferme est le lieu principal de notre vie de famille et de l\u2019entreprise. Nous la g\u00e9rons avec l\u2019aide pr\u00e9cieuse de Daniela, Francesco et Fernanda. Nos enfants, Lenny et Giulio, encore \u00e9tudiants, s\u2019int\u00e8grent ici et l\u00e0 pour le plaisir dans les activit\u00e9s.<\/p>\n<p>[\/vc_column_text][\/vc_column_inner][vc_column_inner width=\u00a0\u00bb1\/3&Prime;][vc_single_image image=\u00a0\u00bb2241&Prime; img_size=\u00a0\u00bbfull\u00a0\u00bb alignment=\u00a0\u00bbcenter\u00a0\u00bb][vc_column_text el_class=\u00a0\u00bbtesto-servizi-home\u00a0\u00bb]<\/p>\n<h3 style=\"text-align: center;\">Un peu d&rsquo;histoire<\/h3>\n<p style=\"text-align: center;\">Apr\u00e8s avoir (sur-) v\u00e9cu les deux premi\u00e8res ann\u00e9es \u00e0 cultiver des l\u00e9gumes de serre biologiques, nous avons transform\u00e9 en 2001 les anciennes \u00e9curies en logements en appliquant des techniques anciennes dans le plein respect de l&rsquo;environnement et en utilisant des blocs de pierre r\u00e9cup\u00e9r\u00e9s.<\/p>\n<p>[\/vc_column_text][\/vc_column_inner][vc_column_inner width=\u00a0\u00bb1\/3&Prime;][vc_single_image image=\u00a0\u00bb2245&Prime; img_size=\u00a0\u00bbfull\u00a0\u00bb alignment=\u00a0\u00bbcenter\u00a0\u00bb][vc_column_text el_class=\u00a0\u00bbtesto-servizi-home\u00a0\u00bb]<\/p>\n<h3 style=\"text-align: center;\">Le plaisir d&rsquo;accueillir<\/h3>\n<p style=\"text-align: center;\">Les valeurs de la simple vie \u00e0 la campagne comptent pour nous. Nous sommes passionn\u00e9s par la culture du Salento avec ses moments de convivialit\u00e9 joyeuse. Ici, l&rsquo;hospitalit\u00e9 du sud de l&rsquo;Italie est \u00e0 la maison.<\/p>\n<p>[\/vc_column_text][\/vc_column_inner][\/vc_row_inner][vc_empty_space height=\u00a0\u00bb60px\u00a0\u00bb][\/vc_column][\/vc_row][vc_row full_width=\u00a0\u00bbstretch_row\u00a0\u00bb inverse=\u00a0\u00bbyes\u00a0\u00bb css=\u00a0\u00bb.vc_custom_1585327340380{background-image: url(https:\/\/www.masseriasantangelo.it\/wp-content\/uploads\/2020\/03\/animali.jpg?id=1431) !important;background-position: center !important;background-repeat: no-repeat !important;background-size: cover !important;}\u00a0\u00bb el_class=\u00a0\u00bbanimali\u00a0\u00bb][vc_column width=\u00a0\u00bb1\/2&Prime; css=\u00a0\u00bb.vc_custom_1475235191339{margin-top: 2.65em !important;margin-bottom: 0.6em !important;padding-left: 5.5em !important;}\u00a0\u00bb]<div class=\"sc_section sc_section_block \" data-animation=\"animated fadeInLeft normal\"><div class=\"sc_section_inner\"><div class=\"sc_section_content_wrap\"><div class=\"sc_section margin_bottom_tiny- alignleft\" style=\"width:100%;width:100%;\"><div class=\"sc_section_inner\"><h2 class=\"sc_section_title sc_item_title sc_item_title_without_descr\">Quelle joie, nos animaux<span><\/span><\/h2><div class=\"sc_section_content_wrap\"><\/div><\/div><\/div><div class=\"sc_section margin_bottom_huge section_style_call_section\"><div class=\"sc_section_inner\"><h2 class=\"sc_section_title sc_item_title sc_item_title_without_descr\">Sans animaux, une ferme serait un endroit moins vivant et moins gai.<span><\/span><\/h2><div class=\"sc_section_descr sc_item_descr\">Des ch\u00e8vres, des poulets, des chevaux, des \u00e2nes, des chats et des chiens, mais aussi des hirondelles, des h\u00e9rissons et des grenouilles vivent ici dans leurs communaut\u00e9s. Nous les consid\u00e9rons comme nos collaborateurs dans la ferme multifonctionnelle.<\/div><div class=\"sc_section_content_wrap\"><a href=\"\/fr\/les-animaux\/\" class=\"sc_button sc_button_square sc_button_style_border sc_button_size_small\" style=\"color:#ffffff;background-color:rgba(0,0,0,0.01); border-color:rgba(0,0,0,0.01);\">En savoir plus<\/a><\/div><\/div><\/div><\/div><\/div><\/div>[\/vc_column][vc_column width=\u00a0\u00bb5\/12&Prime; css=\u00a0\u00bb.vc_custom_1582724534641{margin-top: 3em !important;padding-left: 4.7em !important;}\u00a0\u00bb el_class=\u00a0\u00bbimage-circle-home\u00a0\u00bb]<figure class=\"sc_image  sc_image_shape_square margin_top_huge\" data-animation=\"animated fadeInRight normal\"><img decoding=\"async\" src=\"https:\/\/www.masseriasantangelo.it\/wp-content\/uploads\/2020\/02\/foto-animale.png\" alt=\"\" \/><\/figure>[\/vc_column][vc_column width=\u00a0\u00bb1\/12&Prime;][\/vc_column][\/vc_row][vc_row full_width=\u00a0\u00bbstretch_row\u00a0\u00bb inverse=\u00a0\u00bb\u00a0\u00bb css=\u00a0\u00bb.vc_custom_1582216479715{background-image: url(https:\/\/www.masseriasantangelo.it\/wp-content\/uploads\/2020\/02\/sfondo.jpg?id=872) !important;background-position: center !important;background-repeat: no-repeat !important;background-size: cover !important;}\u00a0\u00bb el_class=\u00a0\u00bbcamere\u00a0\u00bb][vc_column]<div class=\"sc_section sc_section_block margin_top_huge margin_bottom_huge aligncenter\" data-animation=\"animated fadeInUp normal\"><div class=\"sc_section_inner\"><h2 class=\"sc_section_title sc_item_title sc_item_title_without_descr\">Nos chambres et maisons<span><\/span><\/h2><div class=\"sc_section_content_wrap\"><div class=\"columns_wrap sc_columns columns_nofluid sc_columns_count_3\" style=\"margin-top: -0.8rem;margin-bottom: 6rem;\"><div class=\"column-1_3 sc_column_item sc_column_item_1 odd first\"><figure class=\"sc_image  sc_image_shape_round\" style=\"max-width: 196px; margin: auto;\"><a href=\"\/camere-matrimoniali\"><img decoding=\"async\" src=\"https:\/\/www.masseriasantangelo.it\/wp-content\/uploads\/2020\/02\/002-camera-matrimoniale-sposi-agriturismo-masseria-sant-angelo-corigliano-d-otranto-salento.jpg\" alt=\"\" \/><\/a><\/figure><h4 class=\"sc_title sc_title_regular\" style=\"margin-top: 2.3rem;\"><a href=\"\/camere-matrimoniali\">Chambre double<\/a><\/h4><\/div><div class=\"column-1_3 sc_column_item sc_column_item_2 even\"><figure class=\"sc_image  sc_image_shape_round\" style=\"max-width: 196px; margin: auto;\"><a href=\"\/casa-melanzana\"><img decoding=\"async\" src=\"https:\/\/www.masseriasantangelo.it\/wp-content\/uploads\/2020\/03\/Melanzana-intern-1-1-e1585058408875.jpg\" alt=\"\" \/><\/a><\/figure><h4 class=\"sc_title sc_title_regular\" style=\"margin-top: 2.3rem;\"><a href=\"\/casa-melanzana\">Appartement deux pi\u00e8ces Melanzana<\/a><\/h4><\/div><div class=\"column-1_3 sc_column_item sc_column_item_3 odd\"><figure class=\"sc_image  sc_image_shape_round\" style=\"max-width: 196px; margin: auto;\"><a href=\"\/casa-pineta\"><img decoding=\"async\" src=\"https:\/\/www.masseriasantangelo.it\/wp-content\/uploads\/2020\/03\/013-casa-trilocale-pineta-agriturismo-masseria-sant-angelo-corigliano-d-otranto-salento-1-e1585058472550.jpg\" alt=\"\" \/><\/a><\/figure><h4 class=\"sc_title sc_title_regular\" style=\"margin-top: 2.3rem;\"><a href=\"\/casa-pineta\">Maison trois pi\u00e8ces Pineta<\/a><\/h4><\/div><\/div><div class=\"columns_wrap sc_columns columns_nofluid sc_columns_count_2\" style=\"margin-top: -0.8rem;margin-bottom: 6rem;\"><div class=\"column-1_2 sc_column_item sc_column_item_1 odd first\"><figure class=\"sc_image  sc_image_shape_round\" style=\"max-width: 196px; margin: auto;\"><a href=\"\/casette-bilocali-piccole\"><img decoding=\"async\" src=\"https:\/\/www.masseriasantangelo.it\/wp-content\/uploads\/2020\/03\/App-Gallina-Capra-letto-matr_-1-e1585061273456-1.jpg\" alt=\"\" \/><\/a><\/figure><h4 class=\"sc_title sc_title_regular\" style=\"margin-top: 2.3rem;\"><a href=\"\/casette-bilocali-piccole\">Petites maisons \u00e0 deux pi\u00e8ces<\/a><\/h4><\/div><div class=\"column-1_2 sc_column_item sc_column_item_2 even\"><figure class=\"sc_image  sc_image_shape_round\" style=\"max-width: 196px; margin: auto;\"><a href=\"\/casette-monolocali\"><img decoding=\"async\" src=\"https:\/\/www.masseriasantangelo.it\/wp-content\/uploads\/2020\/02\/004-casetta-monolocale-asinella-agriturismo-masseria-sant-angelo-corigliano-d-otranto-salento.jpg\" alt=\"\" \/><\/a><\/figure><h4 class=\"sc_title sc_title_regular\" style=\"margin-top: 2.3rem;\"><a href=\"\/casette-monolocali\">Maisons studios<\/a><\/h4><\/div><\/div><\/div><\/div><\/div>[\/vc_column][\/vc_row][vc_row full_width=\u00a0\u00bbstretch_row\u00a0\u00bb inverse=\u00a0\u00bbyes\u00a0\u00bb css=\u00a0\u00bb.vc_custom_1582207241664{background-image: url(https:\/\/www.masseriasantangelo.it\/wp-content\/uploads\/2020\/02\/ristorante-angolo-destro-1.jpg?id=888) !important;background-position: center !important;background-repeat: no-repeat !important;background-size: cover !important;}\u00a0\u00bb el_class=\u00a0\u00bbanimali\u00a0\u00bb el_id=\u00a0\u00bbsfondo-basso\u00a0\u00bb][vc_column width=\u00a0\u00bb1\/2&Prime; css=\u00a0\u00bb.vc_custom_1475235191339{margin-top: 2.65em !important;margin-bottom: 0.6em !important;padding-left: 5.5em !important;}\u00a0\u00bb][\/vc_column][vc_column width=\u00a0\u00bb1\/2&Prime; css=\u00a0\u00bb.vc_custom_1582725066023{padding-left: 4.7em !important;}\u00a0\u00bb el_class=\u00a0\u00bbform-homepage\u00a0\u00bb][vc_column_text]\n<div class=\"wpcf7 no-js\" id=\"wpcf7-f1688-o1\" lang=\"en-US\" dir=\"ltr\" data-wpcf7-id=\"1688\">\n<div class=\"screen-reader-response\"><p role=\"status\" aria-live=\"polite\" aria-atomic=\"true\"><\/p> <ul><\/ul><\/div>\n<form action=\"\/fr\/wp-json\/wp\/v2\/pages\/1656#wpcf7-f1688-o1\" method=\"post\" class=\"wpcf7-form init\" aria-label=\"Contact form\" novalidate=\"novalidate\" data-status=\"init\">\n<div style=\"display: none;\">\n<input type=\"hidden\" name=\"_wpcf7\" value=\"1688\" \/>\n<input type=\"hidden\" name=\"_wpcf7_version\" value=\"6.0.2\" \/>\n<input type=\"hidden\" name=\"_wpcf7_locale\" value=\"en_US\" \/>\n<input type=\"hidden\" name=\"_wpcf7_unit_tag\" value=\"wpcf7-f1688-o1\" \/>\n<input type=\"hidden\" name=\"_wpcf7_container_post\" value=\"0\" \/>\n<input type=\"hidden\" name=\"_wpcf7_posted_data_hash\" value=\"\" \/>\n<input type=\"hidden\" name=\"_wpcf7_recaptcha_response\" value=\"\" \/>\n<\/div>\n<div class=\"form-home\">\n\t<p class=\"sc_section_title sc_item_title sc_item_title_without_descr\">Contactez nous\n\t<\/p>\n\t<p><span class=\"wpcf7-form-control-wrap\" data-name=\"your-name\"><input size=\"40\" maxlength=\"400\" class=\"wpcf7-form-control wpcf7-text wpcf7-validates-as-required\" aria-required=\"true\" aria-invalid=\"false\" placeholder=\"Pr\u00e9nom et Nom*\" value=\"\" type=\"text\" name=\"your-name\" \/><\/span><br \/>\n<span class=\"wpcf7-form-control-wrap\" data-name=\"your-email\"><input size=\"40\" maxlength=\"400\" class=\"wpcf7-form-control wpcf7-email wpcf7-validates-as-required wpcf7-text wpcf7-validates-as-email\" aria-required=\"true\" aria-invalid=\"false\" placeholder=\"Email*\" value=\"\" type=\"email\" name=\"your-email\" \/><\/span><br \/>\n<span class=\"wpcf7-form-control-wrap\" data-name=\"your-message\"><textarea cols=\"40\" rows=\"10\" maxlength=\"2000\" class=\"wpcf7-form-control wpcf7-textarea wpcf7-validates-as-required\" aria-required=\"true\" aria-invalid=\"false\" placeholder=\"Message*\" name=\"your-message\"><\/textarea><\/span><br \/>\n<label><span class=\"wpcf7-form-control-wrap\" data-name=\"acceptance-692\"><span class=\"wpcf7-form-control wpcf7-acceptance\"><span class=\"wpcf7-list-item\"><input type=\"checkbox\" name=\"acceptance-692\" value=\"1\" aria-invalid=\"false\" \/><\/span><\/span><\/span> *J'ai lu et je d\u00e9clare l'acceptation de la <a href=\"https:\/\/app.legalblink.it\/api\/documents\/6408598e97c1c6001a908dce\/privacy-policy-per-siti-web-o-e-commerce-fr\" target=\"_blank\">politique de confidentialit\u00e9<\/a> (Article 13 du d\u00e9cret l\u00e9gislatif n\u00b0 196\/2003 et articles 13 14 du r\u00e8glement UE 2016\/679)<\/label>\n\t<\/p>\n\t<div class=\"last-row\">\n\t\t<p><input class=\"wpcf7-form-control wpcf7-submit has-spinner\" type=\"submit\" value=\"Envoyer\" \/>\n\t\t<\/p>\n\t<\/div>\n<\/div>\n<p><script type=\"text\/javascript\">\n\/\/<![CDATA[\nvar formId = 1688; \/\/ID DALLO SHORTCODE IN ALTO\ndocument.querySelector('[id*=\"-f' + formId + '-\"]').addEventListener( 'wpcf7mailsent', function( event ) {\n \twindow.location.href = '\/fr\/grazie';\n}, false );\n\/\/]]>\n<\/script>\n<\/p><div class=\"wpcf7-response-output\" aria-hidden=\"true\"><\/div>\n<\/form>\n<\/div>\n[\/vc_column_text][\/vc_column][\/vc_row]<\/p>\n","protected":false},"excerpt":{"rendered":"<p>[vc_row el_id=\u00a0\u00bbmotore-ricerca\u00a0\u00bb][vc_column][vc_column_text][\/vc_column_text][\/vc_column][\/vc_row][vc_row el_class=\u00a0\u00bbcustom-border\u00a0\u00bb][vc_column][vc_column_text] Bienvenue \u00e0 Masseria Sant&rsquo;Angelo [\/vc_column_text][vc_empty_space height=\u00a0\u00bb40px\u00a0\u00bb][vc_column_text] En savoir un peu plus sur nous! [\/vc_column_text][vc_row_inner css=\u00a0\u00bb.vc_custom_1585069412686{padding-bottom: 20px !important;}\u00a0\u00bb][vc_column_inner width=\u00a0\u00bb1\/3&Prime;][vc_single_image image=\u00a0\u00bb10913&Prime; img_size=\u00a0\u00bbfull\u00a0\u00bb alignment=\u00a0\u00bbcenter\u00a0\u00bb][vc_column_text el_class=\u00a0\u00bbtesto-servizi-home\u00a0\u00bb] La famille Avantaggiato La ferme est le lieu principal de notre vie de famille et de l\u2019entreprise. Nous la g\u00e9rons avec l\u2019aide pr\u00e9cieuse de Daniela, Francesco et Fernanda. Nos enfants, [&hellip;]<\/p>\n","protected":false},"author":1,"featured_media":0,"parent":0,"menu_order":0,"comment_status":"closed","ping_status":"closed","template":"","meta":{"footnotes":""},"class_list":["post-1656","page","type-page","status-publish","hentry"],"yoast_head":"<!-- This site is optimized with the Yoast SEO plugin v24.2 - https:\/\/yoast.com\/wordpress\/plugins\/seo\/ -->\n<title>Masseria Sant&#039;Angelo - Masseria avec restaurant - Salento<\/title>\n<meta name=\"description\" content=\"D\u00e9couvrez la Masseria Sant&#039;Angelo pour vos vacances dans le Salento. Non seulement cela, vous pouvez venir d\u00e9guster nos plats pr\u00e9par\u00e9s avec les produits de la terre.\" \/>\n<meta name=\"robots\" content=\"index, follow, max-snippet:-1, max-image-preview:large, max-video-preview:-1\" \/>\n<link rel=\"canonical\" href=\"https:\/\/www.masseriasantangelo.it\/\" \/>\n<meta property=\"og:locale\" content=\"fr_FR\" \/>\n<meta property=\"og:type\" content=\"article\" \/>\n<meta property=\"og:title\" content=\"Masseria Sant&#039;Angelo - Masseria avec restaurant - Salento\" \/>\n<meta property=\"og:description\" content=\"D\u00e9couvrez la Masseria Sant&#039;Angelo pour vos vacances dans le Salento. Non seulement cela, vous pouvez venir d\u00e9guster nos plats pr\u00e9par\u00e9s avec les produits de la terre.\" \/>\n<meta property=\"og:url\" content=\"https:\/\/www.masseriasantangelo.it\/\" \/>\n<meta property=\"og:site_name\" content=\"Masseria Sant&#039;Angelo\" \/>\n<meta property=\"article:modified_time\" content=\"2023-03-22T07:47:03+00:00\" \/>\n<meta name=\"twitter:card\" content=\"summary_large_image\" \/>\n<meta name=\"twitter:label1\" content=\"Dur\u00e9e de lecture estim\u00e9e\" \/>\n\t<meta name=\"twitter:data1\" content=\"4 minutes\" \/>\n<script type=\"application\/ld+json\" class=\"yoast-schema-graph\">{\"@context\":\"https:\/\/schema.org\",\"@graph\":[{\"@type\":\"WebPage\",\"@id\":\"https:\/\/www.masseriasantangelo.it\/\",\"url\":\"https:\/\/www.masseriasantangelo.it\/\",\"name\":\"Masseria Sant'Angelo - Masseria avec restaurant - Salento\",\"isPartOf\":{\"@id\":\"https:\/\/www.masseriasantangelo.it\/#website\"},\"datePublished\":\"2020-03-13T15:30:38+00:00\",\"dateModified\":\"2023-03-22T07:47:03+00:00\",\"description\":\"D\u00e9couvrez la Masseria Sant'Angelo pour vos vacances dans le Salento. Non seulement cela, vous pouvez venir d\u00e9guster nos plats pr\u00e9par\u00e9s avec les produits de la terre.\",\"breadcrumb\":{\"@id\":\"https:\/\/www.masseriasantangelo.it\/#breadcrumb\"},\"inLanguage\":\"fr-FR\",\"potentialAction\":[{\"@type\":\"ReadAction\",\"target\":[\"https:\/\/www.masseriasantangelo.it\/\"]}]},{\"@type\":\"BreadcrumbList\",\"@id\":\"https:\/\/www.masseriasantangelo.it\/#breadcrumb\",\"itemListElement\":[{\"@type\":\"ListItem\",\"position\":1,\"name\":\"Home\",\"item\":\"https:\/\/www.masseriasantangelo.it\/\"},{\"@type\":\"ListItem\",\"position\":2,\"name\":\"Home\"}]},{\"@type\":\"WebSite\",\"@id\":\"https:\/\/www.masseriasantangelo.it\/#website\",\"url\":\"https:\/\/www.masseriasantangelo.it\/\",\"name\":\"Masseria Sant&#039;Angelo\",\"description\":\"\",\"potentialAction\":[{\"@type\":\"SearchAction\",\"target\":{\"@type\":\"EntryPoint\",\"urlTemplate\":\"https:\/\/www.masseriasantangelo.it\/?s={search_term_string}\"},\"query-input\":{\"@type\":\"PropertyValueSpecification\",\"valueRequired\":true,\"valueName\":\"search_term_string\"}}],\"inLanguage\":\"fr-FR\"}]}<\/script>\n<!-- \/ Yoast SEO plugin. -->","yoast_head_json":{"title":"Masseria Sant'Angelo - Masseria avec restaurant - Salento","description":"D\u00e9couvrez la Masseria Sant'Angelo pour vos vacances dans le Salento. Non seulement cela, vous pouvez venir d\u00e9guster nos plats pr\u00e9par\u00e9s avec les produits de la terre.","robots":{"index":"index","follow":"follow","max-snippet":"max-snippet:-1","max-image-preview":"max-image-preview:large","max-video-preview":"max-video-preview:-1"},"canonical":"https:\/\/www.masseriasantangelo.it\/","og_locale":"fr_FR","og_type":"article","og_title":"Masseria Sant'Angelo - Masseria avec restaurant - Salento","og_description":"D\u00e9couvrez la Masseria Sant'Angelo pour vos vacances dans le Salento. Non seulement cela, vous pouvez venir d\u00e9guster nos plats pr\u00e9par\u00e9s avec les produits de la terre.","og_url":"https:\/\/www.masseriasantangelo.it\/","og_site_name":"Masseria Sant&#039;Angelo","article_modified_time":"2023-03-22T07:47:03+00:00","twitter_card":"summary_large_image","twitter_misc":{"Dur\u00e9e de lecture estim\u00e9e":"4 minutes"},"schema":{"@context":"https:\/\/schema.org","@graph":[{"@type":"WebPage","@id":"https:\/\/www.masseriasantangelo.it\/","url":"https:\/\/www.masseriasantangelo.it\/","name":"Masseria Sant'Angelo - Masseria avec restaurant - Salento","isPartOf":{"@id":"https:\/\/www.masseriasantangelo.it\/#website"},"datePublished":"2020-03-13T15:30:38+00:00","dateModified":"2023-03-22T07:47:03+00:00","description":"D\u00e9couvrez la Masseria Sant'Angelo pour vos vacances dans le Salento. Non seulement cela, vous pouvez venir d\u00e9guster nos plats pr\u00e9par\u00e9s avec les produits de la terre.","breadcrumb":{"@id":"https:\/\/www.masseriasantangelo.it\/#breadcrumb"},"inLanguage":"fr-FR","potentialAction":[{"@type":"ReadAction","target":["https:\/\/www.masseriasantangelo.it\/"]}]},{"@type":"BreadcrumbList","@id":"https:\/\/www.masseriasantangelo.it\/#breadcrumb","itemListElement":[{"@type":"ListItem","position":1,"name":"Home","item":"https:\/\/www.masseriasantangelo.it\/"},{"@type":"ListItem","position":2,"name":"Home"}]},{"@type":"WebSite","@id":"https:\/\/www.masseriasantangelo.it\/#website","url":"https:\/\/www.masseriasantangelo.it\/","name":"Masseria Sant&#039;Angelo","description":"","potentialAction":[{"@type":"SearchAction","target":{"@type":"EntryPoint","urlTemplate":"https:\/\/www.masseriasantangelo.it\/?s={search_term_string}"},"query-input":{"@type":"PropertyValueSpecification","valueRequired":true,"valueName":"search_term_string"}}],"inLanguage":"fr-FR"}]}},"_links":{"self":[{"href":"https:\/\/www.masseriasantangelo.it\/fr\/wp-json\/wp\/v2\/pages\/1656","targetHints":{"allow":["GET"]}}],"collection":[{"href":"https:\/\/www.masseriasantangelo.it\/fr\/wp-json\/wp\/v2\/pages"}],"about":[{"href":"https:\/\/www.masseriasantangelo.it\/fr\/wp-json\/wp\/v2\/types\/page"}],"author":[{"embeddable":true,"href":"https:\/\/www.masseriasantangelo.it\/fr\/wp-json\/wp\/v2\/users\/1"}],"replies":[{"embeddable":true,"href":"https:\/\/www.masseriasantangelo.it\/fr\/wp-json\/wp\/v2\/comments?post=1656"}],"version-history":[{"count":19,"href":"https:\/\/www.masseriasantangelo.it\/fr\/wp-json\/wp\/v2\/pages\/1656\/revisions"}],"predecessor-version":[{"id":10918,"href":"https:\/\/www.masseriasantangelo.it\/fr\/wp-json\/wp\/v2\/pages\/1656\/revisions\/10918"}],"wp:attachment":[{"href":"https:\/\/www.masseriasantangelo.it\/fr\/wp-json\/wp\/v2\/media?parent=1656"}],"curies":[{"name":"wp","href":"https:\/\/api.w.org\/{rel}","templated":true}]}}