{"id":1703,"date":"2020-03-17T16:04:51","date_gmt":"2020-03-17T15:04:51","guid":{"rendered":"https:\/\/www.masseriasantangelo.it\/?page_id=1703"},"modified":"2023-03-22T09:04:00","modified_gmt":"2023-03-22T08:04:00","slug":"the-animals","status":"publish","type":"page","link":"https:\/\/www.masseriasantangelo.it\/en\/the-animals\/","title":{"rendered":"The animals"},"content":{"rendered":"<p>[vc_row css=&#8221;.vc_custom_1582544988454{padding-bottom: 60px !important;}&#8221;][vc_column][vc_empty_space height=&#8221;50px&#8221;][vc_row_inner equal_height=&#8221;yes&#8221;][vc_column_inner el_class=&#8221;quadrante&#8221; width=&#8221;1\/2&#8243;][vc_column_text]<\/p>\n<p class=\"sc_services_item_title pers\">Dogs<\/p>\n<p style=\"text-align: justify;\">The first animal friends you meet as soon as you arrive are our dogs. They approach people to understand who they are and to greet them. They are good and used to children, indeed. they are happy to have them as companions. Nala and Nico<\/p>\n<p>[\/vc_column_text][vc_empty_space height=&#8221;20px&#8221;][vc_images_carousel images=&#8221;1015,1016,1557&#8243; img_size=&#8221;full&#8221; slides_per_view=&#8221;3&#8243; hide_pagination_control=&#8221;yes&#8221; hide_prev_next_buttons=&#8221;yes&#8221;][\/vc_column_inner][vc_column_inner el_class=&#8221;quadrante&#8221; width=&#8221;1\/2&#8243;][vc_column_text]<\/p>\n<p class=\"sc_services_item_title pers\">The goats<\/p>\n<p align=\"justify\">Our small herd of 10 goats is part of the landscape when we take them to graze in the countryside surrounding the farm. In this way they eat very healthy and provide us with their good milk every day. In the spring months they are seen together with the kids.<\/p>\n<p>[\/vc_column_text][vc_empty_space height=&#8221;20px&#8221;][vc_images_carousel images=&#8221;1560,1026,10946,1027,1025,1561&#8243; img_size=&#8221;full&#8221; slides_per_view=&#8221;3&#8243; hide_pagination_control=&#8221;yes&#8221; hide_prev_next_buttons=&#8221;yes&#8221;][\/vc_column_inner][\/vc_row_inner][vc_row_inner equal_height=&#8221;yes&#8221;][vc_column_inner el_class=&#8221;quadrante&#8221; width=&#8221;1\/2&#8243;][vc_column_text]<\/p>\n<p class=\"sc_services_item_title pers\">Horses and donkeys<\/p>\n<p align=\"justify\">The three horses and the two donkey-ladies all live together in the paddock next to the stables and are always intrigued when someone approaches. They collaborate on the educational farm making themselves available to get to into contact with them. For children there are relaxing activities such as gymnastics on horseback, lessons and walks around the farm.<\/p>\n<p>[\/vc_column_text][vc_empty_space height=&#8221;20px&#8221;][vc_images_carousel images=&#8221;10942,1030,10938,1032,1458,1459,1460,1461&#8243; img_size=&#8221;full&#8221; slides_per_view=&#8221;3&#8243; hide_pagination_control=&#8221;yes&#8221; hide_prev_next_buttons=&#8221;yes&#8221; wrap=&#8221;yes&#8221;][\/vc_column_inner][vc_column_inner el_class=&#8221;quadrante&#8221; width=&#8221;1\/2&#8243;][vc_column_text]<\/p>\n<p class=\"sc_services_item_title pers\">Hens and cats<\/p>\n<p align=\"justify\">Hens cannot be missing! A farm without hens cannot be considered as such. Ours, during the day share the paddock with the horses, at night they prefer to enter their box. Cats and kittens are the children\u2019s joy.<\/p>\n<p>[\/vc_column_text][vc_empty_space height=&#8221;20px&#8221;][vc_images_carousel images=&#8221;10950,1499,1500&#8243; img_size=&#8221;full&#8221; slides_per_view=&#8221;3&#8243; hide_pagination_control=&#8221;yes&#8221; hide_prev_next_buttons=&#8221;yes&#8221;][\/vc_column_inner][\/vc_row_inner][\/vc_column][\/vc_row][vc_row full_width=&#8221;stretch_row&#8221; inverse=&#8221;&#8221; css=&#8221;.vc_custom_1582540378129{background-image: url(https:\/\/www.masseriasantangelo.it\/wp-content\/uploads\/2020\/02\/sfondo.jpg?id=872) !important;}&#8221;][vc_column width=&#8221;1\/3&#8243; offset=&#8221;vc_hidden-lg vc_hidden-md vc_hidden-sm vc_hidden-xs&#8221;][vc_empty_space height=&#8221;70px&#8221;][vc_single_image image=&#8221;1049&#8243; img_size=&#8221;full&#8221; alignment=&#8221;center&#8221;][vc_single_image image=&#8221;1052&#8243; img_size=&#8221;full&#8221; alignment=&#8221;center&#8221;][vc_single_image image=&#8221;1463&#8243; img_size=&#8221;full&#8221; alignment=&#8221;center&#8221;][\/vc_column][vc_column width=&#8221;2\/3&#8243; offset=&#8221;vc_hidden-lg vc_hidden-md vc_hidden-sm vc_hidden-xs&#8221;][vc_empty_space height=&#8221;70px&#8221;][vc_column_text]<\/p>\n<p class=\"sc_services_item_title pers\">Emozione Cavallo<\/p>\n<ol>\n<li><strong>PRIMA EMOZIONE<br \/>\nPercorso di avvicinamento individuale e graduale al cavallo<\/strong> per imparare a familiarizzare e relazionarsi con lui in sicurezza e con serenit\u00e0, rispetto e senza paure. Facendo amicizia con il cavallo e accudendo il cavallo capirete la sua natura, il suo ragionamento e il suo comportamento. Affronteree con serenit\u00e0 la<\/li>\n<li><strong>SECONDA EMOZIONE<br \/>\n<\/strong><strong>Guidare il cavallo da terra<\/strong> imparando a essere la guida a cui lui si pu\u00f2 affidare. Vi seguir\u00e0. Sar\u00e0 una bella emozione avere questo essere grande e maestoso accanto a voi e vi sorprender\u00e0 il momento in cui avvertirete che lui aspetta a ricevere le vostre indicazioni per poter seguirvi. Questo significa che dimostrate di aver guadagnato sicurezza e quindi di poterlo guidare (anche se per adesso solo da terra). Con questa consapelvolezza e avendo perso le principali paure, potete affrontare con un atteggiamento rilassato la<\/li>\n<li><strong>TERZA EMOZIONE<br \/>\nS<\/strong><strong>alire e farsi muovere dal cavallo<\/strong>. Certo, non sarete in grado subito a guidarlo anche da sopra, ma il rapporto stabilito prima vi ha dato sicurezza e vi permette di salire senza tensioni negative. Sarete voi a stabilire se ve la sentite gi\u00e0. Una volta saliti con l&#8217;aiuto dell&#8217;operatore, vi affidate al cavallo e all&#8217;operatore che non vi lascer\u00e0 mai soli. Partendo lentamente al passo vi sar\u00e0 dato il tempo necessario per elaborare questa nuova esperienza fino al raggiungimento del rilassamento. Di seguito farete dei semplici esercizi nel ritmo vostro per migliorare l&#8217;equilibrio a cavallo, sempre in sicurezza con il cavallo guidato e al passo.<\/li>\n<\/ol>\n<p>[\/vc_column_text][vc_empty_space height=&#8221;90px&#8221;][\/vc_column][\/vc_row]<\/p>\n","protected":false},"excerpt":{"rendered":"<p>[vc_row css=&#8221;.vc_custom_1582544988454{padding-bottom: 60px !important;}&#8221;][vc_column][vc_empty_space height=&#8221;50px&#8221;][vc_row_inner equal_height=&#8221;yes&#8221;][vc_column_inner el_class=&#8221;quadrante&#8221; width=&#8221;1\/2&#8243;][vc_column_text] Dogs The first animal friends you meet as soon as you arrive are our dogs. They approach people to understand who they are and to greet them. They are good and used to children, indeed. they are happy to have them as companions. Nala and Nico [\/vc_column_text][vc_empty_space [&hellip;]<\/p>\n","protected":false},"author":1,"featured_media":0,"parent":0,"menu_order":0,"comment_status":"closed","ping_status":"closed","template":"","meta":{"footnotes":""},"class_list":["post-1703","page","type-page","status-publish","hentry"],"yoast_head":"<!-- This site is optimized with the Yoast SEO plugin v24.2 - https:\/\/yoast.com\/wordpress\/plugins\/seo\/ -->\n<title>The Animals - Masseria Sant&#039;Angelo - Salento<\/title>\n<meta name=\"description\" content=\"Animals are an important component for Masseria Sant&#039;Angelo. Donkeys, chickens, horses, goats and many others. Find out more.\" \/>\n<meta name=\"robots\" content=\"index, follow, max-snippet:-1, max-image-preview:large, max-video-preview:-1\" \/>\n<link rel=\"canonical\" href=\"https:\/\/www.masseriasantangelo.it\/gli-animali\/\" \/>\n<meta property=\"og:locale\" content=\"en_US\" \/>\n<meta property=\"og:type\" content=\"article\" \/>\n<meta property=\"og:title\" content=\"The Animals - Masseria Sant&#039;Angelo - Salento\" \/>\n<meta property=\"og:description\" content=\"Animals are an important component for Masseria Sant&#039;Angelo. Donkeys, chickens, horses, goats and many others. Find out more.\" \/>\n<meta property=\"og:url\" content=\"https:\/\/www.masseriasantangelo.it\/gli-animali\/\" \/>\n<meta property=\"og:site_name\" content=\"Masseria Sant&#039;Angelo\" \/>\n<meta property=\"article:modified_time\" content=\"2023-03-22T08:04:00+00:00\" \/>\n<meta name=\"twitter:card\" content=\"summary_large_image\" \/>\n<meta name=\"twitter:label1\" content=\"Est. reading time\" \/>\n\t<meta name=\"twitter:data1\" content=\"4 minutes\" \/>\n<script type=\"application\/ld+json\" class=\"yoast-schema-graph\">{\"@context\":\"https:\/\/schema.org\",\"@graph\":[{\"@type\":\"WebPage\",\"@id\":\"https:\/\/www.masseriasantangelo.it\/gli-animali\/\",\"url\":\"https:\/\/www.masseriasantangelo.it\/gli-animali\/\",\"name\":\"The Animals - Masseria Sant'Angelo - Salento\",\"isPartOf\":{\"@id\":\"https:\/\/www.masseriasantangelo.it\/#website\"},\"datePublished\":\"2020-03-17T15:04:51+00:00\",\"dateModified\":\"2023-03-22T08:04:00+00:00\",\"description\":\"Animals are an important component for Masseria Sant'Angelo. Donkeys, chickens, horses, goats and many others. Find out more.\",\"breadcrumb\":{\"@id\":\"https:\/\/www.masseriasantangelo.it\/gli-animali\/#breadcrumb\"},\"inLanguage\":\"en-US\",\"potentialAction\":[{\"@type\":\"ReadAction\",\"target\":[\"https:\/\/www.masseriasantangelo.it\/gli-animali\/\"]}]},{\"@type\":\"BreadcrumbList\",\"@id\":\"https:\/\/www.masseriasantangelo.it\/gli-animali\/#breadcrumb\",\"itemListElement\":[{\"@type\":\"ListItem\",\"position\":1,\"name\":\"Home\",\"item\":\"https:\/\/www.masseriasantangelo.it\/en\/\"},{\"@type\":\"ListItem\",\"position\":2,\"name\":\"The animals\"}]},{\"@type\":\"WebSite\",\"@id\":\"https:\/\/www.masseriasantangelo.it\/#website\",\"url\":\"https:\/\/www.masseriasantangelo.it\/\",\"name\":\"Masseria Sant&#039;Angelo\",\"description\":\"\",\"potentialAction\":[{\"@type\":\"SearchAction\",\"target\":{\"@type\":\"EntryPoint\",\"urlTemplate\":\"https:\/\/www.masseriasantangelo.it\/?s={search_term_string}\"},\"query-input\":{\"@type\":\"PropertyValueSpecification\",\"valueRequired\":true,\"valueName\":\"search_term_string\"}}],\"inLanguage\":\"en-US\"}]}<\/script>\n<!-- \/ Yoast SEO plugin. -->","yoast_head_json":{"title":"The Animals - Masseria Sant'Angelo - Salento","description":"Animals are an important component for Masseria Sant'Angelo. Donkeys, chickens, horses, goats and many others. Find out more.","robots":{"index":"index","follow":"follow","max-snippet":"max-snippet:-1","max-image-preview":"max-image-preview:large","max-video-preview":"max-video-preview:-1"},"canonical":"https:\/\/www.masseriasantangelo.it\/gli-animali\/","og_locale":"en_US","og_type":"article","og_title":"The Animals - Masseria Sant'Angelo - Salento","og_description":"Animals are an important component for Masseria Sant'Angelo. Donkeys, chickens, horses, goats and many others. Find out more.","og_url":"https:\/\/www.masseriasantangelo.it\/gli-animali\/","og_site_name":"Masseria Sant&#039;Angelo","article_modified_time":"2023-03-22T08:04:00+00:00","twitter_card":"summary_large_image","twitter_misc":{"Est. reading time":"4 minutes"},"schema":{"@context":"https:\/\/schema.org","@graph":[{"@type":"WebPage","@id":"https:\/\/www.masseriasantangelo.it\/gli-animali\/","url":"https:\/\/www.masseriasantangelo.it\/gli-animali\/","name":"The Animals - Masseria Sant'Angelo - Salento","isPartOf":{"@id":"https:\/\/www.masseriasantangelo.it\/#website"},"datePublished":"2020-03-17T15:04:51+00:00","dateModified":"2023-03-22T08:04:00+00:00","description":"Animals are an important component for Masseria Sant'Angelo. Donkeys, chickens, horses, goats and many others. Find out more.","breadcrumb":{"@id":"https:\/\/www.masseriasantangelo.it\/gli-animali\/#breadcrumb"},"inLanguage":"en-US","potentialAction":[{"@type":"ReadAction","target":["https:\/\/www.masseriasantangelo.it\/gli-animali\/"]}]},{"@type":"BreadcrumbList","@id":"https:\/\/www.masseriasantangelo.it\/gli-animali\/#breadcrumb","itemListElement":[{"@type":"ListItem","position":1,"name":"Home","item":"https:\/\/www.masseriasantangelo.it\/en\/"},{"@type":"ListItem","position":2,"name":"The animals"}]},{"@type":"WebSite","@id":"https:\/\/www.masseriasantangelo.it\/#website","url":"https:\/\/www.masseriasantangelo.it\/","name":"Masseria Sant&#039;Angelo","description":"","potentialAction":[{"@type":"SearchAction","target":{"@type":"EntryPoint","urlTemplate":"https:\/\/www.masseriasantangelo.it\/?s={search_term_string}"},"query-input":{"@type":"PropertyValueSpecification","valueRequired":true,"valueName":"search_term_string"}}],"inLanguage":"en-US"}]}},"_links":{"self":[{"href":"https:\/\/www.masseriasantangelo.it\/en\/wp-json\/wp\/v2\/pages\/1703","targetHints":{"allow":["GET"]}}],"collection":[{"href":"https:\/\/www.masseriasantangelo.it\/en\/wp-json\/wp\/v2\/pages"}],"about":[{"href":"https:\/\/www.masseriasantangelo.it\/en\/wp-json\/wp\/v2\/types\/page"}],"author":[{"embeddable":true,"href":"https:\/\/www.masseriasantangelo.it\/en\/wp-json\/wp\/v2\/users\/1"}],"replies":[{"embeddable":true,"href":"https:\/\/www.masseriasantangelo.it\/en\/wp-json\/wp\/v2\/comments?post=1703"}],"version-history":[{"count":5,"href":"https:\/\/www.masseriasantangelo.it\/en\/wp-json\/wp\/v2\/pages\/1703\/revisions"}],"predecessor-version":[{"id":10954,"href":"https:\/\/www.masseriasantangelo.it\/en\/wp-json\/wp\/v2\/pages\/1703\/revisions\/10954"}],"wp:attachment":[{"href":"https:\/\/www.masseriasantangelo.it\/en\/wp-json\/wp\/v2\/media?parent=1703"}],"curies":[{"name":"wp","href":"https:\/\/api.w.org\/{rel}","templated":true}]}}