{"id":2352,"date":"2020-02-19T17:34:46","date_gmt":"2020-02-19T16:34:46","guid":{"rendered":"https:\/\/www.masseriasantangelo.it\/preventivo\/"},"modified":"2020-08-24T11:25:53","modified_gmt":"2020-08-24T09:25:53","slug":"zitat","status":"publish","type":"page","link":"https:\/\/www.masseriasantangelo.it\/de\/zitat\/","title":{"rendered":"Zitat"},"content":{"rendered":"<p>[vc_row][vc_column][vc_column_text]<\/p>\n<p style=\"text-align: center;\"><div id=\"formEstimater\" class=\"grid pr-virgil \"><\/div><script type=\"text\/javascript\">\n               window.addEventListener(\"load\", function(event) {\n                  Estimater.init({\n                    selector: \"formEstimater\",\n                    urldomain: \"https:\/\/virgil.masseriasantangelo.it\",\n                    defaultEmail: \"masseriasantangelo@gmail.com\",\n                    thank: \"https:\/\/www.masseriasantangelo.it\/grazie\/\",\n                    lang: \"de\",\n                    siteName: \"\"\n                  });\n                });   \n            <\/script><\/p>\n<p>[\/vc_column_text][\/vc_column][\/vc_row]<\/p>\n","protected":false},"excerpt":{"rendered":"<p>[vc_row][vc_column][vc_column_text][\/vc_column_text][\/vc_column][\/vc_row]<\/p>\n","protected":false},"author":1,"featured_media":0,"parent":0,"menu_order":0,"comment_status":"closed","ping_status":"closed","template":"","meta":{"footnotes":""},"class_list":["post-2352","page","type-page","status-publish","hentry"],"yoast_head":"<!-- This site is optimized with the Yoast SEO plugin v24.2 - https:\/\/yoast.com\/wordpress\/plugins\/seo\/ -->\n<title>Masseria Sant&#039;Angelo - Agriturismo Salento - Online-Kostenvoranschlag<\/title>\n<meta name=\"description\" content=\"In wenigen Sekunden k\u00f6nnen Sie ein kostenloses Angebot f\u00fcr Ihren Urlaub im Salento anfordern und sich f\u00fcr die Masseria Agriturismo Sant&#039;Angelo entscheiden.\" \/>\n<meta name=\"robots\" content=\"index, follow, max-snippet:-1, max-image-preview:large, max-video-preview:-1\" \/>\n<link rel=\"canonical\" href=\"https:\/\/www.masseriasantangelo.it\/preventivo\/\" \/>\n<meta property=\"og:locale\" content=\"de_DE\" \/>\n<meta property=\"og:type\" content=\"article\" \/>\n<meta property=\"og:title\" content=\"Masseria Sant&#039;Angelo - Agriturismo Salento - Online-Kostenvoranschlag\" \/>\n<meta property=\"og:description\" content=\"In wenigen Sekunden k\u00f6nnen Sie ein kostenloses Angebot f\u00fcr Ihren Urlaub im Salento anfordern und sich f\u00fcr die Masseria Agriturismo Sant&#039;Angelo entscheiden.\" \/>\n<meta property=\"og:url\" content=\"https:\/\/www.masseriasantangelo.it\/preventivo\/\" \/>\n<meta property=\"og:site_name\" content=\"Masseria Sant&#039;Angelo\" \/>\n<meta property=\"article:modified_time\" content=\"2020-08-24T09:25:53+00:00\" \/>\n<meta name=\"twitter:card\" content=\"summary_large_image\" \/>\n<script type=\"application\/ld+json\" class=\"yoast-schema-graph\">{\"@context\":\"https:\/\/schema.org\",\"@graph\":[{\"@type\":\"WebPage\",\"@id\":\"https:\/\/www.masseriasantangelo.it\/preventivo\/\",\"url\":\"https:\/\/www.masseriasantangelo.it\/preventivo\/\",\"name\":\"Masseria Sant'Angelo - Agriturismo Salento - Online-Kostenvoranschlag\",\"isPartOf\":{\"@id\":\"https:\/\/www.masseriasantangelo.it\/#website\"},\"datePublished\":\"2020-02-19T16:34:46+00:00\",\"dateModified\":\"2020-08-24T09:25:53+00:00\",\"description\":\"In wenigen Sekunden k\u00f6nnen Sie ein kostenloses Angebot f\u00fcr Ihren Urlaub im Salento anfordern und sich f\u00fcr die Masseria Agriturismo Sant'Angelo entscheiden.\",\"breadcrumb\":{\"@id\":\"https:\/\/www.masseriasantangelo.it\/preventivo\/#breadcrumb\"},\"inLanguage\":\"de\",\"potentialAction\":[{\"@type\":\"ReadAction\",\"target\":[\"https:\/\/www.masseriasantangelo.it\/preventivo\/\"]}]},{\"@type\":\"BreadcrumbList\",\"@id\":\"https:\/\/www.masseriasantangelo.it\/preventivo\/#breadcrumb\",\"itemListElement\":[{\"@type\":\"ListItem\",\"position\":1,\"name\":\"Home\",\"item\":\"https:\/\/www.masseriasantangelo.it\/de\/\"},{\"@type\":\"ListItem\",\"position\":2,\"name\":\"Zitat\"}]},{\"@type\":\"WebSite\",\"@id\":\"https:\/\/www.masseriasantangelo.it\/#website\",\"url\":\"https:\/\/www.masseriasantangelo.it\/\",\"name\":\"Masseria Sant&#039;Angelo\",\"description\":\"\",\"potentialAction\":[{\"@type\":\"SearchAction\",\"target\":{\"@type\":\"EntryPoint\",\"urlTemplate\":\"https:\/\/www.masseriasantangelo.it\/?s={search_term_string}\"},\"query-input\":{\"@type\":\"PropertyValueSpecification\",\"valueRequired\":true,\"valueName\":\"search_term_string\"}}],\"inLanguage\":\"de\"}]}<\/script>\n<!-- \/ Yoast SEO plugin. -->","yoast_head_json":{"title":"Masseria Sant'Angelo - Agriturismo Salento - Online-Kostenvoranschlag","description":"In wenigen Sekunden k\u00f6nnen Sie ein kostenloses Angebot f\u00fcr Ihren Urlaub im Salento anfordern und sich f\u00fcr die Masseria Agriturismo Sant'Angelo entscheiden.","robots":{"index":"index","follow":"follow","max-snippet":"max-snippet:-1","max-image-preview":"max-image-preview:large","max-video-preview":"max-video-preview:-1"},"canonical":"https:\/\/www.masseriasantangelo.it\/preventivo\/","og_locale":"de_DE","og_type":"article","og_title":"Masseria Sant'Angelo - Agriturismo Salento - Online-Kostenvoranschlag","og_description":"In wenigen Sekunden k\u00f6nnen Sie ein kostenloses Angebot f\u00fcr Ihren Urlaub im Salento anfordern und sich f\u00fcr die Masseria Agriturismo Sant'Angelo entscheiden.","og_url":"https:\/\/www.masseriasantangelo.it\/preventivo\/","og_site_name":"Masseria Sant&#039;Angelo","article_modified_time":"2020-08-24T09:25:53+00:00","twitter_card":"summary_large_image","schema":{"@context":"https:\/\/schema.org","@graph":[{"@type":"WebPage","@id":"https:\/\/www.masseriasantangelo.it\/preventivo\/","url":"https:\/\/www.masseriasantangelo.it\/preventivo\/","name":"Masseria Sant'Angelo - Agriturismo Salento - Online-Kostenvoranschlag","isPartOf":{"@id":"https:\/\/www.masseriasantangelo.it\/#website"},"datePublished":"2020-02-19T16:34:46+00:00","dateModified":"2020-08-24T09:25:53+00:00","description":"In wenigen Sekunden k\u00f6nnen Sie ein kostenloses Angebot f\u00fcr Ihren Urlaub im Salento anfordern und sich f\u00fcr die Masseria Agriturismo Sant'Angelo entscheiden.","breadcrumb":{"@id":"https:\/\/www.masseriasantangelo.it\/preventivo\/#breadcrumb"},"inLanguage":"de","potentialAction":[{"@type":"ReadAction","target":["https:\/\/www.masseriasantangelo.it\/preventivo\/"]}]},{"@type":"BreadcrumbList","@id":"https:\/\/www.masseriasantangelo.it\/preventivo\/#breadcrumb","itemListElement":[{"@type":"ListItem","position":1,"name":"Home","item":"https:\/\/www.masseriasantangelo.it\/de\/"},{"@type":"ListItem","position":2,"name":"Zitat"}]},{"@type":"WebSite","@id":"https:\/\/www.masseriasantangelo.it\/#website","url":"https:\/\/www.masseriasantangelo.it\/","name":"Masseria Sant&#039;Angelo","description":"","potentialAction":[{"@type":"SearchAction","target":{"@type":"EntryPoint","urlTemplate":"https:\/\/www.masseriasantangelo.it\/?s={search_term_string}"},"query-input":{"@type":"PropertyValueSpecification","valueRequired":true,"valueName":"search_term_string"}}],"inLanguage":"de"}]}},"_links":{"self":[{"href":"https:\/\/www.masseriasantangelo.it\/de\/wp-json\/wp\/v2\/pages\/2352","targetHints":{"allow":["GET"]}}],"collection":[{"href":"https:\/\/www.masseriasantangelo.it\/de\/wp-json\/wp\/v2\/pages"}],"about":[{"href":"https:\/\/www.masseriasantangelo.it\/de\/wp-json\/wp\/v2\/types\/page"}],"author":[{"embeddable":true,"href":"https:\/\/www.masseriasantangelo.it\/de\/wp-json\/wp\/v2\/users\/1"}],"replies":[{"embeddable":true,"href":"https:\/\/www.masseriasantangelo.it\/de\/wp-json\/wp\/v2\/comments?post=2352"}],"version-history":[{"count":2,"href":"https:\/\/www.masseriasantangelo.it\/de\/wp-json\/wp\/v2\/pages\/2352\/revisions"}],"predecessor-version":[{"id":3443,"href":"https:\/\/www.masseriasantangelo.it\/de\/wp-json\/wp\/v2\/pages\/2352\/revisions\/3443"}],"wp:attachment":[{"href":"https:\/\/www.masseriasantangelo.it\/de\/wp-json\/wp\/v2\/media?parent=2352"}],"curies":[{"name":"wp","href":"https:\/\/api.w.org\/{rel}","templated":true}]}}