{"id":2332,"date":"2020-02-25T15:40:09","date_gmt":"2020-02-25T14:40:09","guid":{"rendered":"https:\/\/www.masseriasantangelo.it\/casette-bilocali-piccole\/"},"modified":"2020-03-26T19:44:49","modified_gmt":"2020-03-26T18:44:49","slug":"kleine-zweizimmerhaeuser","status":"publish","type":"page","link":"https:\/\/www.masseriasantangelo.it\/de\/kleine-zweizimmerhaeuser\/","title":{"rendered":"Kleine Zweizimmerh\u00e4user"},"content":{"rendered":"<p>[vc_row full_width=&#8220;stretch_row&#8220; inverse=&#8220;&#8220; css=&#8220;.vc_custom_1582216479715{background-image: url(https:\/\/www.masseriasantangelo.it\/wp-content\/uploads\/2020\/02\/sfondo.jpg?id=872) !important;background-position: center !important;background-repeat: no-repeat !important;background-size: cover !important;}&#8220; el_class=&#8220;camere&#8220;][vc_column][vc_empty_space height=&#8220;50px&#8220;]<div class=\"sc_section sc_section_block margin_top_large margin_bottom_small aligncenter\" data-animation=\"animated fadeInUp normal\" style=\"camere\"><div class=\"sc_section_inner\"><div class=\"sc_section_content_wrap\"><div class=\"columns_wrap sc_columns columns_nofluid sc_columns_count_2\" style=\"margin-top: -0.8rem;margin-bottom: 6rem;\" data-equal-height=\".sc_column_item\"><div class=\"column-1_2 sc_column_item sc_column_item_1 odd first\"><figure class=\"sc_image  sc_image_shape_round\" style=\"max-width: 196px; margin: auto;\"><a href=\"\/de\/casetta-capra\"><img decoding=\"async\" src=\"https:\/\/www.masseriasantangelo.it\/wp-content\/uploads\/2020\/03\/App-Gallina-Capra-letto-matr_-1-e1585061273456-1.jpg\" alt=\"\" \/><\/a><\/figure><h4 class=\"sc_title sc_title_regular\" style=\"margin-top: 2.3rem;\"><a href=\"\/de\/casetta-capra\/\">Casetta Capra<\/a><\/h4><\/div><div class=\"column-1_2 sc_column_item sc_column_item_2 even\"><figure class=\"sc_image  sc_image_shape_round\" style=\"max-width: 196px; margin: auto;\"><a href=\"\/de\/casetta-gallina\"><img decoding=\"async\" src=\"https:\/\/www.masseriasantangelo.it\/wp-content\/uploads\/2020\/03\/App-Gallina-Capra-veranda_-1-e1585148951277-1.jpg\" alt=\"\" \/><\/a><\/figure><h4 class=\"sc_title sc_title_regular\" style=\"margin-top: 2.3rem;\"><a href=\"\/de\/casetta-gallina\">Casetta Gallina<\/a><\/h4><\/div><\/div><\/div><\/div><\/div>[\/vc_column][\/vc_row]<\/p>\n","protected":false},"excerpt":{"rendered":"<p>[vc_row full_width=&#8220;stretch_row&#8220; inverse=&#8220;&#8220; css=&#8220;.vc_custom_1582216479715{background-image: url(https:\/\/www.masseriasantangelo.it\/wp-content\/uploads\/2020\/02\/sfondo.jpg?id=872) !important;background-position: center !important;background-repeat: no-repeat !important;background-size: cover !important;}&#8220; el_class=&#8220;camere&#8220;][vc_column][vc_empty_space height=&#8220;50px&#8220;][\/vc_column][\/vc_row]<\/p>\n","protected":false},"author":1,"featured_media":0,"parent":0,"menu_order":0,"comment_status":"closed","ping_status":"closed","template":"","meta":{"footnotes":""},"class_list":["post-2332","page","type-page","status-publish","hentry"],"yoast_head":"<!-- This site is optimized with the Yoast SEO plugin v24.2 - https:\/\/yoast.com\/wordpress\/plugins\/seo\/ -->\n<title>Kleine Zweizimmerh\u00e4user - Masseria Sant&#039;Angelo - Salento<\/title>\n<meta name=\"description\" content=\"Entdecken Sie f\u00fcr Ihren Urlaub im Salento die Kleine Zweizimmerh\u00e4user der Masseria Sant&#039;Angelo in Corigliano d&#039;Otranto. Erfahren Sie mehr.\" \/>\n<meta name=\"robots\" content=\"index, follow, max-snippet:-1, max-image-preview:large, max-video-preview:-1\" \/>\n<link rel=\"canonical\" href=\"https:\/\/www.masseriasantangelo.it\/casette-bilocali-piccole\/\" \/>\n<meta property=\"og:locale\" content=\"de_DE\" \/>\n<meta property=\"og:type\" content=\"article\" \/>\n<meta property=\"og:title\" content=\"Kleine Zweizimmerh\u00e4user - Masseria Sant&#039;Angelo - Salento\" \/>\n<meta property=\"og:description\" content=\"Entdecken Sie f\u00fcr Ihren Urlaub im Salento die Kleine Zweizimmerh\u00e4user der Masseria Sant&#039;Angelo in Corigliano d&#039;Otranto. Erfahren Sie mehr.\" \/>\n<meta property=\"og:url\" content=\"https:\/\/www.masseriasantangelo.it\/casette-bilocali-piccole\/\" \/>\n<meta property=\"og:site_name\" content=\"Masseria Sant&#039;Angelo\" \/>\n<meta property=\"article:modified_time\" content=\"2020-03-26T18:44:49+00:00\" \/>\n<meta name=\"twitter:card\" content=\"summary_large_image\" \/>\n<meta name=\"twitter:label1\" content=\"Gesch\u00e4tzte Lesezeit\" \/>\n\t<meta name=\"twitter:data1\" content=\"1\u00a0Minute\" \/>\n<script type=\"application\/ld+json\" class=\"yoast-schema-graph\">{\"@context\":\"https:\/\/schema.org\",\"@graph\":[{\"@type\":\"WebPage\",\"@id\":\"https:\/\/www.masseriasantangelo.it\/casette-bilocali-piccole\/\",\"url\":\"https:\/\/www.masseriasantangelo.it\/casette-bilocali-piccole\/\",\"name\":\"Kleine Zweizimmerh\u00e4user - Masseria Sant'Angelo - Salento\",\"isPartOf\":{\"@id\":\"https:\/\/www.masseriasantangelo.it\/#website\"},\"datePublished\":\"2020-02-25T14:40:09+00:00\",\"dateModified\":\"2020-03-26T18:44:49+00:00\",\"description\":\"Entdecken Sie f\u00fcr Ihren Urlaub im Salento die Kleine Zweizimmerh\u00e4user der Masseria Sant'Angelo in Corigliano d'Otranto. Erfahren Sie mehr.\",\"breadcrumb\":{\"@id\":\"https:\/\/www.masseriasantangelo.it\/casette-bilocali-piccole\/#breadcrumb\"},\"inLanguage\":\"de\",\"potentialAction\":[{\"@type\":\"ReadAction\",\"target\":[\"https:\/\/www.masseriasantangelo.it\/casette-bilocali-piccole\/\"]}]},{\"@type\":\"BreadcrumbList\",\"@id\":\"https:\/\/www.masseriasantangelo.it\/casette-bilocali-piccole\/#breadcrumb\",\"itemListElement\":[{\"@type\":\"ListItem\",\"position\":1,\"name\":\"Home\",\"item\":\"https:\/\/www.masseriasantangelo.it\/de\/\"},{\"@type\":\"ListItem\",\"position\":2,\"name\":\"Kleine Zweizimmerh\u00e4user\"}]},{\"@type\":\"WebSite\",\"@id\":\"https:\/\/www.masseriasantangelo.it\/#website\",\"url\":\"https:\/\/www.masseriasantangelo.it\/\",\"name\":\"Masseria Sant&#039;Angelo\",\"description\":\"\",\"potentialAction\":[{\"@type\":\"SearchAction\",\"target\":{\"@type\":\"EntryPoint\",\"urlTemplate\":\"https:\/\/www.masseriasantangelo.it\/?s={search_term_string}\"},\"query-input\":{\"@type\":\"PropertyValueSpecification\",\"valueRequired\":true,\"valueName\":\"search_term_string\"}}],\"inLanguage\":\"de\"}]}<\/script>\n<!-- \/ Yoast SEO plugin. -->","yoast_head_json":{"title":"Kleine Zweizimmerh\u00e4user - Masseria Sant'Angelo - Salento","description":"Entdecken Sie f\u00fcr Ihren Urlaub im Salento die Kleine Zweizimmerh\u00e4user der Masseria Sant'Angelo in Corigliano d'Otranto. Erfahren Sie mehr.","robots":{"index":"index","follow":"follow","max-snippet":"max-snippet:-1","max-image-preview":"max-image-preview:large","max-video-preview":"max-video-preview:-1"},"canonical":"https:\/\/www.masseriasantangelo.it\/casette-bilocali-piccole\/","og_locale":"de_DE","og_type":"article","og_title":"Kleine Zweizimmerh\u00e4user - Masseria Sant'Angelo - Salento","og_description":"Entdecken Sie f\u00fcr Ihren Urlaub im Salento die Kleine Zweizimmerh\u00e4user der Masseria Sant'Angelo in Corigliano d'Otranto. Erfahren Sie mehr.","og_url":"https:\/\/www.masseriasantangelo.it\/casette-bilocali-piccole\/","og_site_name":"Masseria Sant&#039;Angelo","article_modified_time":"2020-03-26T18:44:49+00:00","twitter_card":"summary_large_image","twitter_misc":{"Gesch\u00e4tzte Lesezeit":"1\u00a0Minute"},"schema":{"@context":"https:\/\/schema.org","@graph":[{"@type":"WebPage","@id":"https:\/\/www.masseriasantangelo.it\/casette-bilocali-piccole\/","url":"https:\/\/www.masseriasantangelo.it\/casette-bilocali-piccole\/","name":"Kleine Zweizimmerh\u00e4user - Masseria Sant'Angelo - Salento","isPartOf":{"@id":"https:\/\/www.masseriasantangelo.it\/#website"},"datePublished":"2020-02-25T14:40:09+00:00","dateModified":"2020-03-26T18:44:49+00:00","description":"Entdecken Sie f\u00fcr Ihren Urlaub im Salento die Kleine Zweizimmerh\u00e4user der Masseria Sant'Angelo in Corigliano d'Otranto. Erfahren Sie mehr.","breadcrumb":{"@id":"https:\/\/www.masseriasantangelo.it\/casette-bilocali-piccole\/#breadcrumb"},"inLanguage":"de","potentialAction":[{"@type":"ReadAction","target":["https:\/\/www.masseriasantangelo.it\/casette-bilocali-piccole\/"]}]},{"@type":"BreadcrumbList","@id":"https:\/\/www.masseriasantangelo.it\/casette-bilocali-piccole\/#breadcrumb","itemListElement":[{"@type":"ListItem","position":1,"name":"Home","item":"https:\/\/www.masseriasantangelo.it\/de\/"},{"@type":"ListItem","position":2,"name":"Kleine Zweizimmerh\u00e4user"}]},{"@type":"WebSite","@id":"https:\/\/www.masseriasantangelo.it\/#website","url":"https:\/\/www.masseriasantangelo.it\/","name":"Masseria Sant&#039;Angelo","description":"","potentialAction":[{"@type":"SearchAction","target":{"@type":"EntryPoint","urlTemplate":"https:\/\/www.masseriasantangelo.it\/?s={search_term_string}"},"query-input":{"@type":"PropertyValueSpecification","valueRequired":true,"valueName":"search_term_string"}}],"inLanguage":"de"}]}},"_links":{"self":[{"href":"https:\/\/www.masseriasantangelo.it\/de\/wp-json\/wp\/v2\/pages\/2332","targetHints":{"allow":["GET"]}}],"collection":[{"href":"https:\/\/www.masseriasantangelo.it\/de\/wp-json\/wp\/v2\/pages"}],"about":[{"href":"https:\/\/www.masseriasantangelo.it\/de\/wp-json\/wp\/v2\/types\/page"}],"author":[{"embeddable":true,"href":"https:\/\/www.masseriasantangelo.it\/de\/wp-json\/wp\/v2\/users\/1"}],"replies":[{"embeddable":true,"href":"https:\/\/www.masseriasantangelo.it\/de\/wp-json\/wp\/v2\/comments?post=2332"}],"version-history":[{"count":5,"href":"https:\/\/www.masseriasantangelo.it\/de\/wp-json\/wp\/v2\/pages\/2332\/revisions"}],"predecessor-version":[{"id":2901,"href":"https:\/\/www.masseriasantangelo.it\/de\/wp-json\/wp\/v2\/pages\/2332\/revisions\/2901"}],"wp:attachment":[{"href":"https:\/\/www.masseriasantangelo.it\/de\/wp-json\/wp\/v2\/media?parent=2332"}],"curies":[{"name":"wp","href":"https:\/\/api.w.org\/{rel}","templated":true}]}}