{"id":2115,"date":"2020-03-20T16:47:41","date_gmt":"2020-03-20T15:47:41","guid":{"rendered":"https:\/\/www.masseriasantangelo.it\/?page_id=2115"},"modified":"2020-03-26T19:13:53","modified_gmt":"2020-03-26T18:13:53","slug":"bildungsfarm","status":"publish","type":"page","link":"https:\/\/www.masseriasantangelo.it\/de\/bildungsfarm\/","title":{"rendered":"Bildungsfarm"},"content":{"rendered":"<p>[vc_row][vc_column][vc_empty_space height=&#8220;60px&#8220;][vc_column_text]<\/p>\n<div class=\"category-desc clearfix\" style=\"text-align: center;\">\n<h2><strong>Aktivit\u00e4ten f\u00fcr Schulen und Gruppen<\/strong><\/h2>\n<\/div>\n<p>[\/vc_column_text][vc_empty_space height=&#8220;20px&#8220;][vc_row_inner][vc_column_inner width=&#8220;1\/2&#8243;][vc_gallery type=&#8220;flexslider_slide&#8220; interval=&#8220;3&#8243; images=&#8220;1506,1188,1189,1190&#8243; img_size=&#8220;500&#215;350&#8243;][\/vc_column_inner][vc_column_inner width=&#8220;1\/2&#8243;][vc_column_text]<\/p>\n<div class=\"category-desc clearfix\" style=\"text-align: center;\">\n<p style=\"text-align: left;\" align=\"justify\">Hier stellen wir Ihnen das Programm \u201eSchule auf dem Bauernhof\u201c vor, um der j\u00fcngeren Generation die Landwirtschaft mit ihrer Geschichte, ihren Traditionen und ihren vielf\u00e4ltigen Funktionen n\u00e4her zu bringen. Die Masseria Sant\u2019Angelo ist ein eingetragener Schulbauernhof der REGION APULIEN.<br \/>\nNachfolgend finden Sie unser Programm. F\u00fcr Informationen kontaktieren Sie uns per E-mail oder telefonisch: 0836 320 575 \/ 338 97 93 329.<\/p>\n<\/div>\n<p>[\/vc_column_text][\/vc_column_inner][\/vc_row_inner][vc_row_inner disable_element=&#8220;yes&#8220;][vc_column_inner][vc_empty_space height=&#8220;20px&#8220;][vc_single_image image=&#8220;1162&#8243; img_size=&#8220;full&#8220; alignment=&#8220;center&#8220; onclick=&#8220;custom_link&#8220; img_link_target=&#8220;_blank&#8220; link=&#8220;\/wp-content\/uploads\/2020\/02\/programma-per-una-giornata-didattica-allegra_new_new.pdf&#8220;][vc_empty_space height=&#8220;20px&#8220;][vc_column_text]<\/p>\n<p style=\"text-align: center;\"><a href=\"\/wp-content\/uploads\/2020\/02\/programma-per-una-giornata-didattica-allegra_new_new.pdf\" download=\"\">Laden Sie das PDF herunter<\/a><\/p>\n<p>[\/vc_column_text][vc_empty_space height=&#8220;60px&#8220;][\/vc_column_inner][\/vc_row_inner][\/vc_column][\/vc_row][vc_row full_width=&#8220;stretch_row&#8220; inverse=&#8220;&#8220; css=&#8220;.vc_custom_1582627569882{padding-top: 60px !important;padding-bottom: 60px !important;background-color: #f4f4f4 !important;}&#8220;][vc_column][vc_column_text]<\/p>\n<div class=\"category-desc clearfix\" style=\"text-align: center;\">\n<h2><strong>Individuelle Aktivit\u00e4ten<\/strong><\/h2>\n<\/div>\n<p>[\/vc_column_text][vc_empty_space height=&#8220;20px&#8220;][vc_row_inner][vc_column_inner width=&#8220;1\/2&#8243;][vc_gallery type=&#8220;flexslider_slide&#8220; interval=&#8220;3&#8243; images=&#8220;1191,1193,1194,1492,1493,1494,1495,1496,1586&#8243; img_size=&#8220;500&#215;350&#8243;][\/vc_column_inner][vc_column_inner width=&#8220;1\/2&#8243;][vc_column_text]Wir schlagen vor:<\/p>\n<ul>\n<li>Besuch der Masseria<\/li>\n<li>Besuch des Freiluftmuseums \u201ePark der Steine\u201c<\/li>\n<li>Kochkurs \u201eCucina Salentina\u201c (w\u00e4hrend der Sommersaison oder f\u00fcr Gruppen)<\/li>\n<li>Teilnahme am Melken und Umgang mit den Tieren<\/li>\n<li>Aktivit\u00e4ten mit Pferden und Eseln f\u00fcr Kinder und Programm f\u00fcr unerfahrene Pferde-Interessierte \u201eEmozione Pferd\u201c<\/li>\n<li>Teilnahme an kulturellen Abenden (folgt uns auf Facebook)<\/li>\n<\/ul>\n<p>[\/vc_column_text][\/vc_column_inner][\/vc_row_inner][vc_column_text]Es liegt in der Natur der Dinge, dass sich bei etwas l\u00e4ngeren Urlauben mehr verschiedene Situationen ergeben, die zum Mitmachen anregen. Das sind dann allt\u00e4gliche oder wiederkehrende Arbeiten an denen Ihr ohne weitere Kosten teilnehmen k\u00f6nnt.<\/p>\n<p>Allen, die an bestimmten Aktivit\u00e4ten interessiert sind, empfehlen wir, uns darauf hin anzusprechen.<\/p>\n<p>Pferdeaktivit\u00e4ten sind in erster Linie f\u00fcr unsere Urlaubsg\u00e4ste geplant und nicht ganzj\u00e4hrig m\u00f6glich. Bei der Anfrage bitte auf das Interesse hinweisen. Beim Reiten gibt es \u2013 aus Sicherheitsgr\u00fcnden \u2013 ein Mindestalter f\u00fcr Kinder (6 \u2013 7 Jahre) und ein H\u00f6chstgewicht von 75 kg f\u00fcr alle. Hier und da kann es mal Ausnahmen je nach meiner (Ulla) Einsch\u00e4tzung der Situation geben.<\/p>\n<p>Kontaktieren Sie uns, um mehr dar\u00fcber zu erfahren: Tel. 0039 388 366 9999 (Ulla).[\/vc_column_text][\/vc_column][\/vc_row][vc_row][vc_column][vc_column_text]<\/p>\n<div class=\"category-desc clearfix\" style=\"text-align: center;\">\n<h2><strong>Steinpark &#8211; ein Freilichtmuseum<\/strong><\/h2>\n<\/div>\n<p>[\/vc_column_text][vc_empty_space height=&#8220;20px&#8220;][vc_row_inner][vc_column_inner width=&#8220;1\/2&#8243;][vc_column_text]Ein Besuch des Park der Steine ist interessant, um die antike Verbindung zwischen Mensch und Stein wiederzuentdecken. Der Stein, ein treuer Partner, der uns im Laufe der Jahrhunderte immer sehr nahe war, gab uns Momente des Gebetes, Unterkunft, Werkzeuge und auch Kunst. Im Park gibt es einen Dolmen, ein Menhir, Artefakte verschiedener Art und einen \u201eTrullo\u201c.<\/p>\n<p>Die einzelnen Objekte werden in vier Sprachen erl\u00e4utert: Italienisch, Grico, Deutsch und Englisch. Es finden F\u00fchrungen f\u00fcr Schulen und andere interessierte Gruppen statt, auch in den einigen Fremdsprachen.[\/vc_column_text][\/vc_column_inner][vc_column_inner width=&#8220;1\/2&#8243;][vc_gallery type=&#8220;flexslider_slide&#8220; interval=&#8220;3&#8243; images=&#8220;1176,1177,1178,1179,1180,1181,1182,1184,1584&#8243; img_size=&#8220;500&#215;350&#8243;][\/vc_column_inner][\/vc_row_inner][vc_row_inner][vc_column_inner width=&#8220;1\/2&#8243;][vc_gallery type=&#8220;flexslider_slide&#8220; interval=&#8220;3&#8243; images=&#8220;1196,1197&#8243; img_size=&#8220;500&#215;350&#8243;][\/vc_column_inner][vc_column_inner width=&#8220;1\/2&#8243;][vc_column_text]Der Taubenturm ist ein typisches Geb\u00e4ude einer gr\u00f6\u00dferen salentinischen Masseria. Er diente der Taubenzucht. Wir haben ihn vor kurzem gebaut, um unser Museum zu bereichern. [\/vc_column_text][\/vc_column_inner][\/vc_row_inner][vc_empty_space height=&#8220;20px&#8220;][\/vc_column][\/vc_row]<\/p>\n","protected":false},"excerpt":{"rendered":"<p>[vc_row][vc_column][vc_empty_space height=&#8220;60px&#8220;][vc_column_text] Aktivit\u00e4ten f\u00fcr Schulen und Gruppen [\/vc_column_text][vc_empty_space height=&#8220;20px&#8220;][vc_row_inner][vc_column_inner width=&#8220;1\/2&#8243;][vc_gallery type=&#8220;flexslider_slide&#8220; interval=&#8220;3&#8243; images=&#8220;1506,1188,1189,1190&#8243; img_size=&#8220;500&#215;350&#8243;][\/vc_column_inner][vc_column_inner width=&#8220;1\/2&#8243;][vc_column_text] Hier stellen wir Ihnen das Programm \u201eSchule auf dem Bauernhof\u201c vor, um der j\u00fcngeren Generation die Landwirtschaft mit ihrer Geschichte, ihren Traditionen und ihren vielf\u00e4ltigen Funktionen n\u00e4her zu bringen. Die Masseria Sant\u2019Angelo ist ein eingetragener Schulbauernhof der REGION APULIEN. Nachfolgend [&hellip;]<\/p>\n","protected":false},"author":1,"featured_media":0,"parent":0,"menu_order":0,"comment_status":"closed","ping_status":"closed","template":"","meta":{"footnotes":""},"class_list":["post-2115","page","type-page","status-publish","hentry"],"yoast_head":"<!-- This site is optimized with the Yoast SEO plugin v24.2 - https:\/\/yoast.com\/wordpress\/plugins\/seo\/ -->\n<title>Bildungsfarm - Bauernhaus Masseria Sant&#039;Angelo - Salento<\/title>\n<meta name=\"description\" content=\"Die Masseria Sant&#039;Angelo versucht, die j\u00fcngeren Generationen der Agrarwelt, ihrer Geschichte, ihren Traditionen n\u00e4her zu bringen. Erfahren Sie mehr.\" \/>\n<meta name=\"robots\" content=\"index, follow, max-snippet:-1, max-image-preview:large, max-video-preview:-1\" \/>\n<link rel=\"canonical\" href=\"https:\/\/www.masseriasantangelo.it\/masseria-didattica\/\" \/>\n<meta property=\"og:locale\" content=\"de_DE\" \/>\n<meta property=\"og:type\" content=\"article\" \/>\n<meta property=\"og:title\" content=\"Bildungsfarm - Bauernhaus Masseria Sant&#039;Angelo - Salento\" \/>\n<meta property=\"og:description\" content=\"Die Masseria Sant&#039;Angelo versucht, die j\u00fcngeren Generationen der Agrarwelt, ihrer Geschichte, ihren Traditionen n\u00e4her zu bringen. Erfahren Sie mehr.\" \/>\n<meta property=\"og:url\" content=\"https:\/\/www.masseriasantangelo.it\/masseria-didattica\/\" \/>\n<meta property=\"og:site_name\" content=\"Masseria Sant&#039;Angelo\" \/>\n<meta property=\"article:modified_time\" content=\"2020-03-26T18:13:53+00:00\" \/>\n<meta name=\"twitter:card\" content=\"summary_large_image\" \/>\n<meta name=\"twitter:label1\" content=\"Gesch\u00e4tzte Lesezeit\" \/>\n\t<meta name=\"twitter:data1\" content=\"3\u00a0Minuten\" \/>\n<script type=\"application\/ld+json\" class=\"yoast-schema-graph\">{\"@context\":\"https:\/\/schema.org\",\"@graph\":[{\"@type\":\"WebPage\",\"@id\":\"https:\/\/www.masseriasantangelo.it\/masseria-didattica\/\",\"url\":\"https:\/\/www.masseriasantangelo.it\/masseria-didattica\/\",\"name\":\"Bildungsfarm - Bauernhaus Masseria Sant'Angelo - Salento\",\"isPartOf\":{\"@id\":\"https:\/\/www.masseriasantangelo.it\/#website\"},\"datePublished\":\"2020-03-20T15:47:41+00:00\",\"dateModified\":\"2020-03-26T18:13:53+00:00\",\"description\":\"Die Masseria Sant'Angelo versucht, die j\u00fcngeren Generationen der Agrarwelt, ihrer Geschichte, ihren Traditionen n\u00e4her zu bringen. Erfahren Sie mehr.\",\"breadcrumb\":{\"@id\":\"https:\/\/www.masseriasantangelo.it\/masseria-didattica\/#breadcrumb\"},\"inLanguage\":\"de\",\"potentialAction\":[{\"@type\":\"ReadAction\",\"target\":[\"https:\/\/www.masseriasantangelo.it\/masseria-didattica\/\"]}]},{\"@type\":\"BreadcrumbList\",\"@id\":\"https:\/\/www.masseriasantangelo.it\/masseria-didattica\/#breadcrumb\",\"itemListElement\":[{\"@type\":\"ListItem\",\"position\":1,\"name\":\"Home\",\"item\":\"https:\/\/www.masseriasantangelo.it\/de\/\"},{\"@type\":\"ListItem\",\"position\":2,\"name\":\"Bildungsfarm\"}]},{\"@type\":\"WebSite\",\"@id\":\"https:\/\/www.masseriasantangelo.it\/#website\",\"url\":\"https:\/\/www.masseriasantangelo.it\/\",\"name\":\"Masseria Sant&#039;Angelo\",\"description\":\"\",\"potentialAction\":[{\"@type\":\"SearchAction\",\"target\":{\"@type\":\"EntryPoint\",\"urlTemplate\":\"https:\/\/www.masseriasantangelo.it\/?s={search_term_string}\"},\"query-input\":{\"@type\":\"PropertyValueSpecification\",\"valueRequired\":true,\"valueName\":\"search_term_string\"}}],\"inLanguage\":\"de\"}]}<\/script>\n<!-- \/ Yoast SEO plugin. -->","yoast_head_json":{"title":"Bildungsfarm - Bauernhaus Masseria Sant'Angelo - Salento","description":"Die Masseria Sant'Angelo versucht, die j\u00fcngeren Generationen der Agrarwelt, ihrer Geschichte, ihren Traditionen n\u00e4her zu bringen. Erfahren Sie mehr.","robots":{"index":"index","follow":"follow","max-snippet":"max-snippet:-1","max-image-preview":"max-image-preview:large","max-video-preview":"max-video-preview:-1"},"canonical":"https:\/\/www.masseriasantangelo.it\/masseria-didattica\/","og_locale":"de_DE","og_type":"article","og_title":"Bildungsfarm - Bauernhaus Masseria Sant'Angelo - Salento","og_description":"Die Masseria Sant'Angelo versucht, die j\u00fcngeren Generationen der Agrarwelt, ihrer Geschichte, ihren Traditionen n\u00e4her zu bringen. Erfahren Sie mehr.","og_url":"https:\/\/www.masseriasantangelo.it\/masseria-didattica\/","og_site_name":"Masseria Sant&#039;Angelo","article_modified_time":"2020-03-26T18:13:53+00:00","twitter_card":"summary_large_image","twitter_misc":{"Gesch\u00e4tzte Lesezeit":"3\u00a0Minuten"},"schema":{"@context":"https:\/\/schema.org","@graph":[{"@type":"WebPage","@id":"https:\/\/www.masseriasantangelo.it\/masseria-didattica\/","url":"https:\/\/www.masseriasantangelo.it\/masseria-didattica\/","name":"Bildungsfarm - Bauernhaus Masseria Sant'Angelo - Salento","isPartOf":{"@id":"https:\/\/www.masseriasantangelo.it\/#website"},"datePublished":"2020-03-20T15:47:41+00:00","dateModified":"2020-03-26T18:13:53+00:00","description":"Die Masseria Sant'Angelo versucht, die j\u00fcngeren Generationen der Agrarwelt, ihrer Geschichte, ihren Traditionen n\u00e4her zu bringen. Erfahren Sie mehr.","breadcrumb":{"@id":"https:\/\/www.masseriasantangelo.it\/masseria-didattica\/#breadcrumb"},"inLanguage":"de","potentialAction":[{"@type":"ReadAction","target":["https:\/\/www.masseriasantangelo.it\/masseria-didattica\/"]}]},{"@type":"BreadcrumbList","@id":"https:\/\/www.masseriasantangelo.it\/masseria-didattica\/#breadcrumb","itemListElement":[{"@type":"ListItem","position":1,"name":"Home","item":"https:\/\/www.masseriasantangelo.it\/de\/"},{"@type":"ListItem","position":2,"name":"Bildungsfarm"}]},{"@type":"WebSite","@id":"https:\/\/www.masseriasantangelo.it\/#website","url":"https:\/\/www.masseriasantangelo.it\/","name":"Masseria Sant&#039;Angelo","description":"","potentialAction":[{"@type":"SearchAction","target":{"@type":"EntryPoint","urlTemplate":"https:\/\/www.masseriasantangelo.it\/?s={search_term_string}"},"query-input":{"@type":"PropertyValueSpecification","valueRequired":true,"valueName":"search_term_string"}}],"inLanguage":"de"}]}},"_links":{"self":[{"href":"https:\/\/www.masseriasantangelo.it\/de\/wp-json\/wp\/v2\/pages\/2115","targetHints":{"allow":["GET"]}}],"collection":[{"href":"https:\/\/www.masseriasantangelo.it\/de\/wp-json\/wp\/v2\/pages"}],"about":[{"href":"https:\/\/www.masseriasantangelo.it\/de\/wp-json\/wp\/v2\/types\/page"}],"author":[{"embeddable":true,"href":"https:\/\/www.masseriasantangelo.it\/de\/wp-json\/wp\/v2\/users\/1"}],"replies":[{"embeddable":true,"href":"https:\/\/www.masseriasantangelo.it\/de\/wp-json\/wp\/v2\/comments?post=2115"}],"version-history":[{"count":5,"href":"https:\/\/www.masseriasantangelo.it\/de\/wp-json\/wp\/v2\/pages\/2115\/revisions"}],"predecessor-version":[{"id":2156,"href":"https:\/\/www.masseriasantangelo.it\/de\/wp-json\/wp\/v2\/pages\/2115\/revisions\/2156"}],"wp:attachment":[{"href":"https:\/\/www.masseriasantangelo.it\/de\/wp-json\/wp\/v2\/media?parent=2115"}],"curies":[{"name":"wp","href":"https:\/\/api.w.org\/{rel}","templated":true}]}}