{"id":2075,"date":"2020-03-20T16:01:41","date_gmt":"2020-03-20T15:01:41","guid":{"rendered":"https:\/\/www.masseriasantangelo.it\/?page_id=2075"},"modified":"2020-03-23T18:55:01","modified_gmt":"2020-03-23T17:55:01","slug":"natuerliche-landwirtschaft","status":"publish","type":"page","link":"https:\/\/www.masseriasantangelo.it\/de\/natuerliche-landwirtschaft\/","title":{"rendered":"Nat\u00fcrliche Landwirtschaft"},"content":{"rendered":"<p>[vc_row full_width=&#8220;stretch_row&#8220; inverse=&#8220;&#8220; css=&#8220;.vc_custom_1582624373485{background-color: #ededed !important;}&#8220; el_class=&#8220;agricoltura-naturale&#8220;][vc_column css=&#8220;.vc_custom_1475060512699{margin-bottom: 4.25em !important;}&#8220;][vc_empty_space height=&#8220;60px&#8220;][vc_column_text]<\/p>\n<p style=\"text-align: center;\">Wir lieben das Leben auf dem Lande und sind froh, dass wir die M\u00f6glichkeit haben, uns von dem zu ern\u00e4hren, was wir anbauen. Unsere Produktion ist f\u00fcr die CUCINA DEL MASSARO, unseren touristischen Bauernhof, den Eigengebrauch und die Verkaufsstelle im Betrieb bestimmt. Wer bei uns Ferien verbringt und sich ein Haus mit K\u00fcche aussucht, kann sich im Garten bedienen.<\/p>\n<p>[\/vc_column_text][vc_empty_space height=&#8220;60px&#8220;][vc_row_inner][vc_column_inner width=&#8220;1\/2&#8243;][vc_single_image image=&#8220;1503&#8243; img_size=&#8220;full&#8220; alignment=&#8220;center&#8220;][vc_column_text]<\/p>\n<p style=\"text-align: center;\"><strong>Saisongem\u00fcse<br \/>\n<\/strong>Fenchel, Paprika, Tomaten, Zwiebeln, kleine Broccoli, K\u00fcrbisse, Erbsen, Artischocken, Auberginen, Zucchini, Rauke, Spinat, Wirsing, Blumenkohl, Peperoni, dicke Bohnen, Getreide<\/p>\n<p>[\/vc_column_text][\/vc_column_inner][vc_column_inner width=&#8220;1\/2&#8243;][vc_single_image image=&#8220;1508&#8243; img_size=&#8220;full&#8220; alignment=&#8220;center&#8220;][vc_column_text]<\/p>\n<p style=\"text-align: center;\" align=\"justify\"><strong>aromatische Kr\u00e4uter<\/strong><br \/>\nOregano, Salbei, Thymian, Rosmarin und viele weitere Wildkr\u00e4uter findet Ihr bei uns auf dem Land. Achtet auf alles, was Ihr bei einem Spaziergang zu Euren F\u00fc\u00dfen findet.<\/p>\n<p>[\/vc_column_text][\/vc_column_inner][\/vc_row_inner][vc_empty_space height=&#8220;50px&#8220;][vc_row_inner][vc_column_inner width=&#8220;1\/2&#8243;][vc_single_image image=&#8220;1515&#8243; img_size=&#8220;full&#8220; alignment=&#8220;center&#8220;][vc_column_text]<\/p>\n<p style=\"text-align: center;\"><strong>Obst<br \/>\n<\/strong>Mandarinen, Zitronen, Erdbeeren, Nespole, Kaki, Tafeltrauben, (ein wenig von jedem) und viele Feigen. Wir haben einen antiken Obstgarten in dem wir lokale Obstvarianten kultivieren, wie den Erdbeerbaum, \u00c4pfel, N\u00fcsse und andere.<\/p>\n<p>[\/vc_column_text][\/vc_column_inner][vc_column_inner width=&#8220;1\/2&#8243;][vc_single_image image=&#8220;1517&#8243; img_size=&#8220;full&#8220; alignment=&#8220;center&#8220;][vc_column_text]<\/p>\n<p style=\"text-align: center;\"><strong>Leguminosen<br \/>\n<\/strong>Wildgem\u00fcse wie Cicora, Paperine, wilder Rucola. Ihr m\u00fcsst herkommen, um es zu probieren. Man kann diese Sorten nicht \u00fcbersetzen?.<\/p>\n<p>[\/vc_column_text][\/vc_column_inner][\/vc_row_inner][vc_empty_space height=&#8220;50px&#8220;][vc_row_inner][vc_column_inner width=&#8220;1\/2&#8243;][vc_single_image image=&#8220;2069&#8243; img_size=&#8220;full&#8220; alignment=&#8220;center&#8220;][vc_column_text]<\/p>\n<p style=\"text-align: center;\"><strong>Ricotta aus Ziegenmilch<br \/>\n<\/strong>Wir produzieren kleine Mengen Feigen-, Zitronen- und Erdbeermarmeladen, aber auch von weniger bekannten mediterranen Fr\u00fcchte, die Sie probieren k\u00f6nnen.<\/p>\n<p>[\/vc_column_text][\/vc_column_inner][vc_column_inner width=&#8220;1\/2&#8243;][\/vc_column_inner][\/vc_row_inner][\/vc_column][\/vc_row]<\/p>\n","protected":false},"excerpt":{"rendered":"<p>[vc_row full_width=&#8220;stretch_row&#8220; inverse=&#8220;&#8220; css=&#8220;.vc_custom_1582624373485{background-color: #ededed !important;}&#8220; el_class=&#8220;agricoltura-naturale&#8220;][vc_column css=&#8220;.vc_custom_1475060512699{margin-bottom: 4.25em !important;}&#8220;][vc_empty_space height=&#8220;60px&#8220;][vc_column_text] Wir lieben das Leben auf dem Lande und sind froh, dass wir die M\u00f6glichkeit haben, uns von dem zu ern\u00e4hren, was wir anbauen. Unsere Produktion ist f\u00fcr die CUCINA DEL MASSARO, unseren touristischen Bauernhof, den Eigengebrauch und die Verkaufsstelle im Betrieb bestimmt. Wer bei [&hellip;]<\/p>\n","protected":false},"author":1,"featured_media":0,"parent":0,"menu_order":0,"comment_status":"closed","ping_status":"closed","template":"","meta":{"footnotes":""},"class_list":["post-2075","page","type-page","status-publish","hentry"],"yoast_head":"<!-- This site is optimized with the Yoast SEO plugin v24.2 - https:\/\/yoast.com\/wordpress\/plugins\/seo\/ -->\n<title>Nat\u00fcrliche Landwirtschaft - Masseria Sant&#039;Angelo - Salento<\/title>\n<meta name=\"description\" content=\"Entdecken Sie alle auf nat\u00fcrliche Weise angebauten landwirtschaftlichen Produkte auf dem Land der Masseria Sant&#039;Angelo in Corigliano d&#039;Otranto im Salento.\" \/>\n<meta name=\"robots\" content=\"index, follow, max-snippet:-1, max-image-preview:large, max-video-preview:-1\" \/>\n<link rel=\"canonical\" href=\"https:\/\/www.masseriasantangelo.it\/agricoltura-naturale\/\" \/>\n<meta property=\"og:locale\" content=\"de_DE\" \/>\n<meta property=\"og:type\" content=\"article\" \/>\n<meta property=\"og:title\" content=\"Nat\u00fcrliche Landwirtschaft - Masseria Sant&#039;Angelo - Salento\" \/>\n<meta property=\"og:description\" content=\"Entdecken Sie alle auf nat\u00fcrliche Weise angebauten landwirtschaftlichen Produkte auf dem Land der Masseria Sant&#039;Angelo in Corigliano d&#039;Otranto im Salento.\" \/>\n<meta property=\"og:url\" content=\"https:\/\/www.masseriasantangelo.it\/agricoltura-naturale\/\" \/>\n<meta property=\"og:site_name\" content=\"Masseria Sant&#039;Angelo\" \/>\n<meta property=\"article:modified_time\" content=\"2020-03-23T17:55:01+00:00\" \/>\n<meta name=\"twitter:card\" content=\"summary_large_image\" \/>\n<meta name=\"twitter:label1\" content=\"Gesch\u00e4tzte Lesezeit\" \/>\n\t<meta name=\"twitter:data1\" content=\"2\u00a0Minuten\" \/>\n<script type=\"application\/ld+json\" class=\"yoast-schema-graph\">{\"@context\":\"https:\/\/schema.org\",\"@graph\":[{\"@type\":\"WebPage\",\"@id\":\"https:\/\/www.masseriasantangelo.it\/agricoltura-naturale\/\",\"url\":\"https:\/\/www.masseriasantangelo.it\/agricoltura-naturale\/\",\"name\":\"Nat\u00fcrliche Landwirtschaft - Masseria Sant'Angelo - Salento\",\"isPartOf\":{\"@id\":\"https:\/\/www.masseriasantangelo.it\/#website\"},\"datePublished\":\"2020-03-20T15:01:41+00:00\",\"dateModified\":\"2020-03-23T17:55:01+00:00\",\"description\":\"Entdecken Sie alle auf nat\u00fcrliche Weise angebauten landwirtschaftlichen Produkte auf dem Land der Masseria Sant'Angelo in Corigliano d'Otranto im Salento.\",\"breadcrumb\":{\"@id\":\"https:\/\/www.masseriasantangelo.it\/agricoltura-naturale\/#breadcrumb\"},\"inLanguage\":\"de\",\"potentialAction\":[{\"@type\":\"ReadAction\",\"target\":[\"https:\/\/www.masseriasantangelo.it\/agricoltura-naturale\/\"]}]},{\"@type\":\"BreadcrumbList\",\"@id\":\"https:\/\/www.masseriasantangelo.it\/agricoltura-naturale\/#breadcrumb\",\"itemListElement\":[{\"@type\":\"ListItem\",\"position\":1,\"name\":\"Home\",\"item\":\"https:\/\/www.masseriasantangelo.it\/de\/\"},{\"@type\":\"ListItem\",\"position\":2,\"name\":\"Nat\u00fcrliche Landwirtschaft\"}]},{\"@type\":\"WebSite\",\"@id\":\"https:\/\/www.masseriasantangelo.it\/#website\",\"url\":\"https:\/\/www.masseriasantangelo.it\/\",\"name\":\"Masseria Sant&#039;Angelo\",\"description\":\"\",\"potentialAction\":[{\"@type\":\"SearchAction\",\"target\":{\"@type\":\"EntryPoint\",\"urlTemplate\":\"https:\/\/www.masseriasantangelo.it\/?s={search_term_string}\"},\"query-input\":{\"@type\":\"PropertyValueSpecification\",\"valueRequired\":true,\"valueName\":\"search_term_string\"}}],\"inLanguage\":\"de\"}]}<\/script>\n<!-- \/ Yoast SEO plugin. -->","yoast_head_json":{"title":"Nat\u00fcrliche Landwirtschaft - Masseria Sant'Angelo - Salento","description":"Entdecken Sie alle auf nat\u00fcrliche Weise angebauten landwirtschaftlichen Produkte auf dem Land der Masseria Sant'Angelo in Corigliano d'Otranto im Salento.","robots":{"index":"index","follow":"follow","max-snippet":"max-snippet:-1","max-image-preview":"max-image-preview:large","max-video-preview":"max-video-preview:-1"},"canonical":"https:\/\/www.masseriasantangelo.it\/agricoltura-naturale\/","og_locale":"de_DE","og_type":"article","og_title":"Nat\u00fcrliche Landwirtschaft - Masseria Sant'Angelo - Salento","og_description":"Entdecken Sie alle auf nat\u00fcrliche Weise angebauten landwirtschaftlichen Produkte auf dem Land der Masseria Sant'Angelo in Corigliano d'Otranto im Salento.","og_url":"https:\/\/www.masseriasantangelo.it\/agricoltura-naturale\/","og_site_name":"Masseria Sant&#039;Angelo","article_modified_time":"2020-03-23T17:55:01+00:00","twitter_card":"summary_large_image","twitter_misc":{"Gesch\u00e4tzte Lesezeit":"2\u00a0Minuten"},"schema":{"@context":"https:\/\/schema.org","@graph":[{"@type":"WebPage","@id":"https:\/\/www.masseriasantangelo.it\/agricoltura-naturale\/","url":"https:\/\/www.masseriasantangelo.it\/agricoltura-naturale\/","name":"Nat\u00fcrliche Landwirtschaft - Masseria Sant'Angelo - Salento","isPartOf":{"@id":"https:\/\/www.masseriasantangelo.it\/#website"},"datePublished":"2020-03-20T15:01:41+00:00","dateModified":"2020-03-23T17:55:01+00:00","description":"Entdecken Sie alle auf nat\u00fcrliche Weise angebauten landwirtschaftlichen Produkte auf dem Land der Masseria Sant'Angelo in Corigliano d'Otranto im Salento.","breadcrumb":{"@id":"https:\/\/www.masseriasantangelo.it\/agricoltura-naturale\/#breadcrumb"},"inLanguage":"de","potentialAction":[{"@type":"ReadAction","target":["https:\/\/www.masseriasantangelo.it\/agricoltura-naturale\/"]}]},{"@type":"BreadcrumbList","@id":"https:\/\/www.masseriasantangelo.it\/agricoltura-naturale\/#breadcrumb","itemListElement":[{"@type":"ListItem","position":1,"name":"Home","item":"https:\/\/www.masseriasantangelo.it\/de\/"},{"@type":"ListItem","position":2,"name":"Nat\u00fcrliche Landwirtschaft"}]},{"@type":"WebSite","@id":"https:\/\/www.masseriasantangelo.it\/#website","url":"https:\/\/www.masseriasantangelo.it\/","name":"Masseria Sant&#039;Angelo","description":"","potentialAction":[{"@type":"SearchAction","target":{"@type":"EntryPoint","urlTemplate":"https:\/\/www.masseriasantangelo.it\/?s={search_term_string}"},"query-input":{"@type":"PropertyValueSpecification","valueRequired":true,"valueName":"search_term_string"}}],"inLanguage":"de"}]}},"_links":{"self":[{"href":"https:\/\/www.masseriasantangelo.it\/de\/wp-json\/wp\/v2\/pages\/2075","targetHints":{"allow":["GET"]}}],"collection":[{"href":"https:\/\/www.masseriasantangelo.it\/de\/wp-json\/wp\/v2\/pages"}],"about":[{"href":"https:\/\/www.masseriasantangelo.it\/de\/wp-json\/wp\/v2\/types\/page"}],"author":[{"embeddable":true,"href":"https:\/\/www.masseriasantangelo.it\/de\/wp-json\/wp\/v2\/users\/1"}],"replies":[{"embeddable":true,"href":"https:\/\/www.masseriasantangelo.it\/de\/wp-json\/wp\/v2\/comments?post=2075"}],"version-history":[{"count":4,"href":"https:\/\/www.masseriasantangelo.it\/de\/wp-json\/wp\/v2\/pages\/2075\/revisions"}],"predecessor-version":[{"id":2180,"href":"https:\/\/www.masseriasantangelo.it\/de\/wp-json\/wp\/v2\/pages\/2075\/revisions\/2180"}],"wp:attachment":[{"href":"https:\/\/www.masseriasantangelo.it\/de\/wp-json\/wp\/v2\/media?parent=2075"}],"curies":[{"name":"wp","href":"https:\/\/api.w.org\/{rel}","templated":true}]}}