{"id":1994,"date":"2020-03-20T14:55:02","date_gmt":"2020-03-20T13:55:02","guid":{"rendered":"https:\/\/www.masseriasantangelo.it\/?page_id=1994"},"modified":"2020-03-26T19:22:24","modified_gmt":"2020-03-26T18:22:24","slug":"casetta-ficalindia","status":"publish","type":"page","link":"https:\/\/www.masseriasantangelo.it\/de\/casetta-ficalindia\/","title":{"rendered":"Casetta Ficalindia"},"content":{"rendered":"<p>[vc_row full_width=&#8220;stretch_row&#8220; inverse=&#8220;&#8220; el_id=&#8220;sfondocamera&#8220;][vc_column css=&#8220;.vc_custom_1475060512699{margin-bottom: 4.25em !important;}&#8220;][vc_empty_space height=&#8220;70px&#8220;][vc_row_inner][vc_column_inner width=&#8220;2\/3&#8243;][vc_column_text]\n\t\t<!-- MasterSlider -->\n\t\t<div id=\"P_MS69e2155b2c04e\" class=\"master-slider-parent msl ms-parent-id-4\" style=\"max-width:800px;\">\n\n\t\t\t\n\t\t\t<!-- MasterSlider Main -->\n\t\t\t<div id=\"MS69e2155b2c04e\" class=\"master-slider ms-skin-default\" >\n\t\t\t\t \t\t\t\t \n\t\t\t\t<div  class=\"ms-slide\" data-delay=\"3\" data-fill-mode=\"fill\"  >\n\t\t\t\t\t<img decoding=\"async\" src=\"https:\/\/www.masseriasantangelo.it\/wp-content\/plugins\/master-slider\/public\/assets\/css\/blank.gif\" alt=\"\" title=\"\" data-src=\"https:\/\/www.masseriasantangelo.it\/wp-content\/uploads\/2020\/02\/004-casetta-monolocale-fica-d-india-agriturismo-masseria-sant-angelo-corigliano-d-otranto-salento.jpg\" \/>\n\n\n\t<img decoding=\"async\" class=\"ms-thumb\" src=\"https:\/\/www.masseriasantangelo.it\/wp-content\/uploads\/2020\/02\/004-casetta-monolocale-fica-d-india-agriturismo-masseria-sant-angelo-corigliano-d-otranto-salento-140x80.jpg\" alt=\"\" \/>\n\t<div class=\"ms-thumb\" ><div class=\"ms-tab-context\"><div class=&quot;ms-tab-context&quot;><\/div><\/div>\n<\/div>\n\t\t\t\t<\/div>\n\t\t\t\t<div  class=\"ms-slide\" data-delay=\"3\" data-fill-mode=\"fill\"  >\n\t\t\t\t\t<img decoding=\"async\" src=\"https:\/\/www.masseriasantangelo.it\/wp-content\/plugins\/master-slider\/public\/assets\/css\/blank.gif\" alt=\"\" title=\"\" data-src=\"https:\/\/www.masseriasantangelo.it\/wp-content\/uploads\/2020\/02\/001-casetta-monolocale-fica-d-india-agriturismo-masseria-sant-angelo-corigliano-d-otranto-salento.jpg\" \/>\n\n\n\t<img decoding=\"async\" class=\"ms-thumb\" src=\"https:\/\/www.masseriasantangelo.it\/wp-content\/uploads\/2020\/02\/001-casetta-monolocale-fica-d-india-agriturismo-masseria-sant-angelo-corigliano-d-otranto-salento-140x80.jpg\" alt=\"\" \/>\n\t<div class=\"ms-thumb\" ><div class=\"ms-tab-context\"><div class=&quot;ms-tab-context&quot;><\/div><\/div>\n<\/div>\n\t\t\t\t<\/div>\n\t\t\t\t<div  class=\"ms-slide\" data-delay=\"3\" data-fill-mode=\"fill\"  >\n\t\t\t\t\t<img decoding=\"async\" src=\"https:\/\/www.masseriasantangelo.it\/wp-content\/plugins\/master-slider\/public\/assets\/css\/blank.gif\" alt=\"\" title=\"\" data-src=\"https:\/\/www.masseriasantangelo.it\/wp-content\/uploads\/2020\/02\/002-casetta-monolocale-fica-d-india-agriturismo-masseria-sant-angelo-corigliano-d-otranto-salento.jpg\" \/>\n\n\n\t<img decoding=\"async\" class=\"ms-thumb\" src=\"https:\/\/www.masseriasantangelo.it\/wp-content\/uploads\/2020\/02\/002-casetta-monolocale-fica-d-india-agriturismo-masseria-sant-angelo-corigliano-d-otranto-salento-140x80.jpg\" alt=\"\" \/>\n\t<div class=\"ms-thumb\" ><div class=\"ms-tab-context\"><div class=&quot;ms-tab-context&quot;><\/div><\/div>\n<\/div>\n\t\t\t\t<\/div>\n\t\t\t\t<div  class=\"ms-slide\" data-delay=\"3\" data-fill-mode=\"fill\"  >\n\t\t\t\t\t<img decoding=\"async\" src=\"https:\/\/www.masseriasantangelo.it\/wp-content\/plugins\/master-slider\/public\/assets\/css\/blank.gif\" alt=\"\" title=\"\" data-src=\"https:\/\/www.masseriasantangelo.it\/wp-content\/uploads\/2020\/02\/003-casetta-monolocale-fica-d-india-agriturismo-masseria-sant-angelo-corigliano-d-otranto-salento.jpg\" \/>\n\n\n\t<img decoding=\"async\" class=\"ms-thumb\" src=\"https:\/\/www.masseriasantangelo.it\/wp-content\/uploads\/2020\/02\/003-casetta-monolocale-fica-d-india-agriturismo-masseria-sant-angelo-corigliano-d-otranto-salento-140x80.jpg\" alt=\"\" \/>\n\t<div class=\"ms-thumb\" ><div class=\"ms-tab-context\"><div class=&quot;ms-tab-context&quot;><\/div><\/div>\n<\/div>\n\t\t\t\t<\/div>\n\t\t\t\t<div  class=\"ms-slide\" data-delay=\"3\" data-fill-mode=\"fill\"  >\n\t\t\t\t\t<img decoding=\"async\" src=\"https:\/\/www.masseriasantangelo.it\/wp-content\/plugins\/master-slider\/public\/assets\/css\/blank.gif\" alt=\"\" title=\"\" data-src=\"https:\/\/www.masseriasantangelo.it\/wp-content\/uploads\/2020\/02\/005-casetta-monolocale-fica-d-india-agriturismo-masseria-sant-angelo-corigliano-d-otranto-salento.jpg\" \/>\n\n\n\t<img decoding=\"async\" class=\"ms-thumb\" src=\"https:\/\/www.masseriasantangelo.it\/wp-content\/uploads\/2020\/02\/005-casetta-monolocale-fica-d-india-agriturismo-masseria-sant-angelo-corigliano-d-otranto-salento-140x80.jpg\" alt=\"\" \/>\n\t<div class=\"ms-thumb\" ><div class=\"ms-tab-context\"><div class=&quot;ms-tab-context&quot;><\/div><\/div>\n<\/div>\n\t\t\t\t<\/div>\n\n\t\t\t<\/div>\n\t\t\t<!-- END MasterSlider Main -->\n\n\t\t\t \n\t\t<\/div>\n\t\t<!-- END MasterSlider -->\n\n\t\t<script>\n\t\t(function ( $ ) {\n\t\t\t\"use strict\";\n\n\t\t\t$(function () {\n\t\t\t\tvar masterslider_c04e = new MasterSlider();\n\n\t\t\t\t\/\/ slider controls\n\t\t\t\tmasterslider_c04e.control('arrows'     ,{ autohide:false, overVideo:true  });\t\t\t\tmasterslider_c04e.control('bullets'    ,{ autohide:false, overVideo:true, dir:'h', align:'bottom' , margin:10  });\n\n\t\t\t\tmasterslider_c04e.control('thumblist'  ,{ autohide:false, overVideo:true, dir:'h', speed:17, inset:false, arrows:false, hover:false, customClass:'', align:'bottom',type:'thumbs', margin:5, width:140, height:80, space:5, fillMode:'fill'  });\n\t\t\t\t\/\/ slider setup\n\t\t\t\tmasterslider_c04e.setup(\"MS69e2155b2c04e\", {\n\t\t\t\t\t\twidth           : 800,\n\t\t\t\t\t\theight          : 480,\n\t\t\t\t\t\tminHeight       : 0,\n\t\t\t\t\t\tspace           : 0,\n\t\t\t\t\t\tstart           : 1,\n\t\t\t\t\t\tgrabCursor      : true,\n\t\t\t\t\t\tswipe           : true,\n\t\t\t\t\t\tmouse           : true,\n\t\t\t\t\t\tlayout          : \"boxed\",\n\t\t\t\t\t\twheel           : false,\n\t\t\t\t\t\tautoplay        : false,\n\t\t\t\t\t\tinstantStartLayers:false,\n\t\t\t\t\t\tloop            : true,\n\t\t\t\t\t\tshuffle         : false,\n\t\t\t\t\t\tpreload         : 0,\n\t\t\t\t\t\theightLimit     : true,\n\t\t\t\t\t\tautoHeight      : false,\n\t\t\t\t\t\tsmoothHeight    : true,\n\t\t\t\t\t\tendPause        : false,\n\t\t\t\t\t\toverPause       : true,\n\t\t\t\t\t\tfillMode        : \"fill\",\n\t\t\t\t\t\tcenterControls  : true,\n\t\t\t\t\t\tstartOnAppear   : false,\n\t\t\t\t\t\tlayersMode      : \"center\",\n\t\t\t\t\t\thideLayers      : false,\n\t\t\t\t\t\tfullscreenMargin: 0,\n\t\t\t\t\t\tspeed           : 20,\n\t\t\t\t\t\tdir             : \"h\",\n\t\t\t\t\t\tparallaxMode    : 'swipe',\n\t\t\t\t\t\tview            : \"basic\"\n\t\t\t\t});\n\n\t\t\t\t\n\t\t\t\twindow.masterslider_instances = window.masterslider_instances || [];\n\t\t\t\twindow.masterslider_instances.push( masterslider_c04e );\n\t\t\t });\n\n\t\t})(jQuery);\n\t\t<\/script>\n\n[\/vc_column_text][\/vc_column_inner][vc_column_inner width=&#8220;1\/3&#8243;][vc_widget_sidebar sidebar_id=&#8220;sidestruttura&#8220;][\/vc_column_inner][\/vc_row_inner][vc_empty_space height=&#8220;60px&#8220;][vc_tta_tabs active_section=&#8220;1&#8243; el_id=&#8220;tab-struttura&#8220;][vc_tta_section title=&#8220;Beschreibung&#8220; tab_id=&#8220;descrizione&#8220;][vc_column_text]<\/p>\n<p align=\"justify\">Doppelzimmer (16 qm) mit Bad mit Dusche, Waschbecken, WC, Bidet, Klimaanlage. \u00dcberdachte Veranda mit Aussenk\u00fcche Ecke, Tisch und B\u00e4nke, Liegest\u00fchle.<\/p>\n<p>[\/vc_column_text][\/vc_tta_section][vc_tta_section title=&#8220;Dienstleistungen&#8220; tab_id=&#8220;servizi&#8220;][vc_column_text]Alle Zimmer sind mit F\u00f6n, Seife, Dusche und Shampoo ausgestattet.<\/p>\n<p>Die ZIMMERPREISE enthalten folgende Leistungen:<\/p>\n<ul>\n<li>Fr\u00fchst\u00fcck, in den kalten Monaten eventuell auf das Zimmer serviert<\/li>\n<li>Bereitstellung von Handt\u00fcchern zweimal w\u00f6chentlich und Bettw\u00e4sche w\u00f6chtentlich, Heizung in den Wintermonaten, Verbrauch von Energie und Wasser, Klimaanlage bei Anwesenheit der G\u00e4ste im Zimmer.<\/li>\n<li>t\u00e4gliche Zimmerreinigung nach der zweiten \u00dcbernachtung<\/li>\n<li>Kinder bis 3 Jahre sind unsere G\u00e4ste und \u00fcbernachten kostenlos, haben aber keinen Anspruch auf ein Zustellbett<\/li>\n<li>Kostenloses WLAN im Empfangsbereich<\/li>\n<\/ul>\n<p>[\/vc_column_text][\/vc_tta_section][vc_tta_section title=&#8220;Zus\u00e4tzliche Informationen&#8220; tab_id=&#8220;extra&#8220;][vc_column_text]<strong>EXTRA:<\/strong><\/p>\n<p>Zustellbett \u00a0\u00a0\u00a0\u00a0\u00a0\u00a0\u00a0\u00a0\u00a0\u00a0\u00a0\u00a0\u00a0\u00a0\u00a0\u00a0\u00a0\u00a0\u00a0\u00a0\u00a0\u00a0\u00a0\u00a0\u00a0\u00a0\u00a0\u00a0\u00a0\u00a0\u00a0\u00a0\u00a0\u00a0\u00a0\u00a0\u00a0\u00a0\u00a0\u00a0\u00a0\u00a0 20,- Euro \/ Tag<br \/>\nKinderbett im Doppelzimmer \u00a0\u00a0\u00a0\u00a0\u00a0\u00a0\u00a0\u00a0\u00a0\u00a0\u00a0\u00a0\u00a0\u00a0\u00a0 15,- \u20ac f\u00fcr 1 &#8211; 3 N\u00e4chte, f\u00fcr l\u00e4ngere Aufenthalte 5,- \u20ac pro Nacht<br \/>\nHunde (auf Anfrage)\u00a0\u00a0\u00a0\u00a0\u00a0\u00a0\u00a0\u00a0\u00a0\u00a0\u00a0\u00a0 \u00a0\u00a0\u00a0\u00a0\u00a0\u00a0\u00a0\u00a0\u00a0\u00a0\u00a0\u00a0\u00a0\u00a0\u00a0\u00a0 10,- \u20ac f\u00fcr das Wochenende, 20,- \u20ac pro Woche<\/p>\n<p>Diese Preise k\u00f6nnen sich geringf\u00fcgig \u00e4ndern. Bitte anfragen.<\/p>\n<p><strong>Check-in:\u00a0\u00a0\u00a0\u00a0 \u00a0\u00a0\u00a0\u00a0 ab 15:30\u00a0 &#8211;\u00a0 20:00 (in der Nebensaison auch morgens, sprechen Sie uns an)<\/strong><br \/>\n<strong>Check-out:\u00a0\u00a0 \u00a0\u00a0\u00a0\u00a0 um 10:00 Uhr (in der Nebensaison fallweise auch sp\u00e4ter)<\/strong><\/p>\n<p>Und Sie sollten wissen: Zwei Kinder bis zum Alter von drei Jahren gelten als ein zahlendes Kind. Es w\u00fcrde ein Dreibettzimmer berechnet.[\/vc_column_text][\/vc_tta_section][\/vc_tta_tabs]<div class=\"sc_section camere sc_section_block margin_top_small margin_bottom_small alignleft\" data-animation=\"animated fadeInUp normal\"><div class=\"sc_section_inner\"><h2 class=\"sc_section_title sc_item_title sc_item_title_without_descr\">Andere R\u00e4ume und H\u00e4user<span><\/span><\/h2><div class=\"sc_section_content_wrap\"><div class=\"columns_wrap sc_columns columns_nofluid sc_columns_count_2\" style=\"margin-top: -0.8rem;margin-bottom: 6rem;\"><div class=\"column-1_2 sc_column_item sc_column_item_1 odd first\"><figure class=\"sc_image  sc_image_shape_round\" style=\"max-width: 196px; margin: auto;\"><a href=\"\/de\/camera-sole\/\"><img decoding=\"async\" src=\"https:\/\/www.masseriasantangelo.it\/wp-content\/uploads\/2020\/02\/003-camera-matrimoniale-sole-agriturismo-masseria-sant-angelo-corigliano-d-otranto-salento.jpg\" alt=\"\" \/><\/a><\/figure><h4 class=\"sc_title sc_title_regular\" style=\"margin-top: 2.3rem;\"><\/p>\n<p style=\"text-align: center;\"><a href=\"\/de\/camera-sole\/\">Camera Sole<\/a><\/p>\n<p><\/h4><\/div><div class=\"column-1_2 sc_column_item sc_column_item_2 even\"><figure class=\"sc_image  sc_image_shape_round\" style=\"max-width: 196px; margin: auto;\"><a href=\"\/de\/camera-sposi\/\"><img decoding=\"async\" src=\"https:\/\/www.masseriasantangelo.it\/wp-content\/uploads\/2020\/02\/002-camera-matrimoniale-sposi-agriturismo-masseria-sant-angelo-corigliano-d-otranto-salento.jpg\" alt=\"\" \/><\/a><\/figure><h4 class=\"sc_title sc_title_regular\" style=\"margin-top: 2.3rem;\"><\/p>\n<p style=\"text-align: center;\"><a href=\"\/de\/camera-sposi\/\">Camera Sposi<\/a><\/p>\n<p><\/h4><\/div><\/div><\/div><\/div><\/div>[\/vc_column][\/vc_row]<\/p>\n","protected":false},"excerpt":{"rendered":"<p>[vc_row full_width=&#8220;stretch_row&#8220; inverse=&#8220;&#8220; el_id=&#8220;sfondocamera&#8220;][vc_column css=&#8220;.vc_custom_1475060512699{margin-bottom: 4.25em !important;}&#8220;][vc_empty_space height=&#8220;70px&#8220;][vc_row_inner][vc_column_inner width=&#8220;2\/3&#8243;][vc_column_text][\/vc_column_text][\/vc_column_inner][vc_column_inner width=&#8220;1\/3&#8243;][vc_widget_sidebar sidebar_id=&#8220;sidestruttura&#8220;][\/vc_column_inner][\/vc_row_inner][vc_empty_space height=&#8220;60px&#8220;][vc_tta_tabs active_section=&#8220;1&#8243; el_id=&#8220;tab-struttura&#8220;][vc_tta_section title=&#8220;Beschreibung&#8220; tab_id=&#8220;descrizione&#8220;][vc_column_text] Doppelzimmer (16 qm) mit Bad mit Dusche, Waschbecken, WC, Bidet, Klimaanlage. \u00dcberdachte Veranda mit Aussenk\u00fcche Ecke, Tisch und B\u00e4nke, Liegest\u00fchle. [\/vc_column_text][\/vc_tta_section][vc_tta_section title=&#8220;Dienstleistungen&#8220; tab_id=&#8220;servizi&#8220;][vc_column_text]Alle Zimmer sind mit F\u00f6n, Seife, Dusche und Shampoo ausgestattet. Die ZIMMERPREISE enthalten folgende Leistungen: Fr\u00fchst\u00fcck, in [&hellip;]<\/p>\n","protected":false},"author":1,"featured_media":0,"parent":0,"menu_order":0,"comment_status":"closed","ping_status":"closed","template":"","meta":{"footnotes":""},"class_list":["post-1994","page","type-page","status-publish","hentry"],"yoast_head":"<!-- This site is optimized with the Yoast SEO plugin v24.2 - https:\/\/yoast.com\/wordpress\/plugins\/seo\/ -->\n<title>Casetta Ficalindia - Masseria Sant&#039;Angelo - Salento (Italien)<\/title>\n<meta name=\"description\" content=\"Entdecken Sie f\u00fcr Ihren Urlaub im Salento die Casetta Ficalindia der Masseria Sant&#039;Angelo in Corigliano d&#039;Otranto. Erfahren Sie mehr.\" \/>\n<meta name=\"robots\" content=\"index, follow, max-snippet:-1, max-image-preview:large, max-video-preview:-1\" \/>\n<link rel=\"canonical\" href=\"https:\/\/www.masseriasantangelo.it\/casetta-ficalindia\/\" \/>\n<meta property=\"og:locale\" content=\"de_DE\" \/>\n<meta property=\"og:type\" content=\"article\" \/>\n<meta property=\"og:title\" content=\"Casetta Ficalindia - Masseria Sant&#039;Angelo - Salento (Italien)\" \/>\n<meta property=\"og:description\" content=\"Entdecken Sie f\u00fcr Ihren Urlaub im Salento die Casetta Ficalindia der Masseria Sant&#039;Angelo in Corigliano d&#039;Otranto. Erfahren Sie mehr.\" \/>\n<meta property=\"og:url\" content=\"https:\/\/www.masseriasantangelo.it\/casetta-ficalindia\/\" \/>\n<meta property=\"og:site_name\" content=\"Masseria Sant&#039;Angelo\" \/>\n<meta property=\"article:modified_time\" content=\"2020-03-26T18:22:24+00:00\" \/>\n<meta name=\"twitter:card\" content=\"summary_large_image\" \/>\n<meta name=\"twitter:label1\" content=\"Gesch\u00e4tzte Lesezeit\" \/>\n\t<meta name=\"twitter:data1\" content=\"2\u00a0Minuten\" \/>\n<script type=\"application\/ld+json\" class=\"yoast-schema-graph\">{\"@context\":\"https:\/\/schema.org\",\"@graph\":[{\"@type\":\"WebPage\",\"@id\":\"https:\/\/www.masseriasantangelo.it\/casetta-ficalindia\/\",\"url\":\"https:\/\/www.masseriasantangelo.it\/casetta-ficalindia\/\",\"name\":\"Casetta Ficalindia - Masseria Sant'Angelo - Salento (Italien)\",\"isPartOf\":{\"@id\":\"https:\/\/www.masseriasantangelo.it\/#website\"},\"datePublished\":\"2020-03-20T13:55:02+00:00\",\"dateModified\":\"2020-03-26T18:22:24+00:00\",\"description\":\"Entdecken Sie f\u00fcr Ihren Urlaub im Salento die Casetta Ficalindia der Masseria Sant'Angelo in Corigliano d'Otranto. Erfahren Sie mehr.\",\"breadcrumb\":{\"@id\":\"https:\/\/www.masseriasantangelo.it\/casetta-ficalindia\/#breadcrumb\"},\"inLanguage\":\"de\",\"potentialAction\":[{\"@type\":\"ReadAction\",\"target\":[\"https:\/\/www.masseriasantangelo.it\/casetta-ficalindia\/\"]}]},{\"@type\":\"BreadcrumbList\",\"@id\":\"https:\/\/www.masseriasantangelo.it\/casetta-ficalindia\/#breadcrumb\",\"itemListElement\":[{\"@type\":\"ListItem\",\"position\":1,\"name\":\"Home\",\"item\":\"https:\/\/www.masseriasantangelo.it\/de\/\"},{\"@type\":\"ListItem\",\"position\":2,\"name\":\"Casetta Ficalindia\"}]},{\"@type\":\"WebSite\",\"@id\":\"https:\/\/www.masseriasantangelo.it\/#website\",\"url\":\"https:\/\/www.masseriasantangelo.it\/\",\"name\":\"Masseria Sant&#039;Angelo\",\"description\":\"\",\"potentialAction\":[{\"@type\":\"SearchAction\",\"target\":{\"@type\":\"EntryPoint\",\"urlTemplate\":\"https:\/\/www.masseriasantangelo.it\/?s={search_term_string}\"},\"query-input\":{\"@type\":\"PropertyValueSpecification\",\"valueRequired\":true,\"valueName\":\"search_term_string\"}}],\"inLanguage\":\"de\"}]}<\/script>\n<!-- \/ Yoast SEO plugin. -->","yoast_head_json":{"title":"Casetta Ficalindia - Masseria Sant'Angelo - Salento (Italien)","description":"Entdecken Sie f\u00fcr Ihren Urlaub im Salento die Casetta Ficalindia der Masseria Sant'Angelo in Corigliano d'Otranto. Erfahren Sie mehr.","robots":{"index":"index","follow":"follow","max-snippet":"max-snippet:-1","max-image-preview":"max-image-preview:large","max-video-preview":"max-video-preview:-1"},"canonical":"https:\/\/www.masseriasantangelo.it\/casetta-ficalindia\/","og_locale":"de_DE","og_type":"article","og_title":"Casetta Ficalindia - Masseria Sant'Angelo - Salento (Italien)","og_description":"Entdecken Sie f\u00fcr Ihren Urlaub im Salento die Casetta Ficalindia der Masseria Sant'Angelo in Corigliano d'Otranto. Erfahren Sie mehr.","og_url":"https:\/\/www.masseriasantangelo.it\/casetta-ficalindia\/","og_site_name":"Masseria Sant&#039;Angelo","article_modified_time":"2020-03-26T18:22:24+00:00","twitter_card":"summary_large_image","twitter_misc":{"Gesch\u00e4tzte Lesezeit":"2\u00a0Minuten"},"schema":{"@context":"https:\/\/schema.org","@graph":[{"@type":"WebPage","@id":"https:\/\/www.masseriasantangelo.it\/casetta-ficalindia\/","url":"https:\/\/www.masseriasantangelo.it\/casetta-ficalindia\/","name":"Casetta Ficalindia - Masseria Sant'Angelo - Salento (Italien)","isPartOf":{"@id":"https:\/\/www.masseriasantangelo.it\/#website"},"datePublished":"2020-03-20T13:55:02+00:00","dateModified":"2020-03-26T18:22:24+00:00","description":"Entdecken Sie f\u00fcr Ihren Urlaub im Salento die Casetta Ficalindia der Masseria Sant'Angelo in Corigliano d'Otranto. Erfahren Sie mehr.","breadcrumb":{"@id":"https:\/\/www.masseriasantangelo.it\/casetta-ficalindia\/#breadcrumb"},"inLanguage":"de","potentialAction":[{"@type":"ReadAction","target":["https:\/\/www.masseriasantangelo.it\/casetta-ficalindia\/"]}]},{"@type":"BreadcrumbList","@id":"https:\/\/www.masseriasantangelo.it\/casetta-ficalindia\/#breadcrumb","itemListElement":[{"@type":"ListItem","position":1,"name":"Home","item":"https:\/\/www.masseriasantangelo.it\/de\/"},{"@type":"ListItem","position":2,"name":"Casetta Ficalindia"}]},{"@type":"WebSite","@id":"https:\/\/www.masseriasantangelo.it\/#website","url":"https:\/\/www.masseriasantangelo.it\/","name":"Masseria Sant&#039;Angelo","description":"","potentialAction":[{"@type":"SearchAction","target":{"@type":"EntryPoint","urlTemplate":"https:\/\/www.masseriasantangelo.it\/?s={search_term_string}"},"query-input":{"@type":"PropertyValueSpecification","valueRequired":true,"valueName":"search_term_string"}}],"inLanguage":"de"}]}},"_links":{"self":[{"href":"https:\/\/www.masseriasantangelo.it\/de\/wp-json\/wp\/v2\/pages\/1994","targetHints":{"allow":["GET"]}}],"collection":[{"href":"https:\/\/www.masseriasantangelo.it\/de\/wp-json\/wp\/v2\/pages"}],"about":[{"href":"https:\/\/www.masseriasantangelo.it\/de\/wp-json\/wp\/v2\/types\/page"}],"author":[{"embeddable":true,"href":"https:\/\/www.masseriasantangelo.it\/de\/wp-json\/wp\/v2\/users\/1"}],"replies":[{"embeddable":true,"href":"https:\/\/www.masseriasantangelo.it\/de\/wp-json\/wp\/v2\/comments?post=1994"}],"version-history":[{"count":4,"href":"https:\/\/www.masseriasantangelo.it\/de\/wp-json\/wp\/v2\/pages\/1994\/revisions"}],"predecessor-version":[{"id":2985,"href":"https:\/\/www.masseriasantangelo.it\/de\/wp-json\/wp\/v2\/pages\/1994\/revisions\/2985"}],"wp:attachment":[{"href":"https:\/\/www.masseriasantangelo.it\/de\/wp-json\/wp\/v2\/media?parent=1994"}],"curies":[{"name":"wp","href":"https:\/\/api.w.org\/{rel}","templated":true}]}}