{"id":1952,"date":"2020-03-19T17:55:22","date_gmt":"2020-03-19T16:55:22","guid":{"rendered":"https:\/\/www.masseriasantangelo.it\/?page_id=1952"},"modified":"2020-03-26T19:37:41","modified_gmt":"2020-03-26T18:37:41","slug":"casa-pineta","status":"publish","type":"page","link":"https:\/\/www.masseriasantangelo.it\/de\/casa-pineta\/","title":{"rendered":"Casa Pineta"},"content":{"rendered":"<p>[vc_row full_width=&#8220;stretch_row&#8220; inverse=&#8220;&#8220; el_id=&#8220;sfondocamera&#8220;][vc_column css=&#8220;.vc_custom_1475060512699{margin-bottom: 4.25em !important;}&#8220;][vc_empty_space height=&#8220;70px&#8220;][vc_row_inner][vc_column_inner width=&#8220;2\/3&#8243;][vc_column_text]\n\t\t<!-- MasterSlider -->\n\t\t<div id=\"P_MS69e1f06b54687\" class=\"master-slider-parent msl ms-parent-id-9\" style=\"max-width:800px;\">\n\n\t\t\t\n\t\t\t<!-- MasterSlider Main -->\n\t\t\t<div id=\"MS69e1f06b54687\" class=\"master-slider ms-skin-default\" >\n\t\t\t\t \t\t\t\t \n\t\t\t\t<div  class=\"ms-slide\" data-delay=\"3\" data-fill-mode=\"fill\"  >\n\t\t\t\t\t<img decoding=\"async\" src=\"https:\/\/www.masseriasantangelo.it\/wp-content\/plugins\/master-slider\/public\/assets\/css\/blank.gif\" alt=\"\" title=\"\" data-src=\"https:\/\/www.masseriasantangelo.it\/wp-content\/uploads\/2020\/03\/001-casa-trilocale-pineta-agriturismo-masseria-sant-angelo-corigliano-d-otranto-salento.jpg\" \/>\n\n\n\t<img decoding=\"async\" class=\"ms-thumb\" src=\"https:\/\/www.masseriasantangelo.it\/wp-content\/uploads\/2020\/03\/001-casa-trilocale-pineta-agriturismo-masseria-sant-angelo-corigliano-d-otranto-salento-140x80.jpg\" alt=\"\" \/>\n\t<div class=\"ms-thumb\" ><div class=\"ms-tab-context\"><div class=&quot;ms-tab-context&quot;><\/div><\/div>\n<\/div>\n\t\t\t\t<\/div>\n\t\t\t\t<div  class=\"ms-slide\" data-delay=\"3\" data-fill-mode=\"fill\"  >\n\t\t\t\t\t<img decoding=\"async\" src=\"https:\/\/www.masseriasantangelo.it\/wp-content\/plugins\/master-slider\/public\/assets\/css\/blank.gif\" alt=\"\" title=\"\" data-src=\"https:\/\/www.masseriasantangelo.it\/wp-content\/uploads\/2020\/03\/002-casa-trilocale-pineta-agriturismo-masseria-sant-angelo-corigliano-d-otranto-salento.jpg\" \/>\n\n\n\t<img decoding=\"async\" class=\"ms-thumb\" src=\"https:\/\/www.masseriasantangelo.it\/wp-content\/uploads\/2020\/03\/002-casa-trilocale-pineta-agriturismo-masseria-sant-angelo-corigliano-d-otranto-salento-140x80.jpg\" alt=\"\" \/>\n\t<div class=\"ms-thumb\" ><div class=\"ms-tab-context\"><div class=&quot;ms-tab-context&quot;><\/div><\/div>\n<\/div>\n\t\t\t\t<\/div>\n\t\t\t\t<div  class=\"ms-slide\" data-delay=\"3\" data-fill-mode=\"fill\"  >\n\t\t\t\t\t<img decoding=\"async\" src=\"https:\/\/www.masseriasantangelo.it\/wp-content\/plugins\/master-slider\/public\/assets\/css\/blank.gif\" alt=\"\" title=\"\" data-src=\"https:\/\/www.masseriasantangelo.it\/wp-content\/uploads\/2020\/03\/003-casa-trilocale-pineta-agriturismo-masseria-sant-angelo-corigliano-d-otranto-salento.jpg\" \/>\n\n\n\t<img decoding=\"async\" class=\"ms-thumb\" src=\"https:\/\/www.masseriasantangelo.it\/wp-content\/uploads\/2020\/03\/003-casa-trilocale-pineta-agriturismo-masseria-sant-angelo-corigliano-d-otranto-salento-140x80.jpg\" alt=\"\" \/>\n\t<div class=\"ms-thumb\" ><div class=\"ms-tab-context\"><div class=&quot;ms-tab-context&quot;><\/div><\/div>\n<\/div>\n\t\t\t\t<\/div>\n\t\t\t\t<div  class=\"ms-slide\" data-delay=\"3\" data-fill-mode=\"fill\"  >\n\t\t\t\t\t<img decoding=\"async\" src=\"https:\/\/www.masseriasantangelo.it\/wp-content\/plugins\/master-slider\/public\/assets\/css\/blank.gif\" alt=\"\" title=\"\" data-src=\"https:\/\/www.masseriasantangelo.it\/wp-content\/uploads\/2020\/03\/004-casa-trilocale-pineta-agriturismo-masseria-sant-angelo-corigliano-d-otranto-salento.jpg\" \/>\n\n\n\t<img decoding=\"async\" class=\"ms-thumb\" src=\"https:\/\/www.masseriasantangelo.it\/wp-content\/uploads\/2020\/03\/004-casa-trilocale-pineta-agriturismo-masseria-sant-angelo-corigliano-d-otranto-salento-140x80.jpg\" alt=\"\" \/>\n\t<div class=\"ms-thumb\" ><div class=\"ms-tab-context\"><div class=&quot;ms-tab-context&quot;><\/div><\/div>\n<\/div>\n\t\t\t\t<\/div>\n\t\t\t\t<div  class=\"ms-slide\" data-delay=\"3\" data-fill-mode=\"fill\"  >\n\t\t\t\t\t<img decoding=\"async\" src=\"https:\/\/www.masseriasantangelo.it\/wp-content\/plugins\/master-slider\/public\/assets\/css\/blank.gif\" alt=\"\" title=\"\" data-src=\"https:\/\/www.masseriasantangelo.it\/wp-content\/uploads\/2020\/03\/005-casa-trilocale-pineta-agriturismo-masseria-sant-angelo-corigliano-d-otranto-salento.jpg\" \/>\n\n\n\t<img decoding=\"async\" class=\"ms-thumb\" src=\"https:\/\/www.masseriasantangelo.it\/wp-content\/uploads\/2020\/03\/005-casa-trilocale-pineta-agriturismo-masseria-sant-angelo-corigliano-d-otranto-salento-140x80.jpg\" alt=\"\" \/>\n\t<div class=\"ms-thumb\" ><div class=\"ms-tab-context\"><div class=&quot;ms-tab-context&quot;><\/div><\/div>\n<\/div>\n\t\t\t\t<\/div>\n\t\t\t\t<div  class=\"ms-slide\" data-delay=\"3\" data-fill-mode=\"fill\"  >\n\t\t\t\t\t<img decoding=\"async\" src=\"https:\/\/www.masseriasantangelo.it\/wp-content\/plugins\/master-slider\/public\/assets\/css\/blank.gif\" alt=\"\" title=\"\" data-src=\"https:\/\/www.masseriasantangelo.it\/wp-content\/uploads\/2020\/03\/006-casa-trilocale-pineta-agriturismo-masseria-sant-angelo-corigliano-d-otranto-salento.jpg\" \/>\n\n\n\t<img decoding=\"async\" class=\"ms-thumb\" src=\"https:\/\/www.masseriasantangelo.it\/wp-content\/uploads\/2020\/03\/006-casa-trilocale-pineta-agriturismo-masseria-sant-angelo-corigliano-d-otranto-salento-140x80.jpg\" alt=\"\" \/>\n\t<div class=\"ms-thumb\" ><div class=\"ms-tab-context\"><div class=&quot;ms-tab-context&quot;><\/div><\/div>\n<\/div>\n\t\t\t\t<\/div>\n\t\t\t\t<div  class=\"ms-slide\" data-delay=\"3\" data-fill-mode=\"fill\"  >\n\t\t\t\t\t<img decoding=\"async\" src=\"https:\/\/www.masseriasantangelo.it\/wp-content\/plugins\/master-slider\/public\/assets\/css\/blank.gif\" alt=\"\" title=\"\" data-src=\"https:\/\/www.masseriasantangelo.it\/wp-content\/uploads\/2020\/03\/009-casa-trilocale-pineta-agriturismo-masseria-sant-angelo-corigliano-d-otranto-salento.jpg\" \/>\n\n\n\t<img decoding=\"async\" class=\"ms-thumb\" src=\"https:\/\/www.masseriasantangelo.it\/wp-content\/uploads\/2020\/03\/009-casa-trilocale-pineta-agriturismo-masseria-sant-angelo-corigliano-d-otranto-salento-140x80.jpg\" alt=\"\" \/>\n\t<div class=\"ms-thumb\" ><div class=\"ms-tab-context\"><div class=&quot;ms-tab-context&quot;><\/div><\/div>\n<\/div>\n\t\t\t\t<\/div>\n\t\t\t\t<div  class=\"ms-slide\" data-delay=\"3\" data-fill-mode=\"fill\"  >\n\t\t\t\t\t<img decoding=\"async\" src=\"https:\/\/www.masseriasantangelo.it\/wp-content\/plugins\/master-slider\/public\/assets\/css\/blank.gif\" alt=\"\" title=\"\" data-src=\"https:\/\/www.masseriasantangelo.it\/wp-content\/uploads\/2020\/03\/012-casa-trilocale-pineta-agriturismo-masseria-sant-angelo-corigliano-d-otranto-salento.jpg\" \/>\n\n\n\t<img decoding=\"async\" class=\"ms-thumb\" src=\"https:\/\/www.masseriasantangelo.it\/wp-content\/uploads\/2020\/03\/012-casa-trilocale-pineta-agriturismo-masseria-sant-angelo-corigliano-d-otranto-salento-140x80.jpg\" alt=\"\" \/>\n\t<div class=\"ms-thumb\" ><div class=\"ms-tab-context\"><div class=&quot;ms-tab-context&quot;><\/div><\/div>\n<\/div>\n\t\t\t\t<\/div>\n\t\t\t\t<div  class=\"ms-slide\" data-delay=\"3\" data-fill-mode=\"fill\"  >\n\t\t\t\t\t<img decoding=\"async\" src=\"https:\/\/www.masseriasantangelo.it\/wp-content\/plugins\/master-slider\/public\/assets\/css\/blank.gif\" alt=\"\" title=\"\" data-src=\"https:\/\/www.masseriasantangelo.it\/wp-content\/uploads\/2020\/03\/013-casa-trilocale-pineta-agriturismo-masseria-sant-angelo-corigliano-d-otranto-salento.jpg\" \/>\n\n\n\t<img decoding=\"async\" class=\"ms-thumb\" src=\"https:\/\/www.masseriasantangelo.it\/wp-content\/uploads\/2020\/03\/013-casa-trilocale-pineta-agriturismo-masseria-sant-angelo-corigliano-d-otranto-salento-140x80.jpg\" alt=\"\" \/>\n\t<div class=\"ms-thumb\" ><div class=\"ms-tab-context\"><div class=&quot;ms-tab-context&quot;><\/div><\/div>\n<\/div>\n\t\t\t\t<\/div>\n\n\t\t\t<\/div>\n\t\t\t<!-- END MasterSlider Main -->\n\n\t\t\t \n\t\t<\/div>\n\t\t<!-- END MasterSlider -->\n\n\t\t<script>\n\t\t(function ( $ ) {\n\t\t\t\"use strict\";\n\n\t\t\t$(function () {\n\t\t\t\tvar masterslider_4687 = new MasterSlider();\n\n\t\t\t\t\/\/ slider controls\n\t\t\t\tmasterslider_4687.control('arrows'     ,{ autohide:false, overVideo:true  });\t\t\t\tmasterslider_4687.control('bullets'    ,{ autohide:false, overVideo:true, dir:'h', align:'bottom' , margin:10  });\n\n\t\t\t\tmasterslider_4687.control('thumblist'  ,{ autohide:false, overVideo:true, dir:'h', speed:17, inset:false, arrows:false, hover:false, customClass:'', align:'bottom',type:'thumbs', margin:5, width:140, height:80, space:5, fillMode:'fill'  });\n\t\t\t\t\/\/ slider setup\n\t\t\t\tmasterslider_4687.setup(\"MS69e1f06b54687\", {\n\t\t\t\t\t\twidth           : 800,\n\t\t\t\t\t\theight          : 480,\n\t\t\t\t\t\tminHeight       : 0,\n\t\t\t\t\t\tspace           : 0,\n\t\t\t\t\t\tstart           : 1,\n\t\t\t\t\t\tgrabCursor      : true,\n\t\t\t\t\t\tswipe           : true,\n\t\t\t\t\t\tmouse           : true,\n\t\t\t\t\t\tlayout          : \"boxed\",\n\t\t\t\t\t\twheel           : false,\n\t\t\t\t\t\tautoplay        : false,\n\t\t\t\t\t\tinstantStartLayers:false,\n\t\t\t\t\t\tloop            : true,\n\t\t\t\t\t\tshuffle         : false,\n\t\t\t\t\t\tpreload         : 0,\n\t\t\t\t\t\theightLimit     : true,\n\t\t\t\t\t\tautoHeight      : false,\n\t\t\t\t\t\tsmoothHeight    : true,\n\t\t\t\t\t\tendPause        : false,\n\t\t\t\t\t\toverPause       : true,\n\t\t\t\t\t\tfillMode        : \"fill\",\n\t\t\t\t\t\tcenterControls  : true,\n\t\t\t\t\t\tstartOnAppear   : false,\n\t\t\t\t\t\tlayersMode      : \"center\",\n\t\t\t\t\t\thideLayers      : false,\n\t\t\t\t\t\tfullscreenMargin: 0,\n\t\t\t\t\t\tspeed           : 20,\n\t\t\t\t\t\tdir             : \"h\",\n\t\t\t\t\t\tparallaxMode    : 'swipe',\n\t\t\t\t\t\tview            : \"basic\"\n\t\t\t\t});\n\n\t\t\t\t\n\t\t\t\twindow.masterslider_instances = window.masterslider_instances || [];\n\t\t\t\twindow.masterslider_instances.push( masterslider_4687 );\n\t\t\t });\n\n\t\t})(jQuery);\n\t\t<\/script>\n\n[\/vc_column_text][\/vc_column_inner][vc_column_inner width=&#8220;1\/3&#8243;][vc_widget_sidebar sidebar_id=&#8220;sidestruttura&#8220;][\/vc_column_inner][\/vc_row_inner][vc_empty_space height=&#8220;60px&#8220;][vc_tta_tabs active_section=&#8220;1&#8243; el_id=&#8220;tab-struttura&#8220;][vc_tta_section title=&#8220;Beschreibung&#8220; tab_id=&#8220;descrizione&#8220;][vc_column_text]<\/p>\n<p style=\"text-align: justify;\">Dreizimmerhaus mit 2 Schlafzimmern: ein kleines mit Ehebett und Kleiderschrank, das andere mit Ehebett und Einzelbett oder 3 Einzelbetten und Kleiderschrank. Ger\u00e4umiges Wohnk\u00fcche mit voll ausgestatteter K\u00fcche (4 Flammen, K\u00fchlschrank), Tisch und St\u00fchle. Klimaanlage, Deckenventilator, Heizung. Zugang zum Badezimmer von der Wohnk\u00fcche aus.Geteiltes Badezimmer mit Dusche, Waschbecken, WC. \u00dcberdachte Veranda mit B\u00e4nken, Tisch und Liegest\u00fchlen. Barbecue auf der Veranda.<\/p>\n<p>[\/vc_column_text][\/vc_tta_section][vc_tta_section title=&#8220;Dienstleistungen&#8220; tab_id=&#8220;servizi&#8220;][vc_column_text]Der Preis f\u00fcr die Miete von H\u00e4uschen und Apartments umfasst folgende Leistungen:<\/p>\n<ul>\n<li>Lieferung von Handt\u00fcchern und K\u00fcchent\u00fcchern zweimal w\u00f6chentlich, Bettw\u00e4sche jede Woche<\/li>\n<li>Heizung w\u00e4hrend der Wintermonate, Energie- und Wasserverbrauch, Klimaanlage w\u00e4hrend des Aufenthalt innerhalb der Unterkunft, Endreinigung<\/li>\n<li>Bereitstellung von Kaffee, Zucker, Salz, Toilettenpapier und Geschirrsp\u00fclmittel, Duschgel und Shampoo f\u00fcr die ersten 1 \u2013 2 Tage<\/li>\n<li>Kinder bis 3 Jahre sind unsere G\u00e4ste und \u00fcbernachten kostenfrei, haben aber keinen Anspruch auf ein eigenes Bett<\/li>\n<li>Kostenloses WLAN im Empfangsbereich<\/li>\n<\/ul>\n<p>[\/vc_column_text][\/vc_tta_section][vc_tta_section title=&#8220;Zus\u00e4tzliche Informationen&#8220; tab_id=&#8220;extra&#8220;][vc_column_text]<strong>EXTRA:<\/strong><\/p>\n<p>Fr\u00fchst\u00fcck\u00a0\u00a0\u00a0\u00a0\u00a0\u00a0\u00a0\u00a0 \u00a0\u00a0\u00a0\u00a0\u00a0\u00a0\u00a0\u00a0\u00a0\u00a0\u00a0\u00a0\u00a0\u00a0\u00a0\u00a0\u00a0\u00a0\u00a0\u00a0\u00a0\u00a0\u00a0\u00a0 Erwachsene: 8,- \u20ac \/Tag, Kinder und Jugendliche (4- 16) 5,- \u20ac \/Tag<br \/>\nZustellbett \u00a0\u00a0\u00a0\u00a0\u00a0\u00a0\u00a0\u00a0\u00a0\u00a0\u00a0\u00a0\u00a0\u00a0\u00a0\u00a0\u00a0\u00a0\u00a0\u00a0\u00a0\u00a0\u00a0\u00a0\u00a0\u00a0\u00a0\u00a0\u00a0\u00a0\u00a0 20,- Euro \/ Tag.<br \/>\nKinderbettchen\u00a0\u00a0\u00a0\u00a0\u00a0\u00a0\u00a0\u00a0\u00a0\u00a0\u00a0\u00a0\u00a0\u00a0\u00a0\u00a0\u00a0\u00a0\u00a0\u00a0\u00a0\u00a0\u00a0\u00a0 15,- \u20ac pro Woche<br \/>\nHunde (auf Anfrage)\u00a0\u00a0\u00a0\u00a0\u00a0\u00a0\u00a0\u00a0\u00a0\u00a0\u00a0\u00a0\u00a0\u00a0\u00a0\u00a0 10,- \u20ac f\u00fcr das Wochenende, 20,- \u20ac pro Woche<\/p>\n<p><strong>Diese Tarife unterliegen geringf\u00fcgigen Schwankungen. <\/strong><\/p>\n<p><strong>Sie sollten auch wissen:<\/strong><\/p>\n<p>Zwei Kinder bis zum Alter von drei Jahren gelten als ein zahlendes Kind.<br \/>\nAn- und Abreise sind t\u00e4glich m\u00f6glich, in der Hochsaison je nach Verf\u00fcgbarkeit.<\/p>\n<p><strong>Check-in:\u00a0\u00a0 \u00a0\u00a0\u00a0\u00a0\u00a0\u00a0 ab 16:00 (in der Nebensaison vielleicht auch am vormittags, rufen Sie uns an)<br \/>\nCheck-out:\u00a0\u00a0\u00a0 \u00a0\u00a0\u00a0 um 10:00 Uhr (eventuell auch sp\u00e4ter in der Nebensaison<\/strong>[\/vc_column_text][\/vc_tta_section][\/vc_tta_tabs][\/vc_column][\/vc_row]<\/p>\n","protected":false},"excerpt":{"rendered":"<p>[vc_row full_width=&#8220;stretch_row&#8220; inverse=&#8220;&#8220; el_id=&#8220;sfondocamera&#8220;][vc_column css=&#8220;.vc_custom_1475060512699{margin-bottom: 4.25em !important;}&#8220;][vc_empty_space height=&#8220;70px&#8220;][vc_row_inner][vc_column_inner width=&#8220;2\/3&#8243;][vc_column_text][\/vc_column_text][\/vc_column_inner][vc_column_inner width=&#8220;1\/3&#8243;][vc_widget_sidebar sidebar_id=&#8220;sidestruttura&#8220;][\/vc_column_inner][\/vc_row_inner][vc_empty_space height=&#8220;60px&#8220;][vc_tta_tabs active_section=&#8220;1&#8243; el_id=&#8220;tab-struttura&#8220;][vc_tta_section title=&#8220;Beschreibung&#8220; tab_id=&#8220;descrizione&#8220;][vc_column_text] Dreizimmerhaus mit 2 Schlafzimmern: ein kleines mit Ehebett und Kleiderschrank, das andere mit Ehebett und Einzelbett oder 3 Einzelbetten und Kleiderschrank. Ger\u00e4umiges Wohnk\u00fcche mit voll ausgestatteter K\u00fcche (4 Flammen, K\u00fchlschrank), Tisch und St\u00fchle. Klimaanlage, Deckenventilator, Heizung. Zugang zum Badezimmer [&hellip;]<\/p>\n","protected":false},"author":1,"featured_media":0,"parent":0,"menu_order":0,"comment_status":"closed","ping_status":"closed","template":"","meta":{"footnotes":""},"class_list":["post-1952","page","type-page","status-publish","hentry"],"yoast_head":"<!-- This site is optimized with the Yoast SEO plugin v24.2 - https:\/\/yoast.com\/wordpress\/plugins\/seo\/ -->\n<title>Casa Pineta - Masseria Sant&#039;Angelo Salento (Italiaen)<\/title>\n<meta name=\"description\" content=\"Entdecken Sie f\u00fcr Ihren Urlaub im Salento die Casa Pineta der Masseria Sant&#039;Angelo in Corigliano d&#039;Otranto. Erfahren Sie mehr.\" \/>\n<meta name=\"robots\" content=\"index, follow, max-snippet:-1, max-image-preview:large, max-video-preview:-1\" \/>\n<link rel=\"canonical\" href=\"https:\/\/www.masseriasantangelo.it\/casa-pineta\/\" \/>\n<meta property=\"og:locale\" content=\"de_DE\" \/>\n<meta property=\"og:type\" content=\"article\" \/>\n<meta property=\"og:title\" content=\"Casa Pineta - Masseria Sant&#039;Angelo Salento (Italiaen)\" \/>\n<meta property=\"og:description\" content=\"Entdecken Sie f\u00fcr Ihren Urlaub im Salento die Casa Pineta der Masseria Sant&#039;Angelo in Corigliano d&#039;Otranto. Erfahren Sie mehr.\" \/>\n<meta property=\"og:url\" content=\"https:\/\/www.masseriasantangelo.it\/casa-pineta\/\" \/>\n<meta property=\"og:site_name\" content=\"Masseria Sant&#039;Angelo\" \/>\n<meta property=\"article:modified_time\" content=\"2020-03-26T18:37:41+00:00\" \/>\n<meta name=\"twitter:card\" content=\"summary_large_image\" \/>\n<meta name=\"twitter:label1\" content=\"Gesch\u00e4tzte Lesezeit\" \/>\n\t<meta name=\"twitter:data1\" content=\"2\u00a0Minuten\" \/>\n<script type=\"application\/ld+json\" class=\"yoast-schema-graph\">{\"@context\":\"https:\/\/schema.org\",\"@graph\":[{\"@type\":\"WebPage\",\"@id\":\"https:\/\/www.masseriasantangelo.it\/casa-pineta\/\",\"url\":\"https:\/\/www.masseriasantangelo.it\/casa-pineta\/\",\"name\":\"Casa Pineta - Masseria Sant'Angelo Salento (Italiaen)\",\"isPartOf\":{\"@id\":\"https:\/\/www.masseriasantangelo.it\/#website\"},\"datePublished\":\"2020-03-19T16:55:22+00:00\",\"dateModified\":\"2020-03-26T18:37:41+00:00\",\"description\":\"Entdecken Sie f\u00fcr Ihren Urlaub im Salento die Casa Pineta der Masseria Sant'Angelo in Corigliano d'Otranto. Erfahren Sie mehr.\",\"breadcrumb\":{\"@id\":\"https:\/\/www.masseriasantangelo.it\/casa-pineta\/#breadcrumb\"},\"inLanguage\":\"de\",\"potentialAction\":[{\"@type\":\"ReadAction\",\"target\":[\"https:\/\/www.masseriasantangelo.it\/casa-pineta\/\"]}]},{\"@type\":\"BreadcrumbList\",\"@id\":\"https:\/\/www.masseriasantangelo.it\/casa-pineta\/#breadcrumb\",\"itemListElement\":[{\"@type\":\"ListItem\",\"position\":1,\"name\":\"Home\",\"item\":\"https:\/\/www.masseriasantangelo.it\/de\/\"},{\"@type\":\"ListItem\",\"position\":2,\"name\":\"Casa Pineta\"}]},{\"@type\":\"WebSite\",\"@id\":\"https:\/\/www.masseriasantangelo.it\/#website\",\"url\":\"https:\/\/www.masseriasantangelo.it\/\",\"name\":\"Masseria Sant&#039;Angelo\",\"description\":\"\",\"potentialAction\":[{\"@type\":\"SearchAction\",\"target\":{\"@type\":\"EntryPoint\",\"urlTemplate\":\"https:\/\/www.masseriasantangelo.it\/?s={search_term_string}\"},\"query-input\":{\"@type\":\"PropertyValueSpecification\",\"valueRequired\":true,\"valueName\":\"search_term_string\"}}],\"inLanguage\":\"de\"}]}<\/script>\n<!-- \/ Yoast SEO plugin. -->","yoast_head_json":{"title":"Casa Pineta - Masseria Sant'Angelo Salento (Italiaen)","description":"Entdecken Sie f\u00fcr Ihren Urlaub im Salento die Casa Pineta der Masseria Sant'Angelo in Corigliano d'Otranto. Erfahren Sie mehr.","robots":{"index":"index","follow":"follow","max-snippet":"max-snippet:-1","max-image-preview":"max-image-preview:large","max-video-preview":"max-video-preview:-1"},"canonical":"https:\/\/www.masseriasantangelo.it\/casa-pineta\/","og_locale":"de_DE","og_type":"article","og_title":"Casa Pineta - Masseria Sant'Angelo Salento (Italiaen)","og_description":"Entdecken Sie f\u00fcr Ihren Urlaub im Salento die Casa Pineta der Masseria Sant'Angelo in Corigliano d'Otranto. Erfahren Sie mehr.","og_url":"https:\/\/www.masseriasantangelo.it\/casa-pineta\/","og_site_name":"Masseria Sant&#039;Angelo","article_modified_time":"2020-03-26T18:37:41+00:00","twitter_card":"summary_large_image","twitter_misc":{"Gesch\u00e4tzte Lesezeit":"2\u00a0Minuten"},"schema":{"@context":"https:\/\/schema.org","@graph":[{"@type":"WebPage","@id":"https:\/\/www.masseriasantangelo.it\/casa-pineta\/","url":"https:\/\/www.masseriasantangelo.it\/casa-pineta\/","name":"Casa Pineta - Masseria Sant'Angelo Salento (Italiaen)","isPartOf":{"@id":"https:\/\/www.masseriasantangelo.it\/#website"},"datePublished":"2020-03-19T16:55:22+00:00","dateModified":"2020-03-26T18:37:41+00:00","description":"Entdecken Sie f\u00fcr Ihren Urlaub im Salento die Casa Pineta der Masseria Sant'Angelo in Corigliano d'Otranto. Erfahren Sie mehr.","breadcrumb":{"@id":"https:\/\/www.masseriasantangelo.it\/casa-pineta\/#breadcrumb"},"inLanguage":"de","potentialAction":[{"@type":"ReadAction","target":["https:\/\/www.masseriasantangelo.it\/casa-pineta\/"]}]},{"@type":"BreadcrumbList","@id":"https:\/\/www.masseriasantangelo.it\/casa-pineta\/#breadcrumb","itemListElement":[{"@type":"ListItem","position":1,"name":"Home","item":"https:\/\/www.masseriasantangelo.it\/de\/"},{"@type":"ListItem","position":2,"name":"Casa Pineta"}]},{"@type":"WebSite","@id":"https:\/\/www.masseriasantangelo.it\/#website","url":"https:\/\/www.masseriasantangelo.it\/","name":"Masseria Sant&#039;Angelo","description":"","potentialAction":[{"@type":"SearchAction","target":{"@type":"EntryPoint","urlTemplate":"https:\/\/www.masseriasantangelo.it\/?s={search_term_string}"},"query-input":{"@type":"PropertyValueSpecification","valueRequired":true,"valueName":"search_term_string"}}],"inLanguage":"de"}]}},"_links":{"self":[{"href":"https:\/\/www.masseriasantangelo.it\/de\/wp-json\/wp\/v2\/pages\/1952","targetHints":{"allow":["GET"]}}],"collection":[{"href":"https:\/\/www.masseriasantangelo.it\/de\/wp-json\/wp\/v2\/pages"}],"about":[{"href":"https:\/\/www.masseriasantangelo.it\/de\/wp-json\/wp\/v2\/types\/page"}],"author":[{"embeddable":true,"href":"https:\/\/www.masseriasantangelo.it\/de\/wp-json\/wp\/v2\/users\/1"}],"replies":[{"embeddable":true,"href":"https:\/\/www.masseriasantangelo.it\/de\/wp-json\/wp\/v2\/comments?post=1952"}],"version-history":[{"count":3,"href":"https:\/\/www.masseriasantangelo.it\/de\/wp-json\/wp\/v2\/pages\/1952\/revisions"}],"predecessor-version":[{"id":2030,"href":"https:\/\/www.masseriasantangelo.it\/de\/wp-json\/wp\/v2\/pages\/1952\/revisions\/2030"}],"wp:attachment":[{"href":"https:\/\/www.masseriasantangelo.it\/de\/wp-json\/wp\/v2\/media?parent=1952"}],"curies":[{"name":"wp","href":"https:\/\/api.w.org\/{rel}","templated":true}]}}