{"id":1947,"date":"2020-03-19T17:55:30","date_gmt":"2020-03-19T16:55:30","guid":{"rendered":"https:\/\/www.masseriasantangelo.it\/?page_id=1947"},"modified":"2020-03-26T19:39:06","modified_gmt":"2020-03-26T18:39:06","slug":"casetta-capra","status":"publish","type":"page","link":"https:\/\/www.masseriasantangelo.it\/de\/casetta-capra\/","title":{"rendered":"Casetta Capra"},"content":{"rendered":"<p>[vc_row full_width=&#8220;stretch_row&#8220; inverse=&#8220;&#8220; el_id=&#8220;sfondocamera&#8220;][vc_column css=&#8220;.vc_custom_1475060512699{margin-bottom: 4.25em !important;}&#8220;][vc_empty_space height=&#8220;70px&#8220;][vc_row_inner][vc_column_inner width=&#8220;2\/3&#8243;][vc_column_text]\n\t\t<!-- MasterSlider -->\n\t\t<div id=\"P_MS69e20f4052237\" class=\"master-slider-parent msl ms-parent-id-5\" style=\"max-width:800px;\">\n\n\t\t\t\n\t\t\t<!-- MasterSlider Main -->\n\t\t\t<div id=\"MS69e20f4052237\" class=\"master-slider ms-skin-default\" >\n\t\t\t\t \t\t\t\t \n\t\t\t\t<div  class=\"ms-slide\" data-delay=\"3\" data-fill-mode=\"fill\"  >\n\t\t\t\t\t<img decoding=\"async\" src=\"https:\/\/www.masseriasantangelo.it\/wp-content\/plugins\/master-slider\/public\/assets\/css\/blank.gif\" alt=\"\" title=\"\" data-src=\"https:\/\/www.masseriasantangelo.it\/wp-content\/uploads\/2020\/03\/App-Gallina-Capra-veranda_.jpg\" \/>\n\n\n\t<img decoding=\"async\" class=\"ms-thumb\" src=\"https:\/\/www.masseriasantangelo.it\/wp-content\/uploads\/2020\/03\/App-Gallina-Capra-veranda_-140x80.jpg\" alt=\"\" \/>\n\t<div class=\"ms-thumb\" ><div class=\"ms-tab-context\"><div class=&quot;ms-tab-context&quot;><\/div><\/div>\n<\/div>\n\t\t\t\t<\/div>\n\t\t\t\t<div  class=\"ms-slide\" data-delay=\"3\" data-fill-mode=\"fill\"  >\n\t\t\t\t\t<img decoding=\"async\" src=\"https:\/\/www.masseriasantangelo.it\/wp-content\/plugins\/master-slider\/public\/assets\/css\/blank.gif\" alt=\"\" title=\"\" data-src=\"https:\/\/www.masseriasantangelo.it\/wp-content\/uploads\/2020\/03\/App-Gallina-Capra-angolo-cottura_.jpg\" \/>\n\n\n\t<img decoding=\"async\" class=\"ms-thumb\" src=\"https:\/\/www.masseriasantangelo.it\/wp-content\/uploads\/2020\/03\/App-Gallina-Capra-angolo-cottura_-140x80.jpg\" alt=\"\" \/>\n\t<div class=\"ms-thumb\" ><div class=\"ms-tab-context\"><div class=&quot;ms-tab-context&quot;><\/div><\/div>\n<\/div>\n\t\t\t\t<\/div>\n\t\t\t\t<div  class=\"ms-slide\" data-delay=\"3\" data-fill-mode=\"fill\"  >\n\t\t\t\t\t<img decoding=\"async\" src=\"https:\/\/www.masseriasantangelo.it\/wp-content\/plugins\/master-slider\/public\/assets\/css\/blank.gif\" alt=\"\" title=\"\" data-src=\"https:\/\/www.masseriasantangelo.it\/wp-content\/uploads\/2020\/03\/App-Gallina-Capra-soggiorno_.jpg\" \/>\n\n\n\t<img decoding=\"async\" class=\"ms-thumb\" src=\"https:\/\/www.masseriasantangelo.it\/wp-content\/uploads\/2020\/03\/App-Gallina-Capra-soggiorno_-140x80.jpg\" alt=\"\" \/>\n\t<div class=\"ms-thumb\" ><div class=\"ms-tab-context\"><div class=&quot;ms-tab-context&quot;><\/div><\/div>\n<\/div>\n\t\t\t\t<\/div>\n\t\t\t\t<div  class=\"ms-slide\" data-delay=\"3\" data-fill-mode=\"fill\"  >\n\t\t\t\t\t<img decoding=\"async\" src=\"https:\/\/www.masseriasantangelo.it\/wp-content\/plugins\/master-slider\/public\/assets\/css\/blank.gif\" alt=\"\" title=\"\" data-src=\"https:\/\/www.masseriasantangelo.it\/wp-content\/uploads\/2020\/03\/App-Gallina-Capra-letto-e-bagno_.jpg\" \/>\n\n\n\t<img decoding=\"async\" class=\"ms-thumb\" src=\"https:\/\/www.masseriasantangelo.it\/wp-content\/uploads\/2020\/03\/App-Gallina-Capra-letto-e-bagno_-140x80.jpg\" alt=\"\" \/>\n\t<div class=\"ms-thumb\" ><div class=\"ms-tab-context\"><div class=&quot;ms-tab-context&quot;><\/div><\/div>\n<\/div>\n\t\t\t\t<\/div>\n\t\t\t\t<div  class=\"ms-slide\" data-delay=\"3\" data-fill-mode=\"fill\"  >\n\t\t\t\t\t<img decoding=\"async\" src=\"https:\/\/www.masseriasantangelo.it\/wp-content\/plugins\/master-slider\/public\/assets\/css\/blank.gif\" alt=\"\" title=\"\" data-src=\"https:\/\/www.masseriasantangelo.it\/wp-content\/uploads\/2020\/03\/App-Gallina-Capra-letto-matr_.jpg\" \/>\n\n\n\t<img decoding=\"async\" class=\"ms-thumb\" src=\"https:\/\/www.masseriasantangelo.it\/wp-content\/uploads\/2020\/03\/App-Gallina-Capra-letto-matr_-140x80.jpg\" alt=\"\" \/>\n\t<div class=\"ms-thumb\" ><div class=\"ms-tab-context\"><div class=&quot;ms-tab-context&quot;><\/div><\/div>\n<\/div>\n\t\t\t\t<\/div>\n\t\t\t\t<div  class=\"ms-slide\" data-delay=\"3\" data-fill-mode=\"fill\"  >\n\t\t\t\t\t<img decoding=\"async\" src=\"https:\/\/www.masseriasantangelo.it\/wp-content\/plugins\/master-slider\/public\/assets\/css\/blank.gif\" alt=\"\" title=\"\" data-src=\"https:\/\/www.masseriasantangelo.it\/wp-content\/uploads\/2020\/03\/App-Gallina-Capra-bagno_.jpg\" \/>\n\n\n\t<img decoding=\"async\" class=\"ms-thumb\" src=\"https:\/\/www.masseriasantangelo.it\/wp-content\/uploads\/2020\/03\/App-Gallina-Capra-bagno_-140x80.jpg\" alt=\"\" \/>\n\t<div class=\"ms-thumb\" ><div class=\"ms-tab-context\"><div class=&quot;ms-tab-context&quot;><\/div><\/div>\n<\/div>\n\t\t\t\t<\/div>\n\n\t\t\t<\/div>\n\t\t\t<!-- END MasterSlider Main -->\n\n\t\t\t \n\t\t<\/div>\n\t\t<!-- END MasterSlider -->\n\n\t\t<script>\n\t\t(function ( $ ) {\n\t\t\t\"use strict\";\n\n\t\t\t$(function () {\n\t\t\t\tvar masterslider_2237 = new MasterSlider();\n\n\t\t\t\t\/\/ slider controls\n\t\t\t\tmasterslider_2237.control('arrows'     ,{ autohide:false, overVideo:true  });\t\t\t\tmasterslider_2237.control('bullets'    ,{ autohide:false, overVideo:true, dir:'h', align:'bottom' , margin:10  });\n\n\t\t\t\tmasterslider_2237.control('thumblist'  ,{ autohide:false, overVideo:true, dir:'h', speed:17, inset:false, arrows:false, hover:false, customClass:'', align:'bottom',type:'thumbs', margin:5, width:140, height:80, space:5, fillMode:'fill'  });\n\t\t\t\t\/\/ slider setup\n\t\t\t\tmasterslider_2237.setup(\"MS69e20f4052237\", {\n\t\t\t\t\t\twidth           : 800,\n\t\t\t\t\t\theight          : 480,\n\t\t\t\t\t\tminHeight       : 0,\n\t\t\t\t\t\tspace           : 0,\n\t\t\t\t\t\tstart           : 1,\n\t\t\t\t\t\tgrabCursor      : true,\n\t\t\t\t\t\tswipe           : true,\n\t\t\t\t\t\tmouse           : true,\n\t\t\t\t\t\tlayout          : \"boxed\",\n\t\t\t\t\t\twheel           : false,\n\t\t\t\t\t\tautoplay        : false,\n\t\t\t\t\t\tinstantStartLayers:false,\n\t\t\t\t\t\tloop            : true,\n\t\t\t\t\t\tshuffle         : false,\n\t\t\t\t\t\tpreload         : 0,\n\t\t\t\t\t\theightLimit     : true,\n\t\t\t\t\t\tautoHeight      : false,\n\t\t\t\t\t\tsmoothHeight    : true,\n\t\t\t\t\t\tendPause        : false,\n\t\t\t\t\t\toverPause       : true,\n\t\t\t\t\t\tfillMode        : \"fill\",\n\t\t\t\t\t\tcenterControls  : true,\n\t\t\t\t\t\tstartOnAppear   : false,\n\t\t\t\t\t\tlayersMode      : \"center\",\n\t\t\t\t\t\thideLayers      : false,\n\t\t\t\t\t\tfullscreenMargin: 0,\n\t\t\t\t\t\tspeed           : 20,\n\t\t\t\t\t\tdir             : \"h\",\n\t\t\t\t\t\tparallaxMode    : 'swipe',\n\t\t\t\t\t\tview            : \"basic\"\n\t\t\t\t});\n\n\t\t\t\t\n\t\t\t\twindow.masterslider_instances = window.masterslider_instances || [];\n\t\t\t\twindow.masterslider_instances.push( masterslider_2237 );\n\t\t\t });\n\n\t\t})(jQuery);\n\t\t<\/script>\n\n[\/vc_column_text][\/vc_column_inner][vc_column_inner width=&#8220;1\/3&#8243;][vc_widget_sidebar sidebar_id=&#8220;sidestruttura&#8220;][\/vc_column_inner][\/vc_row_inner][vc_empty_space height=&#8220;60px&#8220;][vc_tta_tabs active_section=&#8220;1&#8243; el_id=&#8220;tab-struttura&#8220;][vc_tta_section title=&#8220;Beschreibung&#8220; tab_id=&#8220;descrizione&#8220;][vc_column_text]<\/p>\n<p align=\"justify\">Zweizimmerwohnung (35 qm), zwei durch Bogen und Vorhang geteilte Zimmer, f\u00fcr 2 \u2013 4 Personen, rustikale M\u00f6bel, Schlafzimmer mit Doppelbett und Kleiderschrank, Wohnzimmer mit K\u00fcchenbereich, Etagenbett. Klimaanlage, Deckenventilator, Heizung. Badezimmer mit Dusche, Waschbecken, WC, Bidet. \u00dcberdachte Veranda unter Spielhallen mit Tisch und B\u00e4nken, Liegest\u00fchlen, Grill. Wifi im Apartment.<\/p>\n<p>[\/vc_column_text][\/vc_tta_section][vc_tta_section title=&#8220;Dienstleistungen&#8220; tab_id=&#8220;servizi&#8220;][vc_column_text]Der Preis f\u00fcr die Miete von H\u00e4uschen und Apartments umfasst folgende Leistungen:<\/p>\n<ul>\n<li>Lieferung von Handt\u00fcchern und K\u00fcchent\u00fcchern zweimal w\u00f6chentlich, Bettw\u00e4sche jede Woche<\/li>\n<li>Heizung w\u00e4hrend der Wintermonate, Energie- und Wasserverbrauch, Klimaanlage w\u00e4hrend des Aufenthalt innerhalb der Unterkunft, Endreinigung<\/li>\n<li>Bereitstellung von Kaffee, Zucker, Salz, Toilettenpapier und Geschirrsp\u00fclmittel, Duschgel und Shampoo f\u00fcr die ersten 1 \u2013 2 Tage<\/li>\n<li>Kinder bis 3 Jahre sind unsere G\u00e4ste und \u00fcbernachten kostenfrei, haben aber keinen Anspruch auf ein eigenes Bett<\/li>\n<li>Kostenloses WLAN im Empfangsbereich<\/li>\n<\/ul>\n<p>[\/vc_column_text][\/vc_tta_section][vc_tta_section title=&#8220;Zus\u00e4tzliche Informationen&#8220; tab_id=&#8220;extra&#8220;][vc_column_text]<strong>EXTRA:<\/strong><\/p>\n<p>Fr\u00fchst\u00fcck\u00a0\u00a0\u00a0\u00a0\u00a0\u00a0\u00a0\u00a0 \u00a0\u00a0\u00a0\u00a0\u00a0\u00a0\u00a0\u00a0\u00a0\u00a0\u00a0\u00a0\u00a0\u00a0\u00a0\u00a0\u00a0\u00a0\u00a0\u00a0\u00a0\u00a0\u00a0\u00a0 Erwachsene: 8,- \u20ac \/Tag, Kinder und Jugendliche (4- 16) 5,- \u20ac \/Tag<br \/>\nZustellbett \u00a0\u00a0\u00a0\u00a0\u00a0\u00a0\u00a0\u00a0\u00a0\u00a0\u00a0\u00a0\u00a0\u00a0\u00a0\u00a0\u00a0\u00a0\u00a0\u00a0\u00a0\u00a0\u00a0\u00a0\u00a0\u00a0\u00a0\u00a0\u00a0\u00a0\u00a0 20,- Euro \/ Tag.<br \/>\nKinderbettchen\u00a0\u00a0\u00a0\u00a0\u00a0\u00a0\u00a0\u00a0\u00a0\u00a0\u00a0\u00a0\u00a0\u00a0\u00a0\u00a0\u00a0\u00a0\u00a0\u00a0\u00a0\u00a0\u00a0\u00a0 15,- \u20ac pro Woche<br \/>\nHunde (auf Anfrage)\u00a0\u00a0\u00a0\u00a0\u00a0\u00a0\u00a0\u00a0\u00a0\u00a0\u00a0\u00a0\u00a0\u00a0\u00a0\u00a0 10,- \u20ac f\u00fcr das Wochenende, 20,- \u20ac pro Woche<\/p>\n<p><strong>Diese Tarife unterliegen geringf\u00fcgigen Schwankungen. <\/strong><\/p>\n<p><strong>Sie sollten auch wissen:<\/strong><\/p>\n<p>Zwei Kinder bis zum Alter von drei Jahren gelten als ein zahlendes Kind.<br \/>\nAn- und Abreise sind t\u00e4glich m\u00f6glich, in der Hochsaison je nach Verf\u00fcgbarkeit.<\/p>\n<p><strong>Check-in:\u00a0\u00a0 \u00a0\u00a0\u00a0\u00a0\u00a0\u00a0 ab 16:00 (in der Nebensaison vielleicht auch am vormittags, rufen Sie uns an)<br \/>\nCheck-out:\u00a0\u00a0\u00a0 \u00a0\u00a0\u00a0 um 10:00 Uhr (eventuell auch sp\u00e4ter in der Nebensaison<\/strong>[\/vc_column_text][\/vc_tta_section][\/vc_tta_tabs]<div class=\"sc_section camere sc_section_block margin_top_small margin_bottom_small alignleft\" data-animation=\"animated fadeInUp normal\"><div class=\"sc_section_inner\"><h2 class=\"sc_section_title sc_item_title sc_item_title_without_descr\">Andere R\u00e4ume und H\u00e4user<span><\/span><\/h2><div class=\"sc_section_content_wrap\"><div class=\"columns_wrap sc_columns columns_nofluid sc_columns_count_2\" style=\"margin-top: -0.8rem;margin-bottom: 6rem;\"><div class=\"column-1_2 sc_column_item sc_column_item_1 odd first\"><figure class=\"sc_image  sc_image_shape_round\" style=\"max-width: 196px; margin: auto;\"><a href=\"\/de\/casetta-gallina\"><img decoding=\"async\" src=\"https:\/\/www.masseriasantangelo.it\/wp-content\/uploads\/2020\/03\/App-Gallina-Capra-veranda_-1-e1585148951277-1.jpg\" alt=\"\" \/><\/a><\/figure><h4 class=\"sc_title sc_title_regular\" style=\"margin-top: 2.3rem;\"><\/p>\n<p style=\"text-align: center;\"><a href=\"\/de\/casetta-gallina\">Casetta Gallina<\/a><\/p>\n<p><\/h4><\/div><\/div><\/div><\/div><\/div>[\/vc_column][\/vc_row]<\/p>\n","protected":false},"excerpt":{"rendered":"<p>[vc_row full_width=&#8220;stretch_row&#8220; inverse=&#8220;&#8220; el_id=&#8220;sfondocamera&#8220;][vc_column css=&#8220;.vc_custom_1475060512699{margin-bottom: 4.25em !important;}&#8220;][vc_empty_space height=&#8220;70px&#8220;][vc_row_inner][vc_column_inner width=&#8220;2\/3&#8243;][vc_column_text][\/vc_column_text][\/vc_column_inner][vc_column_inner width=&#8220;1\/3&#8243;][vc_widget_sidebar sidebar_id=&#8220;sidestruttura&#8220;][\/vc_column_inner][\/vc_row_inner][vc_empty_space height=&#8220;60px&#8220;][vc_tta_tabs active_section=&#8220;1&#8243; el_id=&#8220;tab-struttura&#8220;][vc_tta_section title=&#8220;Beschreibung&#8220; tab_id=&#8220;descrizione&#8220;][vc_column_text] Zweizimmerwohnung (35 qm), zwei durch Bogen und Vorhang geteilte Zimmer, f\u00fcr 2 \u2013 4 Personen, rustikale M\u00f6bel, Schlafzimmer mit Doppelbett und Kleiderschrank, Wohnzimmer mit K\u00fcchenbereich, Etagenbett. Klimaanlage, Deckenventilator, Heizung. Badezimmer mit Dusche, Waschbecken, WC, Bidet. \u00dcberdachte Veranda unter Spielhallen [&hellip;]<\/p>\n","protected":false},"author":1,"featured_media":0,"parent":0,"menu_order":0,"comment_status":"closed","ping_status":"closed","template":"","meta":{"footnotes":""},"class_list":["post-1947","page","type-page","status-publish","hentry"],"yoast_head":"<!-- This site is optimized with the Yoast SEO plugin v24.2 - https:\/\/yoast.com\/wordpress\/plugins\/seo\/ -->\n<title>Casetta Capra - Masseria Sant&#039;Angelo Salento - Italien<\/title>\n<meta name=\"description\" content=\"Entdecken Sie f\u00fcr Ihren Urlaub im Salento die Casetta Capra der Masseria Sant&#039;Angelo in Corigliano d&#039;Otranto. Erfahren Sie mehr.\" \/>\n<meta name=\"robots\" content=\"index, follow, max-snippet:-1, max-image-preview:large, max-video-preview:-1\" \/>\n<link rel=\"canonical\" href=\"https:\/\/www.masseriasantangelo.it\/casetta-capra\/\" \/>\n<meta property=\"og:locale\" content=\"de_DE\" \/>\n<meta property=\"og:type\" content=\"article\" \/>\n<meta property=\"og:title\" content=\"Casetta Capra - Masseria Sant&#039;Angelo Salento - Italien\" \/>\n<meta property=\"og:description\" content=\"Entdecken Sie f\u00fcr Ihren Urlaub im Salento die Casetta Capra der Masseria Sant&#039;Angelo in Corigliano d&#039;Otranto. Erfahren Sie mehr.\" \/>\n<meta property=\"og:url\" content=\"https:\/\/www.masseriasantangelo.it\/casetta-capra\/\" \/>\n<meta property=\"og:site_name\" content=\"Masseria Sant&#039;Angelo\" \/>\n<meta property=\"article:modified_time\" content=\"2020-03-26T18:39:06+00:00\" \/>\n<meta name=\"twitter:card\" content=\"summary_large_image\" \/>\n<meta name=\"twitter:label1\" content=\"Gesch\u00e4tzte Lesezeit\" \/>\n\t<meta name=\"twitter:data1\" content=\"2\u00a0Minuten\" \/>\n<script type=\"application\/ld+json\" class=\"yoast-schema-graph\">{\"@context\":\"https:\/\/schema.org\",\"@graph\":[{\"@type\":\"WebPage\",\"@id\":\"https:\/\/www.masseriasantangelo.it\/casetta-capra\/\",\"url\":\"https:\/\/www.masseriasantangelo.it\/casetta-capra\/\",\"name\":\"Casetta Capra - Masseria Sant'Angelo Salento - Italien\",\"isPartOf\":{\"@id\":\"https:\/\/www.masseriasantangelo.it\/#website\"},\"datePublished\":\"2020-03-19T16:55:30+00:00\",\"dateModified\":\"2020-03-26T18:39:06+00:00\",\"description\":\"Entdecken Sie f\u00fcr Ihren Urlaub im Salento die Casetta Capra der Masseria Sant'Angelo in Corigliano d'Otranto. Erfahren Sie mehr.\",\"breadcrumb\":{\"@id\":\"https:\/\/www.masseriasantangelo.it\/casetta-capra\/#breadcrumb\"},\"inLanguage\":\"de\",\"potentialAction\":[{\"@type\":\"ReadAction\",\"target\":[\"https:\/\/www.masseriasantangelo.it\/casetta-capra\/\"]}]},{\"@type\":\"BreadcrumbList\",\"@id\":\"https:\/\/www.masseriasantangelo.it\/casetta-capra\/#breadcrumb\",\"itemListElement\":[{\"@type\":\"ListItem\",\"position\":1,\"name\":\"Home\",\"item\":\"https:\/\/www.masseriasantangelo.it\/de\/\"},{\"@type\":\"ListItem\",\"position\":2,\"name\":\"Casetta Capra\"}]},{\"@type\":\"WebSite\",\"@id\":\"https:\/\/www.masseriasantangelo.it\/#website\",\"url\":\"https:\/\/www.masseriasantangelo.it\/\",\"name\":\"Masseria Sant&#039;Angelo\",\"description\":\"\",\"potentialAction\":[{\"@type\":\"SearchAction\",\"target\":{\"@type\":\"EntryPoint\",\"urlTemplate\":\"https:\/\/www.masseriasantangelo.it\/?s={search_term_string}\"},\"query-input\":{\"@type\":\"PropertyValueSpecification\",\"valueRequired\":true,\"valueName\":\"search_term_string\"}}],\"inLanguage\":\"de\"}]}<\/script>\n<!-- \/ Yoast SEO plugin. -->","yoast_head_json":{"title":"Casetta Capra - Masseria Sant'Angelo Salento - Italien","description":"Entdecken Sie f\u00fcr Ihren Urlaub im Salento die Casetta Capra der Masseria Sant'Angelo in Corigliano d'Otranto. Erfahren Sie mehr.","robots":{"index":"index","follow":"follow","max-snippet":"max-snippet:-1","max-image-preview":"max-image-preview:large","max-video-preview":"max-video-preview:-1"},"canonical":"https:\/\/www.masseriasantangelo.it\/casetta-capra\/","og_locale":"de_DE","og_type":"article","og_title":"Casetta Capra - Masseria Sant'Angelo Salento - Italien","og_description":"Entdecken Sie f\u00fcr Ihren Urlaub im Salento die Casetta Capra der Masseria Sant'Angelo in Corigliano d'Otranto. Erfahren Sie mehr.","og_url":"https:\/\/www.masseriasantangelo.it\/casetta-capra\/","og_site_name":"Masseria Sant&#039;Angelo","article_modified_time":"2020-03-26T18:39:06+00:00","twitter_card":"summary_large_image","twitter_misc":{"Gesch\u00e4tzte Lesezeit":"2\u00a0Minuten"},"schema":{"@context":"https:\/\/schema.org","@graph":[{"@type":"WebPage","@id":"https:\/\/www.masseriasantangelo.it\/casetta-capra\/","url":"https:\/\/www.masseriasantangelo.it\/casetta-capra\/","name":"Casetta Capra - Masseria Sant'Angelo Salento - Italien","isPartOf":{"@id":"https:\/\/www.masseriasantangelo.it\/#website"},"datePublished":"2020-03-19T16:55:30+00:00","dateModified":"2020-03-26T18:39:06+00:00","description":"Entdecken Sie f\u00fcr Ihren Urlaub im Salento die Casetta Capra der Masseria Sant'Angelo in Corigliano d'Otranto. Erfahren Sie mehr.","breadcrumb":{"@id":"https:\/\/www.masseriasantangelo.it\/casetta-capra\/#breadcrumb"},"inLanguage":"de","potentialAction":[{"@type":"ReadAction","target":["https:\/\/www.masseriasantangelo.it\/casetta-capra\/"]}]},{"@type":"BreadcrumbList","@id":"https:\/\/www.masseriasantangelo.it\/casetta-capra\/#breadcrumb","itemListElement":[{"@type":"ListItem","position":1,"name":"Home","item":"https:\/\/www.masseriasantangelo.it\/de\/"},{"@type":"ListItem","position":2,"name":"Casetta Capra"}]},{"@type":"WebSite","@id":"https:\/\/www.masseriasantangelo.it\/#website","url":"https:\/\/www.masseriasantangelo.it\/","name":"Masseria Sant&#039;Angelo","description":"","potentialAction":[{"@type":"SearchAction","target":{"@type":"EntryPoint","urlTemplate":"https:\/\/www.masseriasantangelo.it\/?s={search_term_string}"},"query-input":{"@type":"PropertyValueSpecification","valueRequired":true,"valueName":"search_term_string"}}],"inLanguage":"de"}]}},"_links":{"self":[{"href":"https:\/\/www.masseriasantangelo.it\/de\/wp-json\/wp\/v2\/pages\/1947","targetHints":{"allow":["GET"]}}],"collection":[{"href":"https:\/\/www.masseriasantangelo.it\/de\/wp-json\/wp\/v2\/pages"}],"about":[{"href":"https:\/\/www.masseriasantangelo.it\/de\/wp-json\/wp\/v2\/types\/page"}],"author":[{"embeddable":true,"href":"https:\/\/www.masseriasantangelo.it\/de\/wp-json\/wp\/v2\/users\/1"}],"replies":[{"embeddable":true,"href":"https:\/\/www.masseriasantangelo.it\/de\/wp-json\/wp\/v2\/comments?post=1947"}],"version-history":[{"count":7,"href":"https:\/\/www.masseriasantangelo.it\/de\/wp-json\/wp\/v2\/pages\/1947\/revisions"}],"predecessor-version":[{"id":2906,"href":"https:\/\/www.masseriasantangelo.it\/de\/wp-json\/wp\/v2\/pages\/1947\/revisions\/2906"}],"wp:attachment":[{"href":"https:\/\/www.masseriasantangelo.it\/de\/wp-json\/wp\/v2\/media?parent=1947"}],"curies":[{"name":"wp","href":"https:\/\/api.w.org\/{rel}","templated":true}]}}