{"id":1853,"date":"2020-03-19T14:38:41","date_gmt":"2020-03-19T13:38:41","guid":{"rendered":"https:\/\/www.masseriasantangelo.it\/?page_id=1853"},"modified":"2020-03-26T19:12:56","modified_gmt":"2020-03-26T18:12:56","slug":"musik-auf-dem-bauernhof","status":"publish","type":"page","link":"https:\/\/www.masseriasantangelo.it\/de\/musik-auf-dem-bauernhof\/","title":{"rendered":"Musik auf dem Bauernhof"},"content":{"rendered":"<p>[vc_row inverse=&#8220;&#8220; css=&#8220;.vc_custom_1582561685124{margin-top: 60px !important;padding-top: 20px !important;padding-bottom: 20px !important;background-color: #f4f4f4 !important;}&#8220;][vc_column][vc_column_text]<\/p>\n<p style=\"text-align: center;\">Die Masseria als Ort der musikalischen Verehrung<\/p>\n<p style=\"text-align: center;\"><em><strong>&#8222;Fermative amici non sciati nanzi<\/strong><\/em><br \/>\n<em><strong>a quai se fermane puru li venti<\/strong><\/em><br \/>\n<em><strong>a quai se fermane li soni e canti<\/strong><\/em><br \/>\n<em><strong>ca pene nu ci stannu ne lamenti&#8220;<\/strong><\/em><\/p>\n<p style=\"text-align: center;\">\u2026 so geht eine Strophe aus einem Volkslied<\/p>\n<p style=\"text-align: center;\">Die alten Lieder und Melodien sind in der Masseria zuhause. Man atmet sie, sp\u00fcrt sie auch beim Spazieren durch die Landschaft, bei Festen in der Sommerluft, h\u00f6rt sie sich im Winter am Kamin an. Es ist leicht, nach einem Abendessen mit einem Glas Rotwein sich zum Tanz aufgefordert zu f\u00fchlen oder vielleicht sogar mitzusingen.<\/p>\n<p>[\/vc_column_text][\/vc_column][\/vc_row][vc_row full_width=&#8220;stretch_row&#8220; inverse=&#8220;&#8220; css=&#8220;.vc_custom_1584091792628{padding-top: 0px !important;}&#8220;][vc_column][vc_column_text]<\/p>\n<p class=\"sc_section_title sc_item_title sc_item_title_without_descr\" style=\"text-align: center;\">Gricanti Festival<\/p>\n<p>[\/vc_column_text][vc_column_text]GRICANTI FESTIVAL<br \/>\nJedes Jahr, Mitte Juni, treten ca. 20 salentinische K\u00fcnstler und Musikgruppen auf und leisten ihren Beitrag zum Bewahren und Bekanntmachen des kulturellen Erbes der Grec\u00eca Salentina. Die stimmungsvolle Kulisse ist immer die salentinische Landschaft. Man singt in einem griechischen Theater und auf dem antiken Dreschplatz. Die Familie Avantaggiato, H\u00fcterin der Tradition der salentinischen Tradition, bietet allen Liebhabern und Interessierten die M\u00f6glichkeit, dieses ganz besondere Ereignis zu erleben. Die Musiker und S\u00e4nger des Salento pr\u00e4sentieren Ihnen die Wiederentdeckung der ihrer Wurzeln. Das Gricanti Festival macht sich jedes Jahr auf die Reise zwischen Vergangenheit und Gegenwart, Tradition und Innovation.<br \/>\nF\u00fcr das leibliche Wohl wird mit unseren \u201ePucce\u201c, frisch aus dem Steinofen, gef\u00fcllt mit leckerem Gem\u00fcse, gesorgt und der gute Landwein wird nicht fehlen. (Gegen Geb\u00fchr, Verzehr ist aber nicht nicht zwingend).<\/p>\n<p><strong>Mit dem Verkauf von zwei Cds und einer DVD, die das Festival dokumentieren, setzt sich das Gricanti Festival jedes Jahr f\u00fcr soziale Solidarit\u00e4tein und spendet Beitrag, wie im Jahr 2019 an den Verein ONLUS Herz und Open Hand. Ein freiwilliger Beitrag seitens der Zuschauer wird gesch\u00e4tzt.<\/strong>[\/vc_column_text][vc_empty_space height=&#8220;30px&#8220;][vc_row_inner][vc_column_inner][vc_images_carousel images=&#8220;1573,1576,1870&#8243; img_size=&#8220;full&#8220; slides_per_view=&#8220;3&#8243; hide_pagination_control=&#8220;yes&#8220; hide_prev_next_buttons=&#8220;yes&#8220; wrap=&#8220;yes&#8220;][\/vc_column_inner][\/vc_row_inner][vc_empty_space height=&#8220;50px&#8220;][\/vc_column][\/vc_row][vc_row full_width=&#8220;stretch_row&#8220; inverse=&#8220;&#8220; css=&#8220;.vc_custom_1584091833514{padding-bottom: 60px !important;background-color: #f4f4f4 !important;}&#8220;][vc_column][vc_column_text]<\/p>\n<p class=\"sc_section_title sc_item_title sc_item_title_without_descr\">Giovanni Avantaggiato und die musikalische Familie<\/p>\n<p>[\/vc_column_text][vc_row_inner][vc_column_inner width=&#8220;1\/2&#8243;][vc_column_text]<\/p>\n<p style=\"text-align: justify;\">Giovanni Avantaggiato, der Protagonist mit seinem Akkordeon, ist eine emblematische Figur der salentinischen Volksmusik: Der \u00fcber 95-j\u00e4hrige S\u00e4nger, geboren und aufgewachsen in Corigliano d&#8217;Otranto, ist ein H\u00fcter der salentinischen Musiktradition. Die Stimme und ihr untrennbares Akkordeon sind die Hauptzutaten. Es ist m\u00f6glich, wunderbare mehrstimmige Ch\u00f6re zu h\u00f6ren, Stornelli und Pizziche.<\/p>\n<p>In den letzten 30 Jahren hat Giovanni, nach einer langen Erfahrung seit den 35er Jahren mit anderen Musikern, die ganze Familie in die Welt der Musik hineingezogen, wobei auch die Generation der Enkelkinder einbezogen wurde. Der J\u00fcngere lernt vom \u00c4lteren, so wurden die Traditionen \u00fcberliefert.<\/p>\n<p>Giovanni war mit seiner Musik in Frankreich, Griechenland, der Schweiz sowie an vielen italienischen Orten. Er hat mehrfach am Maxi-Event La Notte della Taranta teilgenommen.<\/p>\n<p>[\/vc_column_text][vc_empty_space][\/vc_column_inner][vc_column_inner width=&#8220;1\/2&#8243;][vc_video link=&#8220;https:\/\/www.youtube.com\/watch?list=PLdfeX4UbRVwLRdlM2-tCsC_NypnXE90B7&amp;v=pfYkht5m5BU&#8220; align=&#8220;center&#8220;][vc_images_carousel images=&#8220;1122,1123,1124&#8243; img_size=&#8220;full&#8220; slides_per_view=&#8220;3&#8243; hide_pagination_control=&#8220;yes&#8220; hide_prev_next_buttons=&#8220;yes&#8220;][vc_empty_space][\/vc_column_inner][\/vc_row_inner][vc_row_inner][vc_column_inner][vc_empty_space height=&#8220;20px&#8220;][vc_column_text]<\/p>\n<p style=\"text-align: justify;\">Zu den interessantesten Aufnahmen von Giovanni Avantaggiato geh\u00f6rt &#8222;Buonasera a quista casa&#8220; mit Ucci; &#8222;Lassatila Ballare&#8220; mit \u201cI Figli di Rocco\u201d; die Single &#8222;Moli ti passiuna&#8220; aus dem Jahr 2006. Giovanni ist eine Pers\u00f6nlichkeit auf dem Bauernhof. Hier finden Sie ihn tags\u00fcber mit seiner Ziegenherde. Er ist immer bereit, einige Anekdoten zu erz\u00e4hlen, die Volkstraditionen zu erkl\u00e4ren, von der vielen Arbeit und der Liebe zu erz\u00e4hlen. Es kann vorkommen, dass Sie ihn eine Serenade der Liebe und Emp\u00f6rung singen h\u00f6ren, die vergangene Emotionen wiederbelebt.<br \/>\n<strong>ROCCO<\/strong>, Schlagzeuger und F\u00f6rderer der popul\u00e4ren Salento-Musik und der Grico-Sprache. Als Botschafter der griechischen Sprache begleitet er seinen Vater und oft andere Musikgruppen. Nichts macht ihn so gutgelaunt wie der Rhythmus der Pizza und die musikalischen Abende mit Freunden. Er hat eine Leidenschaft f\u00fcr die hiesige Kultur, hat das Gl\u00fcck, seine Eltern (vom Anfang des vergangenen Jahrhunderts) als Zeitzeugen zu haben. Rocco hat es sich zur Aufgabe gemacht, &#8222;seine Welt&#8220; allen bekannt zu machen, Schulkindern, verzauberten Urlaubern und ausl\u00e4ndischen Touristen. Er ist der Sch\u00f6pfer des Grikanti-Festivals, der animierte Dirigent anderer Veranstaltungen sowie der Salento-Abendessen.<br \/>\n<strong>ANGELA<\/strong> begleitet ihren Ehemann Giovanni nicht nur mit ihrer sonnigen Pr\u00e4senz, sondern auf Wunsch auch mit ihrem Gesang. Wenn sie beschlie\u00dft, neben ihrem Ehemann auf die B\u00fchne zu gehen, schaffen sie gemeinsam eine Atmosph\u00e4re, die an alte Zeiten erinnert.<br \/>\n<strong>LENNY<\/strong>, Giovannis Neffe und Sohn von Ulla und Rocc, Tamburellist von Geburt an und T\u00e4nzer, Student der Fontys Dance Academy in Holland, Tanz-K\u00fcnstler, insbesondere von Hip Hop und Krump. Er macht -sofern zuhause \u2013 bei vielen Events mit, plant aber auch bereits seine eigenen.<br \/>\n<strong>GIULIO<\/strong>, Enkel von Giovanni, Lennys kleiner Bruder (aber gar nicht klein), Tamburellist von Geburt an und Gitarrist. Es ist Teil der Musikgruppe des Liceo S. Trinchese di Martano. Es folgt allen Ereignissen rund um die Masseria und hilft aktiv mit, wenn es darum geht, die musikalischen Abende auf dem Bauernhof zu gestalten.<br \/>\n<strong>ULLA<\/strong>, S\u00e4ngerin f\u00fcr private Zwecke und f\u00fcr Notf\u00e4lle. Sie kann Noten lesen. Seit drei\u00dfig Jahren wiederholt sie die gleichen grundlegenden Gitarrenbasics mit langen Unterbrechungen aber mit dem klaren Ziel, sich selbst\u00e4ndig begleiten zu k\u00f6nnen. Sie freut wenn Gitarristen herkommen, die ein breites Repertoire an amerikanischer Volksmusik mitbringen, mal was anderes als Pizzica. ?<\/p>\n<p>[\/vc_column_text][\/vc_column_inner][\/vc_row_inner][\/vc_column][\/vc_row]<\/p>\n","protected":false},"excerpt":{"rendered":"<p>[vc_row inverse=&#8220;&#8220; css=&#8220;.vc_custom_1582561685124{margin-top: 60px !important;padding-top: 20px !important;padding-bottom: 20px !important;background-color: #f4f4f4 !important;}&#8220;][vc_column][vc_column_text] Die Masseria als Ort der musikalischen Verehrung &#8222;Fermative amici non sciati nanzi a quai se fermane puru li venti a quai se fermane li soni e canti ca pene nu ci stannu ne lamenti&#8220; \u2026 so geht eine Strophe aus einem Volkslied Die alten [&hellip;]<\/p>\n","protected":false},"author":1,"featured_media":0,"parent":0,"menu_order":0,"comment_status":"closed","ping_status":"closed","template":"","meta":{"footnotes":""},"class_list":["post-1853","page","type-page","status-publish","hentry"],"yoast_head":"<!-- This site is optimized with the Yoast SEO plugin v24.2 - https:\/\/yoast.com\/wordpress\/plugins\/seo\/ -->\n<title>Musik Masseria Sant&#039;Angelo - Grikanti Festival<\/title>\n<meta name=\"description\" content=\"Entdecken Sie die Kl\u00e4nge der Salento-Volkstradition. Eine musikalische Reise mit dem Grikanti Festival zwischen Pizzica und Taranta. Wir warten auf dich!\" \/>\n<meta name=\"robots\" content=\"index, follow, max-snippet:-1, max-image-preview:large, max-video-preview:-1\" \/>\n<link rel=\"canonical\" href=\"https:\/\/www.masseriasantangelo.it\/de\/musik-auf-dem-bauernhof\/\" \/>\n<meta property=\"og:locale\" content=\"de_DE\" \/>\n<meta property=\"og:type\" content=\"article\" \/>\n<meta property=\"og:title\" content=\"Musik Masseria Sant&#039;Angelo - Grikanti Festival\" \/>\n<meta property=\"og:description\" content=\"Entdecken Sie die Kl\u00e4nge der Salento-Volkstradition. Eine musikalische Reise mit dem Grikanti Festival zwischen Pizzica und Taranta. Wir warten auf dich!\" \/>\n<meta property=\"og:url\" content=\"https:\/\/www.masseriasantangelo.it\/de\/musik-auf-dem-bauernhof\/\" \/>\n<meta property=\"og:site_name\" content=\"Masseria Sant&#039;Angelo\" \/>\n<meta property=\"article:modified_time\" content=\"2020-03-26T18:12:56+00:00\" \/>\n<meta name=\"twitter:card\" content=\"summary_large_image\" \/>\n<meta name=\"twitter:label1\" content=\"Gesch\u00e4tzte Lesezeit\" \/>\n\t<meta name=\"twitter:data1\" content=\"5\u00a0Minuten\" \/>\n<script type=\"application\/ld+json\" class=\"yoast-schema-graph\">{\"@context\":\"https:\/\/schema.org\",\"@graph\":[{\"@type\":\"WebPage\",\"@id\":\"https:\/\/www.masseriasantangelo.it\/de\/musik-auf-dem-bauernhof\/\",\"url\":\"https:\/\/www.masseriasantangelo.it\/de\/musik-auf-dem-bauernhof\/\",\"name\":\"Musik Masseria Sant'Angelo - Grikanti Festival\",\"isPartOf\":{\"@id\":\"https:\/\/www.masseriasantangelo.it\/#website\"},\"datePublished\":\"2020-03-19T13:38:41+00:00\",\"dateModified\":\"2020-03-26T18:12:56+00:00\",\"description\":\"Entdecken Sie die Kl\u00e4nge der Salento-Volkstradition. Eine musikalische Reise mit dem Grikanti Festival zwischen Pizzica und Taranta. Wir warten auf dich!\",\"breadcrumb\":{\"@id\":\"https:\/\/www.masseriasantangelo.it\/de\/musik-auf-dem-bauernhof\/#breadcrumb\"},\"inLanguage\":\"de\",\"potentialAction\":[{\"@type\":\"ReadAction\",\"target\":[\"https:\/\/www.masseriasantangelo.it\/de\/musik-auf-dem-bauernhof\/\"]}]},{\"@type\":\"BreadcrumbList\",\"@id\":\"https:\/\/www.masseriasantangelo.it\/de\/musik-auf-dem-bauernhof\/#breadcrumb\",\"itemListElement\":[{\"@type\":\"ListItem\",\"position\":1,\"name\":\"Home\",\"item\":\"https:\/\/www.masseriasantangelo.it\/de\/\"},{\"@type\":\"ListItem\",\"position\":2,\"name\":\"Musik auf dem Bauernhof\"}]},{\"@type\":\"WebSite\",\"@id\":\"https:\/\/www.masseriasantangelo.it\/#website\",\"url\":\"https:\/\/www.masseriasantangelo.it\/\",\"name\":\"Masseria Sant&#039;Angelo\",\"description\":\"\",\"potentialAction\":[{\"@type\":\"SearchAction\",\"target\":{\"@type\":\"EntryPoint\",\"urlTemplate\":\"https:\/\/www.masseriasantangelo.it\/?s={search_term_string}\"},\"query-input\":{\"@type\":\"PropertyValueSpecification\",\"valueRequired\":true,\"valueName\":\"search_term_string\"}}],\"inLanguage\":\"de\"}]}<\/script>\n<!-- \/ Yoast SEO plugin. -->","yoast_head_json":{"title":"Musik Masseria Sant'Angelo - Grikanti Festival","description":"Entdecken Sie die Kl\u00e4nge der Salento-Volkstradition. Eine musikalische Reise mit dem Grikanti Festival zwischen Pizzica und Taranta. Wir warten auf dich!","robots":{"index":"index","follow":"follow","max-snippet":"max-snippet:-1","max-image-preview":"max-image-preview:large","max-video-preview":"max-video-preview:-1"},"canonical":"https:\/\/www.masseriasantangelo.it\/de\/musik-auf-dem-bauernhof\/","og_locale":"de_DE","og_type":"article","og_title":"Musik Masseria Sant'Angelo - Grikanti Festival","og_description":"Entdecken Sie die Kl\u00e4nge der Salento-Volkstradition. Eine musikalische Reise mit dem Grikanti Festival zwischen Pizzica und Taranta. Wir warten auf dich!","og_url":"https:\/\/www.masseriasantangelo.it\/de\/musik-auf-dem-bauernhof\/","og_site_name":"Masseria Sant&#039;Angelo","article_modified_time":"2020-03-26T18:12:56+00:00","twitter_card":"summary_large_image","twitter_misc":{"Gesch\u00e4tzte Lesezeit":"5\u00a0Minuten"},"schema":{"@context":"https:\/\/schema.org","@graph":[{"@type":"WebPage","@id":"https:\/\/www.masseriasantangelo.it\/de\/musik-auf-dem-bauernhof\/","url":"https:\/\/www.masseriasantangelo.it\/de\/musik-auf-dem-bauernhof\/","name":"Musik Masseria Sant'Angelo - Grikanti Festival","isPartOf":{"@id":"https:\/\/www.masseriasantangelo.it\/#website"},"datePublished":"2020-03-19T13:38:41+00:00","dateModified":"2020-03-26T18:12:56+00:00","description":"Entdecken Sie die Kl\u00e4nge der Salento-Volkstradition. Eine musikalische Reise mit dem Grikanti Festival zwischen Pizzica und Taranta. Wir warten auf dich!","breadcrumb":{"@id":"https:\/\/www.masseriasantangelo.it\/de\/musik-auf-dem-bauernhof\/#breadcrumb"},"inLanguage":"de","potentialAction":[{"@type":"ReadAction","target":["https:\/\/www.masseriasantangelo.it\/de\/musik-auf-dem-bauernhof\/"]}]},{"@type":"BreadcrumbList","@id":"https:\/\/www.masseriasantangelo.it\/de\/musik-auf-dem-bauernhof\/#breadcrumb","itemListElement":[{"@type":"ListItem","position":1,"name":"Home","item":"https:\/\/www.masseriasantangelo.it\/de\/"},{"@type":"ListItem","position":2,"name":"Musik auf dem Bauernhof"}]},{"@type":"WebSite","@id":"https:\/\/www.masseriasantangelo.it\/#website","url":"https:\/\/www.masseriasantangelo.it\/","name":"Masseria Sant&#039;Angelo","description":"","potentialAction":[{"@type":"SearchAction","target":{"@type":"EntryPoint","urlTemplate":"https:\/\/www.masseriasantangelo.it\/?s={search_term_string}"},"query-input":{"@type":"PropertyValueSpecification","valueRequired":true,"valueName":"search_term_string"}}],"inLanguage":"de"}]}},"_links":{"self":[{"href":"https:\/\/www.masseriasantangelo.it\/de\/wp-json\/wp\/v2\/pages\/1853","targetHints":{"allow":["GET"]}}],"collection":[{"href":"https:\/\/www.masseriasantangelo.it\/de\/wp-json\/wp\/v2\/pages"}],"about":[{"href":"https:\/\/www.masseriasantangelo.it\/de\/wp-json\/wp\/v2\/types\/page"}],"author":[{"embeddable":true,"href":"https:\/\/www.masseriasantangelo.it\/de\/wp-json\/wp\/v2\/users\/1"}],"replies":[{"embeddable":true,"href":"https:\/\/www.masseriasantangelo.it\/de\/wp-json\/wp\/v2\/comments?post=1853"}],"version-history":[{"count":5,"href":"https:\/\/www.masseriasantangelo.it\/de\/wp-json\/wp\/v2\/pages\/1853\/revisions"}],"predecessor-version":[{"id":2832,"href":"https:\/\/www.masseriasantangelo.it\/de\/wp-json\/wp\/v2\/pages\/1853\/revisions\/2832"}],"wp:attachment":[{"href":"https:\/\/www.masseriasantangelo.it\/de\/wp-json\/wp\/v2\/media?parent=1853"}],"curies":[{"name":"wp","href":"https:\/\/api.w.org\/{rel}","templated":true}]}}