{"id":1823,"date":"2020-03-19T10:11:07","date_gmt":"2020-03-19T09:11:07","guid":{"rendered":"https:\/\/www.masseriasantangelo.it\/?page_id=1823"},"modified":"2020-03-23T19:13:04","modified_gmt":"2020-03-23T18:13:04","slug":"aktiv-sein","status":"publish","type":"page","link":"https:\/\/www.masseriasantangelo.it\/de\/aktiv-sein\/","title":{"rendered":"Aktiv sein"},"content":{"rendered":"<p>[vc_row inverse=&#8220;&#8220;][vc_column][vc_column_text]<\/p>\n<h2 class=\"sc_section_title sc_item_title sc_item_title_without_descr\" style=\"text-align: center;\">Aktiv sein oder dolce far niente?<br \/>\nNat\u00fcrliche wellness auf der<\/h2>\n<p>[\/vc_column_text][\/vc_column][\/vc_row][vc_row inverse=&#8220;&#8220; css=&#8220;.vc_custom_1582553204928{padding-bottom: 50px !important;}&#8220;][vc_column width=&#8220;1\/2&#8243;][vc_column_text]<\/p>\n<p style=\"text-align: justify;\" align=\"justify\">Die wundersch\u00f6ne mediterrane Landschaft l\u00e4dt zu entspannenden Spazierg\u00e4ngen ein, bei denen alle Sinne angsprochen werden. Da kommt man auf die Idee, einfach einen Feldblumenstrau\u00df zu pfl\u00fccken, wilden Rucola zu probieren oder mal zu schauen, wohin der Sch\u00e4fer mit den Ziegen zieht. Alternativ \u2013 und das ist eben das \u201es\u00fc\u00dfe Nichtstun\u201c legt man sich einfach unter einen schattigen Olvienbaum, h\u00f6rt Musik, liest ein Buch&#8230; und schl\u00e4ft im milden L\u00fcftchen vielleicht dar\u00fcber ein.<\/p>\n<p>[\/vc_column_text][\/vc_column][vc_column width=&#8220;1\/2&#8243;][vc_single_image image=&#8220;1473&#8243; img_size=&#8220;full&#8220; alignment=&#8220;center&#8220;][\/vc_column][\/vc_row][vc_row full_width=&#8220;stretch_row&#8220; inverse=&#8220;&#8220; css=&#8220;.vc_custom_1582553018916{padding-top: 50px !important;padding-bottom: 50px !important;background-image: url(https:\/\/www.masseriasantangelo.it\/wp-content\/uploads\/2020\/02\/sfondo.jpg?id=872) !important;}&#8220;][vc_column width=&#8220;1\/2&#8243;][vc_single_image image=&#8220;1474&#8243; img_size=&#8220;full&#8220; alignment=&#8220;center&#8220;][\/vc_column][vc_column width=&#8220;1\/2&#8243;][vc_column_text]<\/p>\n<p style=\"text-align: justify;\">M\u00f6chte man mal etwas tun, bietet sich an, doch einmal beim Ziegenmelken mitzumachen. Ein klassischeres Programm w\u00e4ren ein Fahrradausflug (Verleih im Ort), ein sportlicher Lauf durch die umliegenden Olivenhaine, Tischtennis oder Kicker zu spielen. Warum nicht mal mit den Kindern Verstecken spielen? Das ist hier eine echte Herausforderung! Nicht zuletzt w\u00e4ren da noch Aktivit\u00e4ten mit den Pferden, das gemeinsame Kochen in unserer Profi-K\u00fcche und unsere sehr gef\u00e4llige, rhythmische Musik, die \u201ePizzica\u201c, zu der man tanzt und Tamburello spielt.<\/p>\n<p style=\"text-align: justify;\">Bei all dem ist es hier sehr leicht, neue Freundschaften zu schlie\u00dfen. Das gilt f\u00fcr Kinder wie f\u00fcr Erwachsene. So kommt es h\u00e4ufig vor, dass Familien Grillabende veranstalten oder gemeinsame Ausfl\u00fcge unternehmen.<\/p>\n<p style=\"text-align: justify;\">Abends ausgehen ist hier eine Selbstverst\u00e4ndlichkeit, denn der sehr nahe liegende Ort bietet sich hierf\u00fcr einfach an. Das gilt auch f\u00fcr Teens!! Bars, die vom Caff\u00e9 bis zum hausgemachten Eis und Salzgeb\u00e4ck viele Leckereien anbieten gibt es ganz reichlich und ansprechende Restaurants und Pizzerien, bei denen man im Sommer, umgeben von antikem Mauerwerk, drau\u00dfen sitzt, nat\u00fcrlich auch.<\/p>\n<p>[\/vc_column_text][\/vc_column][\/vc_row][vc_row inverse=&#8220;&#8220; css=&#8220;.vc_custom_1582555132096{padding-top: 70px !important;padding-bottom: 70px !important;}&#8220;][vc_column width=&#8220;1\/2&#8243;][vc_column_text]<\/p>\n<p style=\"text-align: justify;\">Jenseits der Masseria und Corigliano gibt es eine Vielfalt zu entdecken. Auf jeden Fall nennenswert sind die antiken griechischen Ortschaften der \u201eGrecia Salentina\u201c. Dabei k\u00f6nnt Ihr gleich mit Corigliano anfangen, denn es geh\u00f6rt dazu und hat zudem das Schloss De&#8217;Monti sowie eine ganz interessante Altstadt vorzuweisen. Corigliano ist im stolzen Besitz der \u201eBANDIERA ARIANCIONE\u201c, eine besondere Auszeichnung des italieninischen Touring Clubs. (www.bandierearancioni.it\/node\/186)<br \/>\nDie befestigen H\u00e4fenst\u00e4dte Otranto und Gall\u00ecpoli sind auf jeden Fall zu besuchen. Dem einen geht es dabei um deren Geschichte, ein anderer m\u00f6chte dort vielleicht bummeln gehen. Auch Lecce sollte man kennen lernen. Eine aktive, hochinteressante Kleinstadt, in die sich schon viele verliebt haben. Kulturhauptstadt Europas ist sie nicht geworden, aber das Zeug dazu h\u00e4tte sie.<\/p>\n<p style=\"text-align: justify;\">Schnell gelangt man an die K\u00fcsten, die aufgrund ihrer Vielseitigkeit das ganze Jahr \u00fcber ihren Reiz haben. In der Badesaison, die grob eingesch\u00e4tzt, von Ende Mai bis Ende Oktober gehen kann, sind die breiten Sandstr\u00e4nden n\u00f6rdlich von Otranto sehr reizvoll. In 20 Minuten Fahrtzeit gelangt man dorthin, wobei die Autofahrt entpannend durch sehr sch\u00f6ne Landschaft f\u00fchrt. Das ionische Meer ist in 25 Minuten erreicht, wobei man auch hier zwischen Steilk\u00fcste, D\u00fcnen und Sandstr\u00e4nden aussuchen darf.<\/p>\n<p style=\"text-align: justify;\">Naturreservate hat das Salent auch zu bieten, so z.B. die \u201eLaghi Alimini\u201c. Im Sommer kann man dort Kanus mieten und und Flora und Fauna erkunden.<\/p>\n<p>[\/vc_column_text][\/vc_column][vc_column width=&#8220;1\/2&#8243;][vc_single_image image=&#8220;1475&#8243; img_size=&#8220;full&#8220; alignment=&#8220;center&#8220;][\/vc_column][\/vc_row]<\/p>\n","protected":false},"excerpt":{"rendered":"<p>[vc_row inverse=&#8220;&#8220;][vc_column][vc_column_text] Aktiv sein oder dolce far niente? Nat\u00fcrliche wellness auf der [\/vc_column_text][\/vc_column][\/vc_row][vc_row inverse=&#8220;&#8220; css=&#8220;.vc_custom_1582553204928{padding-bottom: 50px !important;}&#8220;][vc_column width=&#8220;1\/2&#8243;][vc_column_text] Die wundersch\u00f6ne mediterrane Landschaft l\u00e4dt zu entspannenden Spazierg\u00e4ngen ein, bei denen alle Sinne angsprochen werden. Da kommt man auf die Idee, einfach einen Feldblumenstrau\u00df zu pfl\u00fccken, wilden Rucola zu probieren oder mal zu schauen, wohin der Sch\u00e4fer [&hellip;]<\/p>\n","protected":false},"author":1,"featured_media":0,"parent":0,"menu_order":0,"comment_status":"closed","ping_status":"closed","template":"","meta":{"footnotes":""},"class_list":["post-1823","page","type-page","status-publish","hentry"],"yoast_head":"<!-- This site is optimized with the Yoast SEO plugin v24.2 - https:\/\/yoast.com\/wordpress\/plugins\/seo\/ -->\n<title>Aktivit\u00e4ten in der Masseria Sant&#039;Angelo - Salento<\/title>\n<meta name=\"description\" content=\"Entdecken Sie alle Aktivit\u00e4ten, die wir in der Masseria Sant&#039;Angelo im Salento wollen. Eine Art, einen Urlaub in Kontakt mit der Natur zu erleben.\" \/>\n<meta name=\"robots\" content=\"index, follow, max-snippet:-1, max-image-preview:large, max-video-preview:-1\" \/>\n<link rel=\"canonical\" href=\"https:\/\/www.masseriasantangelo.it\/attivita\/\" \/>\n<meta property=\"og:locale\" content=\"de_DE\" \/>\n<meta property=\"og:type\" content=\"article\" \/>\n<meta property=\"og:title\" content=\"Aktivit\u00e4ten in der Masseria Sant&#039;Angelo - Salento\" \/>\n<meta property=\"og:description\" content=\"Entdecken Sie alle Aktivit\u00e4ten, die wir in der Masseria Sant&#039;Angelo im Salento wollen. Eine Art, einen Urlaub in Kontakt mit der Natur zu erleben.\" \/>\n<meta property=\"og:url\" content=\"https:\/\/www.masseriasantangelo.it\/attivita\/\" \/>\n<meta property=\"og:site_name\" content=\"Masseria Sant&#039;Angelo\" \/>\n<meta property=\"article:modified_time\" content=\"2020-03-23T18:13:04+00:00\" \/>\n<meta name=\"twitter:card\" content=\"summary_large_image\" \/>\n<meta name=\"twitter:label1\" content=\"Gesch\u00e4tzte Lesezeit\" \/>\n\t<meta name=\"twitter:data1\" content=\"3\u00a0Minuten\" \/>\n<script type=\"application\/ld+json\" class=\"yoast-schema-graph\">{\"@context\":\"https:\/\/schema.org\",\"@graph\":[{\"@type\":\"WebPage\",\"@id\":\"https:\/\/www.masseriasantangelo.it\/attivita\/\",\"url\":\"https:\/\/www.masseriasantangelo.it\/attivita\/\",\"name\":\"Aktivit\u00e4ten in der Masseria Sant'Angelo - Salento\",\"isPartOf\":{\"@id\":\"https:\/\/www.masseriasantangelo.it\/#website\"},\"datePublished\":\"2020-03-19T09:11:07+00:00\",\"dateModified\":\"2020-03-23T18:13:04+00:00\",\"description\":\"Entdecken Sie alle Aktivit\u00e4ten, die wir in der Masseria Sant'Angelo im Salento wollen. Eine Art, einen Urlaub in Kontakt mit der Natur zu erleben.\",\"breadcrumb\":{\"@id\":\"https:\/\/www.masseriasantangelo.it\/attivita\/#breadcrumb\"},\"inLanguage\":\"de\",\"potentialAction\":[{\"@type\":\"ReadAction\",\"target\":[\"https:\/\/www.masseriasantangelo.it\/attivita\/\"]}]},{\"@type\":\"BreadcrumbList\",\"@id\":\"https:\/\/www.masseriasantangelo.it\/attivita\/#breadcrumb\",\"itemListElement\":[{\"@type\":\"ListItem\",\"position\":1,\"name\":\"Home\",\"item\":\"https:\/\/www.masseriasantangelo.it\/de\/\"},{\"@type\":\"ListItem\",\"position\":2,\"name\":\"Aktiv sein\"}]},{\"@type\":\"WebSite\",\"@id\":\"https:\/\/www.masseriasantangelo.it\/#website\",\"url\":\"https:\/\/www.masseriasantangelo.it\/\",\"name\":\"Masseria Sant&#039;Angelo\",\"description\":\"\",\"potentialAction\":[{\"@type\":\"SearchAction\",\"target\":{\"@type\":\"EntryPoint\",\"urlTemplate\":\"https:\/\/www.masseriasantangelo.it\/?s={search_term_string}\"},\"query-input\":{\"@type\":\"PropertyValueSpecification\",\"valueRequired\":true,\"valueName\":\"search_term_string\"}}],\"inLanguage\":\"de\"}]}<\/script>\n<!-- \/ Yoast SEO plugin. -->","yoast_head_json":{"title":"Aktivit\u00e4ten in der Masseria Sant'Angelo - Salento","description":"Entdecken Sie alle Aktivit\u00e4ten, die wir in der Masseria Sant'Angelo im Salento wollen. Eine Art, einen Urlaub in Kontakt mit der Natur zu erleben.","robots":{"index":"index","follow":"follow","max-snippet":"max-snippet:-1","max-image-preview":"max-image-preview:large","max-video-preview":"max-video-preview:-1"},"canonical":"https:\/\/www.masseriasantangelo.it\/attivita\/","og_locale":"de_DE","og_type":"article","og_title":"Aktivit\u00e4ten in der Masseria Sant'Angelo - Salento","og_description":"Entdecken Sie alle Aktivit\u00e4ten, die wir in der Masseria Sant'Angelo im Salento wollen. Eine Art, einen Urlaub in Kontakt mit der Natur zu erleben.","og_url":"https:\/\/www.masseriasantangelo.it\/attivita\/","og_site_name":"Masseria Sant&#039;Angelo","article_modified_time":"2020-03-23T18:13:04+00:00","twitter_card":"summary_large_image","twitter_misc":{"Gesch\u00e4tzte Lesezeit":"3\u00a0Minuten"},"schema":{"@context":"https:\/\/schema.org","@graph":[{"@type":"WebPage","@id":"https:\/\/www.masseriasantangelo.it\/attivita\/","url":"https:\/\/www.masseriasantangelo.it\/attivita\/","name":"Aktivit\u00e4ten in der Masseria Sant'Angelo - Salento","isPartOf":{"@id":"https:\/\/www.masseriasantangelo.it\/#website"},"datePublished":"2020-03-19T09:11:07+00:00","dateModified":"2020-03-23T18:13:04+00:00","description":"Entdecken Sie alle Aktivit\u00e4ten, die wir in der Masseria Sant'Angelo im Salento wollen. Eine Art, einen Urlaub in Kontakt mit der Natur zu erleben.","breadcrumb":{"@id":"https:\/\/www.masseriasantangelo.it\/attivita\/#breadcrumb"},"inLanguage":"de","potentialAction":[{"@type":"ReadAction","target":["https:\/\/www.masseriasantangelo.it\/attivita\/"]}]},{"@type":"BreadcrumbList","@id":"https:\/\/www.masseriasantangelo.it\/attivita\/#breadcrumb","itemListElement":[{"@type":"ListItem","position":1,"name":"Home","item":"https:\/\/www.masseriasantangelo.it\/de\/"},{"@type":"ListItem","position":2,"name":"Aktiv sein"}]},{"@type":"WebSite","@id":"https:\/\/www.masseriasantangelo.it\/#website","url":"https:\/\/www.masseriasantangelo.it\/","name":"Masseria Sant&#039;Angelo","description":"","potentialAction":[{"@type":"SearchAction","target":{"@type":"EntryPoint","urlTemplate":"https:\/\/www.masseriasantangelo.it\/?s={search_term_string}"},"query-input":{"@type":"PropertyValueSpecification","valueRequired":true,"valueName":"search_term_string"}}],"inLanguage":"de"}]}},"_links":{"self":[{"href":"https:\/\/www.masseriasantangelo.it\/de\/wp-json\/wp\/v2\/pages\/1823","targetHints":{"allow":["GET"]}}],"collection":[{"href":"https:\/\/www.masseriasantangelo.it\/de\/wp-json\/wp\/v2\/pages"}],"about":[{"href":"https:\/\/www.masseriasantangelo.it\/de\/wp-json\/wp\/v2\/types\/page"}],"author":[{"embeddable":true,"href":"https:\/\/www.masseriasantangelo.it\/de\/wp-json\/wp\/v2\/users\/1"}],"replies":[{"embeddable":true,"href":"https:\/\/www.masseriasantangelo.it\/de\/wp-json\/wp\/v2\/comments?post=1823"}],"version-history":[{"count":2,"href":"https:\/\/www.masseriasantangelo.it\/de\/wp-json\/wp\/v2\/pages\/1823\/revisions"}],"predecessor-version":[{"id":1871,"href":"https:\/\/www.masseriasantangelo.it\/de\/wp-json\/wp\/v2\/pages\/1823\/revisions\/1871"}],"wp:attachment":[{"href":"https:\/\/www.masseriasantangelo.it\/de\/wp-json\/wp\/v2\/media?parent=1823"}],"curies":[{"name":"wp","href":"https:\/\/api.w.org\/{rel}","templated":true}]}}