{"id":1807,"date":"2020-03-19T09:55:27","date_gmt":"2020-03-19T08:55:27","guid":{"rendered":"https:\/\/www.masseriasantangelo.it\/?page_id=1807"},"modified":"2020-03-26T19:12:13","modified_gmt":"2020-03-26T18:12:13","slug":"die-kueche-des-massaro","status":"publish","type":"page","link":"https:\/\/www.masseriasantangelo.it\/de\/die-kueche-des-massaro\/","title":{"rendered":"Die K\u00fcche des Massaro"},"content":{"rendered":"<p>[vc_row css=&#8220;.vc_custom_1582556459796{padding-top: 60px !important;padding-bottom: 60px !important;}&#8220;][vc_column width=&#8220;1\/2&#8243;][vc_single_image image=&#8220;1095&#8243; img_size=&#8220;full&#8220; alignment=&#8220;center&#8220;][\/vc_column][vc_column width=&#8220;1\/2&#8243;][vc_column_text]In unserem Hof-Restaurant <strong>LA CUCINA DEL MASSARO<\/strong> verwenden wir fast ausschlie\u00dflich die Produkte unseres nat\u00fcrlichen Anbaus. Das Fleisch wird uns von einem \u00f6rtlichen Bauernhof geliefert.<\/p>\n<p>Unsere Speisekarte:<\/p>\n<ul>\n<li>Verschiedene Vorspeisen basierend auf Gem\u00fcse der Saison und Gem\u00fcse<\/li>\n<li>Ein erster Gang mit Nudeln, manchmal hausgemacht<\/li>\n<li>Der zweite Gang mit Fleisch oder K\u00e4se und einer Beilage wie gr\u00fcnem oder gemischtem Salat<\/li>\n<li>Dessert oder saisonales Obst<\/li>\n<li>Hauswein und Mineralwasser<\/li>\n<\/ul>\n<p>Wir respektieren Anfragen von Vegetariern und Allergikern. Wir bitten um eine rechtzeitige Benachrichtigung, um die Zutaten vorbereiten zu k\u00f6nnen.[\/vc_column_text][\/vc_column][\/vc_row][vc_row full_width=&#8220;stretch_row&#8220; css=&#8220;.vc_custom_1582556427354{padding-top: 60px !important;padding-bottom: 60px !important;background-color: #f4f4f4 !important;}&#8220;][vc_column width=&#8220;1\/2&#8243;][vc_column_text]<strong>DIE SALENTINISCHEN ABENDE<\/strong> (w\u00e4hrend der Sommerperiode 2 bis 3 Mal pro Woche) bieten einen Moment fr\u00f6hlicher Geselligkeit. Es ist einfach, neue Freunde zu finden, und Sie haben h\u00e4ufig die M\u00f6glichkeit, Ihre Sprachkenntnisse aufzufrischen. Es kommt vor, dass Sie an einem der Salento-Abende rechts ein junges japanisches Paar, links eine franz\u00f6sische Familie und vor Ihnen ein paar \u00f6sterreichische Rentner finden, die durch Italien reisen.[\/vc_column_text][\/vc_column][vc_column width=&#8220;1\/2&#8243;][vc_single_image image=&#8220;1566&#8243; img_size=&#8220;full&#8220; alignment=&#8220;center&#8220;][\/vc_column][\/vc_row][vc_row css=&#8220;.vc_custom_1582556449212{padding-top: 60px !important;padding-bottom: 60px !important;}&#8220;][vc_column width=&#8220;1\/2&#8243;][vc_single_image image=&#8220;1097&#8243; img_size=&#8220;full&#8220; alignment=&#8220;center&#8220;][\/vc_column][vc_column width=&#8220;1\/2&#8243;][vc_column_text]<strong>Familiensonntag<\/strong><br \/>\nSonntags werden Familienessen angeboten. Bei der Gelegenheit k\u00f6nnen externe G\u00e4ste gern die Masseria besichtigen. F\u00fcr Kleingruppen kann eine F\u00fchrung organisiert werden. F\u00fcr Informationen und Reservierungen: 338 97 93 329 (Rocco)[\/vc_column_text][\/vc_column][\/vc_row][vc_row full_width=&#8220;stretch_row&#8220; inverse=&#8220;&#8220; css=&#8220;.vc_custom_1582556330892{margin-top: 50px !important;padding-top: 60px !important;padding-bottom: 60px !important;background-color: #f4f4f4 !important;}&#8220;][vc_column][vc_column_text]<strong>LA CUCINA DEL MASSARO<\/strong> \u00f6ffnet in der Regel mit folgender H\u00e4ufigkeit: im Winter: auf Anfrage f\u00fcr Gruppen von mindestens 15 Personen von Mai bis Juni: ca. 2 mal pro Woche zum Abendessen oder Mittagessen im Juli &#8211; August: ca. 2 bis 4 mal zum Abendessen und einige Mittagessen im September und Oktober: auf Anfrage auch f\u00fcr kleine Gruppen von G\u00e4sten<\/p>\n<p><strong>Feiern Sie auf dem Bauernhof:<\/strong><br \/>\nGeburtstage oder Jahrestage oder andere; F\u00fcr diejenigen, die ihren G\u00e4sten eine gesunde und nat\u00fcrliche Umgebung bieten m\u00f6chten, in der die Qualit\u00e4t der Zutaten mehr z\u00e4hlt als feine Tischdecken.<\/p>\n<p><strong>Abend mit \u201e Pucce Salentine\u201c<\/strong><br \/>\nBr\u00f6tchen frisch aus dem Steineofen mit Zutaten Ihrer Wahl und dem guten lokalen Wein, mal auch mit traditioneller Live-Musik.[\/vc_column_text][\/vc_column][\/vc_row]<\/p>\n","protected":false},"excerpt":{"rendered":"<p>[vc_row css=&#8220;.vc_custom_1582556459796{padding-top: 60px !important;padding-bottom: 60px !important;}&#8220;][vc_column width=&#8220;1\/2&#8243;][vc_single_image image=&#8220;1095&#8243; img_size=&#8220;full&#8220; alignment=&#8220;center&#8220;][\/vc_column][vc_column width=&#8220;1\/2&#8243;][vc_column_text]In unserem Hof-Restaurant LA CUCINA DEL MASSARO verwenden wir fast ausschlie\u00dflich die Produkte unseres nat\u00fcrlichen Anbaus. Das Fleisch wird uns von einem \u00f6rtlichen Bauernhof geliefert. Unsere Speisekarte: Verschiedene Vorspeisen basierend auf Gem\u00fcse der Saison und Gem\u00fcse Ein erster Gang mit Nudeln, manchmal hausgemacht Der zweite [&hellip;]<\/p>\n","protected":false},"author":1,"featured_media":0,"parent":0,"menu_order":0,"comment_status":"closed","ping_status":"closed","template":"","meta":{"footnotes":""},"class_list":["post-1807","page","type-page","status-publish","hentry"],"yoast_head":"<!-- This site is optimized with the Yoast SEO plugin v24.2 - https:\/\/yoast.com\/wordpress\/plugins\/seo\/ -->\n<title>Die K\u00fcche des Massaro - Agriturismo Restaurant - Salento<\/title>\n<meta name=\"description\" content=\"Entdecken Sie die authentischen und echten Aromen von Massaro mit den in der Masseria Sant&#039;Angelo angebauten Rohstoffen.\" \/>\n<meta name=\"robots\" content=\"index, follow, max-snippet:-1, max-image-preview:large, max-video-preview:-1\" \/>\n<link rel=\"canonical\" href=\"https:\/\/www.masseriasantangelo.it\/la-cucina-del-massaro\/\" \/>\n<meta property=\"og:locale\" content=\"de_DE\" \/>\n<meta property=\"og:type\" content=\"article\" \/>\n<meta property=\"og:title\" content=\"Die K\u00fcche des Massaro - Agriturismo Restaurant - Salento\" \/>\n<meta property=\"og:description\" content=\"Entdecken Sie die authentischen und echten Aromen von Massaro mit den in der Masseria Sant&#039;Angelo angebauten Rohstoffen.\" \/>\n<meta property=\"og:url\" content=\"https:\/\/www.masseriasantangelo.it\/la-cucina-del-massaro\/\" \/>\n<meta property=\"og:site_name\" content=\"Masseria Sant&#039;Angelo\" \/>\n<meta property=\"article:modified_time\" content=\"2020-03-26T18:12:13+00:00\" \/>\n<meta name=\"twitter:card\" content=\"summary_large_image\" \/>\n<meta name=\"twitter:label1\" content=\"Gesch\u00e4tzte Lesezeit\" \/>\n\t<meta name=\"twitter:data1\" content=\"2\u00a0Minuten\" \/>\n<script type=\"application\/ld+json\" class=\"yoast-schema-graph\">{\"@context\":\"https:\/\/schema.org\",\"@graph\":[{\"@type\":\"WebPage\",\"@id\":\"https:\/\/www.masseriasantangelo.it\/la-cucina-del-massaro\/\",\"url\":\"https:\/\/www.masseriasantangelo.it\/la-cucina-del-massaro\/\",\"name\":\"Die K\u00fcche des Massaro - Agriturismo Restaurant - Salento\",\"isPartOf\":{\"@id\":\"https:\/\/www.masseriasantangelo.it\/#website\"},\"datePublished\":\"2020-03-19T08:55:27+00:00\",\"dateModified\":\"2020-03-26T18:12:13+00:00\",\"description\":\"Entdecken Sie die authentischen und echten Aromen von Massaro mit den in der Masseria Sant'Angelo angebauten Rohstoffen.\",\"breadcrumb\":{\"@id\":\"https:\/\/www.masseriasantangelo.it\/la-cucina-del-massaro\/#breadcrumb\"},\"inLanguage\":\"de\",\"potentialAction\":[{\"@type\":\"ReadAction\",\"target\":[\"https:\/\/www.masseriasantangelo.it\/la-cucina-del-massaro\/\"]}]},{\"@type\":\"BreadcrumbList\",\"@id\":\"https:\/\/www.masseriasantangelo.it\/la-cucina-del-massaro\/#breadcrumb\",\"itemListElement\":[{\"@type\":\"ListItem\",\"position\":1,\"name\":\"Home\",\"item\":\"https:\/\/www.masseriasantangelo.it\/de\/\"},{\"@type\":\"ListItem\",\"position\":2,\"name\":\"Die K\u00fcche des Massaro\"}]},{\"@type\":\"WebSite\",\"@id\":\"https:\/\/www.masseriasantangelo.it\/#website\",\"url\":\"https:\/\/www.masseriasantangelo.it\/\",\"name\":\"Masseria Sant&#039;Angelo\",\"description\":\"\",\"potentialAction\":[{\"@type\":\"SearchAction\",\"target\":{\"@type\":\"EntryPoint\",\"urlTemplate\":\"https:\/\/www.masseriasantangelo.it\/?s={search_term_string}\"},\"query-input\":{\"@type\":\"PropertyValueSpecification\",\"valueRequired\":true,\"valueName\":\"search_term_string\"}}],\"inLanguage\":\"de\"}]}<\/script>\n<!-- \/ Yoast SEO plugin. -->","yoast_head_json":{"title":"Die K\u00fcche des Massaro - Agriturismo Restaurant - Salento","description":"Entdecken Sie die authentischen und echten Aromen von Massaro mit den in der Masseria Sant'Angelo angebauten Rohstoffen.","robots":{"index":"index","follow":"follow","max-snippet":"max-snippet:-1","max-image-preview":"max-image-preview:large","max-video-preview":"max-video-preview:-1"},"canonical":"https:\/\/www.masseriasantangelo.it\/la-cucina-del-massaro\/","og_locale":"de_DE","og_type":"article","og_title":"Die K\u00fcche des Massaro - Agriturismo Restaurant - Salento","og_description":"Entdecken Sie die authentischen und echten Aromen von Massaro mit den in der Masseria Sant'Angelo angebauten Rohstoffen.","og_url":"https:\/\/www.masseriasantangelo.it\/la-cucina-del-massaro\/","og_site_name":"Masseria Sant&#039;Angelo","article_modified_time":"2020-03-26T18:12:13+00:00","twitter_card":"summary_large_image","twitter_misc":{"Gesch\u00e4tzte Lesezeit":"2\u00a0Minuten"},"schema":{"@context":"https:\/\/schema.org","@graph":[{"@type":"WebPage","@id":"https:\/\/www.masseriasantangelo.it\/la-cucina-del-massaro\/","url":"https:\/\/www.masseriasantangelo.it\/la-cucina-del-massaro\/","name":"Die K\u00fcche des Massaro - Agriturismo Restaurant - Salento","isPartOf":{"@id":"https:\/\/www.masseriasantangelo.it\/#website"},"datePublished":"2020-03-19T08:55:27+00:00","dateModified":"2020-03-26T18:12:13+00:00","description":"Entdecken Sie die authentischen und echten Aromen von Massaro mit den in der Masseria Sant'Angelo angebauten Rohstoffen.","breadcrumb":{"@id":"https:\/\/www.masseriasantangelo.it\/la-cucina-del-massaro\/#breadcrumb"},"inLanguage":"de","potentialAction":[{"@type":"ReadAction","target":["https:\/\/www.masseriasantangelo.it\/la-cucina-del-massaro\/"]}]},{"@type":"BreadcrumbList","@id":"https:\/\/www.masseriasantangelo.it\/la-cucina-del-massaro\/#breadcrumb","itemListElement":[{"@type":"ListItem","position":1,"name":"Home","item":"https:\/\/www.masseriasantangelo.it\/de\/"},{"@type":"ListItem","position":2,"name":"Die K\u00fcche des Massaro"}]},{"@type":"WebSite","@id":"https:\/\/www.masseriasantangelo.it\/#website","url":"https:\/\/www.masseriasantangelo.it\/","name":"Masseria Sant&#039;Angelo","description":"","potentialAction":[{"@type":"SearchAction","target":{"@type":"EntryPoint","urlTemplate":"https:\/\/www.masseriasantangelo.it\/?s={search_term_string}"},"query-input":{"@type":"PropertyValueSpecification","valueRequired":true,"valueName":"search_term_string"}}],"inLanguage":"de"}]}},"_links":{"self":[{"href":"https:\/\/www.masseriasantangelo.it\/de\/wp-json\/wp\/v2\/pages\/1807","targetHints":{"allow":["GET"]}}],"collection":[{"href":"https:\/\/www.masseriasantangelo.it\/de\/wp-json\/wp\/v2\/pages"}],"about":[{"href":"https:\/\/www.masseriasantangelo.it\/de\/wp-json\/wp\/v2\/types\/page"}],"author":[{"embeddable":true,"href":"https:\/\/www.masseriasantangelo.it\/de\/wp-json\/wp\/v2\/users\/1"}],"replies":[{"embeddable":true,"href":"https:\/\/www.masseriasantangelo.it\/de\/wp-json\/wp\/v2\/comments?post=1807"}],"version-history":[{"count":3,"href":"https:\/\/www.masseriasantangelo.it\/de\/wp-json\/wp\/v2\/pages\/1807\/revisions"}],"predecessor-version":[{"id":1811,"href":"https:\/\/www.masseriasantangelo.it\/de\/wp-json\/wp\/v2\/pages\/1807\/revisions\/1811"}],"wp:attachment":[{"href":"https:\/\/www.masseriasantangelo.it\/de\/wp-json\/wp\/v2\/media?parent=1807"}],"curies":[{"name":"wp","href":"https:\/\/api.w.org\/{rel}","templated":true}]}}