{"id":1740,"date":"2020-03-17T16:17:23","date_gmt":"2020-03-17T15:17:23","guid":{"rendered":"https:\/\/www.masseriasantangelo.it\/?page_id=1740"},"modified":"2023-03-22T09:11:56","modified_gmt":"2023-03-22T08:11:56","slug":"die-tiere","status":"publish","type":"page","link":"https:\/\/www.masseriasantangelo.it\/de\/die-tiere\/","title":{"rendered":"Die Tiere"},"content":{"rendered":"<p>[vc_row css=&#8220;.vc_custom_1582544988454{padding-bottom: 60px !important;}&#8220;][vc_column][vc_empty_space height=&#8220;50px&#8220;][vc_row_inner equal_height=&#8220;yes&#8220;][vc_column_inner el_class=&#8220;quadrante&#8220; width=&#8220;1\/2&#8243;][vc_column_text]<\/p>\n<p class=\"sc_services_item_title pers\">Die Hunde<\/p>\n<p style=\"text-align: justify;\">Die ersten tierischen Freunde, die Sie bei Ihrer Ankunft treffen, sind unsere Hunde. Sie werden Sie begr\u00fc\u00dfen und verstehen wollen, wer Sie sind, Nico und Nala sind sehr lieb und freuen sich darauf, von Kindern bekuschelt zu werden.<\/p>\n<p>[\/vc_column_text][vc_empty_space height=&#8220;20px&#8220;][vc_images_carousel images=&#8220;1015,1016,1557&#8243; img_size=&#8220;full&#8220; slides_per_view=&#8220;3&#8243; hide_pagination_control=&#8220;yes&#8220; hide_prev_next_buttons=&#8220;yes&#8220;][\/vc_column_inner][vc_column_inner el_class=&#8220;quadrante&#8220; width=&#8220;1\/2&#8243;][vc_column_text]<\/p>\n<p class=\"sc_services_item_title pers\">Die Ziegen<\/p>\n<p align=\"justify\">Unsere kleine Herde von 10 Ziegen ist Teil der Landschaft, wenn unser wir sie zum Grasen ausf\u00fchren. Auf diese Weise ern\u00e4hren sie sich sehr gesund und versorgen uns jeden Tag mit ihrer guten Milch. In den Fr\u00fchlingsmonaten sind auch ihre Zieglein dabei.<\/p>\n<p>[\/vc_column_text][vc_empty_space height=&#8220;20px&#8220;][vc_images_carousel images=&#8220;1560,1026,10948,1027,1025,1561&#8243; img_size=&#8220;full&#8220; slides_per_view=&#8220;3&#8243; hide_pagination_control=&#8220;yes&#8220; hide_prev_next_buttons=&#8220;yes&#8220;][\/vc_column_inner][\/vc_row_inner][vc_row_inner equal_height=&#8220;yes&#8220;][vc_column_inner el_class=&#8220;quadrante&#8220; width=&#8220;1\/2&#8243;][vc_column_text]<\/p>\n<p class=\"sc_services_item_title pers\">Pferde und Esel<\/p>\n<p align=\"justify\">Die drei Pferde und die beiden Esel leben alle zusammen im Paddock neben dem Stall und sind immer fasziniert, wenn sich jemand n\u00e4hert. Sind unsere Mitarbeiter auf dem Schulbauernhof und gern bereit sich Euch n\u00e4her zu bringen. F\u00fcr Kinder gibt es entspannende Aktivit\u00e4ten wie Gymnastik zu Pferd, Unterricht an der Longe und Spazierg\u00e4nge rund um den Hof.<\/p>\n<p>[\/vc_column_text][vc_empty_space height=&#8220;20px&#8220;][vc_images_carousel images=&#8220;10944,1030,10940,1032,1458,1459,1460,1461&#8243; img_size=&#8220;full&#8220; slides_per_view=&#8220;3&#8243; hide_pagination_control=&#8220;yes&#8220; hide_prev_next_buttons=&#8220;yes&#8220; wrap=&#8220;yes&#8220;][\/vc_column_inner][vc_column_inner el_class=&#8220;quadrante&#8220; width=&#8220;1\/2&#8243;][vc_column_text]<\/p>\n<p class=\"sc_services_item_title pers\">H\u00fchner und Katzen<\/p>\n<p align=\"justify\">H\u00fchner d\u00fcrfen nicht fehlen! Ein Bauernhof ohne H\u00fchner ist eigentlich keiner. Unsere teilen sich tags\u00fcber den Paddock mit den Pferden, nachts betreten sie lieber ihre Box. Unsere Katzen und K\u00e4tzchen sind die gr\u00f6\u00dfte Freude aller Kinder.<\/p>\n<p>[\/vc_column_text][vc_empty_space height=&#8220;20px&#8220;][vc_images_carousel images=&#8220;10952,1499,1500&#8243; img_size=&#8220;full&#8220; slides_per_view=&#8220;3&#8243; hide_pagination_control=&#8220;yes&#8220; hide_prev_next_buttons=&#8220;yes&#8220;][\/vc_column_inner][\/vc_row_inner][\/vc_column][\/vc_row][vc_row full_width=&#8220;stretch_row&#8220; inverse=&#8220;&#8220; css=&#8220;.vc_custom_1582540378129{background-image: url(https:\/\/www.masseriasantangelo.it\/wp-content\/uploads\/2020\/02\/sfondo.jpg?id=872) !important;}&#8220;][vc_column width=&#8220;1\/3&#8243; offset=&#8220;vc_hidden-lg vc_hidden-md vc_hidden-sm vc_hidden-xs&#8220;][vc_empty_space height=&#8220;70px&#8220;][vc_single_image image=&#8220;1049&#8243; img_size=&#8220;full&#8220; alignment=&#8220;center&#8220;][vc_single_image image=&#8220;1052&#8243; img_size=&#8220;full&#8220; alignment=&#8220;center&#8220;][vc_single_image image=&#8220;1463&#8243; img_size=&#8220;full&#8220; alignment=&#8220;center&#8220;][\/vc_column][vc_column width=&#8220;2\/3&#8243; offset=&#8220;vc_hidden-lg vc_hidden-md vc_hidden-sm vc_hidden-xs&#8220;][vc_empty_space height=&#8220;70px&#8220;][vc_column_text]<\/p>\n<p class=\"sc_services_item_title pers\">Emozione Cavallo<\/p>\n<ol>\n<li><strong>PRIMA EMOZIONE<br \/>\nPercorso di avvicinamento individuale e graduale al cavallo<\/strong> per imparare a familiarizzare e relazionarsi con lui in sicurezza e con serenit\u00e0, rispetto e senza paure. Facendo amicizia con il cavallo e accudendo il cavallo capirete la sua natura, il suo ragionamento e il suo comportamento. Affronteree con serenit\u00e0 la<\/li>\n<li><strong>SECONDA EMOZIONE<br \/>\n<\/strong><strong>Guidare il cavallo da terra<\/strong> imparando a essere la guida a cui lui si pu\u00f2 affidare. Vi seguir\u00e0. Sar\u00e0 una bella emozione avere questo essere grande e maestoso accanto a voi e vi sorprender\u00e0 il momento in cui avvertirete che lui aspetta a ricevere le vostre indicazioni per poter seguirvi. Questo significa che dimostrate di aver guadagnato sicurezza e quindi di poterlo guidare (anche se per adesso solo da terra). Con questa consapelvolezza e avendo perso le principali paure, potete affrontare con un atteggiamento rilassato la<\/li>\n<li><strong>TERZA EMOZIONE<br \/>\nS<\/strong><strong>alire e farsi muovere dal cavallo<\/strong>. Certo, non sarete in grado subito a guidarlo anche da sopra, ma il rapporto stabilito prima vi ha dato sicurezza e vi permette di salire senza tensioni negative. Sarete voi a stabilire se ve la sentite gi\u00e0. Una volta saliti con l&#8217;aiuto dell&#8217;operatore, vi affidate al cavallo e all&#8217;operatore che non vi lascer\u00e0 mai soli. Partendo lentamente al passo vi sar\u00e0 dato il tempo necessario per elaborare questa nuova esperienza fino al raggiungimento del rilassamento. Di seguito farete dei semplici esercizi nel ritmo vostro per migliorare l&#8217;equilibrio a cavallo, sempre in sicurezza con il cavallo guidato e al passo.<\/li>\n<\/ol>\n<p>[\/vc_column_text][vc_empty_space height=&#8220;90px&#8220;][\/vc_column][\/vc_row]<\/p>\n","protected":false},"excerpt":{"rendered":"<p>[vc_row css=&#8220;.vc_custom_1582544988454{padding-bottom: 60px !important;}&#8220;][vc_column][vc_empty_space height=&#8220;50px&#8220;][vc_row_inner equal_height=&#8220;yes&#8220;][vc_column_inner el_class=&#8220;quadrante&#8220; width=&#8220;1\/2&#8243;][vc_column_text] Die Hunde Die ersten tierischen Freunde, die Sie bei Ihrer Ankunft treffen, sind unsere Hunde. Sie werden Sie begr\u00fc\u00dfen und verstehen wollen, wer Sie sind, Nico und Nala sind sehr lieb und freuen sich darauf, von Kindern bekuschelt zu werden. [\/vc_column_text][vc_empty_space height=&#8220;20px&#8220;][vc_images_carousel images=&#8220;1015,1016,1557&#8243; img_size=&#8220;full&#8220; slides_per_view=&#8220;3&#8243; hide_pagination_control=&#8220;yes&#8220; hide_prev_next_buttons=&#8220;yes&#8220;][\/vc_column_inner][vc_column_inner [&hellip;]<\/p>\n","protected":false},"author":1,"featured_media":0,"parent":0,"menu_order":0,"comment_status":"closed","ping_status":"closed","template":"","meta":{"footnotes":""},"class_list":["post-1740","page","type-page","status-publish","hentry"],"yoast_head":"<!-- This site is optimized with the Yoast SEO plugin v24.2 - https:\/\/yoast.com\/wordpress\/plugins\/seo\/ -->\n<title>Die Tiere - Masseria Sant&#039;Angelo - Salento<\/title>\n<meta name=\"description\" content=\"Tiere sind ein wichtiger Bestandteil der Masseria Sant&#039;Angelo. Esel, H\u00fchner, Pferde, Ziegen und viele andere. Erfahren Sie mehr.\" \/>\n<meta name=\"robots\" content=\"index, follow, max-snippet:-1, max-image-preview:large, max-video-preview:-1\" \/>\n<link rel=\"canonical\" href=\"https:\/\/www.masseriasantangelo.it\/gli-animali\/\" \/>\n<meta property=\"og:locale\" content=\"de_DE\" \/>\n<meta property=\"og:type\" content=\"article\" \/>\n<meta property=\"og:title\" content=\"Die Tiere - Masseria Sant&#039;Angelo - Salento\" \/>\n<meta property=\"og:description\" content=\"Tiere sind ein wichtiger Bestandteil der Masseria Sant&#039;Angelo. Esel, H\u00fchner, Pferde, Ziegen und viele andere. Erfahren Sie mehr.\" \/>\n<meta property=\"og:url\" content=\"https:\/\/www.masseriasantangelo.it\/gli-animali\/\" \/>\n<meta property=\"og:site_name\" content=\"Masseria Sant&#039;Angelo\" \/>\n<meta property=\"article:modified_time\" content=\"2023-03-22T08:11:56+00:00\" \/>\n<meta name=\"twitter:card\" content=\"summary_large_image\" \/>\n<meta name=\"twitter:label1\" content=\"Gesch\u00e4tzte Lesezeit\" \/>\n\t<meta name=\"twitter:data1\" content=\"4\u00a0Minuten\" \/>\n<script type=\"application\/ld+json\" class=\"yoast-schema-graph\">{\"@context\":\"https:\/\/schema.org\",\"@graph\":[{\"@type\":\"WebPage\",\"@id\":\"https:\/\/www.masseriasantangelo.it\/gli-animali\/\",\"url\":\"https:\/\/www.masseriasantangelo.it\/gli-animali\/\",\"name\":\"Die Tiere - Masseria Sant'Angelo - Salento\",\"isPartOf\":{\"@id\":\"https:\/\/www.masseriasantangelo.it\/#website\"},\"datePublished\":\"2020-03-17T15:17:23+00:00\",\"dateModified\":\"2023-03-22T08:11:56+00:00\",\"description\":\"Tiere sind ein wichtiger Bestandteil der Masseria Sant'Angelo. Esel, H\u00fchner, Pferde, Ziegen und viele andere. Erfahren Sie mehr.\",\"breadcrumb\":{\"@id\":\"https:\/\/www.masseriasantangelo.it\/gli-animali\/#breadcrumb\"},\"inLanguage\":\"de\",\"potentialAction\":[{\"@type\":\"ReadAction\",\"target\":[\"https:\/\/www.masseriasantangelo.it\/gli-animali\/\"]}]},{\"@type\":\"BreadcrumbList\",\"@id\":\"https:\/\/www.masseriasantangelo.it\/gli-animali\/#breadcrumb\",\"itemListElement\":[{\"@type\":\"ListItem\",\"position\":1,\"name\":\"Home\",\"item\":\"https:\/\/www.masseriasantangelo.it\/de\/\"},{\"@type\":\"ListItem\",\"position\":2,\"name\":\"Die Tiere\"}]},{\"@type\":\"WebSite\",\"@id\":\"https:\/\/www.masseriasantangelo.it\/#website\",\"url\":\"https:\/\/www.masseriasantangelo.it\/\",\"name\":\"Masseria Sant&#039;Angelo\",\"description\":\"\",\"potentialAction\":[{\"@type\":\"SearchAction\",\"target\":{\"@type\":\"EntryPoint\",\"urlTemplate\":\"https:\/\/www.masseriasantangelo.it\/?s={search_term_string}\"},\"query-input\":{\"@type\":\"PropertyValueSpecification\",\"valueRequired\":true,\"valueName\":\"search_term_string\"}}],\"inLanguage\":\"de\"}]}<\/script>\n<!-- \/ Yoast SEO plugin. -->","yoast_head_json":{"title":"Die Tiere - Masseria Sant'Angelo - Salento","description":"Tiere sind ein wichtiger Bestandteil der Masseria Sant'Angelo. Esel, H\u00fchner, Pferde, Ziegen und viele andere. Erfahren Sie mehr.","robots":{"index":"index","follow":"follow","max-snippet":"max-snippet:-1","max-image-preview":"max-image-preview:large","max-video-preview":"max-video-preview:-1"},"canonical":"https:\/\/www.masseriasantangelo.it\/gli-animali\/","og_locale":"de_DE","og_type":"article","og_title":"Die Tiere - Masseria Sant'Angelo - Salento","og_description":"Tiere sind ein wichtiger Bestandteil der Masseria Sant'Angelo. Esel, H\u00fchner, Pferde, Ziegen und viele andere. Erfahren Sie mehr.","og_url":"https:\/\/www.masseriasantangelo.it\/gli-animali\/","og_site_name":"Masseria Sant&#039;Angelo","article_modified_time":"2023-03-22T08:11:56+00:00","twitter_card":"summary_large_image","twitter_misc":{"Gesch\u00e4tzte Lesezeit":"4\u00a0Minuten"},"schema":{"@context":"https:\/\/schema.org","@graph":[{"@type":"WebPage","@id":"https:\/\/www.masseriasantangelo.it\/gli-animali\/","url":"https:\/\/www.masseriasantangelo.it\/gli-animali\/","name":"Die Tiere - Masseria Sant'Angelo - Salento","isPartOf":{"@id":"https:\/\/www.masseriasantangelo.it\/#website"},"datePublished":"2020-03-17T15:17:23+00:00","dateModified":"2023-03-22T08:11:56+00:00","description":"Tiere sind ein wichtiger Bestandteil der Masseria Sant'Angelo. Esel, H\u00fchner, Pferde, Ziegen und viele andere. Erfahren Sie mehr.","breadcrumb":{"@id":"https:\/\/www.masseriasantangelo.it\/gli-animali\/#breadcrumb"},"inLanguage":"de","potentialAction":[{"@type":"ReadAction","target":["https:\/\/www.masseriasantangelo.it\/gli-animali\/"]}]},{"@type":"BreadcrumbList","@id":"https:\/\/www.masseriasantangelo.it\/gli-animali\/#breadcrumb","itemListElement":[{"@type":"ListItem","position":1,"name":"Home","item":"https:\/\/www.masseriasantangelo.it\/de\/"},{"@type":"ListItem","position":2,"name":"Die Tiere"}]},{"@type":"WebSite","@id":"https:\/\/www.masseriasantangelo.it\/#website","url":"https:\/\/www.masseriasantangelo.it\/","name":"Masseria Sant&#039;Angelo","description":"","potentialAction":[{"@type":"SearchAction","target":{"@type":"EntryPoint","urlTemplate":"https:\/\/www.masseriasantangelo.it\/?s={search_term_string}"},"query-input":{"@type":"PropertyValueSpecification","valueRequired":true,"valueName":"search_term_string"}}],"inLanguage":"de"}]}},"_links":{"self":[{"href":"https:\/\/www.masseriasantangelo.it\/de\/wp-json\/wp\/v2\/pages\/1740","targetHints":{"allow":["GET"]}}],"collection":[{"href":"https:\/\/www.masseriasantangelo.it\/de\/wp-json\/wp\/v2\/pages"}],"about":[{"href":"https:\/\/www.masseriasantangelo.it\/de\/wp-json\/wp\/v2\/types\/page"}],"author":[{"embeddable":true,"href":"https:\/\/www.masseriasantangelo.it\/de\/wp-json\/wp\/v2\/users\/1"}],"replies":[{"embeddable":true,"href":"https:\/\/www.masseriasantangelo.it\/de\/wp-json\/wp\/v2\/comments?post=1740"}],"version-history":[{"count":4,"href":"https:\/\/www.masseriasantangelo.it\/de\/wp-json\/wp\/v2\/pages\/1740\/revisions"}],"predecessor-version":[{"id":10985,"href":"https:\/\/www.masseriasantangelo.it\/de\/wp-json\/wp\/v2\/pages\/1740\/revisions\/10985"}],"wp:attachment":[{"href":"https:\/\/www.masseriasantangelo.it\/de\/wp-json\/wp\/v2\/media?parent=1740"}],"curies":[{"name":"wp","href":"https:\/\/api.w.org\/{rel}","templated":true}]}}