{"id":1676,"date":"2020-03-13T16:38:37","date_gmt":"2020-03-13T15:38:37","guid":{"rendered":"https:\/\/www.masseriasantangelo.it\/?page_id=1676"},"modified":"2023-03-22T08:46:10","modified_gmt":"2023-03-22T07:46:10","slug":"home","status":"publish","type":"page","link":"https:\/\/www.masseriasantangelo.it\/de\/","title":{"rendered":"Home"},"content":{"rendered":"<p>[vc_row el_id=&#8220;motore-ricerca&#8220;][vc_column][vc_column_text]<div id=\"formEstimater\" class=\"grid\"><\/div><script type=\"text\/javascript\">\n               window.addEventListener(\"load\", function(event) {\n                  Estimater.init({\n                    selector: \"formEstimater\",\n                    urldomain: \"https:\/\/virgil.masseriasantangelo.it\",\n                    payment: 0,\n                    image: 0,\n                    setTreatment: 0,\n                    lang: 'it',\n                    siteName: \"Masseria Sant'Angelo\"\n                  });\n                });    \n    <\/script>[\/vc_column_text][\/vc_column][\/vc_row][vc_row el_class=&#8220;custom-border&#8220;][vc_column][vc_column_text]<\/p>\n<h1 style=\"text-align: center;\">Willkommen in der Masseria Sant&#8217;Angelo<\/h1>\n<p>[\/vc_column_text][vc_empty_space height=&#8220;40px&#8220;]<div class=\"sc_section sc_section_block margin_bottom_large aligncenter\" style=\"max-width: 800px;margin-top: -1.5rem;\"><div class=\"sc_section_inner\"><div class=\"sc_section_content_wrap\"><span class=\"sc_highlight\" style=\"color:#231f20;font-size:1.2em; line-height: 1.45em;\"><\/p>\n<p style=\"text-align: center;\">Wenn f\u00fcr Euch der wirkliche Luxus eine unter der s\u00fcdlichen Sonne gereifte, frisch gepfl\u00fcckte knallrote Tomate ist, eine Ziegenherde \u00fcber Felder ziehen zu sehen oder einen ganz frischen Ricotta mit Feigenmarmelade zu probieren&#8230;.dann ist die Masseria der richtige Fleck f\u00fcr Euch.<\/p>\n<p><\/span><\/div><\/div><\/div>[vc_column_text]<\/p>\n<h2 class=\"sc_section_title sc_item_title sc_item_title_without_descr\" style=\"text-align: center;\">Wenn Ihr noch mehr \u00fcber uns wissen m\u00f6chtet\u2026<\/h2>\n<p>[\/vc_column_text][vc_row_inner css=&#8220;.vc_custom_1585069437839{padding-bottom: 20px !important;}&#8220;][vc_column_inner width=&#8220;1\/3&#8243;][vc_single_image image=&#8220;10914&#8243; img_size=&#8220;full&#8220; alignment=&#8220;center&#8220;][vc_column_text el_class=&#8220;testo-servizi-home&#8220;]<\/p>\n<h3 style=\"text-align: center;\">Die Familie Avantaggiato<\/h3>\n<p style=\"text-align: center;\">Die Masseria ist, wo sich unser Familienleben abspielt und wir unseren Betrieb mit der kostbaren Hilfe von Daniela, Francesco und Fernanda f\u00fchren. Unsere Kinder, Lenny und Giulio, Jahrg\u00e4nge 1999 und 2003, f\u00fcgen sich hier und da nach Lust und Zeit ein.<\/p>\n<p>[\/vc_column_text][\/vc_column_inner][vc_column_inner width=&#8220;1\/3&#8243;][vc_single_image image=&#8220;2242&#8243; img_size=&#8220;full&#8220; alignment=&#8220;center&#8220;][vc_column_text el_class=&#8220;testo-servizi-home&#8220;]<\/p>\n<h3 style=\"text-align: center;\">Ein klein wenig Geschichte<\/h3>\n<p style=\"text-align: center;\">Nachdem wir die ersten Jahre vom Bio-Treibhaus-Anbau gelebt (\u00fcberlebt) haben, bauten wir 2001 unsere alten Stallungen in Ferienunterk\u00fcnfte um. Dabei haben wir nach antiken und \u00f6kologischen Bautechniken gearbeitet und recycelte Bausteine verwendet.<\/p>\n<p>[\/vc_column_text][\/vc_column_inner][vc_column_inner width=&#8220;1\/3&#8243;][vc_single_image image=&#8220;2246&#8243; img_size=&#8220;full&#8220; alignment=&#8220;center&#8220;][vc_column_text el_class=&#8220;testo-servizi-home&#8220;]<\/p>\n<h3 style=\"text-align: center;\">Die Freude Menschen zu empfangen<\/h3>\n<p style=\"text-align: center;\">F\u00fcr uns sind es die einfachen Werte, die das Landleben mit sich bringt, die f\u00fcr uns z\u00e4hlen. Wir lieben die salentinische Kultur mit ihrem fr\u00f6hlichen Miteinander. Die s\u00fcditalienische Gastfreundschaft ist hier zuhause.<\/p>\n<p>[\/vc_column_text][\/vc_column_inner][\/vc_row_inner][vc_empty_space height=&#8220;60px&#8220;][\/vc_column][\/vc_row][vc_row full_width=&#8220;stretch_row&#8220; inverse=&#8220;yes&#8220; css=&#8220;.vc_custom_1585327354960{background-image: url(https:\/\/www.masseriasantangelo.it\/wp-content\/uploads\/2020\/03\/animali-2.jpg?id=3021) !important;background-position: center !important;background-repeat: no-repeat !important;background-size: cover !important;}&#8220; el_class=&#8220;animali&#8220;][vc_column width=&#8220;1\/2&#8243; css=&#8220;.vc_custom_1475235191339{margin-top: 2.65em !important;margin-bottom: 0.6em !important;padding-left: 5.5em !important;}&#8220;]<div class=\"sc_section sc_section_block \" data-animation=\"animated fadeInLeft normal\"><div class=\"sc_section_inner\"><div class=\"sc_section_content_wrap\"><div class=\"sc_section margin_bottom_tiny- alignleft\" style=\"width:100%;width:100%;\"><div class=\"sc_section_inner\"><h2 class=\"sc_section_title sc_item_title sc_item_title_without_descr\">Was f\u00fcr eine Freude, unsere Tiere<span><\/span><\/h2><div class=\"sc_section_content_wrap\"><\/div><\/div><\/div><div class=\"sc_section margin_bottom_huge section_style_call_section\"><div class=\"sc_section_inner\"><h2 class=\"sc_section_title sc_item_title sc_item_title_without_descr\">Auf einem Bauernhof mit Tieren gibt es immer Leben und Fr\u00f6hlichkeit<span><\/span><\/h2><div class=\"sc_section_descr sc_item_descr\">Hier in ihren Gemeinden leben Ziegen, H\u00fchner, Pferde, Esel, Katzen und Hunde, aber auch Schwalben, Igel und Fr\u00f6sche. Wir betrachten sie als unsere Mitarbeiter in der multifunktionalen Farm.<\/div><div class=\"sc_section_content_wrap\"><a href=\"\/de\/die-tiere\/\" class=\"sc_button sc_button_square sc_button_style_border sc_button_size_small\" style=\"color:#ffffff;background-color:rgba(0,0,0,0.01); border-color:rgba(0,0,0,0.01);\">Erfahren Sie mehr<\/a><\/div><\/div><\/div><\/div><\/div><\/div>[\/vc_column][vc_column width=&#8220;5\/12&#8243; css=&#8220;.vc_custom_1582724534641{margin-top: 3em !important;padding-left: 4.7em !important;}&#8220; el_class=&#8220;image-circle-home&#8220;]<figure class=\"sc_image  sc_image_shape_square margin_top_huge\" data-animation=\"animated fadeInRight normal\"><img decoding=\"async\" src=\"https:\/\/www.masseriasantangelo.it\/wp-content\/uploads\/2020\/02\/foto-animale.png\" alt=\"\" \/><\/figure>[\/vc_column][vc_column width=&#8220;1\/12&#8243;][\/vc_column][\/vc_row][vc_row full_width=&#8220;stretch_row&#8220; inverse=&#8220;&#8220; css=&#8220;.vc_custom_1582216479715{background-image: url(https:\/\/www.masseriasantangelo.it\/wp-content\/uploads\/2020\/02\/sfondo.jpg?id=872) !important;background-position: center !important;background-repeat: no-repeat !important;background-size: cover !important;}&#8220; el_class=&#8220;camere&#8220;][vc_column]<div class=\"sc_section sc_section_block margin_top_huge margin_bottom_huge aligncenter\" data-animation=\"animated fadeInUp normal\"><div class=\"sc_section_inner\"><h2 class=\"sc_section_title sc_item_title sc_item_title_without_descr\">Unsere Zimmer und H\u00e4user<span><\/span><\/h2><div class=\"sc_section_content_wrap\"><div class=\"columns_wrap sc_columns columns_nofluid sc_columns_count_3\" style=\"margin-top: -0.8rem;margin-bottom: 6rem;\"><div class=\"column-1_3 sc_column_item sc_column_item_1 odd first\"><figure class=\"sc_image  sc_image_shape_round\" style=\"max-width: 196px; margin: auto;\"><a href=\"\/camere-matrimoniali\"><img decoding=\"async\" src=\"https:\/\/www.masseriasantangelo.it\/wp-content\/uploads\/2020\/02\/002-camera-matrimoniale-sposi-agriturismo-masseria-sant-angelo-corigliano-d-otranto-salento.jpg\" alt=\"\" \/><\/a><\/figure><h4 class=\"sc_title sc_title_regular\" style=\"margin-top: 2.3rem;\"><a href=\"\/camere-matrimoniali\">Doppelzimmer<\/a><\/h4><\/div><div class=\"column-1_3 sc_column_item sc_column_item_2 even\"><figure class=\"sc_image  sc_image_shape_round\" style=\"max-width: 196px; margin: auto;\"><a href=\"\/casa-melanzana\"><img decoding=\"async\" src=\"https:\/\/www.masseriasantangelo.it\/wp-content\/uploads\/2020\/03\/Melanzana-intern-1-1-e1585057986536.jpg\" alt=\"\" \/><\/a><\/figure><h4 class=\"sc_title sc_title_regular\" style=\"margin-top: 2.3rem;\"><a href=\"\/casa-melanzana\">Zweizimmerwohnung Melanzana <\/a><\/h4><\/div><div class=\"column-1_3 sc_column_item sc_column_item_3 odd\"><figure class=\"sc_image  sc_image_shape_round\" style=\"max-width: 196px; margin: auto;\"><a href=\"\/casa-pineta\"><img decoding=\"async\" src=\"https:\/\/www.masseriasantangelo.it\/wp-content\/uploads\/2020\/03\/013-casa-trilocale-pineta-agriturismo-masseria-sant-angelo-corigliano-d-otranto-salento-1-e1585057810547.jpg\" alt=\"\" \/><\/a><\/figure><h4 class=\"sc_title sc_title_regular\" style=\"margin-top: 2.3rem;\"><\/p>\n<p><a href=\"\/casa-pineta\">Pineta Dreizimmerhaus<\/a><\/p>\n<p><\/h4><\/div><\/div><div class=\"columns_wrap sc_columns columns_nofluid sc_columns_count_2\" style=\"margin-top: -0.8rem;margin-bottom: 6rem;\"><div class=\"column-1_2 sc_column_item sc_column_item_1 odd first\"><figure class=\"sc_image  sc_image_shape_round\" style=\"max-width: 196px; margin: auto;\"><a href=\"\/casette-bilocali-piccole\"><img decoding=\"async\" src=\"https:\/\/www.masseriasantangelo.it\/wp-content\/uploads\/2020\/03\/App-Gallina-Capra-letto-matr_-1-e1585061273456-1.jpg\" alt=\"\" \/><\/a><\/figure><h4 class=\"sc_title sc_title_regular\" style=\"margin-top: 2.3rem;\"><a href=\"\/casette-bilocali-piccole\">Kleine Zweizimmerh\u00e4user<\/a><\/h4><\/div><div class=\"column-1_2 sc_column_item sc_column_item_2 even\"><figure class=\"sc_image  sc_image_shape_round\" style=\"max-width: 196px; margin: auto;\"><a href=\"\/casette-monolocali\"><img decoding=\"async\" src=\"https:\/\/www.masseriasantangelo.it\/wp-content\/uploads\/2020\/02\/004-casetta-monolocale-asinella-agriturismo-masseria-sant-angelo-corigliano-d-otranto-salento.jpg\" alt=\"\" \/><\/a><\/figure><h4 class=\"sc_title sc_title_regular\" style=\"margin-top: 2.3rem;\"><a href=\"\/casette-monolocali\">Atelierh\u00e4user<\/a><\/h4><\/div><\/div><\/div><\/div><\/div>[\/vc_column][\/vc_row][vc_row full_width=&#8220;stretch_row&#8220; inverse=&#8220;yes&#8220; css=&#8220;.vc_custom_1582207241664{background-image: url(https:\/\/www.masseriasantangelo.it\/wp-content\/uploads\/2020\/02\/ristorante-angolo-destro-1.jpg?id=888) !important;background-position: center !important;background-repeat: no-repeat !important;background-size: cover !important;}&#8220; el_class=&#8220;animali&#8220; el_id=&#8220;sfondo-basso&#8220;][vc_column width=&#8220;1\/2&#8243; css=&#8220;.vc_custom_1475235191339{margin-top: 2.65em !important;margin-bottom: 0.6em !important;padding-left: 5.5em !important;}&#8220;][\/vc_column][vc_column width=&#8220;1\/2&#8243; css=&#8220;.vc_custom_1582725066023{padding-left: 4.7em !important;}&#8220; el_class=&#8220;form-homepage&#8220;][vc_column_text]\n<div class=\"wpcf7 no-js\" id=\"wpcf7-f1689-o1\" lang=\"en-US\" dir=\"ltr\" data-wpcf7-id=\"1689\">\n<div class=\"screen-reader-response\"><p role=\"status\" aria-live=\"polite\" aria-atomic=\"true\"><\/p> <ul><\/ul><\/div>\n<form action=\"\/de\/wp-json\/wp\/v2\/pages\/1676#wpcf7-f1689-o1\" method=\"post\" class=\"wpcf7-form init\" aria-label=\"Contact form\" novalidate=\"novalidate\" data-status=\"init\">\n<div style=\"display: none;\">\n<input type=\"hidden\" name=\"_wpcf7\" value=\"1689\" \/>\n<input type=\"hidden\" name=\"_wpcf7_version\" value=\"6.0.2\" \/>\n<input type=\"hidden\" name=\"_wpcf7_locale\" value=\"en_US\" \/>\n<input type=\"hidden\" name=\"_wpcf7_unit_tag\" value=\"wpcf7-f1689-o1\" \/>\n<input type=\"hidden\" name=\"_wpcf7_container_post\" value=\"0\" \/>\n<input type=\"hidden\" name=\"_wpcf7_posted_data_hash\" value=\"\" \/>\n<input type=\"hidden\" name=\"_wpcf7_recaptcha_response\" value=\"\" \/>\n<\/div>\n<div class=\"form-home\">\n\t<p class=\"sc_section_title sc_item_title sc_item_title_without_descr\">Kontakt\n\t<\/p>\n\t<p><span class=\"wpcf7-form-control-wrap\" data-name=\"your-name\"><input size=\"40\" maxlength=\"400\" class=\"wpcf7-form-control wpcf7-text wpcf7-validates-as-required\" aria-required=\"true\" aria-invalid=\"false\" placeholder=\"Name und Familien-oder Nachname*\" value=\"\" type=\"text\" name=\"your-name\" \/><\/span><br \/>\n<span class=\"wpcf7-form-control-wrap\" data-name=\"your-email\"><input size=\"40\" maxlength=\"400\" class=\"wpcf7-form-control wpcf7-email wpcf7-validates-as-required wpcf7-text wpcf7-validates-as-email\" aria-required=\"true\" aria-invalid=\"false\" placeholder=\"Email*\" value=\"\" type=\"email\" name=\"your-email\" \/><\/span><br \/>\n<span class=\"wpcf7-form-control-wrap\" data-name=\"your-message\"><textarea cols=\"40\" rows=\"10\" maxlength=\"2000\" class=\"wpcf7-form-control wpcf7-textarea wpcf7-validates-as-required\" aria-required=\"true\" aria-invalid=\"false\" placeholder=\"Nachricht*\" name=\"your-message\"><\/textarea><\/span><br \/>\n<label><span class=\"wpcf7-form-control-wrap\" data-name=\"acceptance-692\"><span class=\"wpcf7-form-control wpcf7-acceptance\"><span class=\"wpcf7-list-item\"><input type=\"checkbox\" name=\"acceptance-692\" value=\"1\" aria-invalid=\"false\" \/><\/span><\/span><\/span> *Ich habe die Richtlinie gelesen und erkl\u00e4re mich damit einverstanden <a href=\"https:\/\/app.legalblink.it\/api\/documents\/6408598e97c1c6001a908dce\/privacy-policy-per-siti-web-o-e-commerce-de\" target=\"_blank\">Datenschutz<\/a> (Art. 13 Gesetzesdekret Nr. 196\/2003 und Art. 13-14 EU-Verordnung 2016\/679)<\/label>\n\t<\/p>\n\t<div class=\"last-row\">\n\t\t<p><input class=\"wpcf7-form-control wpcf7-submit has-spinner\" type=\"submit\" value=\"Senden\" \/>\n\t\t<\/p>\n\t<\/div>\n<\/div>\n<p><script type=\"text\/javascript\">\n\/\/<![CDATA[\nvar formId = 1689; \/\/ID DALLO SHORTCODE IN ALTO\ndocument.querySelector('[id*=\"-f' + formId + '-\"]').addEventListener( 'wpcf7mailsent', function( event ) {\n \twindow.location.href = '\/de\/grazie';\n}, false );\n\/\/]]>\n<\/script>\n<\/p><div class=\"wpcf7-response-output\" aria-hidden=\"true\"><\/div>\n<\/form>\n<\/div>\n[\/vc_column_text][\/vc_column][\/vc_row]<\/p>\n","protected":false},"excerpt":{"rendered":"<p>[vc_row el_id=&#8220;motore-ricerca&#8220;][vc_column][vc_column_text][\/vc_column_text][\/vc_column][\/vc_row][vc_row el_class=&#8220;custom-border&#8220;][vc_column][vc_column_text] Willkommen in der Masseria Sant&#8217;Angelo [\/vc_column_text][vc_empty_space height=&#8220;40px&#8220;][vc_column_text] Wenn Ihr noch mehr \u00fcber uns wissen m\u00f6chtet\u2026 [\/vc_column_text][vc_row_inner css=&#8220;.vc_custom_1585069437839{padding-bottom: 20px !important;}&#8220;][vc_column_inner width=&#8220;1\/3&#8243;][vc_single_image image=&#8220;10914&#8243; img_size=&#8220;full&#8220; alignment=&#8220;center&#8220;][vc_column_text el_class=&#8220;testo-servizi-home&#8220;] Die Familie Avantaggiato Die Masseria ist, wo sich unser Familienleben abspielt und wir unseren Betrieb mit der kostbaren Hilfe von Daniela, Francesco und Fernanda f\u00fchren. Unsere Kinder, Lenny [&hellip;]<\/p>\n","protected":false},"author":1,"featured_media":0,"parent":0,"menu_order":0,"comment_status":"closed","ping_status":"closed","template":"","meta":{"footnotes":""},"class_list":["post-1676","page","type-page","status-publish","hentry"],"yoast_head":"<!-- This site is optimized with the Yoast SEO plugin v24.2 - https:\/\/yoast.com\/wordpress\/plugins\/seo\/ -->\n<title>Masseria Sant&#039;Angelo - Masseria mit Restaurant - Salento<\/title>\n<meta name=\"description\" content=\"Entdecken Sie die Masseria Sant&#039;Angelo f\u00fcr Ihren Urlaub im Salento. Dar\u00fcber hinaus k\u00f6nnen Sie unsere mit den Produkten der Erde zubereiteten Gerichte probieren.\" \/>\n<meta name=\"robots\" content=\"index, follow, max-snippet:-1, max-image-preview:large, max-video-preview:-1\" \/>\n<link rel=\"canonical\" href=\"https:\/\/www.masseriasantangelo.it\/de\/\" \/>\n<meta property=\"og:locale\" content=\"de_DE\" \/>\n<meta property=\"og:type\" content=\"article\" \/>\n<meta property=\"og:title\" content=\"Masseria Sant&#039;Angelo - Masseria mit Restaurant - Salento\" \/>\n<meta property=\"og:description\" content=\"Entdecken Sie die Masseria Sant&#039;Angelo f\u00fcr Ihren Urlaub im Salento. Dar\u00fcber hinaus k\u00f6nnen Sie unsere mit den Produkten der Erde zubereiteten Gerichte probieren.\" \/>\n<meta property=\"og:url\" content=\"https:\/\/www.masseriasantangelo.it\/de\/\" \/>\n<meta property=\"og:site_name\" content=\"Masseria Sant&#039;Angelo\" \/>\n<meta property=\"article:modified_time\" content=\"2023-03-22T07:46:10+00:00\" \/>\n<meta name=\"twitter:card\" content=\"summary_large_image\" \/>\n<meta name=\"twitter:label1\" content=\"Gesch\u00e4tzte Lesezeit\" \/>\n\t<meta name=\"twitter:data1\" content=\"4\u00a0Minuten\" \/>\n<script type=\"application\/ld+json\" class=\"yoast-schema-graph\">{\"@context\":\"https:\/\/schema.org\",\"@graph\":[{\"@type\":\"WebPage\",\"@id\":\"https:\/\/www.masseriasantangelo.it\/de\/\",\"url\":\"https:\/\/www.masseriasantangelo.it\/de\/\",\"name\":\"Masseria Sant'Angelo - Masseria mit Restaurant - Salento\",\"isPartOf\":{\"@id\":\"https:\/\/www.masseriasantangelo.it\/#website\"},\"datePublished\":\"2020-03-13T15:38:37+00:00\",\"dateModified\":\"2023-03-22T07:46:10+00:00\",\"description\":\"Entdecken Sie die Masseria Sant'Angelo f\u00fcr Ihren Urlaub im Salento. Dar\u00fcber hinaus k\u00f6nnen Sie unsere mit den Produkten der Erde zubereiteten Gerichte probieren.\",\"breadcrumb\":{\"@id\":\"https:\/\/www.masseriasantangelo.it\/de\/#breadcrumb\"},\"inLanguage\":\"de\",\"potentialAction\":[{\"@type\":\"ReadAction\",\"target\":[\"https:\/\/www.masseriasantangelo.it\/de\/\"]}]},{\"@type\":\"BreadcrumbList\",\"@id\":\"https:\/\/www.masseriasantangelo.it\/de\/#breadcrumb\",\"itemListElement\":[{\"@type\":\"ListItem\",\"position\":1,\"name\":\"Home\",\"item\":\"https:\/\/www.masseriasantangelo.it\/de\/\"},{\"@type\":\"ListItem\",\"position\":2,\"name\":\"Home\"}]},{\"@type\":\"WebSite\",\"@id\":\"https:\/\/www.masseriasantangelo.it\/#website\",\"url\":\"https:\/\/www.masseriasantangelo.it\/\",\"name\":\"Masseria Sant&#039;Angelo\",\"description\":\"\",\"potentialAction\":[{\"@type\":\"SearchAction\",\"target\":{\"@type\":\"EntryPoint\",\"urlTemplate\":\"https:\/\/www.masseriasantangelo.it\/?s={search_term_string}\"},\"query-input\":{\"@type\":\"PropertyValueSpecification\",\"valueRequired\":true,\"valueName\":\"search_term_string\"}}],\"inLanguage\":\"de\"}]}<\/script>\n<!-- \/ Yoast SEO plugin. -->","yoast_head_json":{"title":"Masseria Sant'Angelo - Masseria mit Restaurant - Salento","description":"Entdecken Sie die Masseria Sant'Angelo f\u00fcr Ihren Urlaub im Salento. Dar\u00fcber hinaus k\u00f6nnen Sie unsere mit den Produkten der Erde zubereiteten Gerichte probieren.","robots":{"index":"index","follow":"follow","max-snippet":"max-snippet:-1","max-image-preview":"max-image-preview:large","max-video-preview":"max-video-preview:-1"},"canonical":"https:\/\/www.masseriasantangelo.it\/de\/","og_locale":"de_DE","og_type":"article","og_title":"Masseria Sant'Angelo - Masseria mit Restaurant - Salento","og_description":"Entdecken Sie die Masseria Sant'Angelo f\u00fcr Ihren Urlaub im Salento. Dar\u00fcber hinaus k\u00f6nnen Sie unsere mit den Produkten der Erde zubereiteten Gerichte probieren.","og_url":"https:\/\/www.masseriasantangelo.it\/de\/","og_site_name":"Masseria Sant&#039;Angelo","article_modified_time":"2023-03-22T07:46:10+00:00","twitter_card":"summary_large_image","twitter_misc":{"Gesch\u00e4tzte Lesezeit":"4\u00a0Minuten"},"schema":{"@context":"https:\/\/schema.org","@graph":[{"@type":"WebPage","@id":"https:\/\/www.masseriasantangelo.it\/de\/","url":"https:\/\/www.masseriasantangelo.it\/de\/","name":"Masseria Sant'Angelo - Masseria mit Restaurant - Salento","isPartOf":{"@id":"https:\/\/www.masseriasantangelo.it\/#website"},"datePublished":"2020-03-13T15:38:37+00:00","dateModified":"2023-03-22T07:46:10+00:00","description":"Entdecken Sie die Masseria Sant'Angelo f\u00fcr Ihren Urlaub im Salento. Dar\u00fcber hinaus k\u00f6nnen Sie unsere mit den Produkten der Erde zubereiteten Gerichte probieren.","breadcrumb":{"@id":"https:\/\/www.masseriasantangelo.it\/de\/#breadcrumb"},"inLanguage":"de","potentialAction":[{"@type":"ReadAction","target":["https:\/\/www.masseriasantangelo.it\/de\/"]}]},{"@type":"BreadcrumbList","@id":"https:\/\/www.masseriasantangelo.it\/de\/#breadcrumb","itemListElement":[{"@type":"ListItem","position":1,"name":"Home","item":"https:\/\/www.masseriasantangelo.it\/de\/"},{"@type":"ListItem","position":2,"name":"Home"}]},{"@type":"WebSite","@id":"https:\/\/www.masseriasantangelo.it\/#website","url":"https:\/\/www.masseriasantangelo.it\/","name":"Masseria Sant&#039;Angelo","description":"","potentialAction":[{"@type":"SearchAction","target":{"@type":"EntryPoint","urlTemplate":"https:\/\/www.masseriasantangelo.it\/?s={search_term_string}"},"query-input":{"@type":"PropertyValueSpecification","valueRequired":true,"valueName":"search_term_string"}}],"inLanguage":"de"}]}},"_links":{"self":[{"href":"https:\/\/www.masseriasantangelo.it\/de\/wp-json\/wp\/v2\/pages\/1676","targetHints":{"allow":["GET"]}}],"collection":[{"href":"https:\/\/www.masseriasantangelo.it\/de\/wp-json\/wp\/v2\/pages"}],"about":[{"href":"https:\/\/www.masseriasantangelo.it\/de\/wp-json\/wp\/v2\/types\/page"}],"author":[{"embeddable":true,"href":"https:\/\/www.masseriasantangelo.it\/de\/wp-json\/wp\/v2\/users\/1"}],"replies":[{"embeddable":true,"href":"https:\/\/www.masseriasantangelo.it\/de\/wp-json\/wp\/v2\/comments?post=1676"}],"version-history":[{"count":20,"href":"https:\/\/www.masseriasantangelo.it\/de\/wp-json\/wp\/v2\/pages\/1676\/revisions"}],"predecessor-version":[{"id":10917,"href":"https:\/\/www.masseriasantangelo.it\/de\/wp-json\/wp\/v2\/pages\/1676\/revisions\/10917"}],"wp:attachment":[{"href":"https:\/\/www.masseriasantangelo.it\/de\/wp-json\/wp\/v2\/media?parent=1676"}],"curies":[{"name":"wp","href":"https:\/\/api.w.org\/{rel}","templated":true}]}}